{"id":914,"date":"2025-12-03T03:38:58","date_gmt":"2025-12-03T03:38:58","guid":{"rendered":"https:\/\/jsd-sinks.com\/?post_type=product&#038;p=914"},"modified":"2025-12-09T01:41:40","modified_gmt":"2025-12-09T01:41:40","slug":"stainless-steel-cutting-board-with-hangable-handle","status":"publish","type":"product","link":"https:\/\/jsd-sinks.com\/fr\/stainless-steel-cutting-board-with-hangable-handle\/","title":{"rendered":"Planche \u00e0 d\u00e9couper hygi\u00e9nique en acier inoxydable SUS304 avec poign\u00e9e suspendue"},"content":{"rendered":"<h2 data-start=\"102\" data-end=\"493\"><strong data-start=\"102\" data-end=\"164\">Pr\u00e9sentation de la planche \u00e0 d\u00e9couper professionnelle en acier inoxydable<\/strong><\/h2>\n<p data-start=\"102\" data-end=\"493\">Un outil moderne et hygi\u00e9nique con\u00e7u pour r\u00e9volutionner la pr\u00e9paration des aliments. Fabriqu\u00e9e en acier inoxydable SUS304 de qualit\u00e9 alimentaire, cette planche \u00e0 d\u00e9couper est une alternative exceptionnelle au bois ou au plastique traditionnels, offrant une durabilit\u00e9 et une facilit\u00e9 d'entretien in\u00e9gal\u00e9es pour les cuisines domestiques et les environnements professionnels.<\/p>\n<h3 data-start=\"500\" data-end=\"843\"><strong data-start=\"500\" data-end=\"543\">Con\u00e7u pour la s\u00e9curit\u00e9 et la fonctionnalit\u00e9<\/strong><\/h3>\n<p data-start=\"500\" data-end=\"843\">La planche pr\u00e9sente des coins arrondis et lisses qui \u00e9liminent les ar\u00eates vives, prot\u00e9geant ainsi vos mains pendant l'utilisation. Une poign\u00e9e renforc\u00e9e et int\u00e9gr\u00e9e est directement int\u00e9gr\u00e9e au design, offrant une prise s\u00fbre pour le transport et permettant une suspension verticale pratique pour \u00e9conomiser l'espace pr\u00e9cieux du comptoir et de l'espace de stockage.<\/p>\n<h3 data-start=\"850\" data-end=\"1370\"><strong data-start=\"850\" data-end=\"877\">Enclume de cuisine polyvalente<\/strong><\/h3>\n<p data-start=\"850\" data-end=\"1370\">Con\u00e7u pour accomplir facilement un large \u00e9ventail de t\u00e2ches. Sa surface robuste et non poreuse est parfaite pour hacher et trancher tous les ingr\u00e9dients, et sa base solide et plate le rend exceptionnellement efficace pour p\u00e9trir la p\u00e2te, garantissant qu'il ne glissera pas et ne se d\u00e9formera pas sous la pression. La surface imperm\u00e9able en acier inoxydable r\u00e9siste aux taches, aux odeurs et \u00e0 l'absorption bact\u00e9rienne, ce qui en fait l'une des options les plus hygi\u00e9niques qui soient. Le nettoyage se fait sans effort : il suffit de l'essuyer ou de le rincer pour qu'il soit pr\u00eat pour sa prochaine utilisation.<\/p>\n<h3 data-start=\"1377\" data-end=\"1453\"><strong data-start=\"1377\" data-end=\"1396\">Tailles disponibles<\/strong><\/h3>\n<p data-start=\"1377\" data-end=\"1453\">Disponible en trois tailles pratiques pour r\u00e9pondre \u00e0 tous les besoins :<\/p>\n<ul data-start=\"1454\" data-end=\"1528\">\n<li data-start=\"1454\" data-end=\"1478\">\n<p data-start=\"1456\" data-end=\"1478\">Code S (29x20cm)<\/p>\n<\/li>\n<li data-start=\"1479\" data-end=\"1503\">\n<p data-start=\"1481\" data-end=\"1503\">Code M (36x25cm)<\/p>\n<\/li>\n<li data-start=\"1504\" data-end=\"1528\">\n<p data-start=\"1506\" data-end=\"1528\">Code L (46x30cm)<\/p>\n<\/li>\n<\/ul>\n<p data-start=\"1530\" data-end=\"1793\">Que vous pr\u00e9pariez un repas familial ou que vous ex\u00e9cutiez des techniques culinaires complexes, cette planche \u00e0 d\u00e9couper en acier inoxydable offre des performances sup\u00e9rieures, une r\u00e9sistance durable et un nettoyage simplifi\u00e9, ce qui en fait une am\u00e9lioration indispensable et moderne de votre bo\u00eete \u00e0 outils culinaire.<\/p>","protected":false},"excerpt":{"rendered":"<p>Planche \u00e0 d\u00e9couper professionnelle en acier inoxydable SUS304 de qualit\u00e9 alimentaire. Elle pr\u00e9sente des coins arrondis s\u00fbrs, une poign\u00e9e int\u00e9gr\u00e9e pour la suspendre et est con\u00e7ue pour couper, trancher et p\u00e9trir la p\u00e2te. Disponible en trois tailles (S\/M\/L) pour une utilisation polyvalente en cuisine. Hygi\u00e9nique, durable et facile \u00e0 nettoyer.<\/p>","protected":false},"featured_media":915,"template":"","meta":{"_gspb_post_css":""},"product_brand":[],"product_cat":[24],"product_tag":[109,111,110],"class_list":{"0":"post-914","1":"product","2":"type-product","3":"status-publish","4":"has-post-thumbnail","6":"product_cat-accessories","7":"product_tag-kitchen-cutting-board","8":"product_tag-professional-chopping-board","9":"product_tag-stainless-steel-kitchen-tool","11":"first","12":"instock","13":"shipping-taxable","14":"product-type-simple"},"_links":{"self":[{"href":"https:\/\/jsd-sinks.com\/fr\/wp-json\/wp\/v2\/product\/914","targetHints":{"allow":["GET"]}}],"collection":[{"href":"https:\/\/jsd-sinks.com\/fr\/wp-json\/wp\/v2\/product"}],"about":[{"href":"https:\/\/jsd-sinks.com\/fr\/wp-json\/wp\/v2\/types\/product"}],"wp:featuredmedia":[{"embeddable":true,"href":"https:\/\/jsd-sinks.com\/fr\/wp-json\/wp\/v2\/media\/915"}],"wp:attachment":[{"href":"https:\/\/jsd-sinks.com\/fr\/wp-json\/wp\/v2\/media?parent=914"}],"wp:term":[{"taxonomy":"product_brand","embeddable":true,"href":"https:\/\/jsd-sinks.com\/fr\/wp-json\/wp\/v2\/product_brand?post=914"},{"taxonomy":"product_cat","embeddable":true,"href":"https:\/\/jsd-sinks.com\/fr\/wp-json\/wp\/v2\/product_cat?post=914"},{"taxonomy":"product_tag","embeddable":true,"href":"https:\/\/jsd-sinks.com\/fr\/wp-json\/wp\/v2\/product_tag?post=914"}],"curies":[{"name":"wp","href":"https:\/\/api.w.org\/{rel}","templated":true}]}}