{"id":905,"date":"2025-12-03T03:27:25","date_gmt":"2025-12-03T03:27:25","guid":{"rendered":"https:\/\/jsd-sinks.com\/?post_type=product&#038;p=905"},"modified":"2025-12-09T06:16:06","modified_gmt":"2025-12-09T06:16:06","slug":"expand-your-countertop-bamboo-cutting-board-for-sink","status":"publish","type":"product","link":"https:\/\/jsd-sinks.com\/fr\/expand-your-countertop-bamboo-cutting-board-for-sink\/","title":{"rendered":"\u00c9largissez votre comptoir : Planche \u00e0 d\u00e9couper en bambou pour \u00e9vier en noyer et teck"},"content":{"rendered":"<h2 data-start=\"0\" data-end=\"447\"><strong data-start=\"0\" data-end=\"33\">Planche \u00e0 d\u00e9couper en bambou pour \u00e9vier<\/strong><\/h2>\n<p data-start=\"0\" data-end=\"447\">Cette planche \u00e0 d\u00e9couper en bambou est la solution id\u00e9ale pour gagner de la place dans votre cuisine. Elle s'adapte parfaitement \u00e0 la plupart des \u00e9viers et offre un moyen innovant de pr\u00e9parer les fruits, les l\u00e9gumes et les viandes directement au-dessus de l'\u00e9vier, ce qui permet d'\u00e9viter d'encombrer le plan de travail. Fabriqu\u00e9e en bambou durable et respectueux de l'environnement, elle r\u00e9siste aux marques de couteau et offre une surface de coupe lisse. Le grain naturel du bambou ajoute une touche d'\u00e9l\u00e9gance \u00e0 votre cuisine.<\/p>\n<p><img decoding=\"async\" class=\"size-medium wp-image-909\" src=\"https:\/\/jsd-sinks.com\/wp-content\/uploads\/2025\/12\/bamboo-cutting-board-for-sink-4-300x300.jpg\" alt=\"planche \u00e0 d\u00e9couper en bambou pour \u00e9vier\" width=\"300\" height=\"300\" title=\"\" srcset=\"https:\/\/jsd-sinks.com\/wp-content\/uploads\/2025\/12\/bamboo-cutting-board-for-sink-4-300x300.jpg 300w, https:\/\/jsd-sinks.com\/wp-content\/uploads\/2025\/12\/bamboo-cutting-board-for-sink-4-100x100.jpg 100w, https:\/\/jsd-sinks.com\/wp-content\/uploads\/2025\/12\/bamboo-cutting-board-for-sink-4-600x599.jpg 600w, https:\/\/jsd-sinks.com\/wp-content\/uploads\/2025\/12\/bamboo-cutting-board-for-sink-4-500x499.jpg 500w, https:\/\/jsd-sinks.com\/wp-content\/uploads\/2025\/12\/bamboo-cutting-board-for-sink-4-150x150.jpg 150w, https:\/\/jsd-sinks.com\/wp-content\/uploads\/2025\/12\/bamboo-cutting-board-for-sink-4-768x767.jpg 768w, https:\/\/jsd-sinks.com\/wp-content\/uploads\/2025\/12\/bamboo-cutting-board-for-sink-4-12x12.jpg 12w, https:\/\/jsd-sinks.com\/wp-content\/uploads\/2025\/12\/bamboo-cutting-board-for-sink-4.jpg 800w\" sizes=\"(max-width: 300px) 100vw, 300px\" \/><\/p>\n<h3 data-start=\"449\" data-end=\"927\"><strong data-start=\"449\" data-end=\"487\">Une double fonction pour plus de commodit\u00e9<\/strong><\/h3>\n<p data-start=\"449\" data-end=\"927\">L'une des principales caract\u00e9ristiques de cette planche \u00e0 d\u00e9couper est sa double fonctionnalit\u00e9. Elle vous permet de pr\u00e9parer les ingr\u00e9dients au-dessus de l'\u00e9vier tout en recueillant les jus et les d\u00e9chets, ce qui garantit la propret\u00e9 de vos plans de travail. Vous pouvez facilement rincer les produits ou gratter les restes directement dans l'\u00e9vier, ce qui facilite le nettoyage. Sa construction robuste et sa taille g\u00e9n\u00e9reuse lui permettent de r\u00e9sister \u00e0 une utilisation intensive, que ce soit pour hacher des fruits, trancher des l\u00e9gumes ou d\u00e9couper des viandes.<\/p>\n<h3 data-start=\"929\" data-end=\"1273\"><strong data-start=\"929\" data-end=\"966\">Facilit\u00e9 d'entretien et respect de l'environnement<\/strong><\/h3>\n<p data-start=\"929\" data-end=\"1273\">L'entretien de cette planche \u00e0 d\u00e9couper est simple et lui permet de conserver son \u00e9clat pendant des ann\u00e9es. Le bambou est naturellement r\u00e9sistant aux bact\u00e9ries et \u00e0 l'eau, offrant une surface hygi\u00e9nique pour la pr\u00e9paration des aliments. Fabriqu\u00e9e \u00e0 partir de bambou issu de l'agriculture durable, elle constitue un choix respectueux de l'environnement pour ceux qui cherchent \u00e0 r\u00e9duire leur empreinte carbone.<\/p>\n<h3 data-start=\"1275\" data-end=\"1554\"><strong data-start=\"1275\" data-end=\"1318\">Id\u00e9al pour les petites cuisines et les cuisiniers press\u00e9s<\/strong><\/h3>\n<p data-start=\"1275\" data-end=\"1554\" data-is-last-node=\"\" data-is-only-node=\"\">Que vous ayez une petite cuisine ou que vous souhaitiez simplement organiser votre espace, cette planche \u00e0 d\u00e9couper en bambou est \u00e0 la fois pratique et \u00e9l\u00e9gante. Elle offre une solution intelligente pour la pr\u00e9paration des aliments et le gain de place, ce qui en fait un outil essentiel pour tous les foyers.<\/p>","protected":false},"excerpt":{"rendered":"<p>Am\u00e9liorez votre cuisine avec cette planche \u00e0 d\u00e9couper en bambou de qualit\u00e9 sup\u00e9rieure, con\u00e7ue pour s'adapter \u00e0 votre \u00e9vier. Parfaite pour hacher, laver et \u00e9goutter, elle vous permet de maximiser l'espace tout en gardant votre plan de travail bien rang\u00e9. Durable, \u00e9cologique et facile \u00e0 nettoyer, cette planche \u00e0 d\u00e9couper est indispensable \u00e0 la cuisine.<\/p>","protected":false},"featured_media":906,"template":"","meta":{"_gspb_post_css":""},"product_brand":[],"product_cat":[24],"product_tag":[107,108,106],"class_list":{"0":"post-905","1":"product","2":"type-product","3":"status-publish","4":"has-post-thumbnail","6":"product_cat-accessories","7":"product_tag-bamboo-chopping-board","8":"product_tag-kitchen-prep-board","9":"product_tag-sink-cover-cutting-board","11":"first","12":"instock","13":"shipping-taxable","14":"product-type-simple"},"_links":{"self":[{"href":"https:\/\/jsd-sinks.com\/fr\/wp-json\/wp\/v2\/product\/905","targetHints":{"allow":["GET"]}}],"collection":[{"href":"https:\/\/jsd-sinks.com\/fr\/wp-json\/wp\/v2\/product"}],"about":[{"href":"https:\/\/jsd-sinks.com\/fr\/wp-json\/wp\/v2\/types\/product"}],"wp:featuredmedia":[{"embeddable":true,"href":"https:\/\/jsd-sinks.com\/fr\/wp-json\/wp\/v2\/media\/906"}],"wp:attachment":[{"href":"https:\/\/jsd-sinks.com\/fr\/wp-json\/wp\/v2\/media?parent=905"}],"wp:term":[{"taxonomy":"product_brand","embeddable":true,"href":"https:\/\/jsd-sinks.com\/fr\/wp-json\/wp\/v2\/product_brand?post=905"},{"taxonomy":"product_cat","embeddable":true,"href":"https:\/\/jsd-sinks.com\/fr\/wp-json\/wp\/v2\/product_cat?post=905"},{"taxonomy":"product_tag","embeddable":true,"href":"https:\/\/jsd-sinks.com\/fr\/wp-json\/wp\/v2\/product_tag?post=905"}],"curies":[{"name":"wp","href":"https:\/\/api.w.org\/{rel}","templated":true}]}}