{"id":895,"date":"2025-12-03T03:12:38","date_gmt":"2025-12-03T03:12:38","guid":{"rendered":"https:\/\/jsd-sinks.com\/?post_type=product&#038;p=895"},"modified":"2025-12-13T03:49:47","modified_gmt":"2025-12-13T03:49:47","slug":"round-stainless-steel-sink-in-matte-black-options","status":"publish","type":"product","link":"https:\/\/jsd-sinks.com\/fr\/round-stainless-steel-sink-in-matte-black-options\/","title":{"rendered":"Evier rond en acier inoxydable tr\u00e8s r\u00e9sistant en noir mat et options dor\u00e9es"},"content":{"rendered":"<h2 data-start=\"0\" data-end=\"309\"><strong data-start=\"0\" data-end=\"40\">Luxueux \u00e9vier rond en acier inoxydable<\/strong><\/h2>\n<p data-start=\"0\" data-end=\"309\">Ajoutez une touche de luxe et de fonctionnalit\u00e9 \u00e0 votre salle de bains avec ce lavabo rond en acier inoxydable fabriqu\u00e9 \u00e0 la main. Con\u00e7u pour rehausser l'aspect des salles de bains modernes ou contemporaines, il est fabriqu\u00e9 en acier inoxydable SUS304 de haute qualit\u00e9, qui r\u00e9siste \u00e0 la corrosion, \u00e0 la rouille et aux taches.<\/p>\n<p><img decoding=\"async\" class=\"size-medium wp-image-1105\" src=\"https:\/\/jsd-sinks.com\/wp-content\/uploads\/2025\/12\/2-300x300.jpg\" alt=\"Evier rond en acier inoxydable\" width=\"300\" height=\"300\" title=\"\" srcset=\"https:\/\/jsd-sinks.com\/wp-content\/uploads\/2025\/12\/2-300x300.jpg 300w, https:\/\/jsd-sinks.com\/wp-content\/uploads\/2025\/12\/2-100x100.jpg 100w, https:\/\/jsd-sinks.com\/wp-content\/uploads\/2025\/12\/2-600x600.jpg 600w, https:\/\/jsd-sinks.com\/wp-content\/uploads\/2025\/12\/2-500x500.jpg 500w, https:\/\/jsd-sinks.com\/wp-content\/uploads\/2025\/12\/2-150x150.jpg 150w, https:\/\/jsd-sinks.com\/wp-content\/uploads\/2025\/12\/2-768x768.jpg 768w, https:\/\/jsd-sinks.com\/wp-content\/uploads\/2025\/12\/2-12x12.jpg 12w, https:\/\/jsd-sinks.com\/wp-content\/uploads\/2025\/12\/2.jpg 800w\" sizes=\"(max-width: 300px) 100vw, 300px\" \/><\/p>\n<h3><strong data-start=\"311\" data-end=\"340\">Un design \u00e0 la fois spacieux et \u00e9pur\u00e9<\/strong><\/h3>\n<p data-start=\"311\" data-end=\"598\">Avec un diam\u00e8tre de 380 mm et une profondeur de 110 mm, cet \u00e9vier offre un grand espace pour une utilisation confortable tout en conservant un design compact qui s'int\u00e8gre parfaitement aux diff\u00e9rents styles de salles de bains. Sa surface lisse et polie rehausse sa beaut\u00e9 et facilite le nettoyage.<\/p>\n<h3 data-start=\"600\" data-end=\"930\"><strong data-start=\"600\" data-end=\"638\">Des finitions \u00e9l\u00e9gantes pour s'adapter \u00e0 tous les espaces<\/strong><\/h3>\n<p data-start=\"600\" data-end=\"930\">Disponible dans une vari\u00e9t\u00e9 de finitions \u00e9tonnantes, notamment Tyrant Gold, Rose Gold, Matt Black et Brushed Steel, ce lavabo peut s'int\u00e9grer \u00e0 n'importe quel agencement de couleurs et de mat\u00e9riel de la salle de bains. Choisissez la finition qui convient \u00e0 votre style, que vous souhaitiez vous fondre dans les installations existantes ou faire une d\u00e9claration audacieuse.<\/p>\n<p><img decoding=\"async\" class=\"size-medium wp-image-1106\" src=\"https:\/\/jsd-sinks.com\/wp-content\/uploads\/2025\/12\/3-300x300.jpg\" alt=\"Evier rond en acier inoxydable\" width=\"300\" height=\"300\" title=\"\" srcset=\"https:\/\/jsd-sinks.com\/wp-content\/uploads\/2025\/12\/3-300x300.jpg 300w, https:\/\/jsd-sinks.com\/wp-content\/uploads\/2025\/12\/3-100x100.jpg 100w, https:\/\/jsd-sinks.com\/wp-content\/uploads\/2025\/12\/3-600x600.jpg 600w, https:\/\/jsd-sinks.com\/wp-content\/uploads\/2025\/12\/3-500x500.jpg 500w, https:\/\/jsd-sinks.com\/wp-content\/uploads\/2025\/12\/3-150x150.jpg 150w, https:\/\/jsd-sinks.com\/wp-content\/uploads\/2025\/12\/3-768x768.jpg 768w, https:\/\/jsd-sinks.com\/wp-content\/uploads\/2025\/12\/3-12x12.jpg 12w, https:\/\/jsd-sinks.com\/wp-content\/uploads\/2025\/12\/3.jpg 800w\" sizes=\"(max-width: 300px) 100vw, 300px\" \/><\/p>\n<h3 data-start=\"932\" data-end=\"1213\"><strong data-start=\"932\" data-end=\"976\">Id\u00e9al pour une utilisation r\u00e9sidentielle et commerciale<\/strong><\/h3>\n<p data-start=\"932\" data-end=\"1213\">Parfait pour la maison et les espaces commerciaux, ce lavabo est \u00e0 la fois fonctionnel et \u00e9l\u00e9gant. Sa construction durable et son design \u00e9l\u00e9gant en font la solution id\u00e9ale pour les salles de bains haut de gamme, qu'il s'agisse d'un h\u00f4tel de luxe ou d'une maison individuelle.<\/p>\n<h3 data-start=\"1215\" data-end=\"1487\"><strong data-start=\"1215\" data-end=\"1241\">Valeur durable<\/strong><\/h3>\n<p data-start=\"1215\" data-end=\"1487\" data-is-last-node=\"\" data-is-only-node=\"\">Avec un poids d'environ 4300 g, cet \u00e9vier est con\u00e7u pour durer. Il offre \u00e0 la fois robustesse et beaut\u00e9, ce qui en fait un ajout durable \u00e0 la r\u00e9novation de votre salle de bains. Sa combinaison de design, de durabilit\u00e9 et de finition laissera une impression durable.<\/p>","protected":false},"excerpt":{"rendered":"<p>\u00c9vier rond en acier inoxydable SUS304 fabriqu\u00e9 \u00e0 la main, 380 mm de diam\u00e8tre x 110 mm de profondeur. Dot\u00e9 d'un tablier robuste de 2 mm et d'un bassin de 1,2 mm. Disponible dans des finitions haut de gamme : Brushed, Matte Black, Brushed Gold, Rose Gold, Gun Grey et autres. Une pi\u00e8ce ma\u00eetresse durable et \u00e9l\u00e9gante pour toute salle de bains moderne.<\/p>","protected":false},"featured_media":896,"template":"","meta":{"_gspb_post_css":""},"product_brand":[],"product_cat":[23],"product_tag":[105,104,103],"class_list":{"0":"post-895","1":"product","2":"type-product","3":"status-publish","4":"has-post-thumbnail","6":"product_cat-bathroom-sink","7":"product_tag-brushed-gold-sink","8":"product_tag-round-vessel-sink","9":"product_tag-sus304-bathroom-sink","11":"first","12":"instock","13":"shipping-taxable","14":"product-type-simple"},"_links":{"self":[{"href":"https:\/\/jsd-sinks.com\/fr\/wp-json\/wp\/v2\/product\/895","targetHints":{"allow":["GET"]}}],"collection":[{"href":"https:\/\/jsd-sinks.com\/fr\/wp-json\/wp\/v2\/product"}],"about":[{"href":"https:\/\/jsd-sinks.com\/fr\/wp-json\/wp\/v2\/types\/product"}],"wp:featuredmedia":[{"embeddable":true,"href":"https:\/\/jsd-sinks.com\/fr\/wp-json\/wp\/v2\/media\/896"}],"wp:attachment":[{"href":"https:\/\/jsd-sinks.com\/fr\/wp-json\/wp\/v2\/media?parent=895"}],"wp:term":[{"taxonomy":"product_brand","embeddable":true,"href":"https:\/\/jsd-sinks.com\/fr\/wp-json\/wp\/v2\/product_brand?post=895"},{"taxonomy":"product_cat","embeddable":true,"href":"https:\/\/jsd-sinks.com\/fr\/wp-json\/wp\/v2\/product_cat?post=895"},{"taxonomy":"product_tag","embeddable":true,"href":"https:\/\/jsd-sinks.com\/fr\/wp-json\/wp\/v2\/product_tag?post=895"}],"curies":[{"name":"wp","href":"https:\/\/api.w.org\/{rel}","templated":true}]}}