{"id":888,"date":"2025-12-03T02:58:01","date_gmt":"2025-12-03T02:58:01","guid":{"rendered":"https:\/\/jsd-sinks.com\/?post_type=product&#038;p=888"},"modified":"2025-12-13T03:49:37","modified_gmt":"2025-12-13T03:49:37","slug":"rectangular-bathroom-sinks-for-easy-cleaning","status":"publish","type":"product","link":"https:\/\/jsd-sinks.com\/fr\/rectangular-bathroom-sinks-for-easy-cleaning\/","title":{"rendered":"\u00c9viers de salle de bain modernes R10 \u00e0 coins ronds et rectangulaires pour un nettoyage facile"},"content":{"rendered":"<h2 data-start=\"101\" data-end=\"419\"><strong data-start=\"101\" data-end=\"170\">\u00c9levez votre salle de bain avec ce lavabo rectangulaire \u00e9l\u00e9gant et moderne.<\/strong><\/h2>\n<p data-start=\"101\" data-end=\"419\">Ajoutez une touche de minimalisme et de praticit\u00e9 \u00e0 votre espace avec ce lavabo polyvalent aux lignes \u00e9pur\u00e9es. Parfait pour les vanit\u00e9s modernes, les salles de bains compactes ou les salles d'eau, il offre un aspect intemporel qui se marie sans effort avec une vari\u00e9t\u00e9 de styles d'int\u00e9rieur.<\/p>\n<p><img decoding=\"async\" class=\"size-medium wp-image-1102\" src=\"https:\/\/jsd-sinks.com\/wp-content\/uploads\/2025\/12\/1-300x300.jpg\" alt=\"\u00e9viers de salle de bain rectangulaires\" width=\"300\" height=\"300\" title=\"\" srcset=\"https:\/\/jsd-sinks.com\/wp-content\/uploads\/2025\/12\/1-300x300.jpg 300w, https:\/\/jsd-sinks.com\/wp-content\/uploads\/2025\/12\/1-100x100.jpg 100w, https:\/\/jsd-sinks.com\/wp-content\/uploads\/2025\/12\/1-600x600.jpg 600w, https:\/\/jsd-sinks.com\/wp-content\/uploads\/2025\/12\/1-500x500.jpg 500w, https:\/\/jsd-sinks.com\/wp-content\/uploads\/2025\/12\/1-150x150.jpg 150w, https:\/\/jsd-sinks.com\/wp-content\/uploads\/2025\/12\/1-768x768.jpg 768w, https:\/\/jsd-sinks.com\/wp-content\/uploads\/2025\/12\/1-12x12.jpg 12w, https:\/\/jsd-sinks.com\/wp-content\/uploads\/2025\/12\/1.jpg 800w\" sizes=\"(max-width: 300px) 100vw, 300px\" \/><\/p>\n<h3 data-start=\"421\" data-end=\"785\"><strong data-start=\"421\" data-end=\"476\">Con\u00e7u pour un nettoyage facile gr\u00e2ce aux coins arrondis R10<\/strong><\/h3>\n<p data-start=\"421\" data-end=\"785\">Cet \u00e9vier est dot\u00e9 de coins arrondis et lisses R10, ce qui le rend non seulement esth\u00e9tique mais aussi tr\u00e8s pratique. Les courbes douces \u00e9liminent les ar\u00eates vives, ce qui facilite le nettoyage et l'entretien. Plus besoin de se soucier de la salet\u00e9 ou des taches d'eau : cet \u00e9vier est parfait pour maintenir l'hygi\u00e8ne avec un minimum d'effort.<\/p>\n<h3 data-start=\"787\" data-end=\"1100\"><strong data-start=\"787\" data-end=\"850\">Choisissez parmi une gamme de finitions \u00e9l\u00e9gantes pour vous adapter \u00e0 votre d\u00e9cor.<\/strong><\/h3>\n<p data-start=\"787\" data-end=\"1100\">Personnalisez votre salle de bains avec une s\u00e9lection exclusive de finitions. De l'audacieux King Kong noir au luxueux Gold, au chaleureux Rose Gold, au gris industriel Gun Grey et \u00e0 l'acier inoxydable classique, chaque option est con\u00e7ue pour une durabilit\u00e9 et une usure durables.<\/p>\n<h3 data-start=\"1102\" data-end=\"1372\"><strong data-start=\"1102\" data-end=\"1158\">Compact mais fonctionnel, avec des proportions parfaites<\/strong><\/h3>\n<p data-start=\"1102\" data-end=\"1372\">Avec des dimensions de 560 mm de long, 320 mm de large et 120 mm de profondeur, cet \u00e9vier est parfaitement adapt\u00e9 au lavage des mains, \u00e0 la toilette et aux t\u00e2ches quotidiennes de la salle de bains, offrant une grande utilit\u00e9 sans encombrer l'espace.<\/p>\n<p><img decoding=\"async\" class=\"size-medium wp-image-1103\" src=\"https:\/\/jsd-sinks.com\/wp-content\/uploads\/2025\/12\/6-300x222.jpg\" alt=\"\u00e9viers de salle de bain rectangulaires\" width=\"300\" height=\"222\" title=\"\" srcset=\"https:\/\/jsd-sinks.com\/wp-content\/uploads\/2025\/12\/6-300x222.jpg 300w, https:\/\/jsd-sinks.com\/wp-content\/uploads\/2025\/12\/6-600x444.jpg 600w, https:\/\/jsd-sinks.com\/wp-content\/uploads\/2025\/12\/6-500x370.jpg 500w, https:\/\/jsd-sinks.com\/wp-content\/uploads\/2025\/12\/6-768x568.jpg 768w, https:\/\/jsd-sinks.com\/wp-content\/uploads\/2025\/12\/6-16x12.jpg 16w, https:\/\/jsd-sinks.com\/wp-content\/uploads\/2025\/12\/6.jpg 800w\" sizes=\"(max-width: 300px) 100vw, 300px\" \/><\/p>\n<h3 data-start=\"1374\" data-end=\"1687\"><strong data-start=\"1374\" data-end=\"1416\">Fabriqu\u00e9 pour \u00eatre durable et facile d'entretien<\/strong><\/h3>\n<p data-start=\"1374\" data-end=\"1687\">Fabriqu\u00e9 \u00e0 partir de mat\u00e9riaux de haute qualit\u00e9, ce lavabo allie un design \u00e9l\u00e9gant \u00e0 des caract\u00e9ristiques pratiques, garantissant \u00e0 la fois une durabilit\u00e9 durable et un entretien facile. C'est un excellent choix pour tous ceux qui souhaitent apporter un m\u00e9lange de style, de propret\u00e9 et de commodit\u00e9 moderne \u00e0 leur salle de bains.<\/p>","protected":false},"excerpt":{"rendered":"<p>Lavabos de salle de bains rectangulaires modernes avec angle rond R10 pour un nettoyage sans effort. Disponible en plusieurs finitions haut de gamme : Black King Kong, Luxury Gold, Rose Gold, Gun Grey et acier inoxydable classique. Dimensions compactes de 560x320x120 mm, parfaites pour les salles de bains peu spacieuses.<\/p>","protected":false},"featured_media":889,"template":"","meta":{"_gspb_post_css":""},"product_brand":[],"product_cat":[23],"product_tag":[100,101,102],"class_list":{"0":"post-888","1":"product","2":"type-product","3":"status-publish","4":"has-post-thumbnail","6":"product_cat-bathroom-sink","7":"product_tag-bathroom-vanity-sink","8":"product_tag-modern-bathroom-sink","9":"product_tag-stainless-steel-basin","11":"first","12":"instock","13":"shipping-taxable","14":"product-type-simple"},"_links":{"self":[{"href":"https:\/\/jsd-sinks.com\/fr\/wp-json\/wp\/v2\/product\/888","targetHints":{"allow":["GET"]}}],"collection":[{"href":"https:\/\/jsd-sinks.com\/fr\/wp-json\/wp\/v2\/product"}],"about":[{"href":"https:\/\/jsd-sinks.com\/fr\/wp-json\/wp\/v2\/types\/product"}],"wp:featuredmedia":[{"embeddable":true,"href":"https:\/\/jsd-sinks.com\/fr\/wp-json\/wp\/v2\/media\/889"}],"wp:attachment":[{"href":"https:\/\/jsd-sinks.com\/fr\/wp-json\/wp\/v2\/media?parent=888"}],"wp:term":[{"taxonomy":"product_brand","embeddable":true,"href":"https:\/\/jsd-sinks.com\/fr\/wp-json\/wp\/v2\/product_brand?post=888"},{"taxonomy":"product_cat","embeddable":true,"href":"https:\/\/jsd-sinks.com\/fr\/wp-json\/wp\/v2\/product_cat?post=888"},{"taxonomy":"product_tag","embeddable":true,"href":"https:\/\/jsd-sinks.com\/fr\/wp-json\/wp\/v2\/product_tag?post=888"}],"curies":[{"name":"wp","href":"https:\/\/api.w.org\/{rel}","templated":true}]}}