{"id":856,"date":"2025-12-02T09:26:17","date_gmt":"2025-12-02T09:26:17","guid":{"rendered":"https:\/\/jsd-sinks.com\/?post_type=product&#038;p=856"},"modified":"2025-12-13T03:45:36","modified_gmt":"2025-12-13T03:45:36","slug":"embossed-single-bowl-undermount-sink-jsd-us5545","status":"publish","type":"product","link":"https:\/\/jsd-sinks.com\/fr\/embossed-single-bowl-undermount-sink-jsd-us5545\/","title":{"rendered":"\u00c9vier sous plan \u00e0 une cuve emboss\u00e9e-JSD US5545"},"content":{"rendered":"<h2 data-start=\"287\" data-end=\"382\">JSD US5545 \u00c9vier sous plan \u00e0 un bac gaufr\u00e9 - Le style durable rencontre la commodit\u00e9 de tous les jours<\/h2>\n<h3 data-start=\"384\" data-end=\"684\"><strong data-start=\"384\" data-end=\"419\">Taille \u00e9quilibr\u00e9e pour la plupart des cuisines<\/strong><\/h3>\n<p data-start=\"384\" data-end=\"684\">Le JSD US5545 mesure 550 mm de large et 450 mm de profondeur - un encombrement \u00e9quilibr\u00e9 qui s'int\u00e8gre confortablement dans la plupart des cuisines. La cuve principale mesure 350 \u00d7 400 mm avec une profondeur de 230 mm, ce qui vous donne beaucoup d'espace pour la vaisselle, la pr\u00e9paration des repas ou les t\u00e2ches quotidiennes dans la cuisine.<\/p>\n<p><img decoding=\"async\" class=\"size-medium wp-image-862\" src=\"https:\/\/jsd-sinks.com\/wp-content\/uploads\/2025\/12\/Embossed-Single-Bowl-Undermount-Sink-6-300x300.jpg\" alt=\"\u00c9vier sous plan \u00e0 un bac gaufr\u00e9\" width=\"300\" height=\"300\" title=\"\" srcset=\"https:\/\/jsd-sinks.com\/wp-content\/uploads\/2025\/12\/Embossed-Single-Bowl-Undermount-Sink-6-300x300.jpg 300w, https:\/\/jsd-sinks.com\/wp-content\/uploads\/2025\/12\/Embossed-Single-Bowl-Undermount-Sink-6-100x100.jpg 100w, https:\/\/jsd-sinks.com\/wp-content\/uploads\/2025\/12\/Embossed-Single-Bowl-Undermount-Sink-6-600x600.jpg 600w, https:\/\/jsd-sinks.com\/wp-content\/uploads\/2025\/12\/Embossed-Single-Bowl-Undermount-Sink-6-500x500.jpg 500w, https:\/\/jsd-sinks.com\/wp-content\/uploads\/2025\/12\/Embossed-Single-Bowl-Undermount-Sink-6-150x150.jpg 150w, https:\/\/jsd-sinks.com\/wp-content\/uploads\/2025\/12\/Embossed-Single-Bowl-Undermount-Sink-6-768x768.jpg 768w, https:\/\/jsd-sinks.com\/wp-content\/uploads\/2025\/12\/Embossed-Single-Bowl-Undermount-Sink-6-12x12.jpg 12w, https:\/\/jsd-sinks.com\/wp-content\/uploads\/2025\/12\/Embossed-Single-Bowl-Undermount-Sink-6.jpg 800w\" sizes=\"(max-width: 300px) 100vw, 300px\" \/><\/p>\n<h3 data-start=\"686\" data-end=\"1018\"><strong data-start=\"686\" data-end=\"718\">Finition \u00e9l\u00e9gante et pratique<\/strong><\/h3>\n<p data-start=\"686\" data-end=\"1018\">Cet \u00e9vier pr\u00e9sente une surface en acier inoxydable bross\u00e9 et une texture subtilement gaufr\u00e9e. Cette finition lui conf\u00e8re un attrait moderne et tactile. Gr\u00e2ce \u00e0 sa surface bross\u00e9e et textur\u00e9e, il r\u00e9siste aux rayures, aux empreintes digitales et aux taches d'eau, ce qui lui permet de conserver son aspect propre et raffin\u00e9 avec un minimum d'effort.<\/p>\n<h3 data-start=\"1020\" data-end=\"1226\"><strong data-start=\"1020\" data-end=\"1057\">Forme facile \u00e0 nettoyer et design intelligent<\/strong><\/h3>\n<p data-start=\"1020\" data-end=\"1226\">Les angles arrondis et lisses conf\u00e8rent \u00e0 l'\u00e9vier un aspect \u00e9l\u00e9gant et contemporain, mais ils sont \u00e9galement pratiques : ils \u00e9liminent les recoins difficiles d'acc\u00e8s, ce qui facilite et acc\u00e9l\u00e8re le nettoyage.<\/p>\n<p data-start=\"1228\" data-end=\"1456\">\u00c0 l'int\u00e9rieur de la cuvette se trouvent des rainures en X astucieuses qui cr\u00e9ent une pente douce vers l'\u00e9gout. L'eau s'\u00e9coule ainsi rapidement, ce qui r\u00e9duit l'eau stagnante et acc\u00e9l\u00e8re le s\u00e9chage - pour que votre \u00e9vier reste hygi\u00e9nique et frais.<\/p>\n<h3 data-start=\"1458\" data-end=\"1705\"><strong data-start=\"1458\" data-end=\"1501\">Installation et compatibilit\u00e9 sans faille<\/strong><\/h3>\n<p data-start=\"1458\" data-end=\"1705\">L'\u00e9vier est dot\u00e9 d'un trou de vidange standard de 3,5 pouces pour une installation facile avec les syst\u00e8mes de plomberie courants. Il est \u00e9galement compatible avec un \u00e9gouttoir plus grand de 114 mm si vous le pr\u00e9f\u00e9rez, ce qui offre des options d'installation flexibles.<\/p>\n<p data-start=\"1707\" data-end=\"2055\"><strong data-start=\"1707\" data-end=\"1757\">Construit pour durer - avec des options de personnalisation<\/strong><br data-start=\"1757\" data-end=\"1760\" \/>Nous garantissons le JSD US5545 \u00e0 vie, vous pouvez donc \u00eatre s\u00fbr qu'il est con\u00e7u pour une utilisation \u00e0 long terme. Et si vous \u00e9quipez plusieurs cuisines ou souhaitez un design personnalis\u00e9, nous proposons des services OEM\/ODM avec une commande minimum de 10 ensembles - ce qui vous donne de la flexibilit\u00e9 pour les commandes en gros ou les sp\u00e9cifications sur mesure.<\/p>","protected":false},"excerpt":{"rendered":"<p>JSD US5545 \u00c9vier sous plan \u00e0 une cuve. Format polyvalent de 550 x 450 mm avec une cuve pratique de 350 x 400 mm et une profondeur de 230 mm. Il pr\u00e9sente une finition \u00e9l\u00e9gante en acier inoxydable bross\u00e9 avec une texture gaufr\u00e9e subtile, des coins arrondis faciles \u00e0 nettoyer, des rainures d'\u00e9vacuation efficaces en forme de X et un trou d'\u00e9vacuation standard de 3,5\u2033. Garantie \u00e0 vie et services OEM\/ODM inclus.<\/p>\n<p>Mod\u00e8le : JSD US5545<br \/>\nD\u00e9tails du produit :<br \/>\nTaille totale : 550X450mm<br \/>\nTaille du bol : 350x400mm<br \/>\nProfondeur : 230 mm<br \/>\nTrou d'\u00e9gouttage : 114mm<br \/>\nTraitement de surface\uff1aBross\u00e9<br \/>\nService : Service OEM\/ODM disponible<br \/>\nGarantie : Dur\u00e9e de vie<br \/>\nMOQ : 10 jeux<\/p>","protected":false},"featured_media":863,"template":"","meta":{"_gspb_post_css":""},"product_brand":[],"product_cat":[21],"product_tag":[92,88,91],"class_list":{"0":"post-856","1":"product","2":"type-product","3":"status-publish","4":"has-post-thumbnail","6":"product_cat-embossed-sink","7":"product_tag-brushed-stainless-steel-sink","8":"product_tag-embossed-kitchen-sink","9":"product_tag-single-bowl-undermount","11":"first","12":"instock","13":"shipping-taxable","14":"product-type-simple"},"_links":{"self":[{"href":"https:\/\/jsd-sinks.com\/fr\/wp-json\/wp\/v2\/product\/856","targetHints":{"allow":["GET"]}}],"collection":[{"href":"https:\/\/jsd-sinks.com\/fr\/wp-json\/wp\/v2\/product"}],"about":[{"href":"https:\/\/jsd-sinks.com\/fr\/wp-json\/wp\/v2\/types\/product"}],"wp:featuredmedia":[{"embeddable":true,"href":"https:\/\/jsd-sinks.com\/fr\/wp-json\/wp\/v2\/media\/863"}],"wp:attachment":[{"href":"https:\/\/jsd-sinks.com\/fr\/wp-json\/wp\/v2\/media?parent=856"}],"wp:term":[{"taxonomy":"product_brand","embeddable":true,"href":"https:\/\/jsd-sinks.com\/fr\/wp-json\/wp\/v2\/product_brand?post=856"},{"taxonomy":"product_cat","embeddable":true,"href":"https:\/\/jsd-sinks.com\/fr\/wp-json\/wp\/v2\/product_cat?post=856"},{"taxonomy":"product_tag","embeddable":true,"href":"https:\/\/jsd-sinks.com\/fr\/wp-json\/wp\/v2\/product_tag?post=856"}],"curies":[{"name":"wp","href":"https:\/\/api.w.org\/{rel}","templated":true}]}}