{"id":831,"date":"2025-12-02T07:56:24","date_gmt":"2025-12-02T07:56:24","guid":{"rendered":"https:\/\/jsd-sinks.com\/?post_type=product&#038;p=831"},"modified":"2025-12-13T03:44:01","modified_gmt":"2025-12-13T03:44:01","slug":"custom-stainless-steel-sink-with-premium-nano-silver","status":"publish","type":"product","link":"https:\/\/jsd-sinks.com\/fr\/custom-stainless-steel-sink-with-premium-nano-silver\/","title":{"rendered":"\u00c9vier en acier inoxydable sur mesure avec finition Nano Silver Premium JSD TS2522"},"content":{"rendered":"<h2 data-start=\"0\" data-end=\"42\">JSD TS2522 \u00c9vier en acier inoxydable sur mesure<\/h2>\n<p data-start=\"43\" data-end=\"89\"><strong data-start=\"43\" data-end=\"89\">Durabilit\u00e9 sur mesure avec la finition Nano Silver<\/strong><\/p>\n<p data-start=\"105\" data-end=\"545\">Le JSD TS2522 est le type d'\u00e9vier que l'on remarque d'abord pour sa capacit\u00e9 \u00e0 se fondre dans le d\u00e9cor, puis pour la fiabilit\u00e9 de ses performances. Avec ses dimensions de 635 \u00d7 559 mm et sa cuve profonde de 575 \u00d7 453 \u00d7 230 mm, il avale sans probl\u00e8me les grandes marmites et les plaques de cuisson et se nettoie tout aussi rapidement. De construction lourde (poids net de 26,00 kg), il se tient solidement dans le meuble et donne une impression tactile de qualit\u00e9 \u00e0 long terme d\u00e8s qu'il est install\u00e9.<\/p>\n<p><img decoding=\"async\" class=\"size-medium wp-image-835\" src=\"https:\/\/jsd-sinks.com\/wp-content\/uploads\/2025\/12\/custom-stainless-steel-sink-4-300x300.jpg\" alt=\"\u00e9vier en acier inoxydable sur mesure\" width=\"300\" height=\"300\" title=\"\" srcset=\"https:\/\/jsd-sinks.com\/wp-content\/uploads\/2025\/12\/custom-stainless-steel-sink-4-300x300.jpg 300w, https:\/\/jsd-sinks.com\/wp-content\/uploads\/2025\/12\/custom-stainless-steel-sink-4-100x100.jpg 100w, https:\/\/jsd-sinks.com\/wp-content\/uploads\/2025\/12\/custom-stainless-steel-sink-4-600x600.jpg 600w, https:\/\/jsd-sinks.com\/wp-content\/uploads\/2025\/12\/custom-stainless-steel-sink-4-500x500.jpg 500w, https:\/\/jsd-sinks.com\/wp-content\/uploads\/2025\/12\/custom-stainless-steel-sink-4-150x150.jpg 150w, https:\/\/jsd-sinks.com\/wp-content\/uploads\/2025\/12\/custom-stainless-steel-sink-4-768x768.jpg 768w, https:\/\/jsd-sinks.com\/wp-content\/uploads\/2025\/12\/custom-stainless-steel-sink-4-12x12.jpg 12w, https:\/\/jsd-sinks.com\/wp-content\/uploads\/2025\/12\/custom-stainless-steel-sink-4.jpg 800w\" sizes=\"(max-width: 300px) 100vw, 300px\" \/><\/p>\n<h3 data-start=\"547\" data-end=\"577\">Quelles sont les sensations \u00e0 l'utilisation ?<\/h3>\n<p data-start=\"578\" data-end=\"938\">Glissez une r\u00f4tissoire dans le bac apr\u00e8s le d\u00eener et il y a encore de la place pour la rincer et la pr\u00e9parer \u00e0 c\u00f4t\u00e9. La finition bross\u00e9e Nano Silver adoucit la lumi\u00e8re sans laisser appara\u00eetre la moindre trace de doigt, de sorte que les comptoirs encombr\u00e9s paraissent sereins entre deux nettoyages. La g\u00e9om\u00e9trie arrondie et r\u00e9fl\u00e9chie et l'\u00e9vacuation intelligente font de l'essuyage de la cuvette un mouvement unique et satisfaisant - plus besoin de tra\u00eener la salet\u00e9 dans les coins.<\/p>\n<h3 data-start=\"940\" data-end=\"964\">D\u00e9tails de la performance<\/h3>\n<ul data-start=\"965\" data-end=\"1478\">\n<li data-start=\"965\" data-end=\"1144\">\n<p data-start=\"967\" data-end=\"1144\">Surface bross\u00e9e Nano Silver : La finition avanc\u00e9e am\u00e9liore la r\u00e9sistance aux empreintes digitales, aux rayures fines et aux taches, de sorte que l'\u00e9vier conserve un aspect raffin\u00e9 avec un minimum d'entretien.<\/p>\n<\/li>\n<li data-start=\"1145\" data-end=\"1293\">\n<p data-start=\"1147\" data-end=\"1293\">Drainage en X : Les rainures subtiles en forme de X cr\u00e9ent une pente douce qui canalise l'eau vers le drain, r\u00e9duisant ainsi les accumulations et acc\u00e9l\u00e9rant le s\u00e9chage.<\/p>\n<\/li>\n<li data-start=\"1294\" data-end=\"1478\">\n<p data-start=\"1296\" data-end=\"1478\">Large orifice d'\u00e9vacuation : Une g\u00e9n\u00e9reuse \u00e9vacuation de 114 mm (\u22484.5 in) permet d'\u00e9vacuer rapidement l'eau et les d\u00e9bris - utile dans les cuisines \u00e0 usage intensif et lors de l'utilisation de broyeurs ou de cr\u00e9pines de type commercial.<\/p>\n<\/li>\n<\/ul>\n<h3 data-start=\"1480\" data-end=\"1518\">Construit pour durer et pour \u00eatre sp\u00e9cifi\u00e9<\/h3>\n<p data-start=\"1519\" data-end=\"1782\">Propos\u00e9 dans des \u00e9paisseurs importantes - 1,05 mm, 1,15 mm et 1,35 mm - le TS2522 offre aux concepteurs et aux propri\u00e9taires de v\u00e9ritables choix en mati\u00e8re d'insonorisation et de rigidit\u00e9 structurelle. Son poids et sa construction offrent une sensation de solidit\u00e9 et de silence en cas de casseroles lourdes et d'utilisation r\u00e9p\u00e9t\u00e9e.<\/p>\n<h3 data-start=\"1784\" data-end=\"1812\">Personnalisation et assistance<\/h3>\n<p data-start=\"1813\" data-end=\"2119\">Ce mod\u00e8le est con\u00e7u pour une flexibilit\u00e9 OEM\/ODM : modifiez les dimensions, les finitions ou la disposition des accessoires pour r\u00e9pondre \u00e0 la vision sp\u00e9cifique d'un projet. Chaque unit\u00e9 est assortie d'une garantie compl\u00e8te \u00e0 vie et b\u00e9n\u00e9ficie de l'assistance d'une \u00e9quipe d\u00e9vou\u00e9e de recherche et d\u00e9veloppement et de service \u00e0 la client\u00e8le - pour que l'\u00e9vier soit aussi facile \u00e0 entretenir qu'il est beau.<\/p>\n<h3 data-start=\"2427\" data-end=\"2441\">FAQ abr\u00e9g\u00e9e<\/h3>\n<p data-start=\"2442\" data-end=\"2638\"><strong data-start=\"2442\" data-end=\"2500\">Q : Quel est l'avantage de la finition Nano Silver ?<\/strong><br data-start=\"2500\" data-end=\"2503\" \/>R : Il r\u00e9duit les traces de doigts visibles et les petites marques de surface, r\u00e9siste aux taches et permet \u00e0 l'\u00e9vier de rester propre plus longtemps gr\u00e2ce \u00e0 un entretien simple.<\/p>\n<p data-start=\"2640\" data-end=\"2792\"><strong data-start=\"2640\" data-end=\"2675\">Q : Pourquoi choisir le drain de 114 mm ?<\/strong><br data-start=\"2675\" data-end=\"2678\" \/>R : La sortie plus large \u00e9vacue l'eau et les d\u00e9bris plus rapidement, r\u00e9duisant ainsi les accumulations et am\u00e9liorant l'hygi\u00e8ne dans les cuisines \u00e0 usage intensif.<\/p>\n<p data-start=\"2794\" data-end=\"2984\"><strong data-start=\"2794\" data-end=\"2852\">Q : Cet \u00e9vier peut-il \u00eatre personnalis\u00e9 pour un projet sp\u00e9cifique ?<\/strong><br data-start=\"2852\" data-end=\"2855\" \/>R : Oui, la personnalisation OEM\/ODM est possible pour les dimensions, les finitions et les accessoires. Contactez notre \u00e9quipe R&amp;D avec vos sp\u00e9cifications.<\/p>","protected":false},"excerpt":{"rendered":"<p>JSD TS2522 \u00c9vier en acier inoxydable sur mesure. Dimensions professionnelles de 635 x 559 mm avec une grande cuve de 575 x 453 mm et une profondeur de 230 mm. Il pr\u00e9sente une finition bross\u00e9e Nano Silver de qualit\u00e9 sup\u00e9rieure, un drainage efficace en forme de X et un trou d'\u00e9gouttage de 114 mm. Fabriqu\u00e9e en acier SUS304 de 1,05-1,35 mm tr\u00e8s r\u00e9sistant. Garantie \u00e0 vie et services OEM\/ODM.<\/p>\n<p>Mod\u00e8le : JSD TS2522<br \/>\nD\u00e9tails du produit :<br \/>\nTaille totale : 635X559mm<br \/>\nTaille du bol : 575X453mm<br \/>\nProfondeur : 230 mm<br \/>\nTrou d'\u00e9gouttage : 114mm<br \/>\nThickness:1.35mm\/1.15mm \/1.05mm<br \/>\nPoids net : 6.00KG<br \/>\nColor\uff1aNano Silver<br \/>\nMati\u00e8re\uff1aSUS304<br \/>\nTraitement de surface\uff1aBross\u00e9<br \/>\nService : Service OEM\/ODM disponible<br \/>\nGarantie : Dur\u00e9e de vie<br \/>\nMOQ : 10 jeux<\/p>","protected":false},"featured_media":838,"template":"","meta":{"_gspb_post_css":""},"product_brand":[],"product_cat":[21],"product_tag":[85,86,84],"class_list":{"0":"post-831","1":"product","2":"type-product","3":"status-publish","4":"has-post-thumbnail","6":"product_cat-embossed-sink","7":"product_tag-nano-silver-sink","8":"product_tag-oem-kitchen-sink","9":"product_tag-sus304-stainless-steel-sink","11":"first","12":"instock","13":"shipping-taxable","14":"product-type-simple"},"_links":{"self":[{"href":"https:\/\/jsd-sinks.com\/fr\/wp-json\/wp\/v2\/product\/831","targetHints":{"allow":["GET"]}}],"collection":[{"href":"https:\/\/jsd-sinks.com\/fr\/wp-json\/wp\/v2\/product"}],"about":[{"href":"https:\/\/jsd-sinks.com\/fr\/wp-json\/wp\/v2\/types\/product"}],"wp:featuredmedia":[{"embeddable":true,"href":"https:\/\/jsd-sinks.com\/fr\/wp-json\/wp\/v2\/media\/838"}],"wp:attachment":[{"href":"https:\/\/jsd-sinks.com\/fr\/wp-json\/wp\/v2\/media?parent=831"}],"wp:term":[{"taxonomy":"product_brand","embeddable":true,"href":"https:\/\/jsd-sinks.com\/fr\/wp-json\/wp\/v2\/product_brand?post=831"},{"taxonomy":"product_cat","embeddable":true,"href":"https:\/\/jsd-sinks.com\/fr\/wp-json\/wp\/v2\/product_cat?post=831"},{"taxonomy":"product_tag","embeddable":true,"href":"https:\/\/jsd-sinks.com\/fr\/wp-json\/wp\/v2\/product_tag?post=831"}],"curies":[{"name":"wp","href":"https:\/\/api.w.org\/{rel}","templated":true}]}}