{"id":819,"date":"2025-12-02T07:18:02","date_gmt":"2025-12-02T07:18:02","guid":{"rendered":"https:\/\/jsd-sinks.com\/?post_type=product&#038;p=819"},"modified":"2025-12-13T02:59:10","modified_gmt":"2025-12-13T02:59:10","slug":"custom-single-bowl-undermount-stainless-steel-sink","status":"publish","type":"product","link":"https:\/\/jsd-sinks.com\/fr\/custom-single-bowl-undermount-stainless-steel-sink\/","title":{"rendered":"\u00c9vier en acier inoxydable \u00e0 un seul bac et \u00e0 \u00e9paisseur variable US5545"},"content":{"rendered":"<h2 data-start=\"0\" data-end=\"38\">US5545 \u00c9vier sous plan en acier inoxydable \u00e0 une cuve<\/h2>\n<p data-start=\"39\" data-end=\"89\"><strong data-start=\"39\" data-end=\"89\">Centre de table fonctionnel avec une \u00e9l\u00e9gance pratique<\/strong><\/p>\n<p data-start=\"91\" data-end=\"434\">L'\u00e9vier US5545 est le genre d'\u00e9vier que l'on remarque pour les bonnes raisons : il fonctionne silencieusement et bien. Avec ses 550 \u00d7 450 mm, sa cuve spacieuse de 500 \u00d7 400 mm et sa profondeur de 230 mm, il atteint un \u00e9quilibre confortable - suffisamment grand pour accueillir les casseroles, les plaques \u00e0 p\u00e2tisserie et les pr\u00e9parations quotidiennes, tout en \u00e9tant proportionn\u00e9 pour s'int\u00e9grer parfaitement dans les cuisines de taille moyenne et les grands espaces utilitaires.<\/p>\n<p><img decoding=\"async\" class=\"size-medium wp-image-1109\" src=\"https:\/\/jsd-sinks.com\/wp-content\/uploads\/2025\/12\/9-1-300x300.jpg\" alt=\"\u00c9vier sous plan en acier inoxydable \u00e0 une cuve\" width=\"300\" height=\"300\" title=\"\" srcset=\"https:\/\/jsd-sinks.com\/wp-content\/uploads\/2025\/12\/9-1-300x300.jpg 300w, https:\/\/jsd-sinks.com\/wp-content\/uploads\/2025\/12\/9-1-100x100.jpg 100w, https:\/\/jsd-sinks.com\/wp-content\/uploads\/2025\/12\/9-1-600x600.jpg 600w, https:\/\/jsd-sinks.com\/wp-content\/uploads\/2025\/12\/9-1-500x500.jpg 500w, https:\/\/jsd-sinks.com\/wp-content\/uploads\/2025\/12\/9-1-150x150.jpg 150w, https:\/\/jsd-sinks.com\/wp-content\/uploads\/2025\/12\/9-1-768x768.jpg 768w, https:\/\/jsd-sinks.com\/wp-content\/uploads\/2025\/12\/9-1-12x12.jpg 12w, https:\/\/jsd-sinks.com\/wp-content\/uploads\/2025\/12\/9-1.jpg 800w\" sizes=\"(max-width: 300px) 100vw, 300px\" \/><\/p>\n<h3 data-start=\"436\" data-end=\"463\">Made For Real Kitchens<\/h3>\n<p data-start=\"464\" data-end=\"796\">Imaginez l'\u00e9vier dans la vie de tous les jours : un plat sort du four, vous le mettez \u00e0 tremper dans la cuvette et il y a encore de la place pour rincer les l\u00e9gumes \u00e0 c\u00f4t\u00e9. Cette facilit\u00e9 d'utilisation est le fruit d'une conception. Le profil sous le plan de travail pr\u00e9serve la propret\u00e9 et la continuit\u00e9 des plans de travail, de sorte que les miettes et les \u00e9claboussures tombent directement dans la cuvette au lieu de s'accrocher \u00e0 un bord.<\/p>\n<h3 data-start=\"798\" data-end=\"833\">Des d\u00e9tails bien pens\u00e9s qui comptent<\/h3>\n<p data-start=\"834\" data-end=\"1022\">Coins arrondis pour un nettoyage plus facile<br data-start=\"873\" data-end=\"876\" \/>Les coins doux et arrondis \u00e9liminent les minuscules crevasses o\u00f9 se cache la salet\u00e9. Un simple coup de chiffon suffit \u00e0 nettoyer l'ensemble de la cuvette, sans avoir \u00e0 frotter dans des angles difficiles.<\/p>\n<p data-start=\"1024\" data-end=\"1278\">Drainage en X qui fonctionne<br data-start=\"1056\" data-end=\"1059\" \/>Des rainures subtiles en forme de X dans la base cr\u00e9ent une pente douce vers l'\u00e9vacuation. L'eau s'\u00e9coule plus rapidement, les flaques d'eau disparaissent et la cuvette s\u00e8che plus vite - de petits choix d'ing\u00e9nierie qui rendent la vie quotidienne plus propre et plus hygi\u00e9nique.<\/p>\n<p data-start=\"1280\" data-end=\"1490\">Installation simple<br data-start=\"1312\" data-end=\"1315\" \/>Un trou de vidange standard de 3,5 pouces (\u224889 mm) assure la compatibilit\u00e9 avec la plupart des filtres et des broyeurs r\u00e9sidentiels, de sorte que les plombiers et les bricoleurs trouveront l'installation simple.<\/p>\n<h3 data-start=\"1492\" data-end=\"1524\">Construit pour durer, construit pour s'adapter<\/h3>\n<p data-start=\"1525\" data-end=\"1880\">Fabriqu\u00e9 en acier inoxydable de haute qualit\u00e9 et disponible dans des \u00e9paisseurs de 0,95 mm, 1,05 mm et 1,2 mm (options personnalis\u00e9es disponibles), le US5545 vous permet de choisir l'\u00e9quilibre entre le co\u00fbt, la rigidit\u00e9 et la r\u00e9duction du bruit. Chaque unit\u00e9 est livr\u00e9e dans une bo\u00eete de protection (600 \u00d7 500 \u00d7 290 mm) avec un poids net de 5,0 kg, pr\u00eate \u00e0 \u00eatre install\u00e9e proprement et simplement.<\/p>\n<h3 data-start=\"1882\" data-end=\"1911\">Vous soutenir <strong>Peut<\/strong> Compter sur<\/h3>\n<p data-start=\"1912\" data-end=\"2154\">Soutenu par une \u00e9quipe de R&amp;D d\u00e9vou\u00e9e et un service apr\u00e8s-vente \u00e0 vie, l'US5545 est plus qu'un \u00e9l\u00e9ment de votre cuisine, c'est une solution prise en charge. Que vous ayez besoin de conseils d'installation, d'une jauge personnalis\u00e9e ou de pi\u00e8ces de rechange dans plusieurs ann\u00e9es, vous pouvez compter sur notre aide.<\/p>\n<h3 data-start=\"2156\" data-end=\"2197\">Pourquoi les propri\u00e9taires et les designers le choisissent<\/h3>\n<ul data-start=\"2198\" data-end=\"2512\">\n<li data-start=\"2198\" data-end=\"2255\">\n<p data-start=\"2200\" data-end=\"2255\">Capacit\u00e9 g\u00e9n\u00e9reuse d'un seul bac dans un encombrement \u00e9quilibr\u00e9<\/p>\n<\/li>\n<li data-start=\"2256\" data-end=\"2326\">\n<p data-start=\"2258\" data-end=\"2326\">Coins arrondis et drainage technique pour une vie sans entretien<\/p>\n<\/li>\n<li data-start=\"2327\" data-end=\"2391\">\n<p data-start=\"2329\" data-end=\"2391\">Plusieurs calibres d'acier pour r\u00e9pondre aux besoins de durabilit\u00e9 et d'acoustique<\/p>\n<\/li>\n<li data-start=\"2392\" data-end=\"2447\">\n<p data-start=\"2394\" data-end=\"2447\">Taille de drain standard pour une compatibilit\u00e9 ais\u00e9e avec la plomberie<\/p>\n<\/li>\n<li data-start=\"2448\" data-end=\"2512\">\n<p data-start=\"2450\" data-end=\"2512\">Emballage s\u00e9curis\u00e9 et assistance \u00e0 vie pour une confiance \u00e0 long terme<\/p>\n<\/li>\n<\/ul>\n<h3 data-start=\"2514\" data-end=\"2526\">FAQ abr\u00e9g\u00e9e<\/h3>\n<p data-start=\"2527\" data-end=\"2701\"><strong data-start=\"2527\" data-end=\"2575\">Q : Cet \u00e9vier convient-il aux ustensiles de cuisine lourds ?<\/strong><br data-start=\"2575\" data-end=\"2578\" \/>R : Oui. La cuve de 500 \u00d7 400 \u00d7 230 mm offre beaucoup de place pour les casseroles et les po\u00eales ; choisissez un calibre de 1,05-1,2 mm pour un usage quotidien plus intensif.<\/p>\n<p data-start=\"2703\" data-end=\"2842\"><strong data-start=\"2703\" data-end=\"2752\">Q : Puis-je demander des \u00e9paisseurs ou des d\u00e9coupes personnalis\u00e9es ?<\/strong><br data-start=\"2752\" data-end=\"2755\" \/>R : La personnalisation est possible - contactez votre fournisseur avant l'exp\u00e9dition pour discuter des options.<\/p>\n<p data-start=\"2844\" data-end=\"2986\"><strong data-start=\"2844\" data-end=\"2880\">Q : Comment entretenir la finition ?<\/strong><br data-start=\"2880\" data-end=\"2883\" \/>R : Essuyez avec un chiffon doux et un d\u00e9tergent doux ; \u00e9vitez les tampons abrasifs pour que la surface conserve son \u00e9clat.<\/p>","protected":false},"excerpt":{"rendered":"<p>US5545 \u00c9vier sous plan en acier inoxydable \u00e0 une cuve. Dimensions polyvalentes de 550 x 450 mm avec une cuve spacieuse de 500 x 400 mm et une profondeur de 230 mm. Il pr\u00e9sente des coins arrondis modernes pour un nettoyage facile, des rainures d'\u00e9vacuation efficaces en forme de X et un trou standard de 3,5\u2033. Disponible dans les calibres 0.95\/1.05\/1.2mm avec un service d'assistance \u00e0 vie.<\/p>\n<p>Num\u00e9ro de mod\u00e8le : US5545<br \/>\nDimensions externes : 550X450MM<br \/>\nDimensions internes : 500X400MM<br \/>\nProfondeur : 230MM<br \/>\n\u00c9paisseur : 0,95\/1,05\/1,2MM\/personnalis\u00e9<br \/>\nEmballage individuel Dimensions : 600X500X290MM<br \/>\nPoids net : 5KG<br \/>\nPoids brut : 6,5 kg<\/p>","protected":false},"featured_media":820,"template":"","meta":{"_gspb_post_css":""},"product_brand":[],"product_cat":[20],"product_tag":[82,70,81],"class_list":{"0":"post-819","1":"product","2":"type-product","3":"status-publish","4":"has-post-thumbnail","6":"product_cat-undermount-sink","7":"product_tag-single-basin-sink","8":"product_tag-stainless-steel-kitchen-sink","9":"product_tag-undermount-sink","11":"first","12":"instock","13":"shipping-taxable","14":"product-type-simple"},"_links":{"self":[{"href":"https:\/\/jsd-sinks.com\/fr\/wp-json\/wp\/v2\/product\/819","targetHints":{"allow":["GET"]}}],"collection":[{"href":"https:\/\/jsd-sinks.com\/fr\/wp-json\/wp\/v2\/product"}],"about":[{"href":"https:\/\/jsd-sinks.com\/fr\/wp-json\/wp\/v2\/types\/product"}],"wp:featuredmedia":[{"embeddable":true,"href":"https:\/\/jsd-sinks.com\/fr\/wp-json\/wp\/v2\/media\/820"}],"wp:attachment":[{"href":"https:\/\/jsd-sinks.com\/fr\/wp-json\/wp\/v2\/media?parent=819"}],"wp:term":[{"taxonomy":"product_brand","embeddable":true,"href":"https:\/\/jsd-sinks.com\/fr\/wp-json\/wp\/v2\/product_brand?post=819"},{"taxonomy":"product_cat","embeddable":true,"href":"https:\/\/jsd-sinks.com\/fr\/wp-json\/wp\/v2\/product_cat?post=819"},{"taxonomy":"product_tag","embeddable":true,"href":"https:\/\/jsd-sinks.com\/fr\/wp-json\/wp\/v2\/product_tag?post=819"}],"curies":[{"name":"wp","href":"https:\/\/api.w.org\/{rel}","templated":true}]}}