{"id":793,"date":"2025-12-02T03:26:03","date_gmt":"2025-12-02T03:26:03","guid":{"rendered":"https:\/\/jsd-sinks.com\/?post_type=product&#038;p=793"},"modified":"2025-12-13T02:51:12","modified_gmt":"2025-12-13T02:51:12","slug":"24-inch-undermount-sink-multi-thickness-options","status":"publish","type":"product","link":"https:\/\/jsd-sinks.com\/fr\/24-inch-undermount-sink-multi-thickness-options\/","title":{"rendered":"\u00c9vier sous plan ultra-robuste 24 pouces - Options multi-\u00e9paisseurs US2418"},"content":{"rendered":"<h2 data-start=\"0\" data-end=\"34\">Evier sous plan 24 pouces US2418<\/h2>\n<p data-start=\"35\" data-end=\"78\"><strong data-start=\"35\" data-end=\"78\">Intelligent, spacieux et d'une propret\u00e9 sans faille<\/strong><\/p>\n<p data-start=\"80\" data-end=\"413\">Si vous souhaitez un \u00e9vier g\u00e9n\u00e9reux sans pour autant engloutir votre plan de travail, l'US2418 r\u00e9pond \u00e0 vos attentes. Avec ses dimensions de 24 pouces (610 \u00d7 470 mm), il est compact l\u00e0 o\u00f9 il faut, mais spacieux l\u00e0 o\u00f9 il faut - une cuve unique de 572 \u00d7 432 mm et une profondeur de 230 mm vous offrent un v\u00e9ritable espace pour les casseroles surdimensionn\u00e9es, les plaques de cuisson et la pr\u00e9paration de tous les jours, sans tracas.<\/p>\n<p><img decoding=\"async\" class=\"size-medium wp-image-1121\" src=\"https:\/\/jsd-sinks.com\/wp-content\/uploads\/2025\/12\/24-inch-undermount-sink-5-1-300x300.jpg\" alt=\"24 Inch Undermount Sink\" width=\"300\" height=\"300\" title=\"\" srcset=\"https:\/\/jsd-sinks.com\/wp-content\/uploads\/2025\/12\/24-inch-undermount-sink-5-1-300x300.jpg 300w, https:\/\/jsd-sinks.com\/wp-content\/uploads\/2025\/12\/24-inch-undermount-sink-5-1-100x100.jpg 100w, https:\/\/jsd-sinks.com\/wp-content\/uploads\/2025\/12\/24-inch-undermount-sink-5-1-600x600.jpg 600w, https:\/\/jsd-sinks.com\/wp-content\/uploads\/2025\/12\/24-inch-undermount-sink-5-1-500x500.jpg 500w, https:\/\/jsd-sinks.com\/wp-content\/uploads\/2025\/12\/24-inch-undermount-sink-5-1-150x150.jpg 150w, https:\/\/jsd-sinks.com\/wp-content\/uploads\/2025\/12\/24-inch-undermount-sink-5-1-768x768.jpg 768w, https:\/\/jsd-sinks.com\/wp-content\/uploads\/2025\/12\/24-inch-undermount-sink-5-1-12x12.jpg 12w, https:\/\/jsd-sinks.com\/wp-content\/uploads\/2025\/12\/24-inch-undermount-sink-5-1.jpg 800w\" sizes=\"(max-width: 300px) 100vw, 300px\" \/><\/p>\n<h3 data-start=\"415\" data-end=\"449\">Con\u00e7ue \u00e0 partir de vraies cuisines<\/h3>\n<p data-start=\"450\" data-end=\"919\">Cet \u00e9vier n'est pas seulement mesur\u00e9, il est r\u00e9fl\u00e9chi. Les angles arrondis et lisses lui conf\u00e8rent un aspect moderne et \u00e9liminent les minuscules crevasses qui retiennent habituellement la salet\u00e9, de sorte qu'un essuyage rapide permet de nettoyer l'ensemble de la cuvette. \u00c0 l'int\u00e9rieur, de subtiles rainures de guidage en forme de X orientent doucement l'eau vers l'\u00e9gout - un petit choix technique qui \u00e9vite les flaques d'eau et permet \u00e0 l'\u00e9vier de s\u00e9cher plus rapidement entre deux utilisations. Un \u00e9vier standard <strong data-start=\"825\" data-end=\"837\">3,5 pouces<\/strong> permet une compatibilit\u00e9 directe avec la plupart des filtres et des broyeurs.<\/p>\n<h3 data-start=\"921\" data-end=\"964\">Des choix de mat\u00e9riaux qui r\u00e9pondent \u00e0 vos besoins<\/h3>\n<p data-start=\"965\" data-end=\"1218\">Fabriqu\u00e9 en acier inoxydable de haute qualit\u00e9 et disponible en \u00e9paisseurs de 0,95 mm, 1,05 mm et 1,2 mm, l'US2418 vous permet de choisir l'\u00e9quilibre entre le co\u00fbt, la robustesse et l'insonorisation. Des \u00e9paisseurs personnalis\u00e9es sont disponibles sur demande pour des projets sp\u00e9ciaux.<\/p>\n<h3 data-start=\"1220\" data-end=\"1254\">Emballage et d\u00e9tails pratiques<\/h3>\n<p data-start=\"1255\" data-end=\"1424\">Chaque \u00e9vier est livr\u00e9 dans une bo\u00eete de protection (660 \u00d7 520 \u00d7 290 mm) et a un poids net de 6,5 kg, de sorte qu'il est pr\u00eat \u00e0 \u00eatre install\u00e9 et qu'il a l'air d'un produit d'usine lorsque vous l'ouvrez.<\/p>\n<h3 data-start=\"1426\" data-end=\"1454\">Un soutien sur lequel vous pouvez compter<\/h3>\n<p data-start=\"1455\" data-end=\"1668\">Soutenu par un service apr\u00e8s-vente \u00e0 vie et une \u00e9quipe de R&amp;D active, l'US2418 est plus qu'un produit - c'est une solution prise en charge. Que vous ayez besoin de conseils d'installation ou de pi\u00e8ces de rechange des ann\u00e9es plus tard, l'aide est disponible.<\/p>\n<h3 data-start=\"1670\" data-end=\"1701\">Pourquoi les gens choisissent l'US2418<\/h3>\n<ul data-start=\"1702\" data-end=\"2019\">\n<li data-start=\"1702\" data-end=\"1758\">\n<p data-start=\"1704\" data-end=\"1758\">Capacit\u00e9 g\u00e9n\u00e9reuse d'un seul bol dans un encombrement r\u00e9duit<\/p>\n<\/li>\n<li data-start=\"1759\" data-end=\"1827\">\n<p data-start=\"1761\" data-end=\"1827\">Coins arrondis et drainage en X pour une vie sans entretien<\/p>\n<\/li>\n<li data-start=\"1828\" data-end=\"1892\">\n<p data-start=\"1830\" data-end=\"1892\">Plusieurs \u00e9paisseurs d'acier pour s'adapter \u00e0 diff\u00e9rents projets et budgets<\/p>\n<\/li>\n<li data-start=\"1893\" data-end=\"1951\">\n<p data-start=\"1895\" data-end=\"1951\">Ouverture de vidange standard pour une compatibilit\u00e9 ais\u00e9e avec la plomberie<\/p>\n<\/li>\n<li data-start=\"1952\" data-end=\"2019\">\n<p data-start=\"1954\" data-end=\"2019\">Emballage s\u00e9curis\u00e9 et assistance \u00e0 vie pour une tranquillit\u00e9 d'esprit \u00e0 long terme<\/p>\n<\/li>\n<\/ul>\n<h3 data-start=\"2021\" data-end=\"2035\">FAQ abr\u00e9g\u00e9e<\/h3>\n<p data-start=\"2036\" data-end=\"2169\"><strong data-start=\"2036\" data-end=\"2085\">Q : Ce produit peut-il \u00eatre plac\u00e9 sous un plan de travail standard ?<\/strong><br data-start=\"2085\" data-end=\"2088\" \/>R : Oui - les dimensions 610 \u00d7 470 mm sont con\u00e7ues pour des installations sous plan standard.<\/p>\n<p data-start=\"2171\" data-end=\"2346\"><strong data-start=\"2171\" data-end=\"2218\">Q : Quelle est la meilleure jauge pour un fonctionnement silencieux ?<\/strong><br data-start=\"2218\" data-end=\"2221\" \/>R : Les jauges plus \u00e9paisses (1,05-1,2 mm) r\u00e9duisent les vibrations et le bruit ; vous pouvez \u00e9galement demander une sous-couche suppl\u00e9mentaire pour plus d'amortissement.<\/p>\n<p data-start=\"2348\" data-end=\"2491\"><strong data-start=\"2348\" data-end=\"2398\">Q : Puis-je demander des dimensions ou des d\u00e9coupes personnalis\u00e9es ?<\/strong><br data-start=\"2398\" data-end=\"2401\" \/>R : Des personnalisations sont possibles - contactez votre fournisseur avant de passer commande pour discuter des options.<\/p>","protected":false},"excerpt":{"rendered":"<p>US2418 \u00c9vier sous plan de 24 pouces, 610x470 mm hors tout. Il est dot\u00e9 d'une grande cuve (572 x 432 mm), d'une profondeur de 230 mm, d'angles arrondis faciles \u00e0 nettoyer et de rainures d'\u00e9vacuation en X efficaces. Disponible dans les calibres 0,95\/1,05\/1,2 mm avec un service d'assistance \u00e0 vie.<\/p>\n<p>Num\u00e9ro de mod\u00e8le : US2418<br \/>\nDimensions ext\u00e9rieures : 610 x 470 mm<br \/>\nDimensions internes : 572 x 432 mm<br \/>\nProfondeur : 230 mm<br \/>\n\u00c9paisseur : 0,95\/1,05\/1,2 mm\/personnalis\u00e9<br \/>\nEmballage individuel Dimensions : 660 x 520 x 290 mm<br \/>\nPoids net : 6,5 kg<br \/>\nPoids brut : 8 kg<\/p>","protected":false},"featured_media":1195,"template":"","meta":{"_gspb_post_css":""},"product_brand":[],"product_cat":[20],"product_tag":[78,64,67],"class_list":{"0":"post-793","1":"product","2":"type-product","3":"status-publish","4":"has-post-thumbnail","6":"product_cat-undermount-sink","7":"product_tag-single-bowl-sink","8":"product_tag-stainless-steel-sink","9":"product_tag-undermount-kitchen-sink","11":"first","12":"instock","13":"shipping-taxable","14":"product-type-simple"},"_links":{"self":[{"href":"https:\/\/jsd-sinks.com\/fr\/wp-json\/wp\/v2\/product\/793","targetHints":{"allow":["GET"]}}],"collection":[{"href":"https:\/\/jsd-sinks.com\/fr\/wp-json\/wp\/v2\/product"}],"about":[{"href":"https:\/\/jsd-sinks.com\/fr\/wp-json\/wp\/v2\/types\/product"}],"wp:featuredmedia":[{"embeddable":true,"href":"https:\/\/jsd-sinks.com\/fr\/wp-json\/wp\/v2\/media\/1195"}],"wp:attachment":[{"href":"https:\/\/jsd-sinks.com\/fr\/wp-json\/wp\/v2\/media?parent=793"}],"wp:term":[{"taxonomy":"product_brand","embeddable":true,"href":"https:\/\/jsd-sinks.com\/fr\/wp-json\/wp\/v2\/product_brand?post=793"},{"taxonomy":"product_cat","embeddable":true,"href":"https:\/\/jsd-sinks.com\/fr\/wp-json\/wp\/v2\/product_cat?post=793"},{"taxonomy":"product_tag","embeddable":true,"href":"https:\/\/jsd-sinks.com\/fr\/wp-json\/wp\/v2\/product_tag?post=793"}],"curies":[{"name":"wp","href":"https:\/\/api.w.org\/{rel}","templated":true}]}}