{"id":763,"date":"2025-12-02T02:00:33","date_gmt":"2025-12-02T02:00:33","guid":{"rendered":"https:\/\/jsd-sinks.com\/?post_type=product&#038;p=763"},"modified":"2025-12-13T03:13:41","modified_gmt":"2025-12-13T03:13:41","slug":"810mm-dual-basin-flush-mount-sink-stainless-steel","status":"publish","type":"product","link":"https:\/\/jsd-sinks.com\/fr\/810mm-dual-basin-flush-mount-sink-stainless-steel\/","title":{"rendered":"\u00c9vier \u00e0 encastrer \u00e0 deux cuves 810 mm - Acier inoxydable de qualit\u00e9 sup\u00e9rieure UDU8146B"},"content":{"rendered":"<h2 data-start=\"369\" data-end=\"398\">UDU8146B Evier \u00e0 encastrer<\/h2>\n<p data-start=\"399\" data-end=\"438\"><strong data-start=\"399\" data-end=\"438\">Un design moderne pour un confort quotidien<\/strong><\/p>\n<p data-start=\"440\" data-end=\"806\">Si vous souhaitez moderniser votre cuisine et obtenir un produit propre, moderne et vraiment facile \u00e0 vivre, l'\u00e9vier \u00e0 encastrer UDU8146B a \u00e9t\u00e9 con\u00e7u dans cet esprit. Son profil de 810 \u00d7 460 mm s'adapte confortablement \u00e0 la plupart des plans de travail, tandis que sa profondeur de 230 mm et ses deux cuves de 356 \u00d7 410 mm vous offrent le type d'espace de travail qui rend les t\u00e2ches quotidiennes moins p\u00e9nibles.<\/p>\n<p><img decoding=\"async\" class=\"size-medium wp-image-1117\" src=\"https:\/\/jsd-sinks.com\/wp-content\/uploads\/2025\/12\/flush-mount-sink-4-1-300x300.jpg\" alt=\"Evier encastr\u00e9\" width=\"300\" height=\"300\" title=\"\" srcset=\"https:\/\/jsd-sinks.com\/wp-content\/uploads\/2025\/12\/flush-mount-sink-4-1-300x300.jpg 300w, https:\/\/jsd-sinks.com\/wp-content\/uploads\/2025\/12\/flush-mount-sink-4-1-100x100.jpg 100w, https:\/\/jsd-sinks.com\/wp-content\/uploads\/2025\/12\/flush-mount-sink-4-1-600x600.jpg 600w, https:\/\/jsd-sinks.com\/wp-content\/uploads\/2025\/12\/flush-mount-sink-4-1-500x500.jpg 500w, https:\/\/jsd-sinks.com\/wp-content\/uploads\/2025\/12\/flush-mount-sink-4-1-150x150.jpg 150w, https:\/\/jsd-sinks.com\/wp-content\/uploads\/2025\/12\/flush-mount-sink-4-1-768x768.jpg 768w, https:\/\/jsd-sinks.com\/wp-content\/uploads\/2025\/12\/flush-mount-sink-4-1-12x12.jpg 12w, https:\/\/jsd-sinks.com\/wp-content\/uploads\/2025\/12\/flush-mount-sink-4-1.jpg 800w\" sizes=\"(max-width: 300px) 100vw, 300px\" \/><\/p>\n<h3 data-start=\"808\" data-end=\"843\">Une conception qui fonctionne <em data-start=\"831\" data-end=\"837\">Avec<\/em> Vous<\/h3>\n<p data-start=\"844\" data-end=\"1068\">Chaque d\u00e9tail de cet \u00e9vier est con\u00e7u pour une utilisation pratique. Les coins arrondis ne se contentent pas d'ajouter une touche de douceur et de modernit\u00e9 : ils facilitent et acc\u00e9l\u00e8rent l'essuyage de la cuvette. Pas d'ar\u00eates vives, pas de salet\u00e9 pi\u00e9g\u00e9e, pas de frottement g\u00eanant.<\/p>\n<p data-start=\"1070\" data-end=\"1404\">\u00c0 l'int\u00e9rieur du bol, vous trouverez de subtiles rainures en forme de X. Elles sont \u00e0 peine perceptibles, mais elles font une grande diff\u00e9rence. Elles sont \u00e0 peine perceptibles, mais elles font une grande diff\u00e9rence. L'eau s'\u00e9coule naturellement vers la bonde au lieu de s'accumuler, ce qui permet \u00e0 votre \u00e9vier de s\u00e9cher plus rapidement et de rester plus propre entre deux utilisations. L'ouverture de vidange standard de 3,5 pouces signifie \u00e9galement qu'il est compatible avec la plupart des installations de plomberie et des kits de vidange.<\/p>\n<h3 data-start=\"1406\" data-end=\"1436\">Con\u00e7u pour r\u00e9pondre \u00e0 vos besoins<\/h3>\n<p data-start=\"1437\" data-end=\"1757\">Parce que chaque cuisine est diff\u00e9rente, l'UDU8146B est disponible en trois \u00e9paisseurs d'acier inoxydable : 0,95 mm, 1,05 mm et 1,2 mm. Que vous \u00e9quipiez une maison, une location ou un espace commercial l\u00e9ger, vous pouvez choisir le niveau de r\u00e9sistance et de durabilit\u00e9 qui convient \u00e0 votre projet. Des \u00e9paisseurs personnalis\u00e9es sont \u00e9galement disponibles.<\/p>\n<p data-start=\"1759\" data-end=\"1936\">Chaque unit\u00e9 est soigneusement emball\u00e9e dans sa propre bo\u00eete de protection (860 \u00d7 510 \u00d7 290 mm), pesant 11,5 kg net et 13 kg brut - suffisamment s\u00fbre pour l'exp\u00e9dition, le stockage ou la manipulation de l'installation.<\/p>\n<h3 data-start=\"1938\" data-end=\"1961\">Un soutien durable<\/h3>\n<p data-start=\"1962\" data-end=\"2214\">Derri\u00e8re cet \u00e9vier se trouve une \u00e9quipe d\u00e9vou\u00e9e de R&amp;D et de service \u00e0 la client\u00e8le qui s'engage \u00e0 assurer une fiabilit\u00e9 \u00e0 long terme. Le produit est accompagn\u00e9 d'un service apr\u00e8s-vente \u00e0 vie. Que vous ayez besoin d'aide dans plusieurs ann\u00e9es ou que vous ayez simplement une question \u00e0 poser apr\u00e8s l'installation, vous \u00eates couvert.<\/p>\n<h3 data-start=\"2216\" data-end=\"2259\">Pourquoi les propri\u00e9taires et les designers le choisissent<\/h3>\n<ul data-start=\"2260\" data-end=\"2548\">\n<li data-start=\"2260\" data-end=\"2320\">\n<p data-start=\"2262\" data-end=\"2320\">Aspect \u00e9pur\u00e9 et homog\u00e8ne qui s'int\u00e8gre dans les comptoirs modernes<\/p>\n<\/li>\n<li data-start=\"2321\" data-end=\"2373\">\n<p data-start=\"2323\" data-end=\"2373\">Deux bols spacieux qui facilitent le travail multit\u00e2che<\/p>\n<\/li>\n<li data-start=\"2374\" data-end=\"2436\">\n<p data-start=\"2376\" data-end=\"2436\">Coins lisses et drainage intelligent pour r\u00e9duire le nettoyage quotidien<\/p>\n<\/li>\n<li data-start=\"2437\" data-end=\"2496\">\n<p data-start=\"2439\" data-end=\"2496\">Options d'\u00e9paisseur d'acier flexibles pour diff\u00e9rents projets<\/p>\n<\/li>\n<li data-start=\"2497\" data-end=\"2548\">\n<p data-start=\"2499\" data-end=\"2548\">Un service et une assistance \u00e0 long terme pour une tranquillit\u00e9 d'esprit<\/p>\n<\/li>\n<\/ul>\n<p data-start=\"2550\" data-end=\"2719\">L'\u00e9vier UDU8146B n'est pas seulement un \u00e9vier, c'est une am\u00e9lioration pratique pour tous ceux qui souhaitent un peu plus de confort, de propret\u00e9 et d'efficacit\u00e9 dans la cuisine sans sacrifier le style.<\/p>","protected":false},"excerpt":{"rendered":"<p>Evier \u00e0 encastrer UDU8146B : Design moderne de 810x460 mm avec deux cuves de 356x410 mm. Les angles sont arrondis pour faciliter le nettoyage, les rainures d'\u00e9coulement en X et le trou standard de 3,5\u2033. Disponible en 0,95-1,2 mm d'\u00e9paisseur. Comprend un service d'assistance \u00e0 vie.<\/p>\n<p>Mod\u00e8le : UDU8146B<br \/>\nDimensions externes : 810X460MM<br \/>\nDimensions internes : 356X410MM<br \/>\nProfondeur : 230MM<br \/>\n\u00c9paisseur : 0,95\/1,05\/1,2MM\/personnalis\u00e9<br \/>\nEmballage individuel Dimensions : 860X510X290MM<br \/>\nPoids net : 11.5KG<br \/>\nPoids brut : 13KG<\/p>","protected":false},"featured_media":1214,"template":"","meta":{"_gspb_post_css":""},"product_brand":[],"product_cat":[20],"product_tag":[66,65,64],"class_list":{"0":"post-763","1":"product","2":"type-product","3":"status-publish","4":"has-post-thumbnail","6":"product_cat-undermount-sink","7":"product_tag-double-basin-sink","8":"product_tag-kitchen-sink","9":"product_tag-stainless-steel-sink","11":"first","12":"instock","13":"shipping-taxable","14":"product-type-simple"},"_links":{"self":[{"href":"https:\/\/jsd-sinks.com\/fr\/wp-json\/wp\/v2\/product\/763","targetHints":{"allow":["GET"]}}],"collection":[{"href":"https:\/\/jsd-sinks.com\/fr\/wp-json\/wp\/v2\/product"}],"about":[{"href":"https:\/\/jsd-sinks.com\/fr\/wp-json\/wp\/v2\/types\/product"}],"wp:featuredmedia":[{"embeddable":true,"href":"https:\/\/jsd-sinks.com\/fr\/wp-json\/wp\/v2\/media\/1214"}],"wp:attachment":[{"href":"https:\/\/jsd-sinks.com\/fr\/wp-json\/wp\/v2\/media?parent=763"}],"wp:term":[{"taxonomy":"product_brand","embeddable":true,"href":"https:\/\/jsd-sinks.com\/fr\/wp-json\/wp\/v2\/product_brand?post=763"},{"taxonomy":"product_cat","embeddable":true,"href":"https:\/\/jsd-sinks.com\/fr\/wp-json\/wp\/v2\/product_cat?post=763"},{"taxonomy":"product_tag","embeddable":true,"href":"https:\/\/jsd-sinks.com\/fr\/wp-json\/wp\/v2\/product_tag?post=763"}],"curies":[{"name":"wp","href":"https:\/\/api.w.org\/{rel}","templated":true}]}}