{"id":712,"date":"2025-12-01T07:23:52","date_gmt":"2025-12-01T07:23:52","guid":{"rendered":"https:\/\/jsd-sinks.com\/?post_type=product&#038;p=712"},"modified":"2025-12-13T03:24:05","modified_gmt":"2025-12-13T03:24:05","slug":"large-single-kitchen-sink-with-230mm-deep-basin","status":"publish","type":"product","link":"https:\/\/jsd-sinks.com\/fr\/large-single-kitchen-sink-with-230mm-deep-basin\/","title":{"rendered":"Grand \u00e9vier de cuisine spacieux avec cuve profonde de 230 mm TS3322"},"content":{"rendered":"<h2 data-start=\"331\" data-end=\"616\"><strong data-start=\"331\" data-end=\"374\">Grand \u00e9vier de cuisine simple (838 x 559 mm)<\/strong><\/h2>\n<h3 data-start=\"331\" data-end=\"616\"><strong data-start=\"377\" data-end=\"462\">Cuve unique spacieuse (774 x 432 mm) avec une profondeur de 230 mm - Con\u00e7ue pour une vraie vie de cuisinier<\/strong><\/h3>\n<p data-start=\"331\" data-end=\"616\">Lorsque vous avez une r\u00f4tissoire, une plaque de cuisson pleine ou une pile d'assiettes \u00e0 traiter, cet \u00e9vier rend ces moments faciles \u00e0 vivre - spacieux, solide et honn\u00eate.<\/p>\n<h3 data-start=\"623\" data-end=\"919\"><strong data-start=\"623\" data-end=\"647\">Cuvette simple g\u00e9n\u00e9reuse<\/strong><\/h3>\n<p data-start=\"623\" data-end=\"919\">Une cuve de 774 x 432 mm avec une profondeur de 230 mm vous permet de laver les grandes casseroles et les plateaux sans vous battre avec l'\u00e9vier.<br data-start=\"750\" data-end=\"753\" \/>Plus besoin d'incliner les casseroles ou de les faire basculer maladroitement - il suffit d'y d\u00e9poser une r\u00f4tissoire, de la frotter, de la rincer et de passer \u00e0 autre chose. Il s'agit d'un v\u00e9ritable espace pour une v\u00e9ritable cuisine, et non d'un compromis.<\/p>\n<p><img decoding=\"async\" class=\"size-medium wp-image-1137\" src=\"https:\/\/jsd-sinks.com\/wp-content\/uploads\/2025\/12\/91-300x300.jpg\" alt=\"Grand \u00e9vier de cuisine simple\" width=\"300\" height=\"300\" title=\"\" srcset=\"https:\/\/jsd-sinks.com\/wp-content\/uploads\/2025\/12\/91-300x300.jpg 300w, https:\/\/jsd-sinks.com\/wp-content\/uploads\/2025\/12\/91-100x100.jpg 100w, https:\/\/jsd-sinks.com\/wp-content\/uploads\/2025\/12\/91-600x600.jpg 600w, https:\/\/jsd-sinks.com\/wp-content\/uploads\/2025\/12\/91-500x500.jpg 500w, https:\/\/jsd-sinks.com\/wp-content\/uploads\/2025\/12\/91-150x150.jpg 150w, https:\/\/jsd-sinks.com\/wp-content\/uploads\/2025\/12\/91-768x768.jpg 768w, https:\/\/jsd-sinks.com\/wp-content\/uploads\/2025\/12\/91-12x12.jpg 12w, https:\/\/jsd-sinks.com\/wp-content\/uploads\/2025\/12\/91.jpg 800w\" sizes=\"(max-width: 300px) 100vw, 300px\" \/><\/p>\n<h3 data-start=\"926\" data-end=\"1200\"><strong data-start=\"926\" data-end=\"951\">Profondeur r\u00e9duisant les \u00e9claboussures<\/strong><\/h3>\n<p data-start=\"926\" data-end=\"1200\">La profondeur de 230 mm maintient l'eau l\u00e0 o\u00f9 elle doit \u00eatre et r\u00e9duit le d\u00e9sordre sur le comptoir.<br data-start=\"1035\" data-end=\"1038\" \/>Vous remarquerez qu'il y a moins de flaques et moins d'essuie-tout. La profondeur signifie moins d'\u00e9claboussures et plus de confiance lorsque vous rincez de grandes marmites ou manipulez des casseroles grasses.<\/p>\n<h3 data-start=\"1207\" data-end=\"1490\"><strong data-start=\"1207\" data-end=\"1237\">Coins arrondis faciles \u00e0 nettoyer<\/strong><\/h3>\n<p data-start=\"1207\" data-end=\"1490\">Les coins arrondis r\u00e9duisent les salissures cach\u00e9es et permettent d'essuyer l'\u00e9vier rapidement et facilement.<br data-start=\"1321\" data-end=\"1324\" \/>Ces courbes douces ne sont pas seulement esth\u00e9tiques, elles permettent \u00e9galement un nettoyage plus rapide. D'un simple coup d'\u00e9ponge, les coins ne retiennent plus les miettes ou les salet\u00e9s comme le font les angles droits \u00e0 l'ancienne.<\/p>\n<h3 data-start=\"1497\" data-end=\"1770\"><strong data-start=\"1497\" data-end=\"1531\">Rainures de drainage Smart X-Shape<\/strong><\/h3>\n<p data-start=\"1497\" data-end=\"1770\">Les rainures en forme de X guident l'eau vers le drain standard de 3,5 pouces afin d'\u00e9viter la formation de flaques d'eau.<br data-start=\"1620\" data-end=\"1623\" \/>C'est une petite avanc\u00e9e technique qui porte ses fruits : l'eau s'\u00e9coule proprement, la cuvette s\u00e8che plus rapidement et vous passez moins de temps \u00e0 vous \u00e9ponger et plus de temps \u00e0 manger.<\/p>\n<h3 data-start=\"1777\" data-end=\"2096\"><strong data-start=\"1777\" data-end=\"1812\">Construction durable et pratique<\/strong><\/h3>\n<p data-start=\"1777\" data-end=\"2096\">Fabriqu\u00e9 \u00e0 partir de mat\u00e9riaux de haute qualit\u00e9 et disponible en plusieurs \u00e9paisseurs (0,95 mm-1,2 mm)<br data-start=\"1910\" data-end=\"1913\" \/>L'\u00e9vier est solide sous la main. Choisissez un mod\u00e8le plus \u00e9pais si vous souhaitez une cuvette plus lourde et plus silencieuse ; choisissez un mod\u00e8le plus l\u00e9ger si vous souhaitez optimiser votre budget - dans tous les cas, il est con\u00e7u pour durer.<\/p>\n<h3 data-start=\"2103\" data-end=\"2373\"><strong data-start=\"2103\" data-end=\"2129\">Empreinte proportionnelle<\/strong><\/h3>\n<p data-start=\"2103\" data-end=\"2373\">La taille totale de 838 x 559 mm donne une pr\u00e9sence imposante sans dominer le comptoir.<br data-start=\"2221\" data-end=\"2224\" \/>Grand bol, empreinte intelligente - vous obtenez un espace utilisable sans sacrifier l'agencement des armoires ou du comptoir. Elle est spacieuse mais respecte les limites d'une vraie cuisine.<\/p>\n<h3 data-start=\"2380\" data-end=\"2638\"><strong data-start=\"2380\" data-end=\"2410\">Soutenu par une assistance \u00e0 vie<\/strong><\/h3>\n<p data-start=\"2380\" data-end=\"2638\">Le service apr\u00e8s-vente \u00e0 vie et l'assistance R&amp;D vous apportent une aide concr\u00e8te lorsque vous en avez besoin.<br data-start=\"2493\" data-end=\"2496\" \/>Si quelque chose doit \u00eatre r\u00e9par\u00e9 dans plusieurs ann\u00e9es, il y a une \u00e9quipe qui conna\u00eet le produit et qui peut vous aider - et pas seulement une note de garantie g\u00e9n\u00e9rique dans la bo\u00eete.<\/p>","protected":false},"excerpt":{"rendered":"<p>Faites l'exp\u00e9rience d'une capacit\u00e9 et d'une facilit\u00e9 in\u00e9gal\u00e9es avec notre grand \u00e9vier de cuisine simple. Dot\u00e9 d'une cuve spacieuse de 774 x 432 mm et d'une profondeur de 230 mm, il peut accueillir sans effort des casseroles et des po\u00eales surdimensionn\u00e9es. Les coins arrondis et les rainures d'\u00e9coulement en X assurent un nettoyage rapide et un \u00e9coulement efficace de l'eau, ce qui en fait la pi\u00e8ce ma\u00eetresse parfaite pour les cuisines occup\u00e9es qui privil\u00e9gient \u00e0 la fois la forme et la fonction.<\/p>\n<p>Mod\u00e8le : TS3322<br \/>\nDimensions externes : 838X559MM<br \/>\nDimensions internes : 774X432MM<br \/>\nProfondeur : 230MM<br \/>\n\u00c9paisseur : 0,95\/1,05\/1,2MM\/personnalis\u00e9<br \/>\nEmballage individuel Dimensions : 890X609X290MM<br \/>\nPoids net : 11KG<br \/>\nPoids brut : 12,5 kg<\/p>","protected":false},"featured_media":713,"template":"","meta":{"_gspb_post_css":""},"product_brand":[],"product_cat":[19],"product_tag":[57],"class_list":{"0":"post-712","1":"product","2":"type-product","3":"status-publish","4":"has-post-thumbnail","6":"product_cat-topmount-sink","7":"product_tag-single-basin-sink-extra-large-sink-deep-kitchen-sink","9":"first","10":"instock","11":"shipping-taxable","12":"product-type-simple"},"_links":{"self":[{"href":"https:\/\/jsd-sinks.com\/fr\/wp-json\/wp\/v2\/product\/712","targetHints":{"allow":["GET"]}}],"collection":[{"href":"https:\/\/jsd-sinks.com\/fr\/wp-json\/wp\/v2\/product"}],"about":[{"href":"https:\/\/jsd-sinks.com\/fr\/wp-json\/wp\/v2\/types\/product"}],"wp:featuredmedia":[{"embeddable":true,"href":"https:\/\/jsd-sinks.com\/fr\/wp-json\/wp\/v2\/media\/713"}],"wp:attachment":[{"href":"https:\/\/jsd-sinks.com\/fr\/wp-json\/wp\/v2\/media?parent=712"}],"wp:term":[{"taxonomy":"product_brand","embeddable":true,"href":"https:\/\/jsd-sinks.com\/fr\/wp-json\/wp\/v2\/product_brand?post=712"},{"taxonomy":"product_cat","embeddable":true,"href":"https:\/\/jsd-sinks.com\/fr\/wp-json\/wp\/v2\/product_cat?post=712"},{"taxonomy":"product_tag","embeddable":true,"href":"https:\/\/jsd-sinks.com\/fr\/wp-json\/wp\/v2\/product_tag?post=712"}],"curies":[{"name":"wp","href":"https:\/\/api.w.org\/{rel}","templated":true}]}}