{"id":706,"date":"2025-12-01T06:47:13","date_gmt":"2025-12-01T06:47:13","guid":{"rendered":"https:\/\/jsd-sinks.com\/?post_type=product&#038;p=706"},"modified":"2025-12-12T08:34:10","modified_gmt":"2025-12-12T08:34:10","slug":"single-topmount-sink-custom-thickness-modern-design","status":"publish","type":"product","link":"https:\/\/jsd-sinks.com\/fr\/single-topmount-sink-custom-thickness-modern-design\/","title":{"rendered":"\u00c9vier \u00e0 poser simple et \u00e9l\u00e9gant - \u00c9paisseur personnalisable et design moderne TS2522"},"content":{"rendered":"<h2 data-start=\"339\" data-end=\"432\"><strong data-start=\"339\" data-end=\"366\">TS2522 Evier \u00e0 poser simple<\/strong><\/h2>\n<p data-start=\"339\" data-end=\"432\"><strong data-start=\"369\" data-end=\"432\">Des angles vifs et des lignes \u00e9pur\u00e9es pour un look moderne et industriel<\/strong><\/p>\n<h3 data-start=\"434\" data-end=\"803\"><strong data-start=\"434\" data-end=\"478\">Une conception de la d\u00e9claration avec des avantages pratiques<\/strong><\/h3>\n<p data-start=\"434\" data-end=\"803\">Les coins R10 offrent un aspect audacieux et minimal tout en simplifiant le nettoyage<br data-start=\"560\" data-end=\"563\" \/>Les coins carr\u00e9s, sans rayon, donnent instantan\u00e9ment le ton, mais ce n'est pas qu'une question de style. En l'absence de recoins incurv\u00e9s o\u00f9 la salet\u00e9 peut se cacher, l'essuyage de l'\u00e9vier est plus rapide et moins p\u00e9nible. C'est audacieux \u00e0 regarder et discr\u00e8tement pratique \u00e0 vivre.<\/p>\n<h3 data-start=\"805\" data-end=\"1122\"><strong data-start=\"805\" data-end=\"826\">Cuvette simple spacieuse<\/strong><\/h3>\n<p data-start=\"805\" data-end=\"1122\">Une cuvette de 575 x 453 mm avec une profondeur de 230 mm qui permet de traiter facilement les gros pots.<br data-start=\"900\" data-end=\"903\" \/>Ce bol est \u00e9tonnamment g\u00e9n\u00e9reux. Vous pouvez y mettre une r\u00f4tissoire pleine, rincer des piles de plaques \u00e0 p\u00e2tisserie ou remplir la casserole sans avoir \u00e0 la pencher maladroitement. La profondeur permet d'\u00e9viter les \u00e9claboussures, de sorte que vos comptoirs restent plus propres en cas d'utilisation intensive.<\/p>\n<p><img decoding=\"async\" class=\"size-medium wp-image-1136\" src=\"https:\/\/jsd-sinks.com\/wp-content\/uploads\/2025\/12\/9-3-300x300.jpg\" alt=\"Evier \u00e0 rayon z\u00e9ro\" width=\"300\" height=\"300\" title=\"\" srcset=\"https:\/\/jsd-sinks.com\/wp-content\/uploads\/2025\/12\/9-3-300x300.jpg 300w, https:\/\/jsd-sinks.com\/wp-content\/uploads\/2025\/12\/9-3-100x100.jpg 100w, https:\/\/jsd-sinks.com\/wp-content\/uploads\/2025\/12\/9-3-600x600.jpg 600w, https:\/\/jsd-sinks.com\/wp-content\/uploads\/2025\/12\/9-3-500x500.jpg 500w, https:\/\/jsd-sinks.com\/wp-content\/uploads\/2025\/12\/9-3-150x150.jpg 150w, https:\/\/jsd-sinks.com\/wp-content\/uploads\/2025\/12\/9-3-768x768.jpg 768w, https:\/\/jsd-sinks.com\/wp-content\/uploads\/2025\/12\/9-3-12x12.jpg 12w, https:\/\/jsd-sinks.com\/wp-content\/uploads\/2025\/12\/9-3.jpg 800w\" sizes=\"(max-width: 300px) 100vw, 300px\" \/><\/p>\n<h3 data-start=\"1124\" data-end=\"1423\"><strong data-start=\"1124\" data-end=\"1150\">D\u00e9tails sur le drainage intelligent<\/strong><\/h3>\n<p data-start=\"1124\" data-end=\"1423\">Les rainures en forme de X guident l'eau vers le drain standard de 3,5 pouces pour \u00e9viter la formation de flaques.<br data-start=\"1238\" data-end=\"1241\" \/>Ces petites rainures en X sont importantes. Elles \u00e9loignent l'eau et permettent \u00e0 l'\u00e9vier de se vider plus rapidement apr\u00e8s le rin\u00e7age. Apr\u00e8s un repas copieux, vous remarquerez qu'il y a moins d'eau stagnante et moins d'endroits \u00e0 essuyer.<\/p>\n<h3 data-start=\"1425\" data-end=\"1754\"><strong data-start=\"1425\" data-end=\"1458\">Construction robuste en acier inoxydable<\/strong><\/h3>\n<p data-start=\"1425\" data-end=\"1754\">Disponible dans des calibres de 0,95 mm \u00e0 1,2 mm pour un \u00e9quilibre entre la valeur, le poids et l'insonorisation.<br data-start=\"1552\" data-end=\"1555\" \/>Choisissez le calibre qui convient \u00e0 votre mode de vie - plus fin pour un budget et un poids plus l\u00e9ger, plus \u00e9pais pour une sensation plus lourde et plus silencieuse. Dans tous les cas, l'acier SUS304 r\u00e9siste \u00e0 la vapeur, au nettoyage et \u00e0 la vie r\u00e9elle dans la cuisine.<\/p>\n<h3 data-start=\"1756\" data-end=\"2032\"><strong data-start=\"1756\" data-end=\"1786\">Empreinte ext\u00e9rieure compacte<\/strong><\/h3>\n<p data-start=\"1756\" data-end=\"2032\">Dimensions ext\u00e9rieures de 635 x 559 mm pour une int\u00e9gration ais\u00e9e dans les espaces restreints<br data-start=\"1861\" data-end=\"1864\" \/>Il trouve sa place l\u00e0 o\u00f9 de nombreuses cuisines modernes en ont besoin : compact, mais pas \u00e0 l'\u00e9troit. Vous b\u00e9n\u00e9ficiez d'un aspect int\u00e9gr\u00e9 et \u00e9pur\u00e9 qui s'int\u00e8gre parfaitement aux comptoirs et permet de conserver un espace de travail bien ordonn\u00e9.<\/p>\n<h3 data-start=\"2034\" data-end=\"2308\"><strong data-start=\"2034\" data-end=\"2068\">Avantage du nettoyage \u00e0 rayon z\u00e9ro<\/strong><\/h3>\n<p data-start=\"2034\" data-end=\"2308\">Les coins carr\u00e9s donnent \u00e0 l'\u00e9vier un aspect net et r\u00e9duisent l'accumulation de salet\u00e9s cach\u00e9es.<br data-start=\"2145\" data-end=\"2148\" \/>Les coins sans rayon sont un choix de conception propre qui s'av\u00e8re payant lorsqu'il s'agit d'essuyer. L'absence de crevasses incurv\u00e9es signifie moins de frottement et une surface plus hygi\u00e9nique dans l'ensemble.<\/p>\n<h3 data-start=\"2310\" data-end=\"2554\"><strong data-start=\"2310\" data-end=\"2328\">Finition et ajustement<\/strong><\/h3>\n<p data-start=\"2310\" data-end=\"2554\">Plusieurs options de calibre et une finition qui s'harmonise avec les comptoirs modernes<br data-start=\"2406\" data-end=\"2409\" \/>Cet \u00e9vier s'harmonise avec de nombreux styles, du b\u00e9ton industriel au bois chaleureux. Choisissez le calibre et la finition qui correspondent \u00e0 la personnalit\u00e9 de votre cuisine.<\/p>\n<h3 data-start=\"2556\" data-end=\"2811\"><strong data-start=\"2556\" data-end=\"2584\">Support de soutien \u00e0 vie<\/strong><\/h3>\n<p data-start=\"2556\" data-end=\"2811\">Service \u00e0 la client\u00e8le \u00e0 vie et soutien continu de la R&amp;D<br data-start=\"2650\" data-end=\"2653\" \/>Si vous avez besoin d'aide, il y a une \u00e9quipe derri\u00e8re le produit. Ce soutien - et les am\u00e9liorations constantes apport\u00e9es par l'\u00e9quipe de R&amp;D - en font un choix fiable \u00e0 long terme.<\/p>","protected":false},"excerpt":{"rendered":"<p>Voici l'\u00e9vier \u00e0 poser TS2522 - l'incarnation du design de la cuisine moderne. Dot\u00e9 de lignes nettes et pr\u00e9cises et d'une cuve spacieuse de 575 x 453 mm avec une profondeur de 230 mm, il offre une esth\u00e9tique minimaliste sans compromettre la fonction. Con\u00e7u avec des rainures d'\u00e9vacuation en X et des options d'\u00e9paisseur personnalisables, cet \u00e9vier allie un style sophistiqu\u00e9 \u00e0 des performances pratiques pour un look sans faille.<\/p>\n<p>Mod\u00e8le : TS2522<br \/>\nDimensions externes : 635X559MM<br \/>\nDimensions internes : 575X453MM<br \/>\nProfondeur : 230MM<br \/>\n\u00c9paisseur : 0,95\/1,05\/1,2MM\/personnalis\u00e9<br \/>\nEmballage individuel Dimensions : 685X609X290MM<br \/>\nPoids net : 6KG<br \/>\nPoids brut : 7,5 kg<\/p>","protected":false},"featured_media":707,"template":"","meta":{"_gspb_post_css":""},"product_brand":[],"product_cat":[19],"product_tag":[56],"class_list":{"0":"post-706","1":"product","2":"type-product","3":"status-publish","4":"has-post-thumbnail","6":"product_cat-topmount-sink","7":"product_tag-zeroradius-modernsink-minimalistdesign","9":"first","10":"instock","11":"shipping-taxable","12":"product-type-simple"},"_links":{"self":[{"href":"https:\/\/jsd-sinks.com\/fr\/wp-json\/wp\/v2\/product\/706","targetHints":{"allow":["GET"]}}],"collection":[{"href":"https:\/\/jsd-sinks.com\/fr\/wp-json\/wp\/v2\/product"}],"about":[{"href":"https:\/\/jsd-sinks.com\/fr\/wp-json\/wp\/v2\/types\/product"}],"wp:featuredmedia":[{"embeddable":true,"href":"https:\/\/jsd-sinks.com\/fr\/wp-json\/wp\/v2\/media\/707"}],"wp:attachment":[{"href":"https:\/\/jsd-sinks.com\/fr\/wp-json\/wp\/v2\/media?parent=706"}],"wp:term":[{"taxonomy":"product_brand","embeddable":true,"href":"https:\/\/jsd-sinks.com\/fr\/wp-json\/wp\/v2\/product_brand?post=706"},{"taxonomy":"product_cat","embeddable":true,"href":"https:\/\/jsd-sinks.com\/fr\/wp-json\/wp\/v2\/product_cat?post=706"},{"taxonomy":"product_tag","embeddable":true,"href":"https:\/\/jsd-sinks.com\/fr\/wp-json\/wp\/v2\/product_tag?post=706"}],"curies":[{"name":"wp","href":"https:\/\/api.w.org\/{rel}","templated":true}]}}