{"id":700,"date":"2025-12-01T06:27:28","date_gmt":"2025-12-01T06:27:28","guid":{"rendered":"https:\/\/jsd-sinks.com\/?post_type=product&#038;p=700"},"modified":"2025-12-09T09:40:09","modified_gmt":"2025-12-09T09:40:09","slug":"double-bowl-stainless-sink-with-deep-basins","status":"publish","type":"product","link":"https:\/\/jsd-sinks.com\/fr\/double-bowl-stainless-sink-with-deep-basins\/","title":{"rendered":"\u00c9vier en inox \u00e0 deux cuves faciles \u00e0 nettoyer avec cuves profondes TDW8248"},"content":{"rendered":"<h2 data-start=\"351\" data-end=\"466\"><strong data-start=\"351\" data-end=\"389\">Evier inox double bac TDW8248<\/strong><\/h2>\n<h3 data-start=\"351\" data-end=\"466\"><strong data-start=\"392\" data-end=\"466\">Deux bols spacieux de 390 x 390 mm avec une profondeur de 230 mm pour une cuisine r\u00e9aliste<\/strong><\/h3>\n<p data-start=\"468\" data-end=\"769\">Cet \u00e9vier a \u00e9t\u00e9 con\u00e7u pour les personnes qui cuisinent beaucoup et qui d\u00e9testent les plans de travail enchev\u00eatr\u00e9s. Gr\u00e2ce \u00e0 deux cuves de taille \u00e9gale, vous pouvez faire tremper des casseroles graisseuses d'un c\u00f4t\u00e9 et tirer des produits frais de l'autre sans changer de place. C'est le genre d'agencement qui permet d'acc\u00e9l\u00e9rer discr\u00e8tement le d\u00eener et de garder la cuisine calme apr\u00e8s.<\/p>\n<h3 data-start=\"776\" data-end=\"869\"><strong data-start=\"776\" data-end=\"796\">Double disposition de la cuvette<\/strong><\/h3>\n<p data-start=\"776\" data-end=\"869\">Travailler sur deux t\u00e2ches \u00e0 la fois sans avoir \u00e0 jongler avec les casseroles et les planches \u00e0 d\u00e9couper<\/p>\n<p data-start=\"871\" data-end=\"1093\">Ouvrez le lave-vaisselle, rincez une casserole et pr\u00e9parez la salade en m\u00eame temps - chaque bol a sa propre t\u00e2che. Cette s\u00e9paration r\u00e9duit les risques de contamination crois\u00e9e et lib\u00e8re le plan de travail pour les t\u00e2ches qui requi\u00e8rent votre attention.<\/p>\n<h3 data-start=\"1100\" data-end=\"1201\"><strong data-start=\"1100\" data-end=\"1124\">Profondeur g\u00e9n\u00e9reuse de 230 mm<\/strong><\/h3>\n<p data-start=\"1100\" data-end=\"1201\">Les bols profonds r\u00e9duisent les \u00e9claboussures et s'adaptent facilement aux grandes casseroles et aux plaques de cuisson.<\/p>\n<p data-start=\"1203\" data-end=\"1385\">Vous remarquerez qu'il y a moins d'eau sur le comptoir et plus de place pour les grandes casseroles et les po\u00eales \u00e0 frire. Gr\u00e2ce \u00e0 la profondeur, il est moins difficile de se tenir en \u00e9quilibre pour r\u00e9curer les casseroles difficiles \u00e0 manier.<\/p>\n<p><img decoding=\"async\" class=\"size-medium wp-image-1154\" src=\"https:\/\/jsd-sinks.com\/wp-content\/uploads\/2025\/12\/double-bowl-stainless-sink-4-1-300x300.jpg\" alt=\"\u00c9vier en inox \u00e0 deux cuves\" width=\"300\" height=\"300\" title=\"\" srcset=\"https:\/\/jsd-sinks.com\/wp-content\/uploads\/2025\/12\/double-bowl-stainless-sink-4-1-300x300.jpg 300w, https:\/\/jsd-sinks.com\/wp-content\/uploads\/2025\/12\/double-bowl-stainless-sink-4-1-100x100.jpg 100w, https:\/\/jsd-sinks.com\/wp-content\/uploads\/2025\/12\/double-bowl-stainless-sink-4-1-600x600.jpg 600w, https:\/\/jsd-sinks.com\/wp-content\/uploads\/2025\/12\/double-bowl-stainless-sink-4-1-500x500.jpg 500w, https:\/\/jsd-sinks.com\/wp-content\/uploads\/2025\/12\/double-bowl-stainless-sink-4-1-150x150.jpg 150w, https:\/\/jsd-sinks.com\/wp-content\/uploads\/2025\/12\/double-bowl-stainless-sink-4-1-768x768.jpg 768w, https:\/\/jsd-sinks.com\/wp-content\/uploads\/2025\/12\/double-bowl-stainless-sink-4-1-12x12.jpg 12w, https:\/\/jsd-sinks.com\/wp-content\/uploads\/2025\/12\/double-bowl-stainless-sink-4-1.jpg 800w\" sizes=\"(max-width: 300px) 100vw, 300px\" \/><\/p>\n<h3 data-start=\"1392\" data-end=\"1489\"><strong data-start=\"1392\" data-end=\"1422\">Coins arrondis faciles \u00e0 nettoyer<\/strong><\/h3>\n<p data-start=\"1392\" data-end=\"1489\">Les coins arrondis emp\u00eachent la salet\u00e9 de s'accumuler et facilitent l'essuyage.<\/p>\n<p data-start=\"1491\" data-end=\"1670\">Ces coins doux ne se contentent pas d'\u00eatre modernes : ils s'essuient rapidement. Pas besoin de brosse \u00e0 dents, et les miettes ne se logent pas l\u00e0 o\u00f9 vous ne pouvez pas les atteindre. Les petits gains de temps s'additionnent chaque semaine.<\/p>\n<h3 data-start=\"1677\" data-end=\"1786\"><strong data-start=\"1677\" data-end=\"1705\">Rainures de drainage en forme de X<\/strong><\/h3>\n<p data-start=\"1677\" data-end=\"1786\">Des rainures subtiles canalisent l'eau vers les drains de 3,5 pouces pour \u00e9viter la formation de flaques.<\/p>\n<p data-start=\"1788\" data-end=\"1969\">Apr\u00e8s une longue cuisson, les rainures permettent \u00e0 l'\u00e9vier de s'\u00e9couler plus rapidement, ce qui \u00e9vite d'essuyer des flaques d'eau toutes les dix minutes. C'est l'un de ces d\u00e9tails techniques que l'on remarque \u00e0 peine jusqu'\u00e0 ce qu'il ne soit plus l\u00e0.<\/p>\n<h3 data-start=\"1976\" data-end=\"2092\"><strong data-start=\"1976\" data-end=\"2010\">Options d'\u00e9paisseur personnalisables<\/strong><\/h3>\n<p data-start=\"1976\" data-end=\"2092\">Choisissez entre 0,95 mm et 1,2 mm pour un bon \u00e9quilibre entre le prix, la sensation et le son.<\/p>\n<p data-start=\"2094\" data-end=\"2294\">Vous souhaitez un \u00e9vier l\u00e9ger et \u00e9conomique ou un \u00e9vier plus lourd et plus silencieux qui absorbe les bruits ? Choisissez le calibre qui correspond \u00e0 votre mode de vie dans la cuisine. Un acier plus \u00e9pais donne une impression de solidit\u00e9 et de professionnalisme.<\/p>\n<h3 data-start=\"2301\" data-end=\"2409\"><strong data-start=\"2301\" data-end=\"2335\">Construction durable en acier inoxydable<\/strong><\/h3>\n<p data-start=\"2301\" data-end=\"2409\">Acier inoxydable de haute qualit\u00e9 con\u00e7u pour r\u00e9sister \u00e0 l'usure quotidienne<\/p>\n<p data-start=\"2411\" data-end=\"2590\">Cet \u00e9vier r\u00e9siste \u00e0 la chaleur, \u00e0 la vapeur et \u00e0 la chute occasionnelle d'une casserole. Il ne s'affole pas en cas d'utilisation intensive et conserve sa belle apparence gr\u00e2ce \u00e0 un entretien r\u00e9gulier - le genre d'entretien que vous pouvez vraiment respecter.<\/p>\n<h3 data-start=\"2597\" data-end=\"2711\"><strong data-start=\"2597\" data-end=\"2630\">Une empreinte compacte et r\u00e9fl\u00e9chie<\/strong><\/h3>\n<p data-start=\"2597\" data-end=\"2711\">Un vaste espace de travail sans encombrer votre plan de travail (828 x 480 mm au total)<\/p>\n<p data-start=\"2713\" data-end=\"2874\">Si vous avez besoin de performances mais que vous ne disposez pas d'une cuisine immense, ce mod\u00e8le s'int\u00e8gre parfaitement tout en offrant des cuves g\u00e9n\u00e9reuses. Il est con\u00e7u pour que vous vous sentiez \u00e0 l'aise, pas \u00e0 l'\u00e9troit.<\/p>\n<h3 data-start=\"2881\" data-end=\"2995\"><strong data-start=\"2881\" data-end=\"2913\">Support apr\u00e8s-vente \u00e0 vie<\/strong><\/h3>\n<p data-start=\"2881\" data-end=\"2995\">Un service continu et une \u00e9quipe de recherche et d\u00e9veloppement d\u00e9di\u00e9e garantissent une confiance \u00e0 long terme.<\/p>\n<p data-start=\"2997\" data-end=\"3146\">Si quelque chose ne va pas, il y a de l'aide. Et l'\u00e9quipe d'ing\u00e9nieurs ne cesse d'am\u00e9liorer les petites choses - les \u00e9l\u00e9ments intelligents qui facilitent la vie quotidienne.<\/p>","protected":false},"excerpt":{"rendered":"<p>L'\u00e9vier en inox \u00e0 deux cuves TDW8248 est con\u00e7u pour une polyvalence ultime dans la cuisine. Dot\u00e9 de deux cuves spacieuses (390x390 mm) et d'une profondeur de 230 mm, il permet d'effectuer plusieurs t\u00e2ches \u00e0 la fois. Les rainures d'\u00e9coulement en X et les coins arrondis assurent un nettoyage rapide et un \u00e9coulement efficace de l'eau. Personnalisez l'\u00e9paisseur (0,95-1,2 mm) en fonction de vos besoins, tout en b\u00e9n\u00e9ficiant d'une garantie de service \u00e0 vie.<\/p>\n<p>Mod\u00e8le : TDW8248<br \/>\nDimensions externes : 828X480MM<br \/>\nDimensions internes : 390X390MM<br \/>\nProfondeur : 230MM<br \/>\n\u00c9paisseur : 0,95\/1,05\/1,2MM\/personnalis\u00e9<br \/>\nEmballage individuel Dimensions : 878X530X290MM<br \/>\nPoids net : 10.5KG<br \/>\nPoids brut : 12KG<\/p>","protected":false},"featured_media":701,"template":"","meta":{"_gspb_post_css":""},"product_brand":[],"product_cat":[19],"product_tag":[55],"class_list":{"0":"post-700","1":"product","2":"type-product","3":"status-publish","4":"has-post-thumbnail","6":"product_cat-topmount-sink","7":"product_tag-double-bowl-sink-deep-basin-easy-clean-sink","9":"first","10":"instock","11":"shipping-taxable","12":"product-type-simple"},"_links":{"self":[{"href":"https:\/\/jsd-sinks.com\/fr\/wp-json\/wp\/v2\/product\/700","targetHints":{"allow":["GET"]}}],"collection":[{"href":"https:\/\/jsd-sinks.com\/fr\/wp-json\/wp\/v2\/product"}],"about":[{"href":"https:\/\/jsd-sinks.com\/fr\/wp-json\/wp\/v2\/types\/product"}],"wp:featuredmedia":[{"embeddable":true,"href":"https:\/\/jsd-sinks.com\/fr\/wp-json\/wp\/v2\/media\/701"}],"wp:attachment":[{"href":"https:\/\/jsd-sinks.com\/fr\/wp-json\/wp\/v2\/media?parent=700"}],"wp:term":[{"taxonomy":"product_brand","embeddable":true,"href":"https:\/\/jsd-sinks.com\/fr\/wp-json\/wp\/v2\/product_brand?post=700"},{"taxonomy":"product_cat","embeddable":true,"href":"https:\/\/jsd-sinks.com\/fr\/wp-json\/wp\/v2\/product_cat?post=700"},{"taxonomy":"product_tag","embeddable":true,"href":"https:\/\/jsd-sinks.com\/fr\/wp-json\/wp\/v2\/product_tag?post=700"}],"curies":[{"name":"wp","href":"https:\/\/api.w.org\/{rel}","templated":true}]}}