{"id":694,"date":"2025-12-01T03:38:44","date_gmt":"2025-12-01T03:38:44","guid":{"rendered":"https:\/\/jsd-sinks.com\/?post_type=product&#038;p=694"},"modified":"2025-12-13T03:22:54","modified_gmt":"2025-12-13T03:22:54","slug":"efficient-double-drop-in-kitchen-sink-with-drainage","status":"publish","type":"product","link":"https:\/\/jsd-sinks.com\/fr\/efficient-double-drop-in-kitchen-sink-with-drainage\/","title":{"rendered":"Efficient Double Drop In Kitchen Sink with X-Shape Drainage TDE3120"},"content":{"rendered":"<h2 data-start=\"337\" data-end=\"457\"><strong data-start=\"337\" data-end=\"382\">Evier de cuisine double \u00e0 encastrer (800 x 520mm)<\/strong><\/h2>\n<p data-start=\"337\" data-end=\"457\"><strong data-start=\"385\" data-end=\"457\">Deux bols et des d\u00e9tails bien pens\u00e9s qui facilitent la cuisson et le nettoyage<\/strong><\/p>\n<h3 data-start=\"459\" data-end=\"774\"><strong data-start=\"459\" data-end=\"487\">Bols doubles 357,5 x 410 mm<\/strong><\/h3>\n<p data-start=\"459\" data-end=\"774\">Deux bols profonds pour laver, tremper et pr\u00e9parer en m\u00eame temps<br data-start=\"554\" data-end=\"557\" \/>Un c\u00f4t\u00e9 peut tremper les casseroles graisseuses tandis que l'autre reste libre pour rincer les l\u00e9gumes ou \u00e9goutter les p\u00e2tes - pas de jonglage, pas d'arr\u00eat en plein milieu d'une recette. Gr\u00e2ce \u00e0 cette petite s\u00e9paration, la cuisine en plusieurs \u00e9tapes semble naturelle et non chaotique.<\/p>\n<h3 data-start=\"776\" data-end=\"1020\"><strong data-start=\"776\" data-end=\"796\">230mm Profondeur de la cuvette<\/strong><\/h3>\n<p data-start=\"776\" data-end=\"1020\">La profondeur g\u00e9n\u00e9reuse permet de limiter les \u00e9claboussures et d'accueillir confortablement les grandes marmites.<br data-start=\"869\" data-end=\"872\" \/>La profondeur emp\u00eache l'eau de s'\u00e9chapper de la cuvette et vous permet de manipuler de grandes marmites et des plaques de four sans basculement g\u00eanant ni \u00e9claboussures suppl\u00e9mentaires.<\/p>\n<p><img decoding=\"async\" class=\"size-medium wp-image-1152\" src=\"https:\/\/jsd-sinks.com\/wp-content\/uploads\/2025\/12\/double-drop-in-kitchen-sink-4-1-300x300.jpg\" alt=\"\u00c9vier de cuisine double \u00e0 encastrer\" width=\"300\" height=\"300\" title=\"\" srcset=\"https:\/\/jsd-sinks.com\/wp-content\/uploads\/2025\/12\/double-drop-in-kitchen-sink-4-1-300x300.jpg 300w, https:\/\/jsd-sinks.com\/wp-content\/uploads\/2025\/12\/double-drop-in-kitchen-sink-4-1-100x100.jpg 100w, https:\/\/jsd-sinks.com\/wp-content\/uploads\/2025\/12\/double-drop-in-kitchen-sink-4-1-600x600.jpg 600w, https:\/\/jsd-sinks.com\/wp-content\/uploads\/2025\/12\/double-drop-in-kitchen-sink-4-1-500x500.jpg 500w, https:\/\/jsd-sinks.com\/wp-content\/uploads\/2025\/12\/double-drop-in-kitchen-sink-4-1-150x150.jpg 150w, https:\/\/jsd-sinks.com\/wp-content\/uploads\/2025\/12\/double-drop-in-kitchen-sink-4-1-768x768.jpg 768w, https:\/\/jsd-sinks.com\/wp-content\/uploads\/2025\/12\/double-drop-in-kitchen-sink-4-1-12x12.jpg 12w, https:\/\/jsd-sinks.com\/wp-content\/uploads\/2025\/12\/double-drop-in-kitchen-sink-4-1.jpg 800w\" sizes=\"(max-width: 300px) 100vw, 300px\" \/><\/p>\n<h3 data-start=\"1022\" data-end=\"1292\"><strong data-start=\"1022\" data-end=\"1056\">Rainures de drainage Smart X-Shape<\/strong><\/h3>\n<p data-start=\"1022\" data-end=\"1292\">Des cannelures techniques guident l'eau vers le drain afin d'\u00e9viter la formation de flaques d'eau.<br data-start=\"1127\" data-end=\"1130\" \/>C'est un petit d\u00e9tail qui se retrouve dans la vie quotidienne : l'eau s'\u00e9coule plus rapidement, le fond s\u00e8che plus vite et vous passez moins de temps \u00e0 s\u00e9cher avec une serviette ou \u00e0 vous occuper des taches d'eau.<\/p>\n<h3 data-start=\"1294\" data-end=\"1566\"><strong data-start=\"1294\" data-end=\"1320\">Coins arrondis modernes<\/strong><\/h3>\n<p data-start=\"1294\" data-end=\"1566\">Les coins arrondis facilitent l'essuyage de l'\u00e9vier et r\u00e9duisent les salissures cach\u00e9es.<br data-start=\"1399\" data-end=\"1402\" \/>Plus besoin de se frotter \u00e0 la brosse \u00e0 dents dans les coins les plus \u00e9troits - les bords s'essuient rapidement, ce qui signifie moins d'huile de coude et un \u00e9vier qui reste r\u00e9ellement propre entre les nettoyages en profondeur.<\/p>\n<h3 data-start=\"1568\" data-end=\"1811\"><strong data-start=\"1568\" data-end=\"1602\">Options d'\u00e9paisseur personnalisables<\/strong><\/h3>\n<p data-start=\"1568\" data-end=\"1811\">Choisissez entre 0,95 mm et 1,2 mm pour la sensation que vous pr\u00e9f\u00e9rez<br data-start=\"1660\" data-end=\"1663\" \/>Choisissez le calibre le plus l\u00e9ger si vous recherchez la valeur, ou le calibre le plus \u00e9pais si vous pr\u00e9f\u00e9rez un \u00e9vier plus lourd et plus silencieux qui absorbe les bruits et vous donne une sensation de solidit\u00e9 lorsque vous travaillez.<\/p>\n<h3 data-start=\"1813\" data-end=\"2058\"><strong data-start=\"1813\" data-end=\"1837\">Installation de type \"Drop-In<\/strong><\/h3>\n<p data-start=\"1813\" data-end=\"2058\">Installation rapide et s\u00e9curis\u00e9e qui s'int\u00e8gre parfaitement \u00e0 votre plan de travail<br data-start=\"1901\" data-end=\"1904\" \/>Si vous r\u00e9novez ou remplacez un \u00e9vier, la conception \u00e0 encastrer permet de simplifier les choses - un ajustement soign\u00e9 qui donne l'impression d'\u00eatre int\u00e9gr\u00e9 sans n\u00e9cessiter d'installation compliqu\u00e9e.<\/p>\n<h3 data-start=\"2060\" data-end=\"2312\"><strong data-start=\"2060\" data-end=\"2094\">Mat\u00e9riaux et finitions durables<\/strong><\/h3>\n<p data-start=\"2060\" data-end=\"2312\">Fabriqu\u00e9 \u00e0 partir de mat\u00e9riaux de haute qualit\u00e9 pour r\u00e9sister \u00e0 la vie quotidienne dans la cuisine<br data-start=\"2171\" data-end=\"2174\" \/>Cet \u00e9vier est con\u00e7u pour r\u00e9sister \u00e0 la rouille, aux chocs et \u00e0 l'usure quotidienne. Il ne se contente donc pas d'\u00eatre beau le premier jour, il tient le coup lorsque vous l'utilisez r\u00e9ellement.<\/p>\n<h3 data-start=\"2314\" data-end=\"2572\"><strong data-start=\"2314\" data-end=\"2346\">Support apr\u00e8s-vente \u00e0 vie<\/strong><\/h3>\n<p data-start=\"2314\" data-end=\"2572\">Soutenu par une assistance permanente et une \u00e9quipe de R&amp;D qui ne cesse d'am\u00e9liorer les d\u00e9tails<br data-start=\"2423\" data-end=\"2426\" \/>En cas de probl\u00e8me, une aide r\u00e9elle est disponible et une \u00e9quipe travaille en coulisses pour am\u00e9liorer les petits d\u00e9tails qui comptent le plus dans l'utilisation quotidienne.<\/p>","protected":false},"excerpt":{"rendered":"<p>Am\u00e9liorez votre cuisine avec notre \u00e9vier de cuisine double \u00e0 encastrer, mod\u00e8le TDE3120. Dot\u00e9 de deux cuves spacieuses de 357,5 x 410 mm et d'une profondeur de 230 mm, cet \u00e9vier offre une fonctionnalit\u00e9 polyvalente. Les coins arrondis et l'\u00e9vacuation en X facilitent le nettoyage et l'\u00e9coulement de l'eau. Avec des options d'\u00e9paisseur personnalisables et un service d'assistance \u00e0 vie.<\/p>\n<p>Mod\u00e8le : TDE3120<br \/>\nDimensions externes : 800X520MM<br \/>\nDimensions internes : 357.5X410MM<br \/>\nProfondeur : 230MM<br \/>\n\u00c9paisseur : 0,95\/1,05\/1,2MM\/personnalis\u00e9<br \/>\nEmballage individuel Dimensions : 850X570X290MM<br \/>\nPoids net : 10KG<br \/>\nPoids brut : 11,5 kg<\/p>","protected":false},"featured_media":695,"template":"","meta":{"_gspb_post_css":""},"product_brand":[],"product_cat":[19],"product_tag":[54],"class_list":{"0":"post-694","1":"product","2":"type-product","3":"status-publish","4":"has-post-thumbnail","6":"product_cat-topmount-sink","7":"product_tag-double-basin-sink-deep-bowl-sink-drop-in-installation","9":"first","10":"instock","11":"shipping-taxable","12":"product-type-simple"},"_links":{"self":[{"href":"https:\/\/jsd-sinks.com\/fr\/wp-json\/wp\/v2\/product\/694","targetHints":{"allow":["GET"]}}],"collection":[{"href":"https:\/\/jsd-sinks.com\/fr\/wp-json\/wp\/v2\/product"}],"about":[{"href":"https:\/\/jsd-sinks.com\/fr\/wp-json\/wp\/v2\/types\/product"}],"wp:featuredmedia":[{"embeddable":true,"href":"https:\/\/jsd-sinks.com\/fr\/wp-json\/wp\/v2\/media\/695"}],"wp:attachment":[{"href":"https:\/\/jsd-sinks.com\/fr\/wp-json\/wp\/v2\/media?parent=694"}],"wp:term":[{"taxonomy":"product_brand","embeddable":true,"href":"https:\/\/jsd-sinks.com\/fr\/wp-json\/wp\/v2\/product_brand?post=694"},{"taxonomy":"product_cat","embeddable":true,"href":"https:\/\/jsd-sinks.com\/fr\/wp-json\/wp\/v2\/product_cat?post=694"},{"taxonomy":"product_tag","embeddable":true,"href":"https:\/\/jsd-sinks.com\/fr\/wp-json\/wp\/v2\/product_tag?post=694"}],"curies":[{"name":"wp","href":"https:\/\/api.w.org\/{rel}","templated":true}]}}