{"id":681,"date":"2025-12-01T03:01:52","date_gmt":"2025-12-01T03:01:52","guid":{"rendered":"https:\/\/jsd-sinks.com\/?post_type=product&#038;p=681"},"modified":"2025-12-12T08:24:26","modified_gmt":"2025-12-12T08:24:26","slug":"compact-topmount-kitchen-sink-with-230mm-deep-basin","status":"publish","type":"product","link":"https:\/\/jsd-sinks.com\/fr\/compact-topmount-kitchen-sink-with-230mm-deep-basin\/","title":{"rendered":"Evier de cuisine compact \u00e0 poser avec cuve profonde de 230 mm JSD DW5848"},"content":{"rendered":"<h2 data-start=\"223\" data-end=\"353\"><strong data-start=\"223\" data-end=\"269\">\u00c9vier de cuisine \u00e0 poser DW5848<\/strong><\/h2>\n<h3 data-start=\"223\" data-end=\"353\"><strong data-start=\"272\" data-end=\"353\">Un \u00e9vier compact \u00e0 poser avec une cuve profonde qui semble plus grande que son encombrement<\/strong><\/h3>\n<p data-start=\"355\" data-end=\"612\">Cet \u00e9vier a \u00e9t\u00e9 con\u00e7u pour les cuisines qui doivent travailler dur dans un espace r\u00e9duit. C'est le genre d'\u00e9vier que vous appr\u00e9cierez lorsque vous jonglerez avec une casserole, une pile d'assiettes et une recette qui vous a \u00e9chapp\u00e9 - spacieux l\u00e0 o\u00f9 il faut et bien rang\u00e9 l\u00e0 o\u00f9 il le faut.<\/p>\n<p><img decoding=\"async\" class=\"size-medium wp-image-1149\" src=\"https:\/\/jsd-sinks.com\/wp-content\/uploads\/2025\/12\/topmount-kitchen-sink-3-1-300x300.jpg\" alt=\"\u00c9vier de cuisine compact \u00e0 poser\" width=\"300\" height=\"300\" title=\"\" srcset=\"https:\/\/jsd-sinks.com\/wp-content\/uploads\/2025\/12\/topmount-kitchen-sink-3-1-300x300.jpg 300w, https:\/\/jsd-sinks.com\/wp-content\/uploads\/2025\/12\/topmount-kitchen-sink-3-1-100x100.jpg 100w, https:\/\/jsd-sinks.com\/wp-content\/uploads\/2025\/12\/topmount-kitchen-sink-3-1-600x600.jpg 600w, https:\/\/jsd-sinks.com\/wp-content\/uploads\/2025\/12\/topmount-kitchen-sink-3-1-500x500.jpg 500w, https:\/\/jsd-sinks.com\/wp-content\/uploads\/2025\/12\/topmount-kitchen-sink-3-1-150x150.jpg 150w, https:\/\/jsd-sinks.com\/wp-content\/uploads\/2025\/12\/topmount-kitchen-sink-3-1-768x768.jpg 768w, https:\/\/jsd-sinks.com\/wp-content\/uploads\/2025\/12\/topmount-kitchen-sink-3-1-12x12.jpg 12w, https:\/\/jsd-sinks.com\/wp-content\/uploads\/2025\/12\/topmount-kitchen-sink-3-1.jpg 800w\" sizes=\"(max-width: 300px) 100vw, 300px\" \/><\/p>\n<h3 data-start=\"619\" data-end=\"984\"><strong data-start=\"619\" data-end=\"641\">Bol spacieux et profond<\/strong><\/h3>\n<p data-start=\"619\" data-end=\"984\">Bol de 530 x 335 mm avec une profondeur de 230 mm pour les grands pots et pour r\u00e9duire les \u00e9claboussures<br data-start=\"722\" data-end=\"725\" \/>Vous remarquerez la profondeur la premi\u00e8re fois que vous y glisserez une marmite pleine : pas de basculement g\u00eanant, moins de gouttes sur le plan de travail et moins d'\u00e9claboussures sur vos manches. C'est un v\u00e9ritable luxe pour les petites cuisines - assez grand pour les gros travaux, assez compact pour s'adapter aux espaces restreints.<\/p>\n<h3 data-start=\"991\" data-end=\"1347\"><strong data-start=\"991\" data-end=\"1025\">Rainures de drainage Smart X-Shape<\/strong><\/h3>\n<p data-start=\"991\" data-end=\"1347\">Des cannelures bien \u00e9tudi\u00e9es canalisent l'eau vers le drain standard de 3,5 pouces afin d'\u00e9viter la formation de flaques.<br data-start=\"1118\" data-end=\"1121\" \/>Il ne s'agit pas d'une ing\u00e9nierie tape-\u00e0-l'\u0153il, mais d'une ing\u00e9nierie r\u00e9fl\u00e9chie. Les rainures \u00e9loignent l'eau, ce qui permet \u00e0 l'\u00e9vier de s\u00e9cher plus rapidement et de sentir plus frais. Apr\u00e8s une longue cuisson ou un d\u00eener, cette petite efficacit\u00e9 facilite consid\u00e9rablement le nettoyage.<\/p>\n<h3 data-start=\"1354\" data-end=\"1636\"><strong data-start=\"1354\" data-end=\"1379\">Design \u00e0 coins arrondis<\/strong><\/h3>\n<p>Les coins arrondis modernes facilitent le nettoyage et r\u00e9duisent les salissures cach\u00e9es.<br data-start=\"1458\" data-end=\"1461\" \/>Les coins arrondis font partie de ces petits choix de conception qui vous permettent d'\u00e9conomiser de l'huile de coude. Un coup d'\u00e9ponge et le tour est jou\u00e9 : il n'y a plus de crevasses \u00e9troites o\u00f9 se cachent les miettes et les salet\u00e9s.<\/p>\n<h3 data-start=\"1643\" data-end=\"1962\"><strong data-start=\"1643\" data-end=\"1677\">Options d'\u00e9paisseur personnalisables<\/strong><\/h3>\n<p data-start=\"1643\" data-end=\"1962\">Choisissez entre 0,95 mm et 1,2 mm pour r\u00e9pondre \u00e0 vos attentes et \u00e0 votre budget.<br data-start=\"1749\" data-end=\"1752\" \/>Vous voulez un \u00e9vier plus l\u00e9ger et moins co\u00fbteux ? Choisissez un mod\u00e8le plus fin. Vous voulez un \u00e9vier plus silencieux, plus lourd, qui att\u00e9nue les bruits ? Choisissez un mod\u00e8le plus \u00e9pais. Dans tous les cas, la construction en acier inoxydable vous garantit des performances durables.<\/p>\n<h3 data-start=\"1969\" data-end=\"2261\"><strong data-start=\"1969\" data-end=\"2008\">Installation par le haut pour un montage rapide<\/strong><\/h3>\n<p data-start=\"1969\" data-end=\"2261\">La conception facile du montage par le haut garantit une installation s\u00fbre et simple.<br data-start=\"2082\" data-end=\"2085\" \/>Si vous r\u00e9novez ou installez un deuxi\u00e8me \u00e9vier, le mod\u00e8le \u00e0 montage par le dessus simplifie l'installation - l'\u00e9vier s'ins\u00e8re et se scelle proprement, ce qui donne un bord net \u00e0 la jonction du comptoir et de la cuvette.<\/p>\n<h3 data-start=\"2268\" data-end=\"2581\"><strong data-start=\"2268\" data-end=\"2304\">Construction et support durables<\/strong><\/h3>\n<p data-start=\"2268\" data-end=\"2581\">Mat\u00e9riaux de haute qualit\u00e9 soutenus par un service apr\u00e8s-vente \u00e0 vie et un soutien \u00e0 la recherche et au d\u00e9veloppement<br data-start=\"2388\" data-end=\"2391\" \/>Cet \u00e9vier n'est pas seulement con\u00e7u pour durer, il est aussi garanti. Un service apr\u00e8s-vente \u00e0 vie et une \u00e9quipe de recherche et d\u00e9veloppement d\u00e9di\u00e9e vous garantissent un produit solide et un v\u00e9ritable service en cas de besoin.<\/p>","protected":false},"excerpt":{"rendered":"<p>D\u00e9couvrez notre \u00e9vier de cuisine Topmount, mod\u00e8le DW5848 - la solution compacte parfaite pour les cuisines modernes. Il est dot\u00e9 d'une cuve de 530 x 335 mm avec une profondeur g\u00e9n\u00e9reuse de 230 mm, de rainures d'\u00e9coulement en forme de X et de coins arrondis pour faciliter le nettoyage. Fabriqu\u00e9e \u00e0 partir de mat\u00e9riaux de premi\u00e8re qualit\u00e9, elle offre des options d'\u00e9paisseur personnalisables (0,95-1,2 mm). La facilit\u00e9 d'installation et le service d'assistance \u00e0 vie en font un choix id\u00e9al pour les cuisines peu spacieuses.<\/p>\n<p>Mod\u00e8le : DW5848<br \/>\nDimensions externes : 580X480MM<br \/>\nDimensions internes : 530X335MM<br \/>\nProfondeur : 230MM<br \/>\n\u00c9paisseur : 0,95\/1,05\/1,2MM\/personnalis\u00e9<br \/>\nEmballage individuel Dimensions : 630X530X290MM<br \/>\nPoids net : 4,5 kg<br \/>\nPoids brut : 6KG<\/p>","protected":false},"featured_media":682,"template":"","meta":{"_gspb_post_css":""},"product_brand":[],"product_cat":[19],"product_tag":[52],"class_list":{"0":"post-681","1":"product","2":"type-product","3":"status-publish","4":"has-post-thumbnail","6":"product_cat-topmount-sink","7":"product_tag-topmount-sink-deep-basin-space-saving","9":"first","10":"instock","11":"shipping-taxable","12":"product-type-simple"},"_links":{"self":[{"href":"https:\/\/jsd-sinks.com\/fr\/wp-json\/wp\/v2\/product\/681","targetHints":{"allow":["GET"]}}],"collection":[{"href":"https:\/\/jsd-sinks.com\/fr\/wp-json\/wp\/v2\/product"}],"about":[{"href":"https:\/\/jsd-sinks.com\/fr\/wp-json\/wp\/v2\/types\/product"}],"wp:featuredmedia":[{"embeddable":true,"href":"https:\/\/jsd-sinks.com\/fr\/wp-json\/wp\/v2\/media\/682"}],"wp:attachment":[{"href":"https:\/\/jsd-sinks.com\/fr\/wp-json\/wp\/v2\/media?parent=681"}],"wp:term":[{"taxonomy":"product_brand","embeddable":true,"href":"https:\/\/jsd-sinks.com\/fr\/wp-json\/wp\/v2\/product_brand?post=681"},{"taxonomy":"product_cat","embeddable":true,"href":"https:\/\/jsd-sinks.com\/fr\/wp-json\/wp\/v2\/product_cat?post=681"},{"taxonomy":"product_tag","embeddable":true,"href":"https:\/\/jsd-sinks.com\/fr\/wp-json\/wp\/v2\/product_tag?post=681"}],"curies":[{"name":"wp","href":"https:\/\/api.w.org\/{rel}","templated":true}]}}