{"id":673,"date":"2025-12-01T02:33:49","date_gmt":"2025-12-01T02:33:49","guid":{"rendered":"https:\/\/jsd-sinks.com\/?post_type=product&#038;p=673"},"modified":"2025-12-13T03:21:51","modified_gmt":"2025-12-13T03:21:51","slug":"compact-stainless-steel-sink-counter-with-deep-basin","status":"publish","type":"product","link":"https:\/\/jsd-sinks.com\/fr\/compact-stainless-steel-sink-counter-with-deep-basin\/","title":{"rendered":"Evier compact en acier inoxydable avec cuve de 210 mm de profondeur JSD7843"},"content":{"rendered":"<h2 data-start=\"334\" data-end=\"464\">Evier en acier inoxydable Mod\u00e8le 7843<\/h2>\n<p data-start=\"334\" data-end=\"464\">Un comptoir d'\u00e9vier compact et robuste qui donne aux petites cuisines l'impression d'\u00eatre beaucoup plus grandes<\/p>\n<p data-start=\"334\" data-end=\"464\">Cet \u00e9vier donne l'impression d'\u00eatre une petite am\u00e9lioration qui porte ses fruits tous les jours. Il n'essaie pas d'\u00eatre tape-\u00e0-l'\u0153il - il est solide, facile \u00e0 nettoyer et sa taille lui permet de s'adapter \u00e0 l'endroit o\u00f9 vous en avez besoin. Les habitants d'appartements, de petites maisons et d'arri\u00e8re-boutiques de caf\u00e9s appr\u00e9cieront la quantit\u00e9 de travail qu'il est possible d'effectuer dans un espace r\u00e9duit.<\/p>\n<p><img decoding=\"async\" class=\"size-medium wp-image-1148\" src=\"https:\/\/jsd-sinks.com\/wp-content\/uploads\/2025\/12\/0-300x300.jpg\" alt=\"Comptoir d&#039;\u00e9vier en acier inoxydable\" width=\"300\" height=\"300\" title=\"\" srcset=\"https:\/\/jsd-sinks.com\/wp-content\/uploads\/2025\/12\/0-300x300.jpg 300w, https:\/\/jsd-sinks.com\/wp-content\/uploads\/2025\/12\/0-100x100.jpg 100w, https:\/\/jsd-sinks.com\/wp-content\/uploads\/2025\/12\/0-600x600.jpg 600w, https:\/\/jsd-sinks.com\/wp-content\/uploads\/2025\/12\/0-500x500.jpg 500w, https:\/\/jsd-sinks.com\/wp-content\/uploads\/2025\/12\/0-150x150.jpg 150w, https:\/\/jsd-sinks.com\/wp-content\/uploads\/2025\/12\/0-768x768.jpg 768w, https:\/\/jsd-sinks.com\/wp-content\/uploads\/2025\/12\/0-12x12.jpg 12w, https:\/\/jsd-sinks.com\/wp-content\/uploads\/2025\/12\/0.jpg 800w\" sizes=\"(max-width: 300px) 100vw, 300px\" \/><\/p>\n<h3 data-start=\"767\" data-end=\"1138\"><strong>Encombrement r\u00e9duit, grande cuvette utilisable<\/strong><\/h3>\n<p data-start=\"767\" data-end=\"1138\">Dimensions ext\u00e9rieures de 780 x 430 mm avec un bol d'une profondeur de 210 mm qui permet de manipuler de vrais pots.<br data-start=\"883\" data-end=\"886\" \/>Ne vous laissez pas tromper par ses dimensions ext\u00e9rieures modestes : la cuve est profonde et pratique. Vous pourrez laver une marmite ou empiler des casseroles sans que votre plan de travail ne devienne un v\u00e9ritable capharna\u00fcm. C'est le genre d'\u00e9vier qui vous surprend : petit dans le plan, g\u00e9n\u00e9reux dans l'utilisation.<\/p>\n<h3 data-start=\"1145\" data-end=\"1499\"><strong>Construit en acier pratique et durable<\/strong><\/h3>\n<p data-start=\"1145\" data-end=\"1499\">Acier inoxydable de haute qualit\u00e9 pour une r\u00e9sistance \u00e0 la corrosion et un entretien facile<br data-start=\"1265\" data-end=\"1268\" \/>Le SUS304 est le cheval de bataille des bons \u00e9viers. Il r\u00e9siste \u00e0 la rouille, supporte le frottement sans broncher et conserve un aspect propre avec un minimum d'efforts. Au fil du temps, il montre son caract\u00e8re, et non des dommages - le genre que vous ne remarquez pas \u00e0 moins de le chercher.<\/p>\n<h3 data-start=\"1506\" data-end=\"1899\"><strong>Choisissez l'\u00e9paisseur qui convient \u00e0 votre mode de vie<\/strong><\/h3>\n<p data-start=\"1506\" data-end=\"1899\">Disponible de 0,95 mm \u00e0 1,2 mm pour que vous puissiez donner la priorit\u00e9 au prix ou \u00e0 la sensation de poids<br data-start=\"1634\" data-end=\"1637\" \/>Si vous souhaitez une option plus l\u00e9g\u00e8re et \u00e9conomique, choisissez un calibre plus fin. Si vous pr\u00e9f\u00e9rez un produit plus silencieux et plus solide sous la main, les calibres plus \u00e9pais vous donneront une impression de solidit\u00e9 et de qualit\u00e9 sup\u00e9rieure. C'est un choix simple qui change la personnalit\u00e9 de l'\u00e9vier.<\/p>\n<h3 data-start=\"1906\" data-end=\"2226\"><strong>Coins arrondis faciles \u00e0 nettoyer<\/strong><\/h3>\n<p data-start=\"1906\" data-end=\"2226\">Les coins arrondis r\u00e9duisent les risques de coincement et permettent d'essuyer en un clin d'\u0153il<br data-start=\"1997\" data-end=\"2000\" \/>Les coins arrondis ne sont pas seulement \u00e0 la mode, ils font gagner du temps. Plus besoin de frotter la brosse \u00e0 dents ou d'aller chercher les miettes dans les recoins les plus \u00e9troits. Un coup d'\u00e9ponge et l'\u00e9vier a l'air soign\u00e9, ce qui est important lorsque vous en \u00eates \u00e0 votre troisi\u00e8me vaisselle de la soir\u00e9e.<\/p>\n<h3 data-start=\"2233\" data-end=\"2550\"><strong>Conception intelligente du drainage<\/strong><\/h3>\n<p data-start=\"2233\" data-end=\"2550\">Les rainures en forme de X guident l'eau vers le drain standard de 3,5 pouces pour un s\u00e9chage plus rapide.<br data-start=\"2341\" data-end=\"2344\" \/>Les rainures font un travail ennuyeux mais important : elles canalisent l'eau pour que le fond s\u00e8che plus rapidement. Vous le remarquerez les jours de grande affluence : moins de flaques d'eau, moins de gouttes sur le comptoir et moins d'essuyage avec des serviettes en papier.<\/p>\n<h3 data-start=\"2557\" data-end=\"2858\"><strong>Des dimensions et un emballage bien pens\u00e9s<\/strong><\/h3>\n<p data-start=\"2557\" data-end=\"2858\">Taille soigneusement \u00e9tudi\u00e9e et emballage s\u00e9curis\u00e9 (830 x 580 x 290 mm, poids net 8,5 kg)<br data-start=\"2680\" data-end=\"2683\" \/>Le comptoir est livr\u00e9 pr\u00eat \u00e0 \u00eatre install\u00e9 sans probl\u00e8me. L'emballage prot\u00e8ge la finition et le poids est g\u00e9rable pour un installateur seul ou pour un levage rapide par deux personnes.<\/p>\n<h3 data-start=\"2865\" data-end=\"3148\"><strong>De qualit\u00e9 professionnelle, pr\u00eat pour n'importe quelle cuisine<\/strong><\/h3>\n<p data-start=\"2865\" data-end=\"3148\">Id\u00e9al pour les r\u00e9novations, les nouvelles installations ou les utilisations commerciales o\u00f9 l'espace est important<br data-start=\"2991\" data-end=\"2994\" \/>Ce mod\u00e8le convient aussi bien aux particuliers qu'aux professionnels. Il est suffisamment compact pour les petites cuisines, mais il est con\u00e7u pour une utilisation r\u00e9guli\u00e8re et exigeante dans un caf\u00e9 ou un immeuble locatif.<\/p>\n<h3 data-start=\"3155\" data-end=\"3427\"><strong>Un soutien \u00e0 vie soutenu par la R&amp;D<\/strong><\/h3>\n<p data-start=\"3155\" data-end=\"3427\">Le service apr\u00e8s-vente et l'assistance technique permanents sont un gage de confiance.<br data-start=\"3266\" data-end=\"3269\" \/>En cas de probl\u00e8me, vous n'\u00eates pas livr\u00e9 \u00e0 vous-m\u00eame. Vous b\u00e9n\u00e9ficiez d'une assistance et d'une \u00e9quipe charg\u00e9e d'am\u00e9liorer la conception, de sorte que cet investissement devient de plus en plus s\u00fbr au fil du temps.<\/p>","protected":false},"excerpt":{"rendered":"<p>Am\u00e9liorez votre cuisine avec notre \u00e9vier en acier inoxydable, mod\u00e8le 7843. Avec un design compact de 780x430mm et une profondeur de 210mm, cet \u00e9vier offre une fonctionnalit\u00e9 pratique et un nettoyage facile. L'\u00e9paisseur de l'\u00e9vier peut varier de 0,95 \u00e0 1,2 mm en fonction de vos besoins. Parfait pour les cuisines modernes \u00e0 la recherche de solutions durables, peu encombrantes et de qualit\u00e9 professionnelle.<\/p>\n<p>Nom du produit : 7843<\/p>\n<p>Dimensions externes : 780X430MM<\/p>\n<p>Profondeur : 210 mm<\/p>\n<p>\u00c9paisseur : 0,95\/1,05\/1,2MM\/<\/p>\n<p>Emballage individuel personnalis\u00e9 Dimensions : 830X580X290MM<\/p>\n<p>Poids net : 8.5KG<\/p>\n<p>Poids brut : 10KG<\/p>","protected":false},"featured_media":674,"template":"","meta":{"_gspb_post_css":""},"product_brand":[],"product_cat":[19],"product_tag":[51],"class_list":{"0":"post-673","1":"product","2":"type-product","3":"status-publish","4":"has-post-thumbnail","6":"product_cat-topmount-sink","7":"product_tag-stainless-steel-sink-compact-sink-customizable-thickness","9":"first","10":"instock","11":"shipping-taxable","12":"product-type-simple"},"_links":{"self":[{"href":"https:\/\/jsd-sinks.com\/fr\/wp-json\/wp\/v2\/product\/673","targetHints":{"allow":["GET"]}}],"collection":[{"href":"https:\/\/jsd-sinks.com\/fr\/wp-json\/wp\/v2\/product"}],"about":[{"href":"https:\/\/jsd-sinks.com\/fr\/wp-json\/wp\/v2\/types\/product"}],"wp:featuredmedia":[{"embeddable":true,"href":"https:\/\/jsd-sinks.com\/fr\/wp-json\/wp\/v2\/media\/674"}],"wp:attachment":[{"href":"https:\/\/jsd-sinks.com\/fr\/wp-json\/wp\/v2\/media?parent=673"}],"wp:term":[{"taxonomy":"product_brand","embeddable":true,"href":"https:\/\/jsd-sinks.com\/fr\/wp-json\/wp\/v2\/product_brand?post=673"},{"taxonomy":"product_cat","embeddable":true,"href":"https:\/\/jsd-sinks.com\/fr\/wp-json\/wp\/v2\/product_cat?post=673"},{"taxonomy":"product_tag","embeddable":true,"href":"https:\/\/jsd-sinks.com\/fr\/wp-json\/wp\/v2\/product_tag?post=673"}],"curies":[{"name":"wp","href":"https:\/\/api.w.org\/{rel}","templated":true}]}}