{"id":664,"date":"2025-12-01T02:00:38","date_gmt":"2025-12-01T02:00:38","guid":{"rendered":"https:\/\/jsd-sinks.com\/?post_type=product&#038;p=664"},"modified":"2025-12-13T03:21:34","modified_gmt":"2025-12-13T03:21:34","slug":"seamless-flush-mount-kitchen-sink-with-deep-basin","status":"publish","type":"product","link":"https:\/\/jsd-sinks.com\/fr\/seamless-flush-mount-kitchen-sink-with-deep-basin\/","title":{"rendered":"\u00c9vier de cuisine \u00e0 encastrer sans soudure avec cuve profonde et design moderne JSD7545JY"},"content":{"rendered":"<h2 data-start=\"340\" data-end=\"624\">\u00c9vier de cuisine encastr\u00e9<\/h2>\n<p data-start=\"340\" data-end=\"624\">Int\u00e9gration transparente \u00e0 votre plan de travail pour un aspect propre et moderne<br data-start=\"455\" data-end=\"458\" \/>Cet \u00e9vier dispara\u00eet dans le comptoir de la meilleure fa\u00e7on qui soit - il donne \u00e0 toute la surface l'impression d'\u00eatre plus spacieuse et vous offre une zone de nettoyage douce et sans effort qui fonctionne parfaitement.<\/p>\n<h3 data-start=\"631\" data-end=\"910\"><strong>Encombrement r\u00e9duit, v\u00e9ritable espace de travail<\/strong><\/h3>\n<p data-start=\"631\" data-end=\"910\">Un encombrement de 750 x 450 mm avec une cuvette g\u00e9n\u00e9reuse de 702 x 351 mm<br data-start=\"732\" data-end=\"735\" \/>Ne vous laissez pas tromper par la taille : le bol est suffisamment spacieux pour faire la vaisselle de tous les jours et quelques grandes casseroles, tandis que les dimensions ext\u00e9rieures minces le rendent parfait pour les cuisines plus \u00e9troites.<\/p>\n<h3 data-start=\"917\" data-end=\"1183\"><strong>Un bol profond qui aide vraiment<\/strong><\/h3>\n<p data-start=\"917\" data-end=\"1183\">Une profondeur de 230 mm qui r\u00e9duit les \u00e9claboussures et convient aux grands ustensiles de cuisine<br data-start=\"1017\" data-end=\"1020\" \/>Lorsque vous lavez une grande marmite ou rincez une grande plaque de cuisson, la profondeur contient le d\u00e9sordre. C'est le genre de d\u00e9tail que l'on remarque d\u00e8s le premier jour : moins de flaques, moins de serviettes.<\/p>\n<p><img decoding=\"async\" class=\"size-medium wp-image-665\" src=\"https:\/\/jsd-sinks.com\/wp-content\/uploads\/2025\/12\/flush-mount-kitchen-sink-1-300x300.jpg\" alt=\"\u00e9vier de cuisine encastr\u00e9\" width=\"300\" height=\"300\" title=\"\" srcset=\"https:\/\/jsd-sinks.com\/wp-content\/uploads\/2025\/12\/flush-mount-kitchen-sink-1-300x300.jpg 300w, https:\/\/jsd-sinks.com\/wp-content\/uploads\/2025\/12\/flush-mount-kitchen-sink-1-100x100.jpg 100w, https:\/\/jsd-sinks.com\/wp-content\/uploads\/2025\/12\/flush-mount-kitchen-sink-1-600x600.jpg 600w, https:\/\/jsd-sinks.com\/wp-content\/uploads\/2025\/12\/flush-mount-kitchen-sink-1-500x500.jpg 500w, https:\/\/jsd-sinks.com\/wp-content\/uploads\/2025\/12\/flush-mount-kitchen-sink-1-150x150.jpg 150w, https:\/\/jsd-sinks.com\/wp-content\/uploads\/2025\/12\/flush-mount-kitchen-sink-1-768x768.jpg 768w, https:\/\/jsd-sinks.com\/wp-content\/uploads\/2025\/12\/flush-mount-kitchen-sink-1-12x12.jpg 12w, https:\/\/jsd-sinks.com\/wp-content\/uploads\/2025\/12\/flush-mount-kitchen-sink-1.jpg 800w\" sizes=\"(max-width: 300px) 100vw, 300px\" \/><\/p>\n<h3 data-start=\"1190\" data-end=\"1480\"><strong>Montage en affleurement pour une transition douce vers le comptoir<\/strong><\/h3>\n<p data-start=\"1190\" data-end=\"1480\">Con\u00e7ue pour s'adapter aux comptoirs pour une surface sans couture<br data-start=\"1307\" data-end=\"1310\" \/>Faire glisser un chiffon humide sur le comptoir est satisfaisant car il glisse sur le bord de l'\u00e9vier au lieu de s'y accrocher ; cette petite douceur rend le nettoyage quotidien plus intelligent.<\/p>\n<h3 data-start=\"1487\" data-end=\"1741\"><strong>Des coins arrondis qui facilitent le nettoyage<\/strong><\/h3>\n<p data-start=\"1487\" data-end=\"1741\">Les coins arrondis modernes \u00e9liminent les zones difficiles d'acc\u00e8s<br data-start=\"1591\" data-end=\"1594\" \/>Ces coins doux ne sont pas seulement jolis - ils emp\u00eachent la salet\u00e9 de se cacher et r\u00e9duisent de quelques minutes votre nettoyage hebdomadaire. Moins de nettoyage, plus de temps pour le caf\u00e9.<\/p>\n<h3 data-start=\"1748\" data-end=\"2029\"><strong>Rainures de drainage en forme de X pour un s\u00e9chage plus rapide<\/strong><\/h3>\n<p data-start=\"1748\" data-end=\"2029\">Des rainures strat\u00e9giquement plac\u00e9es guident l'eau vers le drain de 3,5 pouces.<br data-start=\"1867\" data-end=\"1870\" \/>Apr\u00e8s une cuisson intense, l'eau s'\u00e9coule rapidement et le bassin s\u00e8che plus vite - c'est l'une de ces petites touches d'ing\u00e9nierie qui vous \u00e9pargnent de petits d\u00e9sagr\u00e9ments au quotidien.<\/p>\n<h3 data-start=\"2036\" data-end=\"2311\"><strong>Construit pour durer avec de l'acier inoxydable SUS304<\/strong><\/h3>\n<p data-start=\"2036\" data-end=\"2311\">Construction en SUS304 de premi\u00e8re qualit\u00e9 avec des options d'\u00e9paisseur de 0,95 mm \u00e0 1,2 mm<br data-start=\"2159\" data-end=\"2162\" \/>La qualit\u00e9 se sent : le m\u00e9tal ne bronche pas sous l'effet des casseroles chaudes, de la vapeur ou d'un nettoyage de routine. Choisissez un calibre plus \u00e9pais si vous souhaitez un \u00e9vier plus lourd et plus silencieux.<\/p>\n<h3 data-start=\"2318\" data-end=\"2570\"><strong>Des finitions adapt\u00e9es \u00e0 votre style<\/strong><\/h3>\n<p data-start=\"2318\" data-end=\"2570\">Disponible en bross\u00e9, noir nano, noir mat, gris canon et or.<br data-start=\"2422\" data-end=\"2425\" \/>De l'acier bross\u00e9 classique au noir mat audacieux ou \u00e0 l'or chaud, choisissez la finition qui se fond dans le d\u00e9cor ou qui en devient l'\u00e9l\u00e9ment central.<\/p>\n<h3 data-start=\"2577\" data-end=\"2875\"><strong>Une ing\u00e9nierie r\u00e9fl\u00e9chie et un soutien durable<\/strong><\/h3>\n<p data-start=\"2577\" data-end=\"2875\">Pente de drainage calibr\u00e9e, rev\u00eatements durables et service apr\u00e8s-vente \u00e0 vie<br data-start=\"2704\" data-end=\"2707\" \/>La pente et le traitement de surface fonctionnent ensemble pour que l'eau ne s'attarde pas, la finition r\u00e9siste aux marques, et l'assistance \u00e0 vie signifie que vous ne serez pas laiss\u00e9 seul face aux probl\u00e8mes.<\/p>","protected":false},"excerpt":{"rendered":"<p>Notre \u00e9vier de cuisine \u00e0 encastrer s'int\u00e8gre parfaitement au plan de travail. Cet \u00e9vier de 750 x 450 mm, peu encombrant, est dot\u00e9 d'une cuve profonde de 230 mm, de coins arrondis pour faciliter le nettoyage et de rainures d'\u00e9vacuation innovantes en forme de X. Il est fabriqu\u00e9 \u00e0 partir de mat\u00e9riaux de premi\u00e8re qualit\u00e9 et d'options d'\u00e9paisseur personnalisables. Fabriqu\u00e9 \u00e0 partir de mat\u00e9riaux de qualit\u00e9 sup\u00e9rieure avec des options d'\u00e9paisseur personnalisables, il offre un alignement parfait du comptoir et une fonctionnalit\u00e9 sup\u00e9rieure pour les cuisines modernes.<\/p>\n<p>Mod\u00e8le : 7545JY<br \/>\nDimensions externes : 750X450MM<br \/>\nDimensions internes : 702X351MM<br \/>\nProfondeur : 230MM<br \/>\n\u00c9paisseur : 0,95\/1,05\/1,2MM\/personnalis\u00e9<br \/>\nEmballage individuel Dimensions : 800X600X290MM<br \/>\nPoids net : 10KG<br \/>\nPoids brut : 13KG<\/p>","protected":false},"featured_media":666,"template":"","meta":{"_gspb_post_css":""},"product_brand":[],"product_cat":[19],"product_tag":[50],"class_list":{"0":"post-664","1":"product","2":"type-product","3":"status-publish","4":"has-post-thumbnail","6":"product_cat-topmount-sink","7":"product_tag-flush-mount-sink-deep-basin-easy-clean-design","9":"first","10":"instock","11":"shipping-taxable","12":"product-type-simple"},"_links":{"self":[{"href":"https:\/\/jsd-sinks.com\/fr\/wp-json\/wp\/v2\/product\/664","targetHints":{"allow":["GET"]}}],"collection":[{"href":"https:\/\/jsd-sinks.com\/fr\/wp-json\/wp\/v2\/product"}],"about":[{"href":"https:\/\/jsd-sinks.com\/fr\/wp-json\/wp\/v2\/types\/product"}],"wp:featuredmedia":[{"embeddable":true,"href":"https:\/\/jsd-sinks.com\/fr\/wp-json\/wp\/v2\/media\/666"}],"wp:attachment":[{"href":"https:\/\/jsd-sinks.com\/fr\/wp-json\/wp\/v2\/media?parent=664"}],"wp:term":[{"taxonomy":"product_brand","embeddable":true,"href":"https:\/\/jsd-sinks.com\/fr\/wp-json\/wp\/v2\/product_brand?post=664"},{"taxonomy":"product_cat","embeddable":true,"href":"https:\/\/jsd-sinks.com\/fr\/wp-json\/wp\/v2\/product_cat?post=664"},{"taxonomy":"product_tag","embeddable":true,"href":"https:\/\/jsd-sinks.com\/fr\/wp-json\/wp\/v2\/product_tag?post=664"}],"curies":[{"name":"wp","href":"https:\/\/api.w.org\/{rel}","templated":true}]}}