{"id":644,"date":"2025-11-29T07:52:52","date_gmt":"2025-11-29T07:52:52","guid":{"rendered":"https:\/\/jsd-sinks.com\/?post_type=product&#038;p=644"},"modified":"2025-12-10T02:30:19","modified_gmt":"2025-12-10T02:30:19","slug":"durable-304-stainless-steel-sink-multiple-thickness","status":"publish","type":"product","link":"https:\/\/jsd-sinks.com\/fr\/durable-304-stainless-steel-sink-multiple-thickness\/","title":{"rendered":"\u00c9vier durable en acier inoxydable 304 - plusieurs options d'\u00e9paisseur et de finition WUS3019"},"content":{"rendered":"<h2 data-start=\"316\" data-end=\"384\">\u00c9vier en acier inoxydable 304 - Fabriqu\u00e9 pour les vraies cuisines, les vraies vies<\/h2>\n<h3 data-start=\"386\" data-end=\"428\"><strong data-start=\"386\" data-end=\"428\">Con\u00e7u pour les vraies cuisines, les vraies vies<\/strong><\/h3>\n<p data-start=\"430\" data-end=\"776\">Cet \u00e9vier est con\u00e7u pour les personnes qui cuisinent, nettoient, re\u00e7oivent et vivent autour de leur cuisine. Fabriqu\u00e9 en acier inoxydable SUS304, il offre une solidit\u00e9 et une fiabilit\u00e9 que vous pouvez ressentir d\u00e8s que vous passez votre main sur la surface. Il est robuste, lisse et con\u00e7u pour faire face au chaos de l'utilisation quotidienne sans perdre son aspect propre et moderne.<\/p>\n<p data-start=\"778\" data-end=\"1154\">La cuve mesure 711 \u00d7 432 mm, ce qui vous offre un espace de travail g\u00e9n\u00e9reux, que vous rinciez des l\u00e9gumes pour le d\u00eener ou que vous fassiez tremper une marmite apr\u00e8s un grand repas de famille. Sa profondeur de 230 mm permet de contr\u00f4ler les \u00e9claboussures et de manipuler facilement les ustensiles de cuisine volumineux sans se sentir \u00e0 l'\u00e9troit. C'est le genre de profondeur qui semble naturelle - ni trop superficielle, ni trop profonde - juste ce qu'il faut pour les t\u00e2ches quotidiennes.<\/p>\n<p><img decoding=\"async\" class=\"size-medium wp-image-1162\" src=\"https:\/\/jsd-sinks.com\/wp-content\/uploads\/2025\/11\/\u672a\u547d\u540d1-300x300.jpg\" alt=\"\u00c9vier en acier inoxydable 304\" width=\"300\" height=\"300\" title=\"\" srcset=\"https:\/\/jsd-sinks.com\/wp-content\/uploads\/2025\/11\/\u672a\u547d\u540d1-300x300.jpg 300w, https:\/\/jsd-sinks.com\/wp-content\/uploads\/2025\/11\/\u672a\u547d\u540d1-100x100.jpg 100w, https:\/\/jsd-sinks.com\/wp-content\/uploads\/2025\/11\/\u672a\u547d\u540d1-600x599.jpg 600w, https:\/\/jsd-sinks.com\/wp-content\/uploads\/2025\/11\/\u672a\u547d\u540d1-500x499.jpg 500w, https:\/\/jsd-sinks.com\/wp-content\/uploads\/2025\/11\/\u672a\u547d\u540d1-150x150.jpg 150w, https:\/\/jsd-sinks.com\/wp-content\/uploads\/2025\/11\/\u672a\u547d\u540d1-768x767.jpg 768w, https:\/\/jsd-sinks.com\/wp-content\/uploads\/2025\/11\/\u672a\u547d\u540d1-12x12.jpg 12w, https:\/\/jsd-sinks.com\/wp-content\/uploads\/2025\/11\/\u672a\u547d\u540d1.jpg 802w\" sizes=\"(max-width: 300px) 100vw, 300px\" \/><\/p>\n<h3 data-start=\"1156\" data-end=\"1206\"><strong data-start=\"1156\" data-end=\"1206\">Des d\u00e9tails bien pens\u00e9s qui font toute la diff\u00e9rence<\/strong><\/h3>\n<p data-start=\"1208\" data-end=\"1628\">Le syst\u00e8me d'\u00e9vacuation en forme de X est l'une des caract\u00e9ristiques les plus satisfaisantes. Au lieu que l'eau reste dans le bassin, les rainures la guident doucement vers la bonde de 3,5 pouces, ce qui permet de garder la surface de l'\u00e9vier s\u00e8che et propre. C'est un petit d\u00e9tail qui am\u00e9liore discr\u00e8tement l'ensemble de votre exp\u00e9rience dans la cuisine. Les coins arrondis adoucis ajoutent \u00e0 la personnalit\u00e9 moderne de l'\u00e9vier tout en rendant le nettoyage presque sans effort - pas de coins serr\u00e9s ni de salet\u00e9 tenace.<\/p>\n<h3 data-start=\"1630\" data-end=\"1671\"><strong data-start=\"1630\" data-end=\"1671\">Construit \u00e0 votre fa\u00e7on, pas de taille unique<\/strong><\/h3>\n<p data-start=\"1673\" data-end=\"2068\">Vous pouvez choisir l'\u00e9paisseur qui vous convient, de 0,95 mm \u00e0 1,35 mm. Si vous pr\u00e9f\u00e9rez un \u00e9vier un peu plus lourd et plus substantiel, c'est possible. Si vous pr\u00e9f\u00e9rez quelque chose de plus l\u00e9ger mais de plus fiable, cette option est \u00e9galement disponible. Les options de finition - Brushed, Nano Black, Matte Black, Gun Grey et Gold - vous permettent d'adapter votre \u00e9vier au caract\u00e8re de votre maison, et non l'inverse.<\/p>\n<p data-start=\"2070\" data-end=\"2329\">Chaque pi\u00e8ce est test\u00e9e, v\u00e9rifi\u00e9e et affin\u00e9e par notre \u00e9quipe avant d'arriver dans votre cuisine. Et gr\u00e2ce \u00e0 un service apr\u00e8s-vente \u00e0 vie et \u00e0 une \u00e9quipe de recherche et d\u00e9veloppement d\u00e9di\u00e9e, vous n'achetez pas seulement un \u00e9vier, vous investissez dans des ann\u00e9es de confiance et de confort.<\/p>\n<h3 data-start=\"2331\" data-end=\"2370\"><strong data-start=\"2331\" data-end=\"2370\">Un \u00e9vier qui travaille aussi dur que vous<\/strong><\/h3>\n<p data-start=\"2372\" data-end=\"2608\">Cet \u00e9vier en acier inoxydable 304 est con\u00e7u pour \u00eatre plus qu'un simple espace utilitaire. Il est con\u00e7u pour \u00eatre intuitif, durable et fiable - une partie de votre cuisine qui soutient tranquillement chaque repas, chaque nettoyage et chaque moment pass\u00e9 autour d'elle.<\/p>","protected":false},"excerpt":{"rendered":"<p>D\u00e9couvrez notre \u00e9vier haut de gamme en acier inoxydable 304, fabriqu\u00e9 de mani\u00e8re experte pour sa durabilit\u00e9 et sa fonctionnalit\u00e9. Il est dot\u00e9 d'une cuve spacieuse de 711 x 432 mm avec une profondeur de 230 mm, de rainures d'\u00e9coulement en forme de X et de coins arrondis pour faciliter le nettoyage. Disponible en plusieurs \u00e9paisseurs et finitions, notamment Brushed, Nano Black et Gold. Garantie par un service client\u00e8le \u00e0 vie - le m\u00e9lange parfait de qualit\u00e9 et de performance pour votre cuisine.<\/p>\n<p>Mod\u00e8le : WUS3019<br \/>\nDimensions externes : 762X482MM<br \/>\nDimensions internes : 711X432MM<br \/>\nProfondeur : 230MM<br \/>\nMat\u00e9riau : SUS201\/SUS304\/SUS316<br \/>\n\u00c9paisseur : 0,95\/1,05\/1,15\/1,35MM\/personnalisable<br \/>\nFinition de la surface : Brush\/Nano Black\/Matte Black\/Gun Grey\/Gold<br \/>\nMOQ : 5-10PCS<br \/>\nEmballage individuel : 812X532X290MM<br \/>\nPoids net : 7,5 kg<br \/>\nPoids brut : 9KG<\/p>","protected":false},"featured_media":645,"template":"","meta":{"_gspb_post_css":""},"product_brand":[],"product_cat":[18],"product_tag":[48],"class_list":{"0":"post-644","1":"product","2":"type-product","3":"status-publish","4":"has-post-thumbnail","6":"product_cat-workstation-sink","7":"product_tag-304-stainless-steel-kitchen-sink-premium-finish","9":"first","10":"instock","11":"shipping-taxable","12":"product-type-simple"},"_links":{"self":[{"href":"https:\/\/jsd-sinks.com\/fr\/wp-json\/wp\/v2\/product\/644","targetHints":{"allow":["GET"]}}],"collection":[{"href":"https:\/\/jsd-sinks.com\/fr\/wp-json\/wp\/v2\/product"}],"about":[{"href":"https:\/\/jsd-sinks.com\/fr\/wp-json\/wp\/v2\/types\/product"}],"wp:featuredmedia":[{"embeddable":true,"href":"https:\/\/jsd-sinks.com\/fr\/wp-json\/wp\/v2\/media\/645"}],"wp:attachment":[{"href":"https:\/\/jsd-sinks.com\/fr\/wp-json\/wp\/v2\/media?parent=644"}],"wp:term":[{"taxonomy":"product_brand","embeddable":true,"href":"https:\/\/jsd-sinks.com\/fr\/wp-json\/wp\/v2\/product_brand?post=644"},{"taxonomy":"product_cat","embeddable":true,"href":"https:\/\/jsd-sinks.com\/fr\/wp-json\/wp\/v2\/product_cat?post=644"},{"taxonomy":"product_tag","embeddable":true,"href":"https:\/\/jsd-sinks.com\/fr\/wp-json\/wp\/v2\/product_tag?post=644"}],"curies":[{"name":"wp","href":"https:\/\/api.w.org\/{rel}","templated":true}]}}