{"id":626,"date":"2025-11-29T07:12:11","date_gmt":"2025-11-29T07:12:11","guid":{"rendered":"https:\/\/jsd-sinks.com\/?post_type=product&#038;p=626"},"modified":"2025-12-12T07:32:49","modified_gmt":"2025-12-12T07:32:49","slug":"33-inch-workstation-sink-with-customizable-thickness","status":"publish","type":"product","link":"https:\/\/jsd-sinks.com\/fr\/33-inch-workstation-sink-with-customizable-thickness\/","title":{"rendered":"Premium 33 Inch Workstation Sink with Customizable Thickness Options UTS3219"},"content":{"rendered":"<h2 data-start=\"231\" data-end=\"360\"><strong data-start=\"231\" data-end=\"281\">33 Inch Workstation Sink<\/strong><\/h2>\n<p data-start=\"231\" data-end=\"360\"><strong data-start=\"284\" data-end=\"360\">Transformez votre cuisine en un espace de travail fonctionnel et bien organis\u00e9<\/strong><\/p>\n<h3 data-start=\"362\" data-end=\"802\"><strong data-start=\"362\" data-end=\"394\">Rebord de poste de travail int\u00e9gr\u00e9<\/strong><\/h3>\n<p data-start=\"362\" data-end=\"802\">Un rebord stable permet de faire glisser les planches \u00e0 d\u00e9couper et les accessoires de l'autre c\u00f4t\u00e9 de l'\u00e9vier.<br data-start=\"477\" data-end=\"480\" \/>Glissez une planche, posez une passoire ou perchez un bol sur le rebord : l'\u00e9vier devient ainsi un petit poste de travail bien cibl\u00e9. Au lieu de jongler avec une planche \u00e0 d\u00e9couper mouill\u00e9e sur le comptoir, tout reste au m\u00eame endroit et s'\u00e9coule directement dans l'\u00e9vier. C'est le genre de petit changement qui vous fait gagner des minutes et vous \u00e9vite bien des d\u00e9sagr\u00e9ments.<\/p>\n<h3 data-start=\"804\" data-end=\"1109\"><strong data-start=\"804\" data-end=\"823\">Bassin principal profond<\/strong><\/h3>\n<p data-start=\"804\" data-end=\"1109\">Un bassin d'une profondeur de 230 mm vous donne de la place pour les grands pots et r\u00e9duit les \u00e9claboussures.<br data-start=\"898\" data-end=\"901\" \/>Lorsque vous faites couler une marmite ou que vous rincez une plaque \u00e0 p\u00e2tisserie, la profondeur permet de maintenir l'eau \u00e0 sa place. Il est plus facile de frotter une casserole haute sans qu'elle ne bascule, et vous remarquerez moins de gouttes sur le plan de travail apr\u00e8s le rin\u00e7age.<\/p>\n<p><img decoding=\"async\" class=\"size-medium wp-image-1159\" src=\"https:\/\/jsd-sinks.com\/wp-content\/uploads\/2025\/11\/121-300x300.jpg\" alt=\"33 Inch Workstation Sink\" width=\"300\" height=\"300\" title=\"\" srcset=\"https:\/\/jsd-sinks.com\/wp-content\/uploads\/2025\/11\/121-300x300.jpg 300w, https:\/\/jsd-sinks.com\/wp-content\/uploads\/2025\/11\/121-100x100.jpg 100w, https:\/\/jsd-sinks.com\/wp-content\/uploads\/2025\/11\/121-600x600.jpg 600w, https:\/\/jsd-sinks.com\/wp-content\/uploads\/2025\/11\/121-500x500.jpg 500w, https:\/\/jsd-sinks.com\/wp-content\/uploads\/2025\/11\/121-150x150.jpg 150w, https:\/\/jsd-sinks.com\/wp-content\/uploads\/2025\/11\/121-768x768.jpg 768w, https:\/\/jsd-sinks.com\/wp-content\/uploads\/2025\/11\/121-12x12.jpg 12w, https:\/\/jsd-sinks.com\/wp-content\/uploads\/2025\/11\/121.jpg 800w\" sizes=\"(max-width: 300px) 100vw, 300px\" \/><\/p>\n<h3 data-start=\"1111\" data-end=\"1459\"><strong data-start=\"1111\" data-end=\"1142\">Construction durable en SUS304<\/strong><\/h3>\n<p data-start=\"1111\" data-end=\"1459\">Acier inoxydable de premi\u00e8re qualit\u00e9 avec des options d'\u00e9paisseur de 0,95 mm \u00e0 1,2 mm<br data-start=\"1216\" data-end=\"1219\" \/>Il s'agit d'un m\u00e9tal de qualit\u00e9 cuisine, solide sous la main. Choisissez un mod\u00e8le plus fin si vous \u00eates soucieux de votre budget ou plus \u00e9pais si vous pr\u00e9f\u00e9rez une sensation plus lourde et plus silencieuse. Quoi qu'il en soit, le SUS304 r\u00e9siste \u00e0 la rouille et aux chocs quotidiens et \u00e0 la vapeur.<\/p>\n<h3 data-start=\"1461\" data-end=\"1779\"><strong data-start=\"1461\" data-end=\"1487\">Coins arrondis modernes<\/strong><\/h3>\n<p data-start=\"1461\" data-end=\"1779\">Les coins arrondis permettent un essuyage rapide et r\u00e9duisent les salissures cach\u00e9es.<br data-start=\"1555\" data-end=\"1558\" \/>La brosse \u00e0 dents ne se frotte pas dans les angles serr\u00e9s - les bords arrondis s'essuient facilement. C'est l'un de ces d\u00e9tails pratiques que l'on n'appr\u00e9cie que la premi\u00e8re fois que l'on nettoie l'\u00e9vier et que l'on se rend compte que l'on a besoin de moins d'huile de coude.<\/p>\n<h3 data-start=\"1781\" data-end=\"2111\"><strong data-start=\"1781\" data-end=\"1815\">Rainures de drainage Smart X-Shape<\/strong><\/h3>\n<p data-start=\"1781\" data-end=\"2111\">Des cannelures bien \u00e9tudi\u00e9es guident l'eau vers le drain standard de 3,5 pouces afin d'\u00e9viter la formation de flaques.<br data-start=\"1906\" data-end=\"1909\" \/>Les rainures attirent l'eau vers l'\u00e9gout pour qu'elle disparaisse plus rapidement. Apr\u00e8s une grosse s\u00e9ance de cuisson, vous verrez moins d'eau stagner et moins d'endroits \u00e0 essuyer - un petit geste d'ing\u00e9nierie qui porte ses fruits.<\/p>\n<h3 data-start=\"2113\" data-end=\"2400\"><strong data-start=\"2113\" data-end=\"2154\">Drainage pr\u00e9cis et finition durable<\/strong><\/h3>\n<p data-start=\"2113\" data-end=\"2400\">Pente de drainage calibr\u00e9e et traitements de surface con\u00e7us pour durer<br data-start=\"2223\" data-end=\"2226\" \/>La pente et le traitement de surface fonctionnent ensemble : l'eau s'\u00e9coule l\u00e0 o\u00f9 elle doit s'\u00e9couler, et la finition r\u00e9siste aux rayures et aux taches, de sorte que l'\u00e9vier conserve un bel aspect apr\u00e8s une utilisation r\u00e9guli\u00e8re.<\/p>\n<p data-start=\"2402\" data-end=\"2658\"><strong data-start=\"2402\" data-end=\"2450\">Assistance apr\u00e8s-vente \u00e0 vie et soutien \u00e0 la recherche et au d\u00e9veloppement<\/strong><br data-start=\"2450\" data-end=\"2453\" \/>L'assistance permanente et le soutien technique vous donnent confiance au fil du temps<br data-start=\"2524\" data-end=\"2527\" \/>En cas de probl\u00e8me, le produit b\u00e9n\u00e9ficie d'un v\u00e9ritable soutien et d'une \u00e9quipe charg\u00e9e d'en am\u00e9liorer la conception pour que les versions futures soient encore meilleures.<\/p>","protected":false},"excerpt":{"rendered":"<p>Voici l'\u00e9vier 33 pouces Workstation Sink - votre ultime compagnon de cuisine. Dot\u00e9 d'un rebord int\u00e9gr\u00e9 pour les accessoires, cet \u00e9vier de 838 mm offre un bassin spacieux de 230 mm de profondeur avec un \u00e9coulement en X et des coins arrondis. Fabriqu\u00e9 en acier inoxydable SUS304 de premi\u00e8re qualit\u00e9 avec plusieurs options d'\u00e9paisseur, il int\u00e8gre parfaitement la pr\u00e9paration des aliments, le lavage et le s\u00e9chage dans un espace de travail efficace. Parfait pour les cuisines modernes qui recherchent \u00e0 la fois le style et la fonctionnalit\u00e9.<\/p>\n<p>Mod\u00e8le : UTS3219<br \/>\nDimensions externes : 818X482MM<br \/>\nDimensions internes : 762X432MM<br \/>\nProfondeur : 230MM<br \/>\nMat\u00e9riau : SUS201\/SUS304\/SUS316<br \/>\n\u00c9paisseur : 0,95\/1,05\/1,15\/1,35MM\/personnalisable<br \/>\nFinition de la surface : Brush\/Nano Black\/Matte Black\/Gun Grey\/Gold<br \/>\nMOQ : 5-10PCS<br \/>\nEmballage individuel : 868X532X290MM<br \/>\nPoids net : 8KG<br \/>\nPoids brut : 9,5 kg<\/p>","protected":false},"featured_media":1230,"template":"","meta":{"_gspb_post_css":""},"product_brand":[],"product_cat":[18],"product_tag":[46],"class_list":{"0":"post-626","1":"product","2":"type-product","3":"status-publish","4":"has-post-thumbnail","6":"product_cat-workstation-sink","7":"product_tag-workstation-sink-integrated-accessory-ledge-compact-kitchen-sink","9":"first","10":"instock","11":"shipping-taxable","12":"product-type-simple"},"_links":{"self":[{"href":"https:\/\/jsd-sinks.com\/fr\/wp-json\/wp\/v2\/product\/626","targetHints":{"allow":["GET"]}}],"collection":[{"href":"https:\/\/jsd-sinks.com\/fr\/wp-json\/wp\/v2\/product"}],"about":[{"href":"https:\/\/jsd-sinks.com\/fr\/wp-json\/wp\/v2\/types\/product"}],"wp:featuredmedia":[{"embeddable":true,"href":"https:\/\/jsd-sinks.com\/fr\/wp-json\/wp\/v2\/media\/1230"}],"wp:attachment":[{"href":"https:\/\/jsd-sinks.com\/fr\/wp-json\/wp\/v2\/media?parent=626"}],"wp:term":[{"taxonomy":"product_brand","embeddable":true,"href":"https:\/\/jsd-sinks.com\/fr\/wp-json\/wp\/v2\/product_brand?post=626"},{"taxonomy":"product_cat","embeddable":true,"href":"https:\/\/jsd-sinks.com\/fr\/wp-json\/wp\/v2\/product_cat?post=626"},{"taxonomy":"product_tag","embeddable":true,"href":"https:\/\/jsd-sinks.com\/fr\/wp-json\/wp\/v2\/product_tag?post=626"}],"curies":[{"name":"wp","href":"https:\/\/api.w.org\/{rel}","templated":true}]}}