{"id":612,"date":"2025-11-29T02:45:20","date_gmt":"2025-11-29T02:45:20","guid":{"rendered":"https:\/\/jsd-sinks.com\/?post_type=product&#038;p=612"},"modified":"2025-12-10T02:12:24","modified_gmt":"2025-12-10T02:12:24","slug":"double-drainboard-sink-with-dual-deep-basins","status":"publish","type":"product","link":"https:\/\/jsd-sinks.com\/fr\/double-drainboard-sink-with-dual-deep-basins\/","title":{"rendered":"Espace de travail ultime : \u00c9vier \u00e0 double \u00e9gouttoir avec deux cuves profondes JSD12050DT"},"content":{"rendered":"<h2 data-start=\"372\" data-end=\"709\"><strong data-start=\"372\" data-end=\"413\">Evier \u00e0 double \u00e9gouttoir (1200 x 500mm)<\/strong><\/h2>\n<p data-start=\"372\" data-end=\"709\">Transformez votre cuisine en un espace de travail des plus efficaces gr\u00e2ce \u00e0 un \u00e9vier \u00e0 double \u00e9gouttoir de qualit\u00e9 sup\u00e9rieure<br data-start=\"518\" data-end=\"521\" \/>Moins d'encombrement et plus de fluidit\u00e9 : deux \u00e9gouttoirs et des lavabos spacieux vous permettent de travailler, de vous reposer et de vous rincer, de sorte que la cuisine et le nettoyage semblent plus rapides, et non plus compliqu\u00e9s.<\/p>\n<h3 data-start=\"711\" data-end=\"1075\"><strong data-start=\"711\" data-end=\"742\">Deux \u00e9gouttoirs int\u00e9gr\u00e9s<\/strong><\/h3>\n<p data-start=\"711\" data-end=\"1075\">Deux \u00e9gouttoirs int\u00e9gr\u00e9s offrent suffisamment d'espace pour s\u00e9cher, ranger et organiser les ustensiles et les ustensiles de cuisine.<br data-start=\"851\" data-end=\"854\" \/>Lorsque vous jonglez entre un r\u00f4ti, une salade et un \u00e9vier rempli de casseroles, les \u00e9gouttoirs agissent comme des \u00eelots de calme - un endroit o\u00f9 appuyer une grille humide, reposer une planche \u00e0 d\u00e9couper ou laisser une passoire s'\u00e9goutter sans transformer votre plan de travail en mar\u00e9cage.<\/p>\n<h3 data-start=\"1077\" data-end=\"1378\"><strong data-start=\"1077\" data-end=\"1101\">Deux vasques g\u00e9n\u00e9reuses<\/strong><\/h3>\n<p data-start=\"1077\" data-end=\"1378\">Deux bassins de 370 x 356 mm avec une profondeur de 230 mm vous permettent de tremper, rincer et pr\u00e9parer en m\u00eame temps.<br data-start=\"1194\" data-end=\"1197\" \/>L'un des bacs permet de faire tremper les casseroles graisseuses tandis que l'autre sert \u00e0 nettoyer les produits d\u00e9licats ou \u00e0 pr\u00e9parer les repas. La profondeur de 230 mm r\u00e9duit les \u00e9claboussures et permet de nettoyer facilement les casseroles hautes sans avoir \u00e0 les incliner.<\/p>\n<p><img decoding=\"async\" class=\"size-medium wp-image-1156\" src=\"https:\/\/jsd-sinks.com\/wp-content\/uploads\/2025\/11\/double-drainboard-sink-4-1-300x300.jpg\" alt=\"Evier \u00e0 double \u00e9gouttoir\" width=\"300\" height=\"300\" title=\"\" srcset=\"https:\/\/jsd-sinks.com\/wp-content\/uploads\/2025\/11\/double-drainboard-sink-4-1-300x300.jpg 300w, https:\/\/jsd-sinks.com\/wp-content\/uploads\/2025\/11\/double-drainboard-sink-4-1-100x100.jpg 100w, https:\/\/jsd-sinks.com\/wp-content\/uploads\/2025\/11\/double-drainboard-sink-4-1-600x600.jpg 600w, https:\/\/jsd-sinks.com\/wp-content\/uploads\/2025\/11\/double-drainboard-sink-4-1-500x500.jpg 500w, https:\/\/jsd-sinks.com\/wp-content\/uploads\/2025\/11\/double-drainboard-sink-4-1-150x150.jpg 150w, https:\/\/jsd-sinks.com\/wp-content\/uploads\/2025\/11\/double-drainboard-sink-4-1-768x768.jpg 768w, https:\/\/jsd-sinks.com\/wp-content\/uploads\/2025\/11\/double-drainboard-sink-4-1-12x12.jpg 12w, https:\/\/jsd-sinks.com\/wp-content\/uploads\/2025\/11\/double-drainboard-sink-4-1.jpg 800w\" sizes=\"(max-width: 300px) 100vw, 300px\" \/><\/p>\n<h3 data-start=\"1380\" data-end=\"1672\"><strong data-start=\"1380\" data-end=\"1414\">Rainures de drainage Smart X-Shape<\/strong><\/h3>\n<p data-start=\"1380\" data-end=\"1672\">Des rainures en forme de X guident l'eau vers les drains standard de 3,5 pouces pour \u00e9viter la formation de flaques.<br data-start=\"1511\" data-end=\"1514\" \/>C'est un petit d\u00e9tail qui porte ses fruits : l'eau s'\u00e9vacue rapidement et la cuvette reste propre entre deux utilisations, ce qui est particuli\u00e8rement utile apr\u00e8s une cuisson ou un repas en famille.<\/p>\n<h3 data-start=\"1674\" data-end=\"2017\"><strong data-start=\"1674\" data-end=\"1705\">Construction durable en SUS304<\/strong><\/h3>\n<p data-start=\"1674\" data-end=\"2017\">Fabriqu\u00e9 en acier inoxydable SUS304 de haute qualit\u00e9 avec des options d'\u00e9paisseur de 0,95 mm \u00e0 1,35 mm<br data-start=\"1800\" data-end=\"1803\" \/>Il s'agit d'un m\u00e9tal de qualit\u00e9 cuisine qui r\u00e9siste \u00e0 la vie quotidienne : chaleur, vapeur, r\u00e9curage et chute occasionnelle de la casserole. Choisissez le calibre qui correspond \u00e0 votre fa\u00e7on de cuisiner - plus l\u00e9ger pour la valeur, plus \u00e9pais pour une sensation plus silencieuse et plus solide.<\/p>\n<h3 data-start=\"2019\" data-end=\"2267\"><strong data-start=\"2019\" data-end=\"2049\">Coins arrondis faciles \u00e0 nettoyer<\/strong><\/h3>\n<p data-start=\"2019\" data-end=\"2267\">Les coins arrondis modernes r\u00e9duisent les pi\u00e8ges \u00e0 salet\u00e9 et rendent l'essuyage de l'\u00e9vier rapide et simple.<br data-start=\"2137\" data-end=\"2140\" \/>Les coins arrondis ont un aspect moderne et permettent de gagner du temps : moins d'huile de coude lors de l'essuyage et moins d'endroits o\u00f9 la salet\u00e9 peut se cacher.<\/p>\n<h3 data-start=\"2269\" data-end=\"2535\"><strong data-start=\"2269\" data-end=\"2296\">Plusieurs options de finition<\/strong><\/h3>\n<p data-start=\"2269\" data-end=\"2535\">Disponible en noir bross\u00e9, noir nano, noir mat, gris canon et or pour s'adapter \u00e0 tous les styles de cuisine.<br data-start=\"2394\" data-end=\"2397\" \/>Que vous souhaitiez une finition classique et subtile ou un contraste moderne et audacieux, la gamme de couleurs permet \u00e0 l'\u00e9vier de s'int\u00e9grer \u00e0 votre design ou de le rehausser.<\/p>\n<h3 data-start=\"2537\" data-end=\"2857\"><strong data-start=\"2537\" data-end=\"2597\">Pente pr\u00e9cise de la plaque d'\u00e9gout et traitement de surface durable<\/strong><\/h3>\n<p data-start=\"2537\" data-end=\"2857\">Des pentes \u00e9tudi\u00e9es et des rev\u00eatements protecteurs garantissent un drainage fiable et une finition qui tient la route.<br data-start=\"2697\" data-end=\"2700\" \/>La pente de chaque \u00e9gouttoir est con\u00e7ue pour \u00e9vacuer l'eau sans formation de flaques, et les traitements de surface r\u00e9sistent aux rayures et aux taches pour que l'\u00e9vier vieillisse gracieusement.<\/p>\n<h3 data-start=\"2859\" data-end=\"3169\"><strong data-start=\"2859\" data-end=\"2907\">Assistance apr\u00e8s-vente \u00e0 vie et soutien \u00e0 la recherche et au d\u00e9veloppement<\/strong><\/h3>\n<p data-start=\"2859\" data-end=\"3169\">Un service apr\u00e8s-vente \u00e0 vie et une \u00e9quipe de recherche et d\u00e9veloppement d\u00e9di\u00e9e \u00e0 l'assistance et aux am\u00e9liorations permanentes.<br data-start=\"3014\" data-end=\"3017\" \/>En cas de probl\u00e8me, vous b\u00e9n\u00e9ficiez d'une assistance et d'une \u00e9quipe qui peaufine constamment les d\u00e9tails en coulisses afin que les futurs clients b\u00e9n\u00e9ficient de versions encore meilleures.<\/p>","protected":false},"excerpt":{"rendered":"<p>Am\u00e9liorez votre cuisine avec notre \u00e9vier innovant \u00e0 double \u00e9gouttoir, dot\u00e9 de deux cuves et d'\u00e9gouttoirs int\u00e9gr\u00e9s. Ce poste de travail de 1200 mm offre deux cuves de 230 mm de profondeur avec un \u00e9coulement en X et des coins arrondis pour un nettoyage facile. Fabriqu\u00e9 en acier inoxydable SUS304 de premi\u00e8re qualit\u00e9 avec plusieurs options de finition, il est parfait pour une organisation efficace de la cuisine et des flux de travail.<\/p>\n<p>Mod\u00e8le : 12050 DT<br \/>\nDimensions externes : 1200X500MM<br \/>\nDimensions internes : 370X356MM<br \/>\nProfondeur : 230MM<br \/>\nMat\u00e9riau : SUS201\/SUS304\/SUS316<br \/>\n\u00c9paisseur : 0,95\/1,05\/1,15\/1,35MM\/personnalisable<br \/>\nFinition de la surface : Brush\/Nano Black\/Matte Black\/Gun Grey\/Gold<br \/>\nMOQ : 5-10PCS<br \/>\nEmballage individuel : 1210X510X230MM<br \/>\nPoids net : 12,5 kg<br \/>\nPoids brut : 14KG<\/p>","protected":false},"featured_media":613,"template":"","meta":{"_gspb_post_css":""},"product_brand":[],"product_cat":[18],"product_tag":[44],"class_list":{"0":"post-612","1":"product","2":"type-product","3":"status-publish","4":"has-post-thumbnail","6":"product_cat-workstation-sink","7":"product_tag-dual-drainboard-sink-premium-stainless-steel-modern-kitchen-design","9":"first","10":"instock","11":"shipping-taxable","12":"product-type-simple"},"_links":{"self":[{"href":"https:\/\/jsd-sinks.com\/fr\/wp-json\/wp\/v2\/product\/612","targetHints":{"allow":["GET"]}}],"collection":[{"href":"https:\/\/jsd-sinks.com\/fr\/wp-json\/wp\/v2\/product"}],"about":[{"href":"https:\/\/jsd-sinks.com\/fr\/wp-json\/wp\/v2\/types\/product"}],"wp:featuredmedia":[{"embeddable":true,"href":"https:\/\/jsd-sinks.com\/fr\/wp-json\/wp\/v2\/media\/613"}],"wp:attachment":[{"href":"https:\/\/jsd-sinks.com\/fr\/wp-json\/wp\/v2\/media?parent=612"}],"wp:term":[{"taxonomy":"product_brand","embeddable":true,"href":"https:\/\/jsd-sinks.com\/fr\/wp-json\/wp\/v2\/product_brand?post=612"},{"taxonomy":"product_cat","embeddable":true,"href":"https:\/\/jsd-sinks.com\/fr\/wp-json\/wp\/v2\/product_cat?post=612"},{"taxonomy":"product_tag","embeddable":true,"href":"https:\/\/jsd-sinks.com\/fr\/wp-json\/wp\/v2\/product_tag?post=612"}],"curies":[{"name":"wp","href":"https:\/\/api.w.org\/{rel}","templated":true}]}}