{"id":600,"date":"2025-11-29T02:00:25","date_gmt":"2025-11-29T02:00:25","guid":{"rendered":"https:\/\/jsd-sinks.com\/?post_type=product&#038;p=600"},"modified":"2025-12-13T03:31:55","modified_gmt":"2025-12-13T03:31:55","slug":"modern-stainless-steel-sink-with-drainboard","status":"publish","type":"product","link":"https:\/\/jsd-sinks.com\/fr\/modern-stainless-steel-sink-with-drainboard\/","title":{"rendered":"\u00c9vier moderne en acier inoxydable avec \u00e9gouttoir JSD 11646-N"},"content":{"rendered":"<h2>Evier en acier inoxydable avec \u00e9gouttoir<\/h2>\n<p>Transformez votre cuisine en un espace de travail organis\u00e9 et efficace gr\u00e2ce \u00e0 un syst\u00e8me d'\u00e9vier premium de 1160 mm.<\/p>\n<h3>Disposition des deux lavabos<\/h3>\n<p>Deux cuves de taille g\u00e9n\u00e9reuse (327 x 420 mm) et d'une profondeur de 230 mm vous permettent de faire face aux grandes marmites et aux t\u00e2ches de pr\u00e9paration intensives.<\/p>\n<h3>Cuvette d'\u00e9gouttage int\u00e9gr\u00e9e<\/h3>\n<p>Un \u00e9gouttoir int\u00e9gr\u00e9 permet \u00e0 la vaisselle et aux ustensiles de s'\u00e9goutter proprement, ce qui permet aux comptoirs de rester propres et ordonn\u00e9s.<\/p>\n<p><img decoding=\"async\" class=\"size-medium wp-image-604\" src=\"https:\/\/jsd-sinks.com\/wp-content\/uploads\/2025\/11\/stainless-steel-sink-with-drainboard-4-300x300.jpg\" alt=\"\u00e9vier en acier inoxydable avec \u00e9gouttoir\" width=\"300\" height=\"300\" title=\"\" srcset=\"https:\/\/jsd-sinks.com\/wp-content\/uploads\/2025\/11\/stainless-steel-sink-with-drainboard-4-300x300.jpg 300w, https:\/\/jsd-sinks.com\/wp-content\/uploads\/2025\/11\/stainless-steel-sink-with-drainboard-4-100x100.jpg 100w, https:\/\/jsd-sinks.com\/wp-content\/uploads\/2025\/11\/stainless-steel-sink-with-drainboard-4-600x600.jpg 600w, https:\/\/jsd-sinks.com\/wp-content\/uploads\/2025\/11\/stainless-steel-sink-with-drainboard-4-500x500.jpg 500w, https:\/\/jsd-sinks.com\/wp-content\/uploads\/2025\/11\/stainless-steel-sink-with-drainboard-4-150x150.jpg 150w, https:\/\/jsd-sinks.com\/wp-content\/uploads\/2025\/11\/stainless-steel-sink-with-drainboard-4-768x768.jpg 768w, https:\/\/jsd-sinks.com\/wp-content\/uploads\/2025\/11\/stainless-steel-sink-with-drainboard-4-12x12.jpg 12w, https:\/\/jsd-sinks.com\/wp-content\/uploads\/2025\/11\/stainless-steel-sink-with-drainboard-4.jpg 800w\" sizes=\"(max-width: 300px) 100vw, 300px\" \/><\/p>\n<h3>Construction durable en SUS304<\/h3>\n<p>Fabriqu\u00e9 en acier inoxydable SUS304 de haute qualit\u00e9 avec plusieurs options d'\u00e9paisseur pour une performance durable.<\/p>\n<h3>Coins R10 faciles \u00e0 nettoyer<\/h3>\n<p>Les coins arrondis et lisses r\u00e9duisent les pi\u00e8ges \u00e0 salet\u00e9 et rendent l'essuyage de l'\u00e9vier simple et rapide.<\/p>\n<h3>Rainures de drainage en forme de X<\/h3>\n<p>Des rainures strat\u00e9giquement plac\u00e9es guident l'eau vers le drain standard de 3,5 pouces afin d'\u00e9viter la formation de flaques.<\/p>\n<h3>Choix de finitions<\/h3>\n<p>Disponible en Brushed, Nano Black et Gun Grey pour s'adapter \u00e0 diff\u00e9rents styles de cuisine<\/p>\n<h3>Traitement de pr\u00e9cision de la pente et de la surface des panneaux d'\u00e9gouttage<\/h3>\n<p>Une pente \u00e9tudi\u00e9e et des rev\u00eatements de surface durables garantissent un drainage efficace et une finition durable.<\/p>\n<h3>Support apr\u00e8s-vente \u00e0 vie<\/h3>\n<p>Un service apr\u00e8s-vente \u00e0 vie et une \u00e9quipe de recherche et d\u00e9veloppement d\u00e9di\u00e9e garantissent une tranquillit\u00e9 d'esprit permanente.<\/p>","protected":false},"excerpt":{"rendered":"<p>Am\u00e9liorez votre cuisine avec notre \u00e9vier en acier inoxydable dot\u00e9 d'un \u00e9gouttoir int\u00e9gr\u00e9. Ce mod\u00e8le spacieux de 1160 mm combine deux cuves de 230 mm de profondeur avec des rainures d'\u00e9coulement en X et des coins arrondis pour faciliter le nettoyage. Fabriqu\u00e9 en acier inoxydable SUS304 de premi\u00e8re qualit\u00e9 avec plusieurs options de finition, il offre un \u00e9quilibre parfait entre fonctionnalit\u00e9 et style pour les cuisines modernes.<\/p>\n<p>Mod\u00e8le : JSD 11646-N<br \/>\nDimensions externes : 1160X460MM<br \/>\nDimensions internes : 327X420MM<br \/>\nProfondeur : 230MM<br \/>\nMat\u00e9riau : SUS201\/SUS304\/SUS316<br \/>\n\u00c9paisseur : 0,95\/1,05\/1,15\/1,35MM\/personnalisable<br \/>\nFinition de la surface : Brush\/Nano Black\/Matte Black\/Gun Grey\/Gold<br \/>\nEmballage individuel : 1210X510X290MM<br \/>\nPoids net : 13KG<br \/>\nPoids brut : 14,5 kg<br \/>\nMOQ : 5-10PCS<\/p>","protected":false},"featured_media":1229,"template":"","meta":{"_gspb_post_css":""},"product_brand":[],"product_cat":[18],"product_tag":[42],"class_list":{"0":"post-600","1":"product","2":"type-product","3":"status-publish","4":"has-post-thumbnail","6":"product_cat-workstation-sink","7":"product_tag-dual-basin-sink-integrated-drainboard-modern-kitchen-sink","9":"first","10":"instock","11":"shipping-taxable","12":"product-type-simple"},"_links":{"self":[{"href":"https:\/\/jsd-sinks.com\/fr\/wp-json\/wp\/v2\/product\/600","targetHints":{"allow":["GET"]}}],"collection":[{"href":"https:\/\/jsd-sinks.com\/fr\/wp-json\/wp\/v2\/product"}],"about":[{"href":"https:\/\/jsd-sinks.com\/fr\/wp-json\/wp\/v2\/types\/product"}],"wp:featuredmedia":[{"embeddable":true,"href":"https:\/\/jsd-sinks.com\/fr\/wp-json\/wp\/v2\/media\/1229"}],"wp:attachment":[{"href":"https:\/\/jsd-sinks.com\/fr\/wp-json\/wp\/v2\/media?parent=600"}],"wp:term":[{"taxonomy":"product_brand","embeddable":true,"href":"https:\/\/jsd-sinks.com\/fr\/wp-json\/wp\/v2\/product_brand?post=600"},{"taxonomy":"product_cat","embeddable":true,"href":"https:\/\/jsd-sinks.com\/fr\/wp-json\/wp\/v2\/product_cat?post=600"},{"taxonomy":"product_tag","embeddable":true,"href":"https:\/\/jsd-sinks.com\/fr\/wp-json\/wp\/v2\/product_tag?post=600"}],"curies":[{"name":"wp","href":"https:\/\/api.w.org\/{rel}","templated":true}]}}