{"id":583,"date":"2025-11-28T08:49:39","date_gmt":"2025-11-28T08:49:39","guid":{"rendered":"https:\/\/jsd-sinks.com\/?post_type=product&#038;p=583"},"modified":"2025-12-13T03:28:56","modified_gmt":"2025-12-13T03:28:56","slug":"space-saving-drainboard-stainless-steel-sink-jsd7850-nl","status":"publish","type":"product","link":"https:\/\/jsd-sinks.com\/fr\/space-saving-drainboard-stainless-steel-sink-jsd7850-nl\/","title":{"rendered":"Evier en acier inoxydable \u00e0 \u00e9gouttoir \u00e0 faible encombrement JSD7850-NL"},"content":{"rendered":"<h2 data-start=\"239\" data-end=\"304\">Evier \u00e0 \u00e9gouttoir en acier inoxydable - un flux de travail plus intelligent dans la cuisine<\/h2>\n<p data-start=\"305\" data-end=\"405\">un bac profond et un \u00e9gouttoir int\u00e9gr\u00e9 qui rationalisent le lavage, le s\u00e9chage et la pr\u00e9paration en une seule unit\u00e9 compacte.<\/p>\n<p data-start=\"407\" data-end=\"657\">Transformez les t\u00e2ches quotidiennes de la cuisine avec un \u00e9vier qui pense comme vous : une cuve principale spacieuse de 230 mm pour les casseroles et les po\u00eales et un \u00e9gouttoir inclin\u00e9 qui g\u00e8re le s\u00e9chage et l'\u00e9coulement sans empi\u00e9ter sur l'espace du plan de travail. Il est con\u00e7u pour mettre de l'ordre dans vos habitudes, pas pour les compliquer.<\/p>\n<h3 data-start=\"659\" data-end=\"717\">Rebord de poste de travail innovant - une surface, de multiples usages<\/h3>\n<p data-start=\"718\" data-end=\"818\">un rebord int\u00e9gr\u00e9 qui accepte les planches \u00e0 d\u00e9couper, les passoires et les plateaux pour que la pr\u00e9paration et le nettoyage se fassent en m\u00eame temps.<\/p>\n<p data-start=\"820\" data-end=\"1056\">Le rebord subtil offre une plate-forme stable pour faire glisser les accessoires sur l'\u00e9vier. Au lieu de d\u00e9placer les t\u00e2ches du comptoir \u00e0 l'\u00e9vier, vous les d\u00e9placez sur une surface lisse - couper, rincer, \u00e9goutter, r\u00e9p\u00e9ter - ce qui permet de gagner du temps et d'\u00e9liminer les frottements.<\/p>\n<h3 data-start=\"1058\" data-end=\"1113\">Drainage technique - fiable et n\u00e9cessitant peu d'entretien<\/h3>\n<p data-start=\"1114\" data-end=\"1191\">Des rainures en forme de x et un drain standard de 3,5\u2033 guident l'eau l\u00e0 o\u00f9 elle doit aller.<\/p>\n<p data-start=\"1193\" data-end=\"1407\">Les petits choix de conception sont importants : les canaux de drainage en forme de X dirigent l'eau vers l'\u00e9gout afin d'\u00e9viter la formation de flaques d'eau dans les coins. Les coins int\u00e9rieurs arrondis facilitent l'essuyage et le rin\u00e7age, r\u00e9duisant ainsi le temps consacr\u00e9 au nettoyage.<\/p>\n<h3 data-start=\"1409\" data-end=\"1466\"><img decoding=\"async\" class=\"alignnone size-medium wp-image-1183\" src=\"https:\/\/jsd-sinks.com\/wp-content\/uploads\/2025\/11\/111-300x300.jpg\" alt=\"\" width=\"300\" height=\"300\" title=\"\" srcset=\"https:\/\/jsd-sinks.com\/wp-content\/uploads\/2025\/11\/111-300x300.jpg 300w, https:\/\/jsd-sinks.com\/wp-content\/uploads\/2025\/11\/111-100x100.jpg 100w, https:\/\/jsd-sinks.com\/wp-content\/uploads\/2025\/11\/111-600x600.jpg 600w, https:\/\/jsd-sinks.com\/wp-content\/uploads\/2025\/11\/111-500x500.jpg 500w, https:\/\/jsd-sinks.com\/wp-content\/uploads\/2025\/11\/111-150x150.jpg 150w, https:\/\/jsd-sinks.com\/wp-content\/uploads\/2025\/11\/111-768x768.jpg 768w, https:\/\/jsd-sinks.com\/wp-content\/uploads\/2025\/11\/111-12x12.jpg 12w, https:\/\/jsd-sinks.com\/wp-content\/uploads\/2025\/11\/111.jpg 800w\" sizes=\"(max-width: 300px) 100vw, 300px\" \/><\/h3>\n<h3 data-start=\"1409\" data-end=\"1466\">Construction en sus304 de premi\u00e8re qualit\u00e9 - con\u00e7ue pour les vraies cuisines<\/h3>\n<p data-start=\"1467\" data-end=\"1551\">Durabilit\u00e9 de l'acier inoxydable avec une finition qui r\u00e9siste \u00e0 l'usure et reste belle au fil du temps.<\/p>\n<p data-start=\"1553\" data-end=\"1750\">Fabriqu\u00e9 en acier inoxydable SUS304, l'\u00e9vier r\u00e9siste \u00e0 la corrosion et \u00e0 un usage quotidien. Le cache-drain d\u00e9coratif permet de soigner l'esth\u00e9tique et sert de point d'appui lorsque vous en avez besoin.<\/p>\n<h3 data-start=\"1752\" data-end=\"1826\">Des dimensions qui tiennent compte de l'espace - s'adaptent aux cuisines compactes sans compromis<\/h3>\n<p data-start=\"1827\" data-end=\"1900\">780 \u00d7 500 mm hors tout, con\u00e7u pour offrir un espace de travail utile dans les espaces restreints.<\/p>\n<p data-start=\"1902\" data-end=\"2115\">Avec ses 780 \u00d7 500 mm, cet \u00e9vier offre un \u00e9quilibre entre capacit\u00e9 et encombrement : une cuve g\u00e9n\u00e9reuse et un \u00e9gouttoir efficace, tout en convenant aux cuisines plus petites, aux appartements et aux projets de r\u00e9novation o\u00f9 chaque centim\u00e8tre compte.<\/p>\n<h3 data-start=\"2117\" data-end=\"2182\">Pr\u00e9cision de la pente et de la finition - des d\u00e9tails bien pens\u00e9s et performants<\/h3>\n<p data-start=\"2183\" data-end=\"2287\">une ing\u00e9nierie minutieuse de la pente du drain et de la finition de la surface pour un \u00e9coulement pr\u00e9visible de l'eau et une long\u00e9vit\u00e9 accrue.<\/p>\n<p data-start=\"2289\" data-end=\"2464\">Nous ajustons la pente et la finition pour que l'eau s'\u00e9coule rapidement et que la surface conserve son aspect au fil des utilisations. Ces d\u00e9tails rendent l'\u00e9vier plus silencieux et plus facile \u00e0 entretenir.<\/p>\n<h3 data-start=\"2466\" data-end=\"2519\">Options et assistance - con\u00e7ues pour durer dans la vie r\u00e9elle<\/h3>\n<p data-start=\"2520\" data-end=\"2597\">disponibles en plusieurs \u00e9paisseurs et b\u00e9n\u00e9ficiant d'un service apr\u00e8s-vente \u00e0 vie.<\/p>\n<p data-start=\"2599\" data-end=\"2772\">Choisissez l'\u00e9paisseur de mat\u00e9riau qui correspond \u00e0 votre cas d'utilisation, et comptez sur un support apr\u00e8s-vente \u00e0 vie et une \u00e9quipe de R&amp;D active pour les pi\u00e8ces ou les questions. Conception compacte - grande confiance.<\/p>\n<h3 data-start=\"2774\" data-end=\"2824\">Pourquoi c'est important - une meilleure cuisine, moins d'encombrement<\/h3>\n<p data-start=\"2825\" data-end=\"2911\">une v\u00e9ritable solution tout-en-un qui permet \u00e0 votre cuisine de rester organis\u00e9e et \u00e0 votre flux de travail de rester intact.<\/p>\n<p data-start=\"2913\" data-end=\"3093\">Cet \u00e9vier \u00e0 \u00e9gouttoir en acier inoxydable n'est pas qu'un simple accessoire ; c'est un petit syst\u00e8me qui permet d'\u00e9conomiser des pas, de simplifier le nettoyage et de rendre le rythme de la cuisine plus r\u00e9gulier et plus agr\u00e9able.<\/p>","protected":false},"excerpt":{"rendered":"<p>D\u00e9couvrez la solution ultime pour \u00e9conomiser de l'espace avec notre \u00e9vier en acier inoxydable \u00e0 \u00e9gouttoir. Cet \u00e9vier innovant de 780 x 500 mm combine un bac de lavage profond de 230 mm et un \u00e9gouttoir int\u00e9gr\u00e9 pratique. Dot\u00e9 d'un rebord int\u00e9gr\u00e9 pour le poste de travail, de rainures d'\u00e9coulement en X et de coins arrondis, il offre une fonctionnalit\u00e9 sup\u00e9rieure pour le lavage, l'\u00e9gouttage et la pr\u00e9paration des aliments, le tout dans une unit\u00e9 compacte et efficace, parfaite pour les cuisines modernes.<\/p>\n<p>Mod\u00e8le : 7850-NL<br \/>\nDimensions externes : 780X500MM<br \/>\nDimensions internes : 400X400MM<br \/>\nProfondeur : 230MM<br \/>\n\u00c9paisseur : 0,95\/1,05\/1,2MM\/personnalis\u00e9<br \/>\nEmballage individuel Dimensions : 830X550X290MM<br \/>\nPoids net : 8KG<br \/>\nPoids brut : 9,5 kg<\/p>","protected":false},"featured_media":1231,"template":"","meta":{"_gspb_post_css":""},"product_brand":[],"product_cat":[18],"product_tag":[40],"class_list":{"0":"post-583","1":"product","2":"type-product","3":"status-publish","4":"has-post-thumbnail","6":"product_cat-workstation-sink","7":"product_tag-workstation-sink-drainboard-sink-compact-kitchen-sink","9":"first","10":"instock","11":"shipping-taxable","12":"product-type-simple"},"_links":{"self":[{"href":"https:\/\/jsd-sinks.com\/fr\/wp-json\/wp\/v2\/product\/583","targetHints":{"allow":["GET"]}}],"collection":[{"href":"https:\/\/jsd-sinks.com\/fr\/wp-json\/wp\/v2\/product"}],"about":[{"href":"https:\/\/jsd-sinks.com\/fr\/wp-json\/wp\/v2\/types\/product"}],"wp:featuredmedia":[{"embeddable":true,"href":"https:\/\/jsd-sinks.com\/fr\/wp-json\/wp\/v2\/media\/1231"}],"wp:attachment":[{"href":"https:\/\/jsd-sinks.com\/fr\/wp-json\/wp\/v2\/media?parent=583"}],"wp:term":[{"taxonomy":"product_brand","embeddable":true,"href":"https:\/\/jsd-sinks.com\/fr\/wp-json\/wp\/v2\/product_brand?post=583"},{"taxonomy":"product_cat","embeddable":true,"href":"https:\/\/jsd-sinks.com\/fr\/wp-json\/wp\/v2\/product_cat?post=583"},{"taxonomy":"product_tag","embeddable":true,"href":"https:\/\/jsd-sinks.com\/fr\/wp-json\/wp\/v2\/product_tag?post=583"}],"curies":[{"name":"wp","href":"https:\/\/api.w.org\/{rel}","templated":true}]}}