{"id":576,"date":"2025-11-28T08:33:39","date_gmt":"2025-11-28T08:33:39","guid":{"rendered":"https:\/\/jsd-sinks.com\/?post_type=product&#038;p=576"},"modified":"2025-12-13T03:10:39","modified_gmt":"2025-12-13T03:10:39","slug":"compact-tiny-home-kitchen-sink-featuring-workstation","status":"publish","type":"product","link":"https:\/\/jsd-sinks.com\/fr\/compact-tiny-home-kitchen-sink-featuring-workstation\/","title":{"rendered":"\u00c9vier de cuisine compact pour tiny home avec station de travail int\u00e9gr\u00e9e JSD4245-T"},"content":{"rendered":"<h2 data-start=\"403\" data-end=\"463\">Petit \u00e9vier de cuisine - grande fonction, petit encombrement<\/h2>\n<p data-start=\"464\" data-end=\"553\">Un \u00e9vier compact qui fonctionne comme une cuisine de taille normale, con\u00e7u pour les endroits o\u00f9 l'espace est important.<\/p>\n<p data-start=\"555\" data-end=\"768\">Ne vous y trompez pas : il ne s'agit pas d'un mod\u00e8le r\u00e9duit. Con\u00e7u pour les petites maisons, les camping-cars et les cuisines d'atelier, il int\u00e8gre une ing\u00e9nierie r\u00e9fl\u00e9chie dans une petite enveloppe, de sorte que vous obtenez une v\u00e9ritable utilit\u00e9, et pas seulement un bol plus petit.<\/p>\n<h3 data-start=\"770\" data-end=\"816\">Des dimensions intelligentes - de l'espace l\u00e0 o\u00f9 \u00e7a compte<\/h3>\n<p data-start=\"817\" data-end=\"861\">Petit \u00e0 l'ext\u00e9rieur, \u00e9tonnamment g\u00e9n\u00e9reux \u00e0 l'int\u00e9rieur.<\/p>\n<p data-start=\"863\" data-end=\"1103\">D'une dimension totale de 424 \u00d7 456 mm, l'\u00e9vier offre n\u00e9anmoins une cuve de 400 \u00d7 432 mm et une profondeur de 230 mm, suffisante pour accueillir les casseroles, les po\u00eales et la pr\u00e9paration des repas du week-end. C'est le genre d'espace qui semble honn\u00eate : vous pouvez rincer, tremper et empiler sans vous sentir \u00e0 l'\u00e9troit.<\/p>\n<p>&nbsp;<\/p>\n<figure id=\"attachment_1280\" aria-describedby=\"caption-attachment-1280\" style=\"width: 300px\" class=\"wp-caption alignnone\"><img decoding=\"async\" class=\"size-medium wp-image-1280\" src=\"https:\/\/jsd-sinks.com\/wp-content\/uploads\/2025\/11\/3-1-300x300.jpg\" alt=\"\u00c9vier de cuisine de petite maison\" width=\"300\" height=\"300\" title=\"\" srcset=\"https:\/\/jsd-sinks.com\/wp-content\/uploads\/2025\/11\/3-1-300x300.jpg 300w, https:\/\/jsd-sinks.com\/wp-content\/uploads\/2025\/11\/3-1-150x150.jpg 150w, https:\/\/jsd-sinks.com\/wp-content\/uploads\/2025\/11\/3-1-768x768.jpg 768w, https:\/\/jsd-sinks.com\/wp-content\/uploads\/2025\/11\/3-1-12x12.jpg 12w, https:\/\/jsd-sinks.com\/wp-content\/uploads\/2025\/11\/3-1-500x500.jpg 500w, https:\/\/jsd-sinks.com\/wp-content\/uploads\/2025\/11\/3-1-600x600.jpg 600w, https:\/\/jsd-sinks.com\/wp-content\/uploads\/2025\/11\/3-1-100x100.jpg 100w, https:\/\/jsd-sinks.com\/wp-content\/uploads\/2025\/11\/3-1.jpg 800w\" sizes=\"(max-width: 300px) 100vw, 300px\" \/><figcaption id=\"caption-attachment-1280\" class=\"wp-caption-text\">\u00c9vier de cuisine de petite maison<\/figcaption><\/figure>\n<h3 data-start=\"1105\" data-end=\"1162\">Rebord de poste de travail int\u00e9gr\u00e9 - une surface, plusieurs utilisations<\/h3>\n<p data-start=\"1163\" data-end=\"1203\">Transformez votre \u00e9vier en v\u00e9ritable station de pr\u00e9paration.<\/p>\n<p data-start=\"1205\" data-end=\"1416\">Le rebord int\u00e9gr\u00e9 accepte les planches \u00e0 d\u00e9couper, les passoires et les plateaux, ce qui vous permet de hacher, rincer et empiler en une seule fois. Ce petit rebord devient un mini poste de travail - pas d'encombrement suppl\u00e9mentaire sur le comptoir, pas de jonglage d'outils.<\/p>\n<h3 data-start=\"1418\" data-end=\"1475\">Mat\u00e9riaux et finitions - con\u00e7us pour la vie de tous les jours<\/h3>\n<p data-start=\"1476\" data-end=\"1526\">SUS304 durable et pratique au quotidien.<\/p>\n<p data-start=\"1528\" data-end=\"1840\">Fabriqu\u00e9 en acier inoxydable SUS304, avec des coins d\u00e9licatement arrondis qui permettent d'essuyer et de rincer sans effort. Les rainures de drainage en forme de X dirigent l'eau vers un drain standard de 3,5 pouces, ce qui \u00e9vite les flaques d'eau. Le cache-\u00e9gout d\u00e9coratif permet d'am\u00e9liorer l'aspect de l'ensemble et sert de point d'appui lorsque vous en avez besoin.<\/p>\n<h3 data-start=\"1842\" data-end=\"1897\">Des performances fiables - compactes mais sans compromis<\/h3>\n<p data-start=\"1898\" data-end=\"1952\">Des options et un soutien qui vous permettent de choisir ce dont vous avez besoin.<\/p>\n<p data-start=\"1954\" data-end=\"2151\">Choisissez l'\u00e9paisseur qui convient \u00e0 votre budget et \u00e0 votre utilisation, et profitez d'un service apr\u00e8s-vente \u00e0 vie. Compact n'est pas synonyme de fragile - cet \u00e9vier est con\u00e7u pour durer et s'int\u00e9grer dans la vie quotidienne.<\/p>\n<h3 data-start=\"2153\" data-end=\"2213\">Pourquoi cet \u00e9vier est important - une conception intelligente, pas une plus grande taille<\/h3>\n<p data-start=\"2214\" data-end=\"2275\">Tirez le meilleur parti de chaque centim\u00e8tre sans sacrifier votre fa\u00e7on de cuisiner.<\/p>\n<p data-start=\"2277\" data-end=\"2503\">Si vous construisez une petite cuisine ou si vous voulez r\u00e9nover une cuisine \u00e9troite, cet \u00e9vier est la preuve qu'une conception bien pens\u00e9e vaut mieux qu'une surface plus importante. Il vous offre une surface utile, un drainage judicieux et une confiance tranquille \u00e0 chaque fois que vous l'utilisez.<\/p>","protected":false},"excerpt":{"rendered":"<p>Optimisez votre cuisine compacte avec notre \u00e9vier de cuisine Tiny Home \u00e0 faible encombrement. Malgr\u00e9 son encombrement r\u00e9duit de 424 x 456 mm, il est dot\u00e9 d'une cuve \u00e9tonnamment profonde de 230 mm et d'un rebord innovant pour le poste de travail. Profitez d'une fonctionnalit\u00e9 de taille normale avec des coins arrondis, un drainage en X et une construction en acier inoxydable de premi\u00e8re qualit\u00e9 - parfait pour les petites maisons, les camping-cars et les petits appartements o\u00f9 chaque centim\u00e8tre compte.<\/p>\n<p>Mod\u00e8le : 4245-T<br \/>\nDimensions externes : 424X456MM<br \/>\nDimensions internes : 400X432MM<br \/>\nProfondeur : 230MM<br \/>\n\u00c9paisseur : 0,95\/1,05\/1,2MM\/personnalis\u00e9<br \/>\nEmballage individuel Dimensions : 475X506X290MM<br \/>\nPoids net : 4KG<br \/>\nPoids brut : 5.5KG<\/p>","protected":false},"featured_media":1284,"template":"","meta":{"_gspb_post_css":""},"product_brand":[],"product_cat":[20],"product_tag":[39],"class_list":{"0":"post-576","1":"product","2":"type-product","3":"status-publish","4":"has-post-thumbnail","6":"product_cat-undermount-sink","7":"product_tag-small-space-sink-compact-kitchen-sink-rv-kitchen-sink","9":"first","10":"instock","11":"shipping-taxable","12":"product-type-simple"},"_links":{"self":[{"href":"https:\/\/jsd-sinks.com\/fr\/wp-json\/wp\/v2\/product\/576","targetHints":{"allow":["GET"]}}],"collection":[{"href":"https:\/\/jsd-sinks.com\/fr\/wp-json\/wp\/v2\/product"}],"about":[{"href":"https:\/\/jsd-sinks.com\/fr\/wp-json\/wp\/v2\/types\/product"}],"wp:featuredmedia":[{"embeddable":true,"href":"https:\/\/jsd-sinks.com\/fr\/wp-json\/wp\/v2\/media\/1284"}],"wp:attachment":[{"href":"https:\/\/jsd-sinks.com\/fr\/wp-json\/wp\/v2\/media?parent=576"}],"wp:term":[{"taxonomy":"product_brand","embeddable":true,"href":"https:\/\/jsd-sinks.com\/fr\/wp-json\/wp\/v2\/product_brand?post=576"},{"taxonomy":"product_cat","embeddable":true,"href":"https:\/\/jsd-sinks.com\/fr\/wp-json\/wp\/v2\/product_cat?post=576"},{"taxonomy":"product_tag","embeddable":true,"href":"https:\/\/jsd-sinks.com\/fr\/wp-json\/wp\/v2\/product_tag?post=576"}],"curies":[{"name":"wp","href":"https:\/\/api.w.org\/{rel}","templated":true}]}}