{"id":569,"date":"2025-11-28T07:44:51","date_gmt":"2025-11-28T07:44:51","guid":{"rendered":"https:\/\/jsd-sinks.com\/?post_type=product&#038;p=569"},"modified":"2025-12-13T03:38:44","modified_gmt":"2025-12-13T03:38:44","slug":"modern-drop-in-apron-sink-with-rounded-corners","status":"publish","type":"product","link":"https:\/\/jsd-sinks.com\/fr\/modern-drop-in-apron-sink-with-rounded-corners\/","title":{"rendered":"\u00c9vier moderne \u00e0 tablier avec coins arrondis APWS3620"},"content":{"rendered":"<h2>Evier \u00e0 tablier<\/h2>\n<p><strong>Un look classique qui vous aide \u00e0 cuisiner.<\/strong><br \/>\nElle vous semble famili\u00e8re - avec un tablier, au chaud - et vous surprend ensuite par son utilit\u00e9 r\u00e9elle. Vous ne le remarquez pas au d\u00e9but, mais apr\u00e8s quelques repas, vous cessez de vous battre avec les casseroles et commencez \u00e0 appr\u00e9cier la fluidit\u00e9. Il conf\u00e8re \u00e0 la cuisine une atmosph\u00e8re plus douce et vous permet de travailler sans tracas.<\/p>\n<h3>Rebord de poste de travail int\u00e9gr\u00e9<\/h3>\n<p><strong>Une corniche encastr\u00e9e qui transforme l'\u00e9vier en espace de pr\u00e9paration.<\/strong><br \/>\nCe petit rebord devient l'endroit que vous utilisez instinctivement : glissez une planche \u00e0 d\u00e9couper, perchez un \u00e9gouttoir, posez un bol pendant que vous rincez. Il permet d'\u00e9viter ces petits d\u00e9placements g\u00eanants sur le plan de travail. Une fois que vous vous y serez habitu\u00e9, vous l'utiliserez tout le temps - une petite habitude qui acc\u00e9l\u00e8re r\u00e9ellement les choses.<\/p>\n<h3>Options Premium SUS304 et SUS316<\/h3>\n<p><strong>Choisissez l'acier qui convient \u00e0 votre routine.<\/strong><br \/>\nLe 304 est solide pour la vie de tous les jours ; le 316 est pour une plus grande tranquillit\u00e9 d'esprit \u00e0 proximit\u00e9 de l'air salin ou en cas d'utilisation intensive. Les deux sont robustes - pas de m\u00e9tal flasque ici. Lorsque vous y d\u00e9posez une casserole lourde, l'\u00e9vier ne se plaint pas. C'est un mat\u00e9riau honn\u00eate qui vous permet de faire confiance \u00e0 l'objet que vous utilisez quotidiennement.<\/p>\n<p><img decoding=\"async\" class=\"size-medium wp-image-570\" src=\"https:\/\/jsd-sinks.com\/wp-content\/uploads\/2025\/11\/drop-in-apron-sink-1-300x300.jpg\" alt=\"\u00e9vier \u00e0 tablier \u00e0 poser\" width=\"300\" height=\"300\" title=\"\" srcset=\"https:\/\/jsd-sinks.com\/wp-content\/uploads\/2025\/11\/drop-in-apron-sink-1-300x300.jpg 300w, https:\/\/jsd-sinks.com\/wp-content\/uploads\/2025\/11\/drop-in-apron-sink-1-100x100.jpg 100w, https:\/\/jsd-sinks.com\/wp-content\/uploads\/2025\/11\/drop-in-apron-sink-1-600x600.jpg 600w, https:\/\/jsd-sinks.com\/wp-content\/uploads\/2025\/11\/drop-in-apron-sink-1-500x500.jpg 500w, https:\/\/jsd-sinks.com\/wp-content\/uploads\/2025\/11\/drop-in-apron-sink-1-150x150.jpg 150w, https:\/\/jsd-sinks.com\/wp-content\/uploads\/2025\/11\/drop-in-apron-sink-1-768x768.jpg 768w, https:\/\/jsd-sinks.com\/wp-content\/uploads\/2025\/11\/drop-in-apron-sink-1-12x12.jpg 12w, https:\/\/jsd-sinks.com\/wp-content\/uploads\/2025\/11\/drop-in-apron-sink-1.jpg 800w\" sizes=\"(max-width: 300px) 100vw, 300px\" \/><\/p>\n<h3>Cuvette profonde de 230 mm avec coins arrondis<\/h3>\n<p><strong>Une capacit\u00e9 profonde et pratique qui permet de contenir les \u00e9claboussures.<\/strong><br \/>\nAvec une profondeur de 230 mm, vous pouvez ranger les grandes casseroles et les plaques de cuisson sans avoir \u00e0 les incliner. Les coins arrondis permettent de nettoyer correctement, sans avoir \u00e0 frotter dans des plis \u00e9troits et inutiles. C'est l'un de ces d\u00e9tails qui am\u00e9liorent discr\u00e8tement les nettoyages de fin de soir\u00e9e.<\/p>\n<h3>Rainures de drainage en forme de X et l\u00e9g\u00e8re pente<\/h3>\n<p><strong>Des canaux subtils qui permettent \u00e0 l'eau de circuler et non de s'accumuler.<\/strong><br \/>\nLa cuvette pr\u00e9sente une pente douce et des rainures en X qui poussent l'eau vers l'\u00e9gout. Moins d'eau stagnante, moins d'essuyage, moins de flaques g\u00eanantes. Ce n'est pas tape-\u00e0-l'\u0153il ; c'est fonctionnel, comme on ne le remarque que lorsqu'il manque.<\/p>\n<h3>Finitions et cache-drain d\u00e9coratif<\/h3>\n<p><strong>Brushed, Nano Black, ou Gun Grey - et une couverture qui vous aide \u00e0 vous pr\u00e9parer.<\/strong><br \/>\nChoisissez une finition qui correspond \u00e0 l'ambiance de votre cuisine. Le couvercle de vidange en acier inoxydable permet d'am\u00e9liorer l'aspect de la cuisine et sert \u00e9galement de petite zone de rangement lorsque vous \u00eates en pleine pr\u00e9paration : une cuill\u00e8re, un quartier de citron, un petit bol. Utile, pas gadget.<\/p>\n<h3>Soutenu par la R&amp;D et un service apr\u00e8s-vente \u00e0 vie<\/h3>\n<p><strong>Un produit r\u00e9fl\u00e9chi avec des personnes derri\u00e8re lui.<\/strong><br \/>\nCet \u00e9vier a \u00e9t\u00e9 test\u00e9 et perfectionn\u00e9, et il y a une \u00e9quipe \u00e0 appeler en cas de probl\u00e8me. L'assistance \u00e0 vie n'est pas seulement un slogan - c'est l'assurance que cet \u00e9vier est destin\u00e9 \u00e0 faire partie de votre cuisine pendant des ann\u00e9es, et non pas une tendance saisonni\u00e8re.<\/p>","protected":false},"excerpt":{"rendered":"<p>D\u00e9couvrez la fusion parfaite du charme de la ferme et de la fonctionnalit\u00e9 moderne avec notre \u00e9vier \u00e0 tablier. Dot\u00e9 d'une cuve spacieuse de 860 x 432 mm et d'une profondeur de 230 mm, cet \u00e9vier comprend un rebord pratique pour les accessoires coulissants. Les coins arrondis, les rainures d'\u00e9coulement en X et les multiples options de finition haut de gamme cr\u00e9ent une pi\u00e8ce ma\u00eetresse \u00e9l\u00e9gante et hautement fonctionnelle pour votre cuisine, soutenue par un service d'assistance \u00e0 la client\u00e8le \u00e0 vie.<\/p>\n<p>Mod\u00e8le : APWS3620<br \/>\nDimensions externes : 911X514MM<br \/>\nDimensions internes : 860X432MM<br \/>\nProfondeur : 230MM<br \/>\nMat\u00e9riau : SUS201\/SUS304\/SUS316<br \/>\n\u00c9paisseur : 0,95\/1,05\/1,15\/1,35MM\/personnalisable<br \/>\nFinition de la surface : Brush\/Nano Black\/Matte Black\/Gun Grey\/Gold<br \/>\nEmballage individuel : 961X564X290MM<br \/>\nPoids net : 12KG<br \/>\nPoids brut : 13,5 kg<br \/>\nMOQ : 5-10PCS<\/p>","protected":false},"featured_media":1224,"template":"","meta":{"_gspb_post_css":""},"product_brand":[],"product_cat":[17],"product_tag":[38],"class_list":{"0":"post-569","1":"product","2":"type-product","3":"status-publish","4":"has-post-thumbnail","6":"product_cat-apron-sink","7":"product_tag-workstation-sink-apron-front-sink-deep-basin-design","9":"first","10":"instock","11":"shipping-taxable","12":"product-type-simple"},"_links":{"self":[{"href":"https:\/\/jsd-sinks.com\/fr\/wp-json\/wp\/v2\/product\/569","targetHints":{"allow":["GET"]}}],"collection":[{"href":"https:\/\/jsd-sinks.com\/fr\/wp-json\/wp\/v2\/product"}],"about":[{"href":"https:\/\/jsd-sinks.com\/fr\/wp-json\/wp\/v2\/types\/product"}],"wp:featuredmedia":[{"embeddable":true,"href":"https:\/\/jsd-sinks.com\/fr\/wp-json\/wp\/v2\/media\/1224"}],"wp:attachment":[{"href":"https:\/\/jsd-sinks.com\/fr\/wp-json\/wp\/v2\/media?parent=569"}],"wp:term":[{"taxonomy":"product_brand","embeddable":true,"href":"https:\/\/jsd-sinks.com\/fr\/wp-json\/wp\/v2\/product_brand?post=569"},{"taxonomy":"product_cat","embeddable":true,"href":"https:\/\/jsd-sinks.com\/fr\/wp-json\/wp\/v2\/product_cat?post=569"},{"taxonomy":"product_tag","embeddable":true,"href":"https:\/\/jsd-sinks.com\/fr\/wp-json\/wp\/v2\/product_tag?post=569"}],"curies":[{"name":"wp","href":"https:\/\/api.w.org\/{rel}","templated":true}]}}