{"id":560,"date":"2025-11-28T07:30:31","date_gmt":"2025-11-28T07:30:31","guid":{"rendered":"https:\/\/jsd-sinks.com\/?post_type=product&#038;p=560"},"modified":"2025-12-10T03:15:09","modified_gmt":"2025-12-10T03:15:09","slug":"32-inch-farmhouse-sink-with-built-in-accessory-ledge","status":"publish","type":"product","link":"https:\/\/jsd-sinks.com\/fr\/32-inch-farmhouse-sink-with-built-in-accessory-ledge\/","title":{"rendered":"32 Inch Farmhouse Sink with Built-In Accessory Ledge APWS3321"},"content":{"rendered":"<h2 data-start=\"357\" data-end=\"383\">32 Inch Farmhouse Sink<\/h2>\n<p data-start=\"384\" data-end=\"778\"><strong data-start=\"384\" data-end=\"450\">Un centre de table douillet et utile qui facilite la cuisine.<\/strong><br data-start=\"450\" data-end=\"453\" \/>Vous connaissez l'aspect chaleureux d'un \u00e9vier \u00e0 tablier ? Cet \u00e9vier conserve ce confort, mais ne g\u00eane pas. Il est suffisamment grand pour qu'on puisse y d\u00e9poser une r\u00f4tissoire sans avoir \u00e0 se d\u00e9battre. Il reste l\u00e0, stable - plus fiable que tape-\u00e0-l'\u0153il - et apr\u00e8s quelques utilisations, vous commencez \u00e0 prendre pour acquis le fait qu'il y a moins de d\u00e9sordre sur le comptoir.<\/p>\n<h3 data-start=\"780\" data-end=\"812\">Rebord de poste de travail int\u00e9gr\u00e9<\/h3>\n<p data-start=\"813\" data-end=\"1162\"><strong data-start=\"813\" data-end=\"874\">Un petit rebord qui transforme l'\u00e9vier en un v\u00e9ritable espace de pr\u00e9paration.<\/strong><br data-start=\"874\" data-end=\"877\" \/>Ce rebord est le genre de petite chose qui ne vous manque pas tant que vous ne l'avez pas. Glissez une planche, perchez un \u00e9gouttoir \u00e0 vaisselle, posez un bol pendant que vous rincez - tout reste au m\u00eame endroit. Cela \u00e9vite les allers-retours sur le plan de travail. Lorsque vous \u00eates en train de pr\u00e9parer une recette, ces secondes gagn\u00e9es vous paraissent \u00e9normes.<\/p>\n<h3 data-start=\"1164\" data-end=\"1193\">Options SUS304 et SUS316<\/h3>\n<p data-start=\"1194\" data-end=\"1536\"><strong data-start=\"1194\" data-end=\"1249\">Choisissez l'acier qui correspond aux besoins de votre cuisine.<\/strong><br data-start=\"1249\" data-end=\"1252\" \/>Choisissez 304 si vous voulez des performances quotidiennes solides. Choisissez 316 si vous voulez une protection suppl\u00e9mentaire contre la corrosion (pensez aux maisons c\u00f4ti\u00e8res, \u00e0 l'utilisation intensive). Les deux mat\u00e9riaux sont honn\u00eates et lourds ; ils ne fl\u00e9chissent pas sous une casserole lourde. C'est le genre de mat\u00e9riau qui vous permet de ne plus vous soucier des petites bosses ou de l'usure rapide.<\/p>\n<h3 data-start=\"1538\" data-end=\"1579\">Cuvette profonde de 230 mm avec coins arrondis<\/h3>\n<p data-start=\"1580\" data-end=\"1890\"><strong data-start=\"1580\" data-end=\"1635\">Un espace profond et pratique qui permet de contr\u00f4ler les \u00e9claboussures.<\/strong><br data-start=\"1635\" data-end=\"1638\" \/>Avec une profondeur de 230 mm, vous pouvez empiler des casseroles ou faire tremper un grand plat sans faire de d\u00e9g\u00e2ts. Les coins arrondis sont des h\u00e9ros discrets : ils vous permettent de nettoyer correctement. Pas de salet\u00e9 inaccessible. De petites commodit\u00e9s, certes, mais qui rendent les nettoyages nocturnes moins ennuyeux.<\/p>\n<p><img decoding=\"async\" class=\"size-medium wp-image-1179\" src=\"https:\/\/jsd-sinks.com\/wp-content\/uploads\/2025\/11\/32-inch-farmhouse-sink-5-1-300x300.jpg\" alt=\"32 Inch Farmhouse Sink\" width=\"300\" height=\"300\" title=\"\" srcset=\"https:\/\/jsd-sinks.com\/wp-content\/uploads\/2025\/11\/32-inch-farmhouse-sink-5-1-300x300.jpg 300w, https:\/\/jsd-sinks.com\/wp-content\/uploads\/2025\/11\/32-inch-farmhouse-sink-5-1-100x100.jpg 100w, https:\/\/jsd-sinks.com\/wp-content\/uploads\/2025\/11\/32-inch-farmhouse-sink-5-1-600x600.jpg 600w, https:\/\/jsd-sinks.com\/wp-content\/uploads\/2025\/11\/32-inch-farmhouse-sink-5-1-500x500.jpg 500w, https:\/\/jsd-sinks.com\/wp-content\/uploads\/2025\/11\/32-inch-farmhouse-sink-5-1-150x150.jpg 150w, https:\/\/jsd-sinks.com\/wp-content\/uploads\/2025\/11\/32-inch-farmhouse-sink-5-1-768x768.jpg 768w, https:\/\/jsd-sinks.com\/wp-content\/uploads\/2025\/11\/32-inch-farmhouse-sink-5-1-12x12.jpg 12w, https:\/\/jsd-sinks.com\/wp-content\/uploads\/2025\/11\/32-inch-farmhouse-sink-5-1.jpg 800w\" sizes=\"(max-width: 300px) 100vw, 300px\" \/><\/p>\n<h3 data-start=\"1892\" data-end=\"1928\">Rainures en X et l\u00e9g\u00e8re pente<\/h3>\n<p data-start=\"1929\" data-end=\"2213\"><strong data-start=\"1929\" data-end=\"1978\">Une conception subtile qui aide l'eau \u00e0 se d\u00e9placer, et non \u00e0 s'asseoir.<\/strong><br data-start=\"1978\" data-end=\"1981\" \/>Le fond est l\u00e9g\u00e8rement inclin\u00e9 et les rainures en X poussent l'eau vers l'\u00e9gout au lieu de la laisser tra\u00eener dans les coins. Cela signifie moins d'essuyage, moins de risque de moisissure et moins de moments \u201cugh\u201d apr\u00e8s la cuisson. Il s'agit d'un produit bien pens\u00e9 sans \u00eatre tape-\u00e0-l'\u0153il.<\/p>\n<h3 data-start=\"2215\" data-end=\"2254\">Finitions et cache-drain d\u00e9coratif<\/h3>\n<p data-start=\"2255\" data-end=\"2595\"><strong data-start=\"2255\" data-end=\"2322\">Bross\u00e9, Nano Black ou Gun Grey - Avec un couvercle pratique pour la pr\u00e9paration.<\/strong><br data-start=\"2322\" data-end=\"2325\" \/>Choisissez une finition qui s'harmonise avec votre style. Le couvercle d\u00e9coratif de la bonde permet d'assainir l'ensemble et sert \u00e9galement de petite zone de mise en sc\u00e8ne - d\u00e9posez-y une cuill\u00e8re, un citron, un brin d'herbe pendant que vous travaillez. C'est le genre de petite chose utile qui cesse de ressembler \u00e0 un gadget apr\u00e8s le premier repas.<\/p>\n<h3 data-start=\"2597\" data-end=\"2635\">Garantie par la R&amp;D et le service \u00e0 vie<\/h3>\n<p data-start=\"2636\" data-end=\"2953\"><strong data-start=\"2636\" data-end=\"2691\">Un produit avec des personnes derri\u00e8re lui - pas seulement une photo.<\/strong><br data-start=\"2691\" data-end=\"2694\" \/>Cet \u00e9vier a \u00e9t\u00e9 test\u00e9 et perfectionn\u00e9, et il y a une \u00e9quipe que vous pouvez appeler si vous avez besoin d'aide. L'assistance apr\u00e8s-vente \u00e0 vie n'est pas seulement une ligne sur une fiche technique, c'est la tranquillit\u00e9 d'esprit. Vous l'achetez une fois, vous l'utilisez pendant des ann\u00e9es et il devient tranquillement un \u00e9l\u00e9ment de votre cuisine.<\/p>","protected":false},"excerpt":{"rendered":"<p>D\u00e9couvrez le m\u00e9lange parfait de charme rustique et de fonctionnalit\u00e9 moderne avec notre \u00e9vier de ferme de 32 pouces. Dot\u00e9 d'un rebord int\u00e9gr\u00e9 unique pour les accessoires coulissants, ce bassin profond de 230 mm offre un espace exceptionnel pour toutes les t\u00e2ches de la cuisine. Fabriqu\u00e9 en acier inoxydable de premi\u00e8re qualit\u00e9, avec des coins arrondis faciles \u00e0 nettoyer et des rainures d'\u00e9vacuation en forme de X, cet \u00e9vier allie un design pratique \u00e0 l'attrait intemporel de la ferme pour transformer l'espace de travail de votre cuisine.<\/p>\n<p>Mod\u00e8le : APWS3321<br \/>\nDimensions externes : 838X533MM<br \/>\nDimensions internes : 787X431MM<br \/>\nProfondeur : 230MM<br \/>\nMat\u00e9riau : SUS201\/SUS304\/SUS316<br \/>\n\u00c9paisseur : 0,95\/1,05\/1,15\/1,35MM\/personnalisable<br \/>\nFinition de la surface : Brush\/Nano Black\/Matte Black\/Gun Grey\/Gold<br \/>\nEmballage individuel : 928X583X290MM<br \/>\nPoids net : 11KG<br \/>\nPoids brut : 13KG<br \/>\nMOQ : 5-10PCS<\/p>","protected":false},"featured_media":1178,"template":"","meta":{"_gspb_post_css":""},"product_brand":[],"product_cat":[17],"product_tag":[37],"class_list":{"0":"post-560","1":"product","2":"type-product","3":"status-publish","4":"has-post-thumbnail","6":"product_cat-apron-sink","7":"product_tag-workstation-sink-farmhouse-kitchen-sink-deep-basin-design","9":"first","10":"instock","11":"shipping-taxable","12":"product-type-simple"},"_links":{"self":[{"href":"https:\/\/jsd-sinks.com\/fr\/wp-json\/wp\/v2\/product\/560","targetHints":{"allow":["GET"]}}],"collection":[{"href":"https:\/\/jsd-sinks.com\/fr\/wp-json\/wp\/v2\/product"}],"about":[{"href":"https:\/\/jsd-sinks.com\/fr\/wp-json\/wp\/v2\/types\/product"}],"wp:featuredmedia":[{"embeddable":true,"href":"https:\/\/jsd-sinks.com\/fr\/wp-json\/wp\/v2\/media\/1178"}],"wp:attachment":[{"href":"https:\/\/jsd-sinks.com\/fr\/wp-json\/wp\/v2\/media?parent=560"}],"wp:term":[{"taxonomy":"product_brand","embeddable":true,"href":"https:\/\/jsd-sinks.com\/fr\/wp-json\/wp\/v2\/product_brand?post=560"},{"taxonomy":"product_cat","embeddable":true,"href":"https:\/\/jsd-sinks.com\/fr\/wp-json\/wp\/v2\/product_cat?post=560"},{"taxonomy":"product_tag","embeddable":true,"href":"https:\/\/jsd-sinks.com\/fr\/wp-json\/wp\/v2\/product_tag?post=560"}],"curies":[{"name":"wp","href":"https:\/\/api.w.org\/{rel}","templated":true}]}}