{"id":515,"date":"2025-11-28T02:20:54","date_gmt":"2025-11-28T02:20:54","guid":{"rendered":"https:\/\/jsd-sinks.com\/?post_type=product&#038;p=515"},"modified":"2025-12-11T08:53:10","modified_gmt":"2025-12-11T08:53:10","slug":"304-antibacterial-kitchen-sink-with-waterfall-drain","status":"publish","type":"product","link":"https:\/\/jsd-sinks.com\/fr\/304-antibacterial-kitchen-sink-with-waterfall-drain\/","title":{"rendered":"304 \u00c9vier de cuisine antibact\u00e9rien avec vidange en cascade JSD005"},"content":{"rendered":"<h2 data-start=\"404\" data-end=\"427\">\u00c9vier de cuisine moderne<\/h2>\n<p data-start=\"428\" data-end=\"786\"><strong data-start=\"428\" data-end=\"489\">Une am\u00e9lioration pratique qui facilite la cuisine au quotidien.<\/strong><br data-start=\"489\" data-end=\"492\" \/>Il est \u00e9trange qu'une chose aussi simple qu'un \u00e9vier puisse changer l'atmosph\u00e8re de votre cuisine, mais celui-ci le fait en quelque sorte. Pas d'une mani\u00e8re spectaculaire, en repensant toute la maison, mais plut\u00f4t en se disant : \u201cOh, cela rend ma journ\u00e9e plus facile\u201d. Vous le remarquerez lorsque vous pr\u00e9parerez le d\u00eener et que vous aurez soudain de l'espace pour respirer.<\/p>\n<h3 data-start=\"788\" data-end=\"829\">Mat\u00e9riau de premi\u00e8re qualit\u00e9 et surface hygi\u00e9nique<\/h3>\n<p data-start=\"830\" data-end=\"1214\"><strong data-start=\"830\" data-end=\"901\">Acier inoxydable 304 durable avec rev\u00eatement protecteur de longue dur\u00e9e.<\/strong><br data-start=\"901\" data-end=\"904\" \/>L'\u00e9vier est fabriqu\u00e9 en acier inoxydable 304 massif, un acier dont on sait imm\u00e9diatement qu'il n'est pas fragile. Il est recouvert d'un rev\u00eatement qui favorise l'hygi\u00e8ne : lorsque vous l'essuyez, il reste propre au lieu de s'\u00e9taler ou de faire des taches. C'est simple, rien de tape-\u00e0-l'\u0153il, mais cela donne \u00e0 la cuisine un aspect plus propre sans en faire trop.<\/p>\n<p><img decoding=\"async\" class=\"size-medium wp-image-1167\" src=\"https:\/\/jsd-sinks.com\/wp-content\/uploads\/2025\/11\/kitchen-sink-with-waterfall-5-1-300x300.jpg\" alt=\"\u00c9vier de cuisine moderne\" width=\"300\" height=\"300\" title=\"\" srcset=\"https:\/\/jsd-sinks.com\/wp-content\/uploads\/2025\/11\/kitchen-sink-with-waterfall-5-1-300x300.jpg 300w, https:\/\/jsd-sinks.com\/wp-content\/uploads\/2025\/11\/kitchen-sink-with-waterfall-5-1-100x100.jpg 100w, https:\/\/jsd-sinks.com\/wp-content\/uploads\/2025\/11\/kitchen-sink-with-waterfall-5-1-600x600.jpg 600w, https:\/\/jsd-sinks.com\/wp-content\/uploads\/2025\/11\/kitchen-sink-with-waterfall-5-1-500x500.jpg 500w, https:\/\/jsd-sinks.com\/wp-content\/uploads\/2025\/11\/kitchen-sink-with-waterfall-5-1-150x150.jpg 150w, https:\/\/jsd-sinks.com\/wp-content\/uploads\/2025\/11\/kitchen-sink-with-waterfall-5-1-768x768.jpg 768w, https:\/\/jsd-sinks.com\/wp-content\/uploads\/2025\/11\/kitchen-sink-with-waterfall-5-1-12x12.jpg 12w, https:\/\/jsd-sinks.com\/wp-content\/uploads\/2025\/11\/kitchen-sink-with-waterfall-5-1.jpg 800w\" sizes=\"(max-width: 300px) 100vw, 300px\" \/><\/p>\n<h3 data-start=\"1216\" data-end=\"1264\">Drainage en cascade int\u00e9gr\u00e9 et tableau mobile<\/h3>\n<p data-start=\"1265\" data-end=\"1780\"><strong data-start=\"1265\" data-end=\"1345\">Un syst\u00e8me coulissant \u00e0 deux couches qui vous permet de laver, d'\u00e9goutter et de pr\u00e9parer en un seul endroit.<\/strong><br data-start=\"1345\" data-end=\"1348\" \/>La partie la plus remarquable est la conception coulissante. Le bac d'\u00e9gouttage et la planche \u00e0 d\u00e9couper se d\u00e9placent le long de l'\u00e9vier et, honn\u00eatement, cela permet de gagner une quantit\u00e9 surprenante d'espace. Vous lavez les l\u00e9gumes, ils s'\u00e9gouttent l\u00e0 et vous n'avez plus qu'\u00e0 faire glisser la planche pour commencer \u00e0 hacher. Pas d'\u00e9gouttement sur le plan de travail, pas de bols suppl\u00e9mentaires qui tra\u00eenent. Tout est l\u00e0 o\u00f9 vous en avez besoin, ce qui est pratique, d'une mani\u00e8re que vous ne remarquez que lorsqu'il n'y en a plus.<\/p>\n<h3 data-start=\"1782\" data-end=\"1811\">Capacit\u00e9 du bassin profond de 220 mm<\/h3>\n<p data-start=\"1812\" data-end=\"2222\"><strong data-start=\"1812\" data-end=\"1891\">Espace suppl\u00e9mentaire pour les grandes casseroles et la vaisselle de tous les jours sans \u00e9claboussures.<\/strong><br data-start=\"1891\" data-end=\"1894\" \/>La profondeur de 220 mm est l'une de ces choses auxquelles on ne pense pas tant qu'on ne l'a pas. Les grandes casseroles y trouvent leur place. Les piles de vaisselle n'envahissent pas le comptoir. L'eau reste \u00e0 l'int\u00e9rieur de l'\u00e9vier au lieu d'\u00e9clabousser vos v\u00eatements. Il est \u00e9galement bien construit - chaque pi\u00e8ce est v\u00e9rifi\u00e9e pour qu'il r\u00e9siste \u00e0 une utilisation quotidienne r\u00e9elle, et pas seulement aux photos de la salle d'exposition.<\/p>\n<h3 data-start=\"2224\" data-end=\"2258\">Un poste de travail complet dans la cuisine<\/h3>\n<p data-start=\"2259\" data-end=\"2626\"><strong data-start=\"2259\" data-end=\"2326\">Une petite installation qui permet de garder les choses organis\u00e9es et sans stress.<\/strong><br data-start=\"2326\" data-end=\"2329\" \/>En fin de compte, cet \u00e9vier fonctionne davantage comme un poste de travail compact que comme une cuvette classique. Lavage, \u00e9gouttage, pr\u00e9paration - tout se passe au m\u00eame endroit, et vos comptoirs restent sensiblement plus propres. Il \u00e9limine un peu le chaos de la cuisine et rend l'ensemble du processus plus calme et plus facile \u00e0 g\u00e9rer.<\/p>","protected":false},"excerpt":{"rendered":"<p>Am\u00e9liorez votre cuisine avec notre \u00e9l\u00e9gant \u00e9vier en acier inoxydable 304. Notre \u00e9vier de cuisine avec cascade est dot\u00e9 d'une \u00e9vacuation unique en cascade et d'une planche \u00e0 d\u00e9couper mobile, ce qui permet de maximiser l'espace et l'efficacit\u00e9. La conception profonde et antibact\u00e9rienne vous permet de laver, d'\u00e9goutter et de pr\u00e9parer les aliments de mani\u00e8re transparente, ce qui rend les op\u00e9rations de cuisine plus rapides et mieux organis\u00e9es. Un m\u00e9lange parfait de haute texture, de fonctionnalit\u00e9 et de style avanc\u00e9.<\/p>","protected":false},"featured_media":1192,"template":"","meta":{"_gspb_post_css":""},"product_brand":[],"product_cat":[16],"product_tag":[32],"class_list":{"0":"post-515","1":"product","2":"type-product","3":"status-publish","4":"has-post-thumbnail","6":"product_cat-waterfall-sink","7":"product_tag-waterfall-kitchen-sink-movable-chopping-board-antibacterial-sink","9":"first","10":"instock","11":"shipping-taxable","12":"product-type-simple"},"_links":{"self":[{"href":"https:\/\/jsd-sinks.com\/fr\/wp-json\/wp\/v2\/product\/515","targetHints":{"allow":["GET"]}}],"collection":[{"href":"https:\/\/jsd-sinks.com\/fr\/wp-json\/wp\/v2\/product"}],"about":[{"href":"https:\/\/jsd-sinks.com\/fr\/wp-json\/wp\/v2\/types\/product"}],"wp:featuredmedia":[{"embeddable":true,"href":"https:\/\/jsd-sinks.com\/fr\/wp-json\/wp\/v2\/media\/1192"}],"wp:attachment":[{"href":"https:\/\/jsd-sinks.com\/fr\/wp-json\/wp\/v2\/media?parent=515"}],"wp:term":[{"taxonomy":"product_brand","embeddable":true,"href":"https:\/\/jsd-sinks.com\/fr\/wp-json\/wp\/v2\/product_brand?post=515"},{"taxonomy":"product_cat","embeddable":true,"href":"https:\/\/jsd-sinks.com\/fr\/wp-json\/wp\/v2\/product_cat?post=515"},{"taxonomy":"product_tag","embeddable":true,"href":"https:\/\/jsd-sinks.com\/fr\/wp-json\/wp\/v2\/product_tag?post=515"}],"curies":[{"name":"wp","href":"https:\/\/api.w.org\/{rel}","templated":true}]}}