{"id":508,"date":"2025-11-28T02:01:13","date_gmt":"2025-11-28T02:01:13","guid":{"rendered":"https:\/\/jsd-sinks.com\/?post_type=product&#038;p=508"},"modified":"2025-12-13T03:41:48","modified_gmt":"2025-12-13T03:41:48","slug":"the-smart-organized-waterfall-kitchen-sink","status":"publish","type":"product","link":"https:\/\/jsd-sinks.com\/fr\/the-smart-organized-waterfall-kitchen-sink\/","title":{"rendered":"L'\u00e9vier en cascade intelligent et organis\u00e9 JSD004"},"content":{"rendered":"<h2 data-start=\"307\" data-end=\"348\">Bienvenue \u00e0 l'\u00e9vier en cascade<\/h2>\n<p data-start=\"349\" data-end=\"719\"><strong data-start=\"349\" data-end=\"399\">L\u00e0 o\u00f9 le beau design rencontre le confort quotidien.<\/strong><br data-start=\"399\" data-end=\"402\" \/>Entrez dans une cuisine plus calme, plus douce et plus intentionnelle. L'\u00e9vier de cuisine Waterfall n'est pas seulement un endroit o\u00f9 faire la vaisselle - c'est une pi\u00e8ce ma\u00eetresse qui change la fa\u00e7on dont vous vous d\u00e9placez, cuisinez et vous d\u00e9tendez dans votre espace. Chaque courbe, finition et caract\u00e9ristique est con\u00e7ue pour all\u00e9ger les t\u00e2ches quotidiennes et les rendre \u00e9tonnamment agr\u00e9ables.<\/p>\n<h3 data-start=\"721\" data-end=\"755\">Conception et durabilit\u00e9 sup\u00e9rieures<\/h3>\n<p data-start=\"756\" data-end=\"1190\"><strong data-start=\"756\" data-end=\"822\">Une surface bien con\u00e7ue qui reste belle au fil du temps.<\/strong><br data-start=\"822\" data-end=\"825\" \/>Le rev\u00eatement nano nid d'abeille am\u00e9lior\u00e9 conf\u00e8re \u00e0 cet \u00e9vier une pr\u00e9sence profonde et \u00e9l\u00e9gante, mais sa beaut\u00e9 va bien au-del\u00e0 de l'apparence. Il forme une barri\u00e8re protectrice qui r\u00e9siste aux rayures, aux taches et aux empreintes digitales des journ\u00e9es bien remplies. L'huile et l'eau glissent au lieu de s'accrocher, de sorte que la propret\u00e9 de la surface devient une habitude simple, presque sans effort - il suffit souvent d'un simple coup de chiffon.<\/p>\n<p><img decoding=\"async\" class=\"size-medium wp-image-511\" src=\"https:\/\/jsd-sinks.com\/wp-content\/uploads\/2025\/11\/waterfall-kitchen-sink-1-300x300.jpg\" alt=\"\u00e9vier de cuisine en cascade\" width=\"300\" height=\"300\" title=\"\" srcset=\"https:\/\/jsd-sinks.com\/wp-content\/uploads\/2025\/11\/waterfall-kitchen-sink-1-300x300.jpg 300w, https:\/\/jsd-sinks.com\/wp-content\/uploads\/2025\/11\/waterfall-kitchen-sink-1-100x100.jpg 100w, https:\/\/jsd-sinks.com\/wp-content\/uploads\/2025\/11\/waterfall-kitchen-sink-1-600x600.jpg 600w, https:\/\/jsd-sinks.com\/wp-content\/uploads\/2025\/11\/waterfall-kitchen-sink-1-500x500.jpg 500w, https:\/\/jsd-sinks.com\/wp-content\/uploads\/2025\/11\/waterfall-kitchen-sink-1-150x150.jpg 150w, https:\/\/jsd-sinks.com\/wp-content\/uploads\/2025\/11\/waterfall-kitchen-sink-1-768x768.jpg 768w, https:\/\/jsd-sinks.com\/wp-content\/uploads\/2025\/11\/waterfall-kitchen-sink-1-12x12.jpg 12w, https:\/\/jsd-sinks.com\/wp-content\/uploads\/2025\/11\/waterfall-kitchen-sink-1.jpg 800w\" sizes=\"(max-width: 300px) 100vw, 300px\" \/><\/p>\n<h3 data-start=\"1192\" data-end=\"1237\">Accessoires multifonctionnels in\u00e9gal\u00e9s<\/h3>\n<p data-start=\"1238\" data-end=\"1911\"><strong data-start=\"1238\" data-end=\"1292\">Des outils qui s'adaptent \u00e0 vous, et non l'inverse.<\/strong><br data-start=\"1292\" data-end=\"1295\" \/>Chaque accessoire de cet ensemble a \u00e9t\u00e9 choisi en tenant compte des rythmes quotidiens r\u00e9els. Le bloc \u00e0 couteaux amovible et lavable garde vos outils les plus utilis\u00e9s en s\u00e9curit\u00e9, organis\u00e9s et toujours \u00e0 port\u00e9e de main. L'\u00e9vier mobile et la planche \u00e0 d\u00e9couper int\u00e9gr\u00e9e se d\u00e9placent sans effort au fur et \u00e0 mesure que vous vous pr\u00e9parez, de sorte que vous ne travaillez jamais \u00e0 l'encontre de la disposition des lieux. M\u00eame l'\u00e9gouttoir et le syst\u00e8me d'\u00e9vacuation des eaux apportent un sentiment de calme et d'ordre \u00e0 la vaisselle.<br data-start=\"1679\" data-end=\"1682\" \/>Le panneau de commande \u00e0 touches de piano, associ\u00e9 \u00e0 un affichage num\u00e9rique intuitif, ajoute une touche de sophistication discr\u00e8te. R\u00e9gler le d\u00e9bit et la temp\u00e9rature de l'eau, c'est un peu comme jouer d'un instrument : en douceur, avec pr\u00e9cision et avec une grande satisfaction.<\/p>\n<h3 data-start=\"1913\" data-end=\"1944\">Exp\u00e9rience intelligente int\u00e9gr\u00e9e<\/h3>\n<p data-start=\"1945\" data-end=\"2390\"><strong data-start=\"1945\" data-end=\"2010\">Un m\u00e9lange harmonieux de commodit\u00e9 moderne et de d\u00e9bit d'eau doux.<\/strong><br data-start=\"2010\" data-end=\"2013\" \/>Cet \u00e9vier ne se contente pas d'inclure des accessoires, il les associe de mani\u00e8re naturelle. Le robinet \u00e0 tirette, le robinet d\u00e9di\u00e9 au purificateur d'eau et le puissant rince-tasses fonctionnent tous en harmonie. Et le jet d'eau en cascade... large, doux et r\u00e9gulier, il lave les aliments et les ustensiles de cuisine sans \u00e9claboussures ni agressivit\u00e9. Il ressemble davantage \u00e0 un ruisseau calme qu'\u00e0 un jet d'\u00e9vier classique.<\/p>\n<h3 data-start=\"2392\" data-end=\"2426\">Un poste de travail complet dans la cuisine<\/h3>\n<p data-start=\"2427\" data-end=\"2933\"><strong data-start=\"2427\" data-end=\"2502\">Con\u00e7u pour soutenir votre cuisine, votre cr\u00e9ativit\u00e9 et votre vie quotidienne.<\/strong><br data-start=\"2502\" data-end=\"2505\" \/>Cet \u00e9vier en cascade transforme votre comptoir en un espace de travail flexible et inspirant. Sa structure intelligente et son ensemble complet d'outils vous aident \u00e0 rester organis\u00e9, \u00e0 gagner du temps et \u00e0 vous concentrer sur ce qui compte vraiment, qu'il s'agisse de pr\u00e9parer un repas pour vos proches ou simplement de profiter d'un moment de calme dans votre cuisine.<br data-start=\"2801\" data-end=\"2804\" \/>C'est plus qu'un produit. C'est un compagnon quotidien qui apporte facilit\u00e9, beaut\u00e9 et un petit sens du luxe au c\u0153ur de votre maison.<\/p>","protected":false},"excerpt":{"rendered":"<p>D\u00e9couvrez le design r\u00e9volutionnaire de l'\u00e9vier Waterfall ! Rev\u00eatement nano nid d'abeille am\u00e9lior\u00e9 pour une meilleure r\u00e9sistance aux rayures et aux taches. Comprend un bloc \u00e0 couteaux amovible, un affichage num\u00e9rique \u00e0 touches piano, un \u00e9vier et un \u00e9gouttoir mobiles. Int\u00e9gr\u00e9 \u00e0 un purificateur d'eau, \u00e0 un autocuiseur et \u00e0 un robinet \u00e0 tirette, il r\u00e9pond \u00e0 tous vos besoins en mati\u00e8re de cuisine. Le syst\u00e8me de drainage intelligent facilite le nettoyage et le rend \u00e9l\u00e9gant, red\u00e9finissant ainsi l'espace de votre cuisine.<\/p>","protected":false},"featured_media":509,"template":"","meta":{"_gspb_post_css":""},"product_brand":[],"product_cat":[16],"product_tag":[31],"class_list":{"0":"post-508","1":"product","2":"type-product","3":"status-publish","4":"has-post-thumbnail","6":"product_cat-waterfall-sink","7":"product_tag-waterfall-kitchen-sink-nano-coated-sink-complete-sink-package","9":"first","10":"instock","11":"shipping-taxable","12":"product-type-simple"},"_links":{"self":[{"href":"https:\/\/jsd-sinks.com\/fr\/wp-json\/wp\/v2\/product\/508","targetHints":{"allow":["GET"]}}],"collection":[{"href":"https:\/\/jsd-sinks.com\/fr\/wp-json\/wp\/v2\/product"}],"about":[{"href":"https:\/\/jsd-sinks.com\/fr\/wp-json\/wp\/v2\/types\/product"}],"wp:featuredmedia":[{"embeddable":true,"href":"https:\/\/jsd-sinks.com\/fr\/wp-json\/wp\/v2\/media\/509"}],"wp:attachment":[{"href":"https:\/\/jsd-sinks.com\/fr\/wp-json\/wp\/v2\/media?parent=508"}],"wp:term":[{"taxonomy":"product_brand","embeddable":true,"href":"https:\/\/jsd-sinks.com\/fr\/wp-json\/wp\/v2\/product_brand?post=508"},{"taxonomy":"product_cat","embeddable":true,"href":"https:\/\/jsd-sinks.com\/fr\/wp-json\/wp\/v2\/product_cat?post=508"},{"taxonomy":"product_tag","embeddable":true,"href":"https:\/\/jsd-sinks.com\/fr\/wp-json\/wp\/v2\/product_tag?post=508"}],"curies":[{"name":"wp","href":"https:\/\/api.w.org\/{rel}","templated":true}]}}