{"id":289,"date":"2025-11-22T08:59:20","date_gmt":"2025-11-22T08:59:20","guid":{"rendered":"https:\/\/jsd-sinks.com\/?post_type=product&#038;p=289"},"modified":"2025-12-13T03:40:15","modified_gmt":"2025-12-13T03:40:15","slug":"elegant-cascade-fountain-sink-with-waterfall","status":"publish","type":"product","link":"https:\/\/jsd-sinks.com\/fr\/elegant-cascade-fountain-sink-with-waterfall\/","title":{"rendered":"Elegant Cascade Fountain Sink avec cascade int\u00e9gr\u00e9e JSD001"},"content":{"rendered":"<h2><strong>L'\u00e9vier de la fontaine : Quand la s\u00e9r\u00e9nit\u00e9 d'une cascade rencontre l'art fonctionnel<\/strong><\/h2>\n<h3 class=\"ds-markdown-paragraph\"><strong>Red\u00e9finir le rituel : une oasis sensorielle dans votre cuisine<\/strong><\/h3>\n<p>Transformez votre cuisine d'un espace purement fonctionnel en une oasis de tranquillit\u00e9 personnelle gr\u00e2ce \u00e0 notre \u00e9vier r\u00e9volutionnaire Fountain Sink. Il ne s'agit pas d'un simple accessoire, mais d'une \u0153uvre d'art fonctionnelle con\u00e7ue pour captiver les sens et red\u00e9finir le rituel quotidien du lavage des mains. L'\u00e9l\u00e9ment d\u00e9terminant est un gracieux jeu d'eau int\u00e9gr\u00e9 o\u00f9 l'eau tombe en cascade sur un seuil sculpt\u00e9 ou un d\u00e9versoir dans le bassin principal situ\u00e9 en dessous. Cela cr\u00e9e le son apaisant et continu d'une douce chute d'eau, offrant un moment de calme et une atmosph\u00e8re de spa dans votre propre maison.<\/p>\n<p><img decoding=\"async\" class=\"size-medium wp-image-1188\" src=\"https:\/\/jsd-sinks.com\/wp-content\/uploads\/2025\/11\/1-11-300x300.jpg\" alt=\"\u00c9vier de la fontaine\" width=\"300\" height=\"300\" title=\"\" srcset=\"https:\/\/jsd-sinks.com\/wp-content\/uploads\/2025\/11\/1-11-300x300.jpg 300w, https:\/\/jsd-sinks.com\/wp-content\/uploads\/2025\/11\/1-11-100x100.jpg 100w, https:\/\/jsd-sinks.com\/wp-content\/uploads\/2025\/11\/1-11-600x600.jpg 600w, https:\/\/jsd-sinks.com\/wp-content\/uploads\/2025\/11\/1-11-500x500.jpg 500w, https:\/\/jsd-sinks.com\/wp-content\/uploads\/2025\/11\/1-11-150x150.jpg 150w, https:\/\/jsd-sinks.com\/wp-content\/uploads\/2025\/11\/1-11-768x768.jpg 768w, https:\/\/jsd-sinks.com\/wp-content\/uploads\/2025\/11\/1-11-12x12.jpg 12w, https:\/\/jsd-sinks.com\/wp-content\/uploads\/2025\/11\/1-11.jpg 800w\" sizes=\"(max-width: 300px) 100vw, 300px\" \/><\/p>\n<h3><strong>Un savoir-faire sans faille : Une beaut\u00e9 durable<\/strong><\/h3>\n<p>Ce lavabo de style fontaine allie esth\u00e9tique et durabilit\u00e9, et est m\u00e9ticuleusement fabriqu\u00e9 en acier inoxydable de haute qualit\u00e9, ce qui permet d'obtenir une surface remarquablement lisse et sans joint, non seulement magnifique \u00e0 regarder, mais aussi exceptionnellement hygi\u00e9nique et facile \u00e0 entretenir, r\u00e9sistant aux taches et aux bact\u00e9ries. La conception monolithique \u00e9limine les crevasses difficiles d'acc\u00e8s, ce qui facilite le nettoyage.<\/p>\n<h3><strong>Con\u00e7u pour la gr\u00e2ce : \u00c9l\u00e9gance pratique et lumi\u00e8re ambiante<\/strong><\/h3>\n<p>Au-del\u00e0 de son attrait esth\u00e9tique, ce mod\u00e8le est tr\u00e8s pratique. Le jet d'eau en cascade minimise les \u00e9claboussures, ce qui permet de garder la zone environnante plus s\u00e8che et plus propre. Le bassin g\u00e9n\u00e9reux offre un grand espace pour une utilisation confortable, tandis que l'\u00e9l\u00e9ment de fontaine int\u00e9gr\u00e9 peut \u00eatre subtilement \u00e9clair\u00e9 par des LED pour renforcer l'effet visuel et cr\u00e9er une ambiance envo\u00fbtante pour une utilisation en soir\u00e9e.<\/p>\n<h3 class=\"ds-markdown-paragraph\"><strong>Plus qu'un \u00e9vier : Une d\u00e9claration transformatrice pour tout espace<\/strong><\/h3>\n<p>Id\u00e9al pour les maisons contemporaines, les h\u00f4tels de luxe, les espaces commerciaux haut de gamme et les centres de bien-\u00eatre, l'\u00e9vier Fountain est plus qu'un simple \u00e9vier, c'est une exp\u00e9rience. Il constitue un point focal \u00e0 couper le souffle qui refl\u00e8te un engagement en faveur d'un design sophistiqu\u00e9, d'une qualit\u00e9 in\u00e9gal\u00e9e et d'un bien-\u00eatre holistique, transformant un coin ordinaire de votre pi\u00e8ce en un sanctuaire extraordinaire.<\/p>","protected":false},"excerpt":{"rendered":"<p>\u00c9levez votre espace avec notre \u00e9vier fontaine, une fusion \u00e9tonnante de l'art et de la fonction. Cette pi\u00e8ce ma\u00eetresse est dot\u00e9e d'une cascade d'eau douce int\u00e9gr\u00e9e dans le bassin, cr\u00e9ant ainsi une ambiance sereine, semblable \u00e0 celle d'un spa. Fabriqu\u00e9 \u00e0 partir de mat\u00e9riaux durables de premi\u00e8re qualit\u00e9, comme la pierre ou la r\u00e9sine solide, il offre une surface homog\u00e8ne et facile \u00e0 nettoyer. Parfaite pour les cuisines modernes, les spas de luxe ou les espaces commerciaux uniques, elle transforme le lavage des mains en une exp\u00e9rience rafra\u00eechissante et sensorielle. Il est parfait pour les cuisines modernes, les spas de luxe ou les espaces commerciaux uniques, car il transforme le lavage des mains en une exp\u00e9rience sensorielle et rafra\u00eechissante.<\/p>","protected":false},"featured_media":486,"template":"","meta":{"_gspb_post_css":""},"product_brand":[],"product_cat":[16],"product_tag":[28],"class_list":{"0":"post-289","1":"product","2":"type-product","3":"status-publish","4":"has-post-thumbnail","6":"product_cat-waterfall-sink","7":"product_tag-fountain-sink-waterfall-sink-luxury-kitchen","9":"first","10":"instock","11":"shipping-taxable","12":"product-type-simple"},"_links":{"self":[{"href":"https:\/\/jsd-sinks.com\/fr\/wp-json\/wp\/v2\/product\/289","targetHints":{"allow":["GET"]}}],"collection":[{"href":"https:\/\/jsd-sinks.com\/fr\/wp-json\/wp\/v2\/product"}],"about":[{"href":"https:\/\/jsd-sinks.com\/fr\/wp-json\/wp\/v2\/types\/product"}],"wp:featuredmedia":[{"embeddable":true,"href":"https:\/\/jsd-sinks.com\/fr\/wp-json\/wp\/v2\/media\/486"}],"wp:attachment":[{"href":"https:\/\/jsd-sinks.com\/fr\/wp-json\/wp\/v2\/media?parent=289"}],"wp:term":[{"taxonomy":"product_brand","embeddable":true,"href":"https:\/\/jsd-sinks.com\/fr\/wp-json\/wp\/v2\/product_brand?post=289"},{"taxonomy":"product_cat","embeddable":true,"href":"https:\/\/jsd-sinks.com\/fr\/wp-json\/wp\/v2\/product_cat?post=289"},{"taxonomy":"product_tag","embeddable":true,"href":"https:\/\/jsd-sinks.com\/fr\/wp-json\/wp\/v2\/product_tag?post=289"}],"curies":[{"name":"wp","href":"https:\/\/api.w.org\/{rel}","templated":true}]}}