{"id":1599,"date":"2026-04-08T09:26:22","date_gmt":"2026-04-08T09:26:22","guid":{"rendered":"https:\/\/jsd-sinks.com\/?post_type=product&#038;p=1599"},"modified":"2026-04-08T11:10:34","modified_gmt":"2026-04-08T11:10:34","slug":"stainless-steel-undermount-double-bowl-sink-dud5040","status":"publish","type":"product","link":"https:\/\/jsd-sinks.com\/fr\/stainless-steel-undermount-double-bowl-sink-dud5040\/","title":{"rendered":"\u00c9vier \u00e0 deux cuves sous plan en acier inoxydable DUD5040-2040"},"content":{"rendered":"<h2 data-start=\"248\" data-end=\"295\"><strong data-start=\"250\" data-end=\"293\">\u00c9vier sous plan en acier inoxydable \u00e0 deux cuves DUD5040-2040<\/strong><\/h2>\n<h3 data-start=\"345\" data-end=\"371\"><strong data-start=\"349\" data-end=\"369\">Aper\u00e7u du produit<\/strong><\/h3>\n<p data-start=\"62\" data-end=\"417\">Le DUD5040-2040 est un \u00e9vier sous plan pratique en acier inoxydable con\u00e7u pour les cuisines o\u00f9 la facilit\u00e9 d'utilisation au quotidien est importante. Avec une disposition \u00e9quilibr\u00e9e 50\/50, cet \u00e9vier \u00e0 double cuve facilite la s\u00e9paration des t\u00e2ches - lavage d'un c\u00f4t\u00e9, pr\u00e9paration de l'autre. Il s'agit d'une solution simple qui convient aussi bien aux cuisines familiales qu'aux locaux commerciaux l\u00e9gers.<\/p>\n<div style=\"width: 960px;\" class=\"wp-video\"><video class=\"wp-video-shortcode\" id=\"video-1599-1\" width=\"960\" height=\"960\" preload=\"metadata\" controls=\"controls\"><source type=\"video\/webm\" src=\"https:\/\/jsd-sinks.com\/wp-content\/uploads\/2026\/04\/Double-Bowl-Sink.webm?_=1\" \/><a href=\"https:\/\/jsd-sinks.com\/wp-content\/uploads\/2026\/04\/Double-Bowl-Sink.webm\">https:\/\/jsd-sinks.com\/wp-content\/uploads\/2026\/04\/Double-Bowl-Sink.webm<\/a><\/video><\/div>\n<p data-start=\"419\" data-end=\"743\">Fabriqu\u00e9 en acier inoxydable durable, l'\u00e9vier est con\u00e7u pour une utilisation \u00e0 long terme. Il supporte les ustensiles de cuisine chauds, les lavages quotidiens et les nettoyages r\u00e9guliers sans s'user trop rapidement. La finition bross\u00e9e permet de conserver un aspect sobre et de r\u00e9duire la visibilit\u00e9 des petites rayures, ce qui est important pour les cuisines \u00e0 usage fr\u00e9quent.<\/p>\n<p data-start=\"419\" data-end=\"743\">L'installation sous plan permet d'obtenir un bord net entre le plan de travail et l'\u00e9vier. Les miettes et l'eau peuvent \u00eatre essuy\u00e9es directement dans la cuve, ce qui permet de garder l'espace de travail propre. Ce style est largement pr\u00e9f\u00e9r\u00e9 dans les cuisines europ\u00e9ennes modernes, en particulier lorsqu'il est associ\u00e9 \u00e0 des plans de travail en pierre ou en mat\u00e9riau composite.<\/p>\n<p><img decoding=\"async\" class=\"wp-image-1605\" src=\"https:\/\/jsd-sinks.com\/wp-content\/uploads\/2026\/04\/Double-Bowl-Sink-Description-2.jpg\" alt=\"Description de l&#039;\u00e9vier \u00e0 double cuve\" width=\"569\" height=\"569\" title=\"\" srcset=\"https:\/\/jsd-sinks.com\/wp-content\/uploads\/2026\/04\/Double-Bowl-Sink-Description-2.jpg 800w, https:\/\/jsd-sinks.com\/wp-content\/uploads\/2026\/04\/Double-Bowl-Sink-Description-2-300x300.jpg 300w, https:\/\/jsd-sinks.com\/wp-content\/uploads\/2026\/04\/Double-Bowl-Sink-Description-2-150x150.jpg 150w, https:\/\/jsd-sinks.com\/wp-content\/uploads\/2026\/04\/Double-Bowl-Sink-Description-2-768x768.jpg 768w, https:\/\/jsd-sinks.com\/wp-content\/uploads\/2026\/04\/Double-Bowl-Sink-Description-2-12x12.jpg 12w, https:\/\/jsd-sinks.com\/wp-content\/uploads\/2026\/04\/Double-Bowl-Sink-Description-2-500x500.jpg 500w, https:\/\/jsd-sinks.com\/wp-content\/uploads\/2026\/04\/Double-Bowl-Sink-Description-2-600x600.jpg 600w, https:\/\/jsd-sinks.com\/wp-content\/uploads\/2026\/04\/Double-Bowl-Sink-Description-2-100x100.jpg 100w\" sizes=\"(max-width: 569px) 100vw, 569px\" \/><\/p>\n<p data-start=\"1026\" data-end=\"1338\">Les deux cuves sont suffisamment profondes pour accueillir les grandes casseroles et les plaques de cuisson, tout en laissant suffisamment d'espace pour travailler confortablement. De nombreux utilisateurs choisissent un \u00e9vier \u00e0 double cuve comme le DUD5040-2040 parce qu'il offre plus de flexibilit\u00e9 - un c\u00f4t\u00e9 peut \u00eatre utilis\u00e9 pour le trempage, l'autre pour le rin\u00e7age, ou m\u00eame pour s\u00e9parer les articles propres et sales.<\/p>\n<p data-start=\"1340\" data-end=\"1612\">Pour faciliter l'utilisation quotidienne, l'\u00e9vier est dot\u00e9 de tampons insonorisants sous l'\u00e9vier. Cela r\u00e9duit le bruit de l'eau qui coule et de la vaisselle, ce qui est particuli\u00e8rement utile dans les cuisines ouvertes. Le fond est \u00e9galement l\u00e9g\u00e8rement inclin\u00e9 vers l'\u00e9gout, ce qui permet \u00e0 l'eau de s'\u00e9couler sans s'accumuler.<\/p>\n<p><img decoding=\"async\" class=\"wp-image-1604\" src=\"https:\/\/jsd-sinks.com\/wp-content\/uploads\/2026\/04\/Double-Bowl-Sink-Description-1.jpg\" alt=\"Description de l&#039;\u00e9vier \u00e0 double cuve\" width=\"589\" height=\"758\" title=\"\" srcset=\"https:\/\/jsd-sinks.com\/wp-content\/uploads\/2026\/04\/Double-Bowl-Sink-Description-1.jpg 800w, https:\/\/jsd-sinks.com\/wp-content\/uploads\/2026\/04\/Double-Bowl-Sink-Description-1-233x300.jpg 233w, https:\/\/jsd-sinks.com\/wp-content\/uploads\/2026\/04\/Double-Bowl-Sink-Description-1-796x1024.jpg 796w, https:\/\/jsd-sinks.com\/wp-content\/uploads\/2026\/04\/Double-Bowl-Sink-Description-1-768x988.jpg 768w, https:\/\/jsd-sinks.com\/wp-content\/uploads\/2026\/04\/Double-Bowl-Sink-Description-1-9x12.jpg 9w, https:\/\/jsd-sinks.com\/wp-content\/uploads\/2026\/04\/Double-Bowl-Sink-Description-1-500x643.jpg 500w, https:\/\/jsd-sinks.com\/wp-content\/uploads\/2026\/04\/Double-Bowl-Sink-Description-1-600x772.jpg 600w\" sizes=\"(max-width: 589px) 100vw, 589px\" \/><\/p>\n<p data-start=\"1614\" data-end=\"1838\">Les angles sont l\u00e9g\u00e8rement arrondis. Cela permet de conserver l'aspect moderne tout en \u00e9vitant les angles vifs qui sont plus difficiles \u00e0 nettoyer. L'entretien reste simple, ce que la plupart des clients europ\u00e9ens attendent d'un \u00e9vier de cuisine.<\/p>\n<p data-start=\"1840\" data-end=\"2040\">La position arri\u00e8re de l'\u00e9vacuation cr\u00e9e plus d'espace utilisable \u00e0 l'int\u00e9rieur des bols et laisse plus de place sous le meuble. Elle facilite \u00e9galement l'empilage des ustensiles de cuisine, car les articles peuvent \u00eatre pos\u00e9s \u00e0 plat sans bloquer l'\u00e9coulement.<\/p>\n<p data-start=\"2042\" data-end=\"2333\" data-is-last-node=\"\" data-is-only-node=\"\">Qu'il soit utilis\u00e9 dans un nouveau projet de cuisine ou dans le cadre d'une r\u00e9novation, le DUD5040-2040 offre une combinaison \u00e9quilibr\u00e9e de design \u00e9pur\u00e9 et de fonction pratique. Pour les clients \u00e0 la recherche d'un \u00e9vier \u00e0 double cuve fiable sans complexit\u00e9 inutile, ce mod\u00e8le s'int\u00e8gre naturellement dans l'utilisation quotidienne de la cuisine.<\/p>\n<p data-start=\"2179\" data-end=\"2485\"><strong data-start=\"2179\" data-end=\"2229\">Soutenu par la R&amp;D et un service apr\u00e8s-vente \u00e0 vie<\/strong><br data-start=\"2229\" data-end=\"2232\" \/>Avec le soutien d'une \u00e9quipe de recherche et d\u00e9veloppement d\u00e9di\u00e9e et une garantie apr\u00e8s-vente \u00e0 vie, le DUD5040-2040 n'est pas un simple achat, c'est une mise \u00e0 niveau \u00e0 long terme. Vous pouvez compter sur des performances fiables, une ing\u00e9nierie r\u00e9fl\u00e9chie et une assistance \u00e0 chaque fois que vous en avez besoin.<\/p>\n<div class=\"simg-pop-btn\" style=\"top: 224.625px; left: 14px; display: none;\"><\/div>\n<div id=\"gtx-trans\" style=\"position: absolute; left: 363px; top: 242.958px;\">\n<div class=\"gtx-trans-icon\"><\/div>\n<\/div>\n<div class=\"simg-pop-btn\" style=\"top: 1753.62px; left: 14px; display: none;\"><\/div>","protected":false},"excerpt":{"rendered":"<p>Mod\u00e8le : DUD5040-2040<br \/>\nDimensions ext\u00e9rieures : 500 x 400 mm<br \/>\nDimensions internes : 200 x 400 mm<br \/>\nProfondeur : 230 mm<br \/>\nThickness: 2.0+0.8MM\/2.0+1.0MM\/2.0+1.05MM\/1.2MM\/Customize<br \/>\nEmballage individuel Dimensions : 900 x 500x 290 mm<br \/>\nPoids net : 8 kg<br \/>\nPoids brut : 10 kg<\/p>","protected":false},"featured_media":1600,"template":"","meta":{"_gspb_post_css":""},"product_brand":[],"product_cat":[20],"product_tag":[302,303,65,304,70,81],"class_list":{"0":"post-1599","1":"product","2":"type-product","3":"status-publish","4":"has-post-thumbnail","6":"product_cat-undermount-sink","7":"product_tag-double-bowl-sink","8":"product_tag-european-style-sink","9":"product_tag-kitchen-sink","10":"product_tag-r10-sink","11":"product_tag-stainless-steel-kitchen-sink","12":"product_tag-undermount-sink","14":"first","15":"instock","16":"shipping-taxable","17":"product-type-simple"},"_links":{"self":[{"href":"https:\/\/jsd-sinks.com\/fr\/wp-json\/wp\/v2\/product\/1599","targetHints":{"allow":["GET"]}}],"collection":[{"href":"https:\/\/jsd-sinks.com\/fr\/wp-json\/wp\/v2\/product"}],"about":[{"href":"https:\/\/jsd-sinks.com\/fr\/wp-json\/wp\/v2\/types\/product"}],"wp:featuredmedia":[{"embeddable":true,"href":"https:\/\/jsd-sinks.com\/fr\/wp-json\/wp\/v2\/media\/1600"}],"wp:attachment":[{"href":"https:\/\/jsd-sinks.com\/fr\/wp-json\/wp\/v2\/media?parent=1599"}],"wp:term":[{"taxonomy":"product_brand","embeddable":true,"href":"https:\/\/jsd-sinks.com\/fr\/wp-json\/wp\/v2\/product_brand?post=1599"},{"taxonomy":"product_cat","embeddable":true,"href":"https:\/\/jsd-sinks.com\/fr\/wp-json\/wp\/v2\/product_cat?post=1599"},{"taxonomy":"product_tag","embeddable":true,"href":"https:\/\/jsd-sinks.com\/fr\/wp-json\/wp\/v2\/product_tag?post=1599"}],"curies":[{"name":"wp","href":"https:\/\/api.w.org\/{rel}","templated":true}]}}