{"id":1262,"date":"2025-12-12T09:33:20","date_gmt":"2025-12-12T09:33:20","guid":{"rendered":"https:\/\/jsd-sinks.com\/?post_type=product&#038;p=1262"},"modified":"2025-12-12T09:33:20","modified_gmt":"2025-12-12T09:33:20","slug":"elegant-and-multifunctional-sink-soap-dispenser","status":"publish","type":"product","link":"https:\/\/jsd-sinks.com\/fr\/elegant-and-multifunctional-sink-soap-dispenser\/","title":{"rendered":"Distributeur de savon pour \u00e9vier \u00e9l\u00e9gant et multifonctionnel pour les espaces modernes"},"content":{"rendered":"<h2 class=\"ds-markdown-paragraph\"><strong>Design \u00e9l\u00e9gant et construction durable<\/strong><\/h2>\n<p data-start=\"570\" data-end=\"1161\">Ce distributeur de savon pour \u00e9vier encastr\u00e9 est con\u00e7u pour apporter commodit\u00e9, efficacit\u00e9 et style \u00e0 toute cuisine ou salle de bains moderne. Fabriqu\u00e9 avec une t\u00eate de pompe en acier inoxydable de premi\u00e8re qualit\u00e9, il offre \u00e0 la fois une durabilit\u00e9 et une apparence \u00e9l\u00e9gante qui s'harmonise avec un large \u00e9ventail de mod\u00e8les d'\u00e9viers et de robinets. La finition r\u00e9sistante \u00e0 la corrosion permet \u00e0 la pompe de conserver son \u00e9clat et ses performances, m\u00eame dans des environnements expos\u00e9s \u00e0 l'eau, au savon et aux liquides de nettoyage. Disponible en plusieurs finitions telles que le chrome, le noir mat, le nickel bross\u00e9 et l'or, elle permet aux utilisateurs d'assortir leur espace \u00e0 un look coordonn\u00e9 et \u00e9l\u00e9gant.<\/p>\n<p><img decoding=\"async\" class=\"size-medium wp-image-1263\" src=\"https:\/\/jsd-sinks.com\/wp-content\/uploads\/2025\/12\/\u56fe\u72473-300x300.jpg\" alt=\"Distributeur de savon pour \u00e9vier\" width=\"300\" height=\"300\" title=\"\" srcset=\"https:\/\/jsd-sinks.com\/wp-content\/uploads\/2025\/12\/\u56fe\u72473-300x300.jpg 300w, https:\/\/jsd-sinks.com\/wp-content\/uploads\/2025\/12\/\u56fe\u72473-100x100.jpg 100w, https:\/\/jsd-sinks.com\/wp-content\/uploads\/2025\/12\/\u56fe\u72473-600x600.jpg 600w, https:\/\/jsd-sinks.com\/wp-content\/uploads\/2025\/12\/\u56fe\u72473-500x500.jpg 500w, https:\/\/jsd-sinks.com\/wp-content\/uploads\/2025\/12\/\u56fe\u72473-150x150.jpg 150w, https:\/\/jsd-sinks.com\/wp-content\/uploads\/2025\/12\/\u56fe\u72473-768x768.jpg 768w, https:\/\/jsd-sinks.com\/wp-content\/uploads\/2025\/12\/\u56fe\u72473-12x12.jpg 12w, https:\/\/jsd-sinks.com\/wp-content\/uploads\/2025\/12\/\u56fe\u72473.jpg 800w\" sizes=\"(max-width: 300px) 100vw, 300px\" \/><\/p>\n<h3 class=\"ds-markdown-paragraph\"><strong>Grand flacon rechargeable et installation facile<\/strong><\/h3>\n<p data-start=\"1163\" data-end=\"1724\">Le distributeur est dot\u00e9 d'un grand flacon rechargeable de 320 ml en plastique \u00e9pais de haute qualit\u00e9, r\u00e9sistant \u00e0 la fissuration et \u00e0 la corrosion chimique. La conception \u00e0 large ouverture permet un remplissage rapide et facile, tandis que la longue tige filet\u00e9e assure la compatibilit\u00e9 avec la plupart des trous d'\u00e9vier standard. Une fois install\u00e9e, la bouteille se place discr\u00e8tement sous le plan de travail, ce qui permet de gagner de la place et de conserver une surface propre et d\u00e9gag\u00e9e. Les utilisateurs peuvent remplir la bouteille au-dessus du comptoir en retirant simplement la t\u00eate de pompe, ce qui la rend plus pratique que les bouteilles de comptoir traditionnelles.<\/p>\n<h3 class=\"ds-markdown-paragraph\"><strong>M\u00e9canisme de pompe souple et pr\u00e9cis<\/strong><\/h3>\n<p data-start=\"1726\" data-end=\"2043\">Le m\u00e9canisme de la pompe est con\u00e7u pour assurer un \u00e9coulement r\u00e9gulier et constant du savon \u00e0 chaque pression. Il fonctionne bien avec le savon liquide, le d\u00e9tergent \u00e0 vaisselle, la lotion, le d\u00e9sinfectant pour les mains et d'autres liquides similaires. Le bec prolong\u00e9 assure une distribution pr\u00e9cise du savon dans l'\u00e9vier ou sur une \u00e9ponge, sans gouttes ni \u00e9claboussures.<\/p>\n<h3 class=\"ds-markdown-paragraph\"><strong>Applications polyvalentes et avantages pratiques<\/strong><\/h3>\n<p data-start=\"2045\" data-end=\"2480\">Qu'il s'agisse d'une nouvelle installation ou d'une am\u00e9lioration d'un \u00e9vier existant, ce distributeur int\u00e9gr\u00e9 offre une solution \u00e9l\u00e9gante et fonctionnelle pour les besoins de nettoyage quotidiens. Il permet de conserver un plan de travail minimaliste, de r\u00e9duire l'encombrement des bouteilles en plastique et d'am\u00e9liorer l'organisation g\u00e9n\u00e9rale de la cuisine ou de la salle de bains. Avec son installation facile et sa construction durable, c'est un accessoire id\u00e9al pour les maisons, les bureaux, les restaurants et les stations de lavage commerciales.<\/p>","protected":false},"excerpt":{"rendered":"<p>Ce distributeur de savon pour \u00e9vier encastr\u00e9 est dot\u00e9 d'une t\u00eate de pompe durable en acier inoxydable, d'une grande bouteille rechargeable de 320 ml et d'une commande douce \u00e0 une main. Con\u00e7u pour les \u00e9viers de cuisine ou de salle de bains, il permet une distribution de savon pratique et sans d\u00e9sordre, avec un style moderne et une r\u00e9sistance durable \u00e0 la corrosion.<\/p>","protected":false},"featured_media":1264,"template":"","meta":{"_gspb_post_css":""},"product_brand":[],"product_cat":[24],"product_tag":[142],"class_list":{"0":"post-1262","1":"product","2":"type-product","3":"status-publish","4":"has-post-thumbnail","6":"product_cat-accessories","7":"product_tag-sink-soap-dispenser-kitchen-accessory-built-in-soap-pump","9":"first","10":"instock","11":"shipping-taxable","12":"product-type-simple"},"_links":{"self":[{"href":"https:\/\/jsd-sinks.com\/fr\/wp-json\/wp\/v2\/product\/1262","targetHints":{"allow":["GET"]}}],"collection":[{"href":"https:\/\/jsd-sinks.com\/fr\/wp-json\/wp\/v2\/product"}],"about":[{"href":"https:\/\/jsd-sinks.com\/fr\/wp-json\/wp\/v2\/types\/product"}],"wp:featuredmedia":[{"embeddable":true,"href":"https:\/\/jsd-sinks.com\/fr\/wp-json\/wp\/v2\/media\/1264"}],"wp:attachment":[{"href":"https:\/\/jsd-sinks.com\/fr\/wp-json\/wp\/v2\/media?parent=1262"}],"wp:term":[{"taxonomy":"product_brand","embeddable":true,"href":"https:\/\/jsd-sinks.com\/fr\/wp-json\/wp\/v2\/product_brand?post=1262"},{"taxonomy":"product_cat","embeddable":true,"href":"https:\/\/jsd-sinks.com\/fr\/wp-json\/wp\/v2\/product_cat?post=1262"},{"taxonomy":"product_tag","embeddable":true,"href":"https:\/\/jsd-sinks.com\/fr\/wp-json\/wp\/v2\/product_tag?post=1262"}],"curies":[{"name":"wp","href":"https:\/\/api.w.org\/{rel}","templated":true}]}}