{"id":946,"date":"2025-12-03T07:20:36","date_gmt":"2025-12-03T07:20:36","guid":{"rendered":"https:\/\/jsd-sinks.com\/?post_type=product&#038;p=946"},"modified":"2025-12-09T02:38:05","modified_gmt":"2025-12-09T02:38:05","slug":"stainless-steel-colander-with-square-drain-holes","status":"publish","type":"product","link":"https:\/\/jsd-sinks.com\/es\/stainless-steel-colander-with-square-drain-holes\/","title":{"rendered":"Colador de acero inoxidable con orificios cuadrados para escurrir que ahorra espacio"},"content":{"rendered":"<h2 data-start=\"379\" data-end=\"713\">Escurridor de acero inoxidable con orificios de drenaje cuadrados<\/h2>\n<p><strong>Material duradero y dise\u00f1o moderno<\/strong><\/p>\n<p data-start=\"379\" data-end=\"713\">Este escurridor de acero inoxidable combina la practicidad diaria con un dise\u00f1o moderno y duradero. Fabricado en acero inoxidable de alta calidad, el escurridor resiste el \u00f3xido, las manchas y los olores, garantizando un rendimiento duradero en las cocinas m\u00e1s ajetreadas. El exterior cepillado ofrece un aspecto refinado y contempor\u00e1neo que complementa cualquier fregadero o encimera.<\/p>\n<p data-start=\"715\" data-end=\"1198\"><strong>Drenaje eficaz y forma polivalente<\/strong><\/p>\n<p data-start=\"715\" data-end=\"1198\">Su forma rectangular con un borde ancho y plano proporciona estabilidad y un manejo c\u00f3modo, mientras que las perforaciones cuadradas espaciadas uniformemente por la base permiten un drenaje r\u00e1pido y eficaz que evita que el agua se acumule y acelera la preparaci\u00f3n de los alimentos. Su generosa capacidad la hace ideal para lavar grandes cantidades de frutas y verduras, enjuagar cereales y legumbres o escurrir pasta y productos cocidos. Su bajo perfil de profundidad tambi\u00e9n sirve de c\u00f3moda plataforma para cocinar al vapor cuando se coloca sobre una olla.<\/p>\n<p><img decoding=\"async\" class=\"size-medium wp-image-1092\" src=\"https:\/\/jsd-sinks.com\/wp-content\/uploads\/2025\/12\/\u53a8\u623f\u624b\u5de5\u6c34\u69fd\u6ca5\u6c34\u7bee-300x300.jpg\" alt=\"Escurridor de acero inoxidable con orificios de drenaje cuadrados\" width=\"300\" height=\"300\" title=\"\" srcset=\"https:\/\/jsd-sinks.com\/wp-content\/uploads\/2025\/12\/\u53a8\u623f\u624b\u5de5\u6c34\u69fd\u6ca5\u6c34\u7bee-300x300.jpg 300w, https:\/\/jsd-sinks.com\/wp-content\/uploads\/2025\/12\/\u53a8\u623f\u624b\u5de5\u6c34\u69fd\u6ca5\u6c34\u7bee-100x100.jpg 100w, https:\/\/jsd-sinks.com\/wp-content\/uploads\/2025\/12\/\u53a8\u623f\u624b\u5de5\u6c34\u69fd\u6ca5\u6c34\u7bee-600x600.jpg 600w, https:\/\/jsd-sinks.com\/wp-content\/uploads\/2025\/12\/\u53a8\u623f\u624b\u5de5\u6c34\u69fd\u6ca5\u6c34\u7bee-500x500.jpg 500w, https:\/\/jsd-sinks.com\/wp-content\/uploads\/2025\/12\/\u53a8\u623f\u624b\u5de5\u6c34\u69fd\u6ca5\u6c34\u7bee-150x150.jpg 150w, https:\/\/jsd-sinks.com\/wp-content\/uploads\/2025\/12\/\u53a8\u623f\u624b\u5de5\u6c34\u69fd\u6ca5\u6c34\u7bee-12x12.jpg 12w, https:\/\/jsd-sinks.com\/wp-content\/uploads\/2025\/12\/\u53a8\u623f\u624b\u5de5\u6c34\u69fd\u6ca5\u6c34\u7bee.jpg 667w\" sizes=\"(max-width: 300px) 100vw, 300px\" \/><\/p>\n<p data-start=\"1200\" data-end=\"1523\"><strong>Detalles f\u00e1ciles de usar y mantenimiento sencillo<\/strong><\/p>\n<p data-start=\"1200\" data-end=\"1523\">Los detalles bien pensados hacen que este escurridor sea f\u00e1cil de usar: el borde ancho puede apoyarse con seguridad en encimeras o bordes de fregaderos, liberando las manos para otras tareas; el interior liso es f\u00e1cil de limpiar a mano y se puede lavar en el lavavajillas para un mantenimiento sin esfuerzo. Su robusta construcci\u00f3n resiste el uso frecuente y los golpes ocasionales sin deformarse.<\/p>\n<p data-start=\"1525\" data-end=\"1821\"><strong>Uso vers\u00e1til y adaptabilidad al estilo<\/strong><\/p>\n<p data-start=\"1525\" data-end=\"1821\">Vers\u00e1til por su dise\u00f1o, este escurridor sirve para muchas tareas de cocina m\u00e1s all\u00e1 de aclarar y escurrir: pru\u00e9belo para descongelar ingredientes congelados, sujetar productos para secar o como bandeja para servir alimentos escurridos. Su acabado met\u00e1lico neutro se adapta a una gran variedad de estilos de cocina, desde el minimalista al industrial.<\/p>\n<p data-start=\"1823\" data-end=\"2423\" data-is-last-node=\"\" data-is-only-node=\"\"><strong>C\u00f3modo, ecol\u00f3gico y resistente al calor<\/strong><\/p>\n<p data-start=\"1823\" data-end=\"2423\" data-is-last-node=\"\" data-is-only-node=\"\">F\u00e1cil de guardar y de bajo mantenimiento, este escurridor de acero inoxidable es una herramienta fiable y multiusos que mejora el flujo de trabajo y mantiene el orden en la preparaci\u00f3n. Tanto si cocina para una comida familiar como si prepara ingredientes para un evento, es un accesorio eficaz dise\u00f1ado para simplificar las tareas cotidianas de la cocina y mantener un aspecto impecable. Es apto para alimentos y resistente al calor, por lo que resulta adecuado para alimentos calientes directamente de la olla. Totalmente reciclable al final de su vida \u00fatil, este escurridor es una opci\u00f3n respetuosa con el medio ambiente que ofrece un valor pr\u00e1ctico y un rendimiento fiable. para las cocinas de todos los d\u00edas.<\/p>","protected":false},"excerpt":{"rendered":"<p>Duradero escurridor de acero inoxidable con un elegante acabado cepillado y borde plano ancho para un manejo seguro. La base perforada con orificios de vaciado cuadrados garantiza un flujo r\u00e1pido del agua. Gran capacidad rectangular para lavar frutas, escurrir pasta o cocinar al vapor. Resistente al \u00f3xido, apto para lavavajillas. Ahorra espacio y es f\u00e1cil de guardar.<\/p>","protected":false},"featured_media":1091,"template":"","meta":{"_gspb_post_css":""},"product_brand":[],"product_cat":[24],"product_tag":[122,120,121],"class_list":{"0":"post-946","1":"product","2":"type-product","3":"status-publish","4":"has-post-thumbnail","6":"product_cat-accessories","7":"product_tag-dishwasher-safe","8":"product_tag-kitchen-essentials","9":"product_tag-rust-resistant","11":"first","12":"instock","13":"shipping-taxable","14":"product-type-simple"},"_links":{"self":[{"href":"https:\/\/jsd-sinks.com\/es\/wp-json\/wp\/v2\/product\/946","targetHints":{"allow":["GET"]}}],"collection":[{"href":"https:\/\/jsd-sinks.com\/es\/wp-json\/wp\/v2\/product"}],"about":[{"href":"https:\/\/jsd-sinks.com\/es\/wp-json\/wp\/v2\/types\/product"}],"wp:featuredmedia":[{"embeddable":true,"href":"https:\/\/jsd-sinks.com\/es\/wp-json\/wp\/v2\/media\/1091"}],"wp:attachment":[{"href":"https:\/\/jsd-sinks.com\/es\/wp-json\/wp\/v2\/media?parent=946"}],"wp:term":[{"taxonomy":"product_brand","embeddable":true,"href":"https:\/\/jsd-sinks.com\/es\/wp-json\/wp\/v2\/product_brand?post=946"},{"taxonomy":"product_cat","embeddable":true,"href":"https:\/\/jsd-sinks.com\/es\/wp-json\/wp\/v2\/product_cat?post=946"},{"taxonomy":"product_tag","embeddable":true,"href":"https:\/\/jsd-sinks.com\/es\/wp-json\/wp\/v2\/product_tag?post=946"}],"curies":[{"name":"wp","href":"https:\/\/api.w.org\/{rel}","templated":true}]}}