{"id":940,"date":"2025-12-03T06:50:03","date_gmt":"2025-12-03T06:50:03","guid":{"rendered":"https:\/\/jsd-sinks.com\/?post_type=product&#038;p=940"},"modified":"2025-12-09T02:25:31","modified_gmt":"2025-12-09T02:25:31","slug":"rust-resistant-stainless-steel-sink-bottom-grids","status":"publish","type":"product","link":"https:\/\/jsd-sinks.com\/es\/rust-resistant-stainless-steel-sink-bottom-grids\/","title":{"rendered":"Rejillas de acero inoxidable resistentes al \u00f3xido para proteger el fondo del fregadero de la cocina"},"content":{"rendered":"<h2 data-start=\"303\" data-end=\"813\"><span class=\"YPkS7KbdpWfGdYKd3QB9\" data-src-align=\"0:4\">Base protectora<\/span> <span class=\"YPkS7KbdpWfGdYKd3QB9\" data-src-align=\"5:6\">para proteger el brillo del fregadero<\/span><\/h2>\n<p data-start=\"303\" data-end=\"813\">Esta rejilla inferior de acero inoxidable est\u00e1 dise\u00f1ada para mejorar el rendimiento, la durabilidad y la comodidad de su fregadero. Fabricada en acero inoxidable de primera calidad resistente a la corrosi\u00f3n, proporciona una capa protectora s\u00f3lida y fiable entre la cubeta del fregadero y los utensilios de cocina de uso diario. Al elevar los platos, ollas y utensilios por encima de la superficie del fregadero, la rejilla evita eficazmente ara\u00f1azos, rozaduras y el desgaste a largo plazo, ayudando a mantener el acabado original de su fregadero.<\/p>\n<p><img decoding=\"async\" class=\"size-medium wp-image-1089\" src=\"https:\/\/jsd-sinks.com\/wp-content\/uploads\/2025\/12\/\u4e0d\u9508\u94a2\u6c34\u69fd\u5e95\u90e8\u7f51\u683c11211-300x300.jpg\" alt=\"Rejillas de acero inoxidable para el fondo del fregadero\" width=\"300\" height=\"300\" title=\"\" srcset=\"https:\/\/jsd-sinks.com\/wp-content\/uploads\/2025\/12\/\u4e0d\u9508\u94a2\u6c34\u69fd\u5e95\u90e8\u7f51\u683c11211-300x300.jpg 300w, https:\/\/jsd-sinks.com\/wp-content\/uploads\/2025\/12\/\u4e0d\u9508\u94a2\u6c34\u69fd\u5e95\u90e8\u7f51\u683c11211-100x100.jpg 100w, https:\/\/jsd-sinks.com\/wp-content\/uploads\/2025\/12\/\u4e0d\u9508\u94a2\u6c34\u69fd\u5e95\u90e8\u7f51\u683c11211-600x600.jpg 600w, https:\/\/jsd-sinks.com\/wp-content\/uploads\/2025\/12\/\u4e0d\u9508\u94a2\u6c34\u69fd\u5e95\u90e8\u7f51\u683c11211-500x500.jpg 500w, https:\/\/jsd-sinks.com\/wp-content\/uploads\/2025\/12\/\u4e0d\u9508\u94a2\u6c34\u69fd\u5e95\u90e8\u7f51\u683c11211-150x150.jpg 150w, https:\/\/jsd-sinks.com\/wp-content\/uploads\/2025\/12\/\u4e0d\u9508\u94a2\u6c34\u69fd\u5e95\u90e8\u7f51\u683c11211-12x12.jpg 12w, https:\/\/jsd-sinks.com\/wp-content\/uploads\/2025\/12\/\u4e0d\u9508\u94a2\u6c34\u69fd\u5e95\u90e8\u7f51\u683c11211.jpg 667w\" sizes=\"(max-width: 300px) 100vw, 300px\" \/><\/p>\n<h3 data-start=\"815\" data-end=\"1255\"><span class=\"YPkS7KbdpWfGdYKd3QB9\" data-src-align=\"17:4\">Drenaje suave<\/span> <span class=\"YPkS7KbdpWfGdYKd3QB9\" data-src-align=\"22:4\">y mantener limpio<\/span><\/h3>\n<p data-start=\"815\" data-end=\"1255\">El dise\u00f1o de alambre abierto permite que el agua fluya libremente, favoreciendo un vaciado m\u00e1s r\u00e1pido y reduciendo la acumulaci\u00f3n de residuos o agua estancada. Esto garantiza un entorno m\u00e1s limpio e higi\u00e9nico en el fregadero, a la vez que facilita notablemente el trabajo rutinario en la cocina. La abertura de desag\u00fce redonda, colocada con precisi\u00f3n, es totalmente compatible con las ubicaciones de desag\u00fce est\u00e1ndar del fregadero, lo que permite un f\u00e1cil acceso para las funciones de lavado, aclarado y desecho sin necesidad de retirar la rejilla.<\/p>\n<h3 data-start=\"1257\" data-end=\"1643\"><span class=\"YPkS7KbdpWfGdYKd3QB9\" data-src-align=\"32:4\">Estable y silencioso<\/span>, <span class=\"YPkS7KbdpWfGdYKd3QB9\" data-src-align=\"37:4\">amortiguaci\u00f3n y anticolisi\u00f3n<\/span><\/h3>\n<p data-start=\"1257\" data-end=\"1643\">Para mejorar la estabilidad y reducir el ruido, la rejilla est\u00e1 equipada con pies de goma protectores y topes laterales. Estas suaves pero duraderas almohadillas mantienen la rejilla firmemente en su sitio y evitan el contacto entre metales que podr\u00eda marcar o da\u00f1ar la superficie del fregadero. Tambi\u00e9n amortiguan el impacto al colocar los platos, ayudando a minimizar el ruido y a proteger los objetos delicados, como vasos y cuencos de cer\u00e1mica.<\/p>\n<h3 data-start=\"1645\" data-end=\"2049\"><span class=\"YPkS7KbdpWfGdYKd3QB9\" data-src-align=\"47:4\">F\u00e1cil de limpiar<\/span>, <span class=\"YPkS7KbdpWfGdYKd3QB9\" data-src-align=\"52:4\">adaptaci\u00f3n universal<\/span><\/h3>\n<p data-start=\"1645\" data-end=\"2049\">F\u00e1cil de limpiar y mantener, la estructura de acero inoxidable resiste el \u00f3xido, las manchas y la decoloraci\u00f3n, incluso con una exposici\u00f3n constante al agua, el calor y los detergentes. La rejilla puede enjuagarse, limpiarse o lavarse en el lavavajillas para un mantenimiento sin esfuerzo. Su forma rectangular universal la hace adecuada para muchos estilos de fregaderos modernos y tama\u00f1os de cubeta, ya sea en cocinas residenciales, estaciones de preparaci\u00f3n o \u00e1reas de servicios.<\/p>\n<h3 data-start=\"2051\" data-end=\"2242\"><span class=\"YPkS7KbdpWfGdYKd3QB9\" data-src-align=\"62:4\">Actualizaci\u00f3n pr\u00e1ctica<\/span>, <span class=\"YPkS7KbdpWfGdYKd3QB9\" data-src-align=\"67:4\">diario guardi\u00e1n<\/span><\/h3>\n<p data-start=\"2051\" data-end=\"2242\" data-is-last-node=\"\" data-is-only-node=\"\">Combinando durabilidad, dise\u00f1o cuidado y funci\u00f3n pr\u00e1ctica, esta rejilla para el fondo del fregadero es una mejora sencilla pero esencial que mantiene su fregadero m\u00e1s limpio, m\u00e1s silencioso y mejor protegido cada d\u00eda.<\/p>","protected":false},"excerpt":{"rendered":"<p>Rejillas de acero inoxidable duraderas dise\u00f1adas para proteger el fregadero de ara\u00f1azos, soportar utensilios de cocina pesados y mejorar el drenaje. Cuenta con una abertura de desag\u00fce precisa, patas de goma antideslizantes y una estructura de alambre resistente al \u00f3xido y f\u00e1cil de limpiar para el uso diario en la cocina.<\/p>","protected":false},"featured_media":1088,"template":"","meta":{"_gspb_post_css":""},"product_brand":[],"product_cat":[24],"product_tag":[119],"class_list":{"0":"post-940","1":"product","2":"type-product","3":"status-publish","4":"has-post-thumbnail","6":"product_cat-accessories","7":"product_tag-stainless-steel-sink-accessories-bottom-grid","9":"first","10":"instock","11":"shipping-taxable","12":"product-type-simple"},"_links":{"self":[{"href":"https:\/\/jsd-sinks.com\/es\/wp-json\/wp\/v2\/product\/940","targetHints":{"allow":["GET"]}}],"collection":[{"href":"https:\/\/jsd-sinks.com\/es\/wp-json\/wp\/v2\/product"}],"about":[{"href":"https:\/\/jsd-sinks.com\/es\/wp-json\/wp\/v2\/types\/product"}],"wp:featuredmedia":[{"embeddable":true,"href":"https:\/\/jsd-sinks.com\/es\/wp-json\/wp\/v2\/media\/1088"}],"wp:attachment":[{"href":"https:\/\/jsd-sinks.com\/es\/wp-json\/wp\/v2\/media?parent=940"}],"wp:term":[{"taxonomy":"product_brand","embeddable":true,"href":"https:\/\/jsd-sinks.com\/es\/wp-json\/wp\/v2\/product_brand?post=940"},{"taxonomy":"product_cat","embeddable":true,"href":"https:\/\/jsd-sinks.com\/es\/wp-json\/wp\/v2\/product_cat?post=940"},{"taxonomy":"product_tag","embeddable":true,"href":"https:\/\/jsd-sinks.com\/es\/wp-json\/wp\/v2\/product_tag?post=940"}],"curies":[{"name":"wp","href":"https:\/\/api.w.org\/{rel}","templated":true}]}}