{"id":937,"date":"2025-12-03T06:39:08","date_gmt":"2025-12-03T06:39:08","guid":{"rendered":"https:\/\/jsd-sinks.com\/?post_type=product&#038;p=937"},"modified":"2025-12-09T02:06:02","modified_gmt":"2025-12-09T02:06:02","slug":"kitchen-sink-rack-with-drainage-for-dish-drying","status":"publish","type":"product","link":"https:\/\/jsd-sinks.com\/es\/kitchen-sink-rack-with-drainage-for-dish-drying\/","title":{"rendered":"Rejilla compacta para fregadero con desag\u00fce para un secado eficaz de la vajilla"},"content":{"rendered":"<h2 data-start=\"0\" data-end=\"410\"><strong data-start=\"0\" data-end=\"88\">Mejore la funcionalidad de su cocina con este elegante y pr\u00e1ctico estante para fregadero de cocina<\/strong><\/h2>\n<p data-start=\"0\" data-end=\"410\">Actualice su cocina con este elegante y funcional estante para fregadero, dise\u00f1ado para secar platos, tazas y cubiertos en un abrir y cerrar de ojos. Con su construcci\u00f3n duradera y su dise\u00f1o que ahorra espacio, encaja a la perfecci\u00f3n junto a su fregadero. Fabricado con materiales de alta calidad y acabado en un moderno tono gris, complementa la decoraci\u00f3n de cualquier cocina.<\/p>\n<figure id=\"attachment_1084\" aria-describedby=\"caption-attachment-1084\" style=\"width: 300px\" class=\"wp-caption alignnone\"><img decoding=\"async\" class=\"size-medium wp-image-1084\" src=\"https:\/\/jsd-sinks.com\/wp-content\/uploads\/2025\/12\/7\u67085\u65e514.jpg1_-300x300.jpg\" alt=\"estante para fregadero\" width=\"300\" height=\"300\" title=\"\" srcset=\"\" sizes=\"(max-width: 300px) 100vw, 300px\" data-srcset=\"\" \/><figcaption id=\"caption-attachment-1084\" class=\"wp-caption-text\">estante para fregadero<\/figcaption><\/figure>\n<h3 data-start=\"412\" data-end=\"789\"><strong data-start=\"412\" data-end=\"459\">Optimice el secado con caracter\u00edsticas de dise\u00f1o inteligentes<\/strong><\/h3>\n<p data-start=\"412\" data-end=\"789\">Este estante est\u00e1 construido con m\u00faltiples listones para promover el flujo de aire y asegurar un r\u00e1pido drenaje del agua, manteniendo su vajilla seca y libre de exceso de humedad. La base perforada evita la acumulaci\u00f3n de agua, ayudando a mantener un espacio limpio y organizado. Su cuidado dise\u00f1o hace que sea f\u00e1cil de enjuagar y mantener, por lo que siempre est\u00e1 listo para su uso.<\/p>\n<h3 data-start=\"791\" data-end=\"1227\"><strong data-start=\"791\" data-end=\"841\">Perfecto para cocinas compactas y espacios modernos<\/strong><\/h3>\n<p data-start=\"791\" data-end=\"1227\" data-is-last-node=\"\" data-is-only-node=\"\">Ideal para cocinas con poco espacio en la encimera, el elegante dise\u00f1o de este estante ofrece una soluci\u00f3n pr\u00e1ctica para secar los platos o guardar ordenadamente los utensilios de cocina. Su estilo minimalista a\u00f1ade un toque de elegancia moderna a su cocina sin dejar de ser muy funcional. Tanto si es un cocinero casero como un entusiasta de la cocina, este estante har\u00e1 que su rutina en la cocina sea m\u00e1s eficiente y c\u00f3moda.<\/p>","protected":false},"excerpt":{"rendered":"<p>Este vers\u00e1til estante para fregadero de cocina est\u00e1 dise\u00f1ado para maximizar el espacio y proporcionar un secado eficaz de platos, vasos y utensilios. Con un moderno color gris, incluye un dise\u00f1o resistente con ranuras de drenaje para el flujo de agua y una base compacta y f\u00e1cil de guardar. Imprescindible en cualquier encimera de cocina.<\/p>","protected":false},"featured_media":1084,"template":"","meta":{"_gspb_post_css":""},"product_brand":[],"product_cat":[24],"product_tag":[118],"class_list":{"0":"post-937","1":"product","2":"type-product","3":"status-publish","4":"has-post-thumbnail","6":"product_cat-accessories","7":"product_tag-kitchen-sink-rackdish-drying-rackcountertop-organizer","9":"first","10":"instock","11":"shipping-taxable","12":"product-type-simple"},"_links":{"self":[{"href":"https:\/\/jsd-sinks.com\/es\/wp-json\/wp\/v2\/product\/937","targetHints":{"allow":["GET"]}}],"collection":[{"href":"https:\/\/jsd-sinks.com\/es\/wp-json\/wp\/v2\/product"}],"about":[{"href":"https:\/\/jsd-sinks.com\/es\/wp-json\/wp\/v2\/types\/product"}],"wp:featuredmedia":[{"embeddable":true,"href":"https:\/\/jsd-sinks.com\/es\/wp-json\/wp\/v2\/media\/1084"}],"wp:attachment":[{"href":"https:\/\/jsd-sinks.com\/es\/wp-json\/wp\/v2\/media?parent=937"}],"wp:term":[{"taxonomy":"product_brand","embeddable":true,"href":"https:\/\/jsd-sinks.com\/es\/wp-json\/wp\/v2\/product_brand?post=937"},{"taxonomy":"product_cat","embeddable":true,"href":"https:\/\/jsd-sinks.com\/es\/wp-json\/wp\/v2\/product_cat?post=937"},{"taxonomy":"product_tag","embeddable":true,"href":"https:\/\/jsd-sinks.com\/es\/wp-json\/wp\/v2\/product_tag?post=937"}],"curies":[{"name":"wp","href":"https:\/\/api.w.org\/{rel}","templated":true}]}}