{"id":921,"date":"2025-12-03T04:13:17","date_gmt":"2025-12-03T04:13:17","guid":{"rendered":"https:\/\/jsd-sinks.com\/?post_type=product&#038;p=921"},"modified":"2025-12-09T01:49:32","modified_gmt":"2025-12-09T01:49:32","slug":"kitchen-sink-drain-with-dual-filtration-baskets","status":"publish","type":"product","link":"https:\/\/jsd-sinks.com\/es\/kitchen-sink-drain-with-dual-filtration-baskets\/","title":{"rendered":"Desag\u00fce de fregadero de cocina de doble cierre a prueba de fugas con cestas de filtraci\u00f3n dobles"},"content":{"rendered":"<h2 data-start=\"0\" data-end=\"44\">Sistema de desag\u00fce de fregaderos de cocina de alto rendimiento<\/h2>\n<p data-start=\"46\" data-end=\"136\"><strong data-start=\"46\" data-end=\"136\">Sistema de desag\u00fce de alto rendimiento para fregaderos de cocina - Filtraci\u00f3n inteligente y protecci\u00f3n de doble sellado<\/strong><\/p>\n<p data-start=\"138\" data-end=\"367\">Mejore la higiene y fiabilidad de su cocina con un desag\u00fce de fregadero dise\u00f1ado para la vida real. Es m\u00e1s que un desag\u00fce: es un sistema de filtraci\u00f3n y sellado dise\u00f1ado para evitar atascos, prevenir fugas y facilitar la limpieza.<\/p>\n<p><img decoding=\"async\" class=\"size-medium wp-image-1078\" src=\"https:\/\/jsd-sinks.com\/wp-content\/uploads\/2025\/12\/Main-031-300x300.jpg\" alt=\"Desag\u00fce del fregadero\" width=\"300\" height=\"300\" title=\"\" srcset=\"https:\/\/jsd-sinks.com\/wp-content\/uploads\/2025\/12\/Main-031-300x300.jpg 300w, https:\/\/jsd-sinks.com\/wp-content\/uploads\/2025\/12\/Main-031-100x100.jpg 100w, https:\/\/jsd-sinks.com\/wp-content\/uploads\/2025\/12\/Main-031-600x600.jpg 600w, https:\/\/jsd-sinks.com\/wp-content\/uploads\/2025\/12\/Main-031-500x500.jpg 500w, https:\/\/jsd-sinks.com\/wp-content\/uploads\/2025\/12\/Main-031-150x150.jpg 150w, https:\/\/jsd-sinks.com\/wp-content\/uploads\/2025\/12\/Main-031-12x12.jpg 12w, https:\/\/jsd-sinks.com\/wp-content\/uploads\/2025\/12\/Main-031.jpg 667w\" sizes=\"(max-width: 300px) 100vw, 300px\" \/><\/p>\n<h3 data-start=\"369\" data-end=\"396\">\u00bfQu\u00e9 m<span style=\"font-size: 16px;\">lo hace <\/span><span style=\"font-size: 16px;\">pr\u00e1ctico<\/span><\/h3>\n<p data-start=\"397\" data-end=\"572\">Cesto colador extra\u00edble<br data-start=\"426\" data-end=\"429\" \/>Una sencilla cesta encajable recoge restos, c\u00e1scaras y otros s\u00f3lidos antes de que lleguen a las tuber\u00edas. S\u00e1calo, vac\u00edalo y acl\u00e1ralo: sin herramientas ni complicaciones.<\/p>\n<p data-start=\"574\" data-end=\"776\">Dise\u00f1o de doble sellado a prueba de fugas<br data-start=\"610\" data-end=\"613\" \/>Dos arandelas de seguridad crean un sello herm\u00e9tico y estanco entre el desag\u00fce y el fregadero. Esto significa que no hay goteos lentos debajo de la encimera y menos posibilidades de costosos da\u00f1os por agua.<\/p>\n<p data-start=\"778\" data-end=\"927\">Cestas de filtraci\u00f3n dobles<br data-start=\"805\" data-end=\"808\" \/>Dos capas de filtraci\u00f3n mejoran la captura de residuos para que las part\u00edculas m\u00e1s peque\u00f1as no se cuelen. Tuber\u00edas m\u00e1s limpias, menos atascos.<\/p>\n<p data-start=\"929\" data-end=\"1107\">Cuerpo de desag\u00fce estampado de una pieza<br data-start=\"962\" data-end=\"965\" \/>Fabricado con un proceso de estampado integral para mayor resistencia y durabilidad. El cuerpo de una sola pieza resiste los da\u00f1os y aguanta el uso diario.<\/p>\n<p data-start=\"1109\" data-end=\"1278\">Acabado pulido f\u00e1cil de limpiar<br data-start=\"1143\" data-end=\"1146\" \/>Pulido y estirado para obtener una superficie lisa de gran aspecto que se limpia en segundos: bajo mantenimiento que complementa los fregaderos modernos.<\/p>\n<p data-start=\"1280\" data-end=\"1420\">Ajuste universal<br data-start=\"1297\" data-end=\"1300\" \/>Dise\u00f1ado para adaptarse a las aberturas de fregadero est\u00e1ndar (110 mm, 114 mm y 140 mm), por lo que su instalaci\u00f3n resulta sencilla en la mayor\u00eda de las cocinas.<\/p>\n<p><img decoding=\"async\" class=\"size-medium wp-image-1079\" src=\"https:\/\/jsd-sinks.com\/wp-content\/uploads\/2025\/12\/Main-04-300x300.jpg\" alt=\"Desag\u00fce del fregadero\" width=\"300\" height=\"300\" title=\"\" srcset=\"https:\/\/jsd-sinks.com\/wp-content\/uploads\/2025\/12\/Main-04-300x300.jpg 300w, https:\/\/jsd-sinks.com\/wp-content\/uploads\/2025\/12\/Main-04-100x100.jpg 100w, https:\/\/jsd-sinks.com\/wp-content\/uploads\/2025\/12\/Main-04-600x600.jpg 600w, https:\/\/jsd-sinks.com\/wp-content\/uploads\/2025\/12\/Main-04-500x500.jpg 500w, https:\/\/jsd-sinks.com\/wp-content\/uploads\/2025\/12\/Main-04-150x150.jpg 150w, https:\/\/jsd-sinks.com\/wp-content\/uploads\/2025\/12\/Main-04-12x12.jpg 12w, https:\/\/jsd-sinks.com\/wp-content\/uploads\/2025\/12\/Main-04.jpg 667w\" sizes=\"(max-width: 300px) 100vw, 300px\" \/><\/p>\n<h3 data-start=\"1422\" data-end=\"1447\">Uso y mantenimiento<\/h3>\n<ol data-start=\"1448\" data-end=\"1718\">\n<li data-start=\"1448\" data-end=\"1517\">\n<p data-start=\"1451\" data-end=\"1517\">Deje caer el cesto colador en la abertura de desag\u00fce para recoger los residuos.<\/p>\n<\/li>\n<li data-start=\"1518\" data-end=\"1599\">\n<p data-start=\"1521\" data-end=\"1599\">Cuando est\u00e9 lleno, s\u00e1quelo, vac\u00edelo en la basura y acl\u00e1relo bajo el grifo.<\/p>\n<\/li>\n<li data-start=\"1600\" data-end=\"1718\">\n<p data-start=\"1603\" data-end=\"1718\">Si es necesario, retire el conjunto de drenaje para una limpieza r\u00e1pida - el doble sello mantiene todo libre de fugas mientras trabaja.<\/p>\n<\/li>\n<\/ol>\n<h3 data-start=\"1720\" data-end=\"1735\">Por qu\u00e9 actualizar<\/h3>\n<p data-start=\"1736\" data-end=\"1930\">Cambie un desag\u00fce antiguo por este sistema y notar\u00e1 menos atascos, muchas menos fugas en los armarios y un desag\u00fce m\u00e1s f\u00e1cil de limpiar y dise\u00f1ado para durar. Es un peque\u00f1o cambio que ahorra tiempo y preocupaciones.<\/p>\n<h3 data-start=\"1932\" data-end=\"1945\">Preguntas m\u00e1s frecuentes<\/h3>\n<p data-start=\"1946\" data-end=\"2074\"><strong data-start=\"1946\" data-end=\"1975\">P: \u00bfSe adaptar\u00e1 a mi fregadero?<\/strong><br data-start=\"1975\" data-end=\"1978\" \/>R: Se adapta a los orificios de desag\u00fce est\u00e1ndar de 110 mm, 114 mm y 140 mm, compatibles con la mayor\u00eda de los fregaderos de cocina.<\/p>\n<p data-start=\"2076\" data-end=\"2196\"><strong data-start=\"2076\" data-end=\"2113\">P: \u00bfLa cesta se puede lavar en el lavavajillas?<\/strong><br data-start=\"2113\" data-end=\"2116\" \/>R: S\u00ed, la cesta extra\u00edble se puede lavar a mano o en el lavavajillas.<\/p>\n<p data-start=\"2198\" data-end=\"2369\"><strong data-start=\"2198\" data-end=\"2244\">P: \u00bfEl doble sellado detiene realmente las fugas?<\/strong><br data-start=\"2244\" data-end=\"2247\" \/>R: El dise\u00f1o de dos arandelas de cierre crea un sello fuerte y herm\u00e9tico que reduce en gran medida la posibilidad de fugas debajo del fregadero.<\/p>","protected":false},"excerpt":{"rendered":"<p>Sistema de desag\u00fce de primera calidad para fregaderos de cocina con una cesta coladora extra\u00edble para recoger eficazmente los restos de comida y evitar atascos en las tuber\u00edas. Presenta un dise\u00f1o de doble sellado a prueba de fugas con dos arandelas de seguridad y cestas de filtraci\u00f3n dobles. Construcci\u00f3n duradera de una sola pieza estampada, acabado pulido y se adapta a los orificios est\u00e1ndar de 110\/114\/140 mm.<\/p>","protected":false},"featured_media":922,"template":"","meta":{"_gspb_post_css":""},"product_brand":[],"product_cat":[24],"product_tag":[114,112,113],"class_list":{"0":"post-921","1":"product","2":"type-product","3":"status-publish","4":"has-post-thumbnail","6":"product_cat-accessories","7":"product_tag-kitchen-plumbing","8":"product_tag-sink-drain-strainer","9":"product_tag-stainless-steel-drain","11":"first","12":"instock","13":"shipping-taxable","14":"product-type-simple"},"_links":{"self":[{"href":"https:\/\/jsd-sinks.com\/es\/wp-json\/wp\/v2\/product\/921","targetHints":{"allow":["GET"]}}],"collection":[{"href":"https:\/\/jsd-sinks.com\/es\/wp-json\/wp\/v2\/product"}],"about":[{"href":"https:\/\/jsd-sinks.com\/es\/wp-json\/wp\/v2\/types\/product"}],"wp:featuredmedia":[{"embeddable":true,"href":"https:\/\/jsd-sinks.com\/es\/wp-json\/wp\/v2\/media\/922"}],"wp:attachment":[{"href":"https:\/\/jsd-sinks.com\/es\/wp-json\/wp\/v2\/media?parent=921"}],"wp:term":[{"taxonomy":"product_brand","embeddable":true,"href":"https:\/\/jsd-sinks.com\/es\/wp-json\/wp\/v2\/product_brand?post=921"},{"taxonomy":"product_cat","embeddable":true,"href":"https:\/\/jsd-sinks.com\/es\/wp-json\/wp\/v2\/product_cat?post=921"},{"taxonomy":"product_tag","embeddable":true,"href":"https:\/\/jsd-sinks.com\/es\/wp-json\/wp\/v2\/product_tag?post=921"}],"curies":[{"name":"wp","href":"https:\/\/api.w.org\/{rel}","templated":true}]}}