{"id":914,"date":"2025-12-03T03:38:58","date_gmt":"2025-12-03T03:38:58","guid":{"rendered":"https:\/\/jsd-sinks.com\/?post_type=product&#038;p=914"},"modified":"2025-12-09T01:41:40","modified_gmt":"2025-12-09T01:41:40","slug":"stainless-steel-cutting-board-with-hangable-handle","status":"publish","type":"product","link":"https:\/\/jsd-sinks.com\/es\/stainless-steel-cutting-board-with-hangable-handle\/","title":{"rendered":"Tabla de cortar higi\u00e9nica de acero inoxidable SUS304 con asa para colgar"},"content":{"rendered":"<h2 data-start=\"102\" data-end=\"493\"><strong data-start=\"102\" data-end=\"164\">Presentamos la tabla de cortar profesional de acero inoxidable<\/strong><\/h2>\n<p data-start=\"102\" data-end=\"493\">Una herramienta moderna e higi\u00e9nica dise\u00f1ada para revolucionar la preparaci\u00f3n de alimentos. Fabricada en acero inoxidable SUS304 de primera calidad para uso alimentario, esta tabla de cortar es una alternativa excepcional a las tradicionales de madera o pl\u00e1stico, ya que ofrece una durabilidad y facilidad de mantenimiento inigualables tanto para cocinas dom\u00e9sticas como profesionales.<\/p>\n<h3 data-start=\"500\" data-end=\"843\"><strong data-start=\"500\" data-end=\"543\">Seguridad y funcionalidad<\/strong><\/h3>\n<p data-start=\"500\" data-end=\"843\">La tabla presenta esquinas suaves y redondeadas que eliminan los bordes afilados, protegiendo sus manos durante el uso. El asa integrada y reforzada est\u00e1 integrada directamente en el dise\u00f1o, lo que proporciona un agarre seguro para transportarla y permite colgarla verticalmente para ahorrar espacio.<\/p>\n<h3 data-start=\"850\" data-end=\"1370\"><strong data-start=\"850\" data-end=\"877\">Yunque de cocina vers\u00e1til<\/strong><\/h3>\n<p data-start=\"850\" data-end=\"1370\">Dise\u00f1ada para realizar una gran variedad de tareas con facilidad. Su superficie robusta y no porosa es perfecta para picar y cortar en rodajas todos los ingredientes, y su base s\u00f3lida y plana la hace excepcionalmente eficaz para amasar masas, garantizando que no resbale ni se deforme bajo presi\u00f3n. La superficie impermeable de acero inoxidable resiste las manchas, los olores y la absorci\u00f3n de bacterias, lo que la convierte en una de las opciones m\u00e1s higi\u00e9nicas disponibles. La limpieza se realiza sin esfuerzo: basta con pasar un pa\u00f1o o aclarar y estar\u00e1 lista para su siguiente uso.<\/p>\n<h3 data-start=\"1377\" data-end=\"1453\"><strong data-start=\"1377\" data-end=\"1396\">Tama\u00f1os disponibles<\/strong><\/h3>\n<p data-start=\"1377\" data-end=\"1453\">Disponible en tres pr\u00e1cticos tama\u00f1os para adaptarse a cualquier necesidad:<\/p>\n<ul data-start=\"1454\" data-end=\"1528\">\n<li data-start=\"1454\" data-end=\"1478\">\n<p data-start=\"1456\" data-end=\"1478\">C\u00f3digo S (29x20cm)<\/p>\n<\/li>\n<li data-start=\"1479\" data-end=\"1503\">\n<p data-start=\"1481\" data-end=\"1503\">C\u00f3digo M (36x25cm)<\/p>\n<\/li>\n<li data-start=\"1504\" data-end=\"1528\">\n<p data-start=\"1506\" data-end=\"1528\">C\u00f3digo L (46x30cm)<\/p>\n<\/li>\n<\/ul>\n<p data-start=\"1530\" data-end=\"1793\">Tanto si prepara una comida familiar como si ejecuta complejas t\u00e9cnicas culinarias, esta tabla de cortar de acero inoxidable ofrece un rendimiento superior, una resistencia duradera y una limpieza sencilla, lo que la convierte en una actualizaci\u00f3n moderna e indispensable de su kit de herramientas culinarias.<\/p>","protected":false},"excerpt":{"rendered":"<p>Tabla de cortar profesional de acero inoxidable fabricada con SUS304 de calidad alimentaria. Cuenta con esquinas redondeadas seguras, un asa integrada para colgar y est\u00e1 dise\u00f1ada para cortar, rebanar y amasar masa. Disponible en tres tama\u00f1os (S\/M\/L) para un uso vers\u00e1til en la cocina. Higi\u00e9nico, duradero y f\u00e1cil de limpiar.<\/p>","protected":false},"featured_media":915,"template":"","meta":{"_gspb_post_css":""},"product_brand":[],"product_cat":[24],"product_tag":[109,111,110],"class_list":{"0":"post-914","1":"product","2":"type-product","3":"status-publish","4":"has-post-thumbnail","6":"product_cat-accessories","7":"product_tag-kitchen-cutting-board","8":"product_tag-professional-chopping-board","9":"product_tag-stainless-steel-kitchen-tool","11":"first","12":"instock","13":"shipping-taxable","14":"product-type-simple"},"_links":{"self":[{"href":"https:\/\/jsd-sinks.com\/es\/wp-json\/wp\/v2\/product\/914","targetHints":{"allow":["GET"]}}],"collection":[{"href":"https:\/\/jsd-sinks.com\/es\/wp-json\/wp\/v2\/product"}],"about":[{"href":"https:\/\/jsd-sinks.com\/es\/wp-json\/wp\/v2\/types\/product"}],"wp:featuredmedia":[{"embeddable":true,"href":"https:\/\/jsd-sinks.com\/es\/wp-json\/wp\/v2\/media\/915"}],"wp:attachment":[{"href":"https:\/\/jsd-sinks.com\/es\/wp-json\/wp\/v2\/media?parent=914"}],"wp:term":[{"taxonomy":"product_brand","embeddable":true,"href":"https:\/\/jsd-sinks.com\/es\/wp-json\/wp\/v2\/product_brand?post=914"},{"taxonomy":"product_cat","embeddable":true,"href":"https:\/\/jsd-sinks.com\/es\/wp-json\/wp\/v2\/product_cat?post=914"},{"taxonomy":"product_tag","embeddable":true,"href":"https:\/\/jsd-sinks.com\/es\/wp-json\/wp\/v2\/product_tag?post=914"}],"curies":[{"name":"wp","href":"https:\/\/api.w.org\/{rel}","templated":true}]}}