{"id":905,"date":"2025-12-03T03:27:25","date_gmt":"2025-12-03T03:27:25","guid":{"rendered":"https:\/\/jsd-sinks.com\/?post_type=product&#038;p=905"},"modified":"2025-12-09T06:16:06","modified_gmt":"2025-12-09T06:16:06","slug":"expand-your-countertop-bamboo-cutting-board-for-sink","status":"publish","type":"product","link":"https:\/\/jsd-sinks.com\/es\/expand-your-countertop-bamboo-cutting-board-for-sink\/","title":{"rendered":"Ampl\u00ede su encimera: Tabla de cortar de bamb\u00fa para fregadero en nogal y teca"},"content":{"rendered":"<h2 data-start=\"0\" data-end=\"447\"><strong data-start=\"0\" data-end=\"33\">Tabla de cortar de bamb\u00fa para fregadero<\/strong><\/h2>\n<p data-start=\"0\" data-end=\"447\">Esta tabla de cortar de bamb\u00fa es la soluci\u00f3n perfecta para ahorrar espacio en su cocina. Se adapta perfectamente a la mayor\u00eda de fregaderos, proporcionando una forma innovadora de preparar frutas, verduras y carnes directamente sobre el fregadero, manteniendo sus encimeras libres de desorden. Fabricado en bamb\u00fa duradero y respetuoso con el medio ambiente, resiste las marcas de los cuchillos y ofrece una superficie de corte lisa. El veteado natural del bamb\u00fa a\u00f1ade un toque de elegancia a su cocina.<\/p>\n<p><img decoding=\"async\" class=\"size-medium wp-image-909\" src=\"https:\/\/jsd-sinks.com\/wp-content\/uploads\/2025\/12\/bamboo-cutting-board-for-sink-4-300x300.jpg\" alt=\"tabla de cortar de bamb\u00fa para fregadero\" width=\"300\" height=\"300\" title=\"\" srcset=\"https:\/\/jsd-sinks.com\/wp-content\/uploads\/2025\/12\/bamboo-cutting-board-for-sink-4-300x300.jpg 300w, https:\/\/jsd-sinks.com\/wp-content\/uploads\/2025\/12\/bamboo-cutting-board-for-sink-4-100x100.jpg 100w, https:\/\/jsd-sinks.com\/wp-content\/uploads\/2025\/12\/bamboo-cutting-board-for-sink-4-600x599.jpg 600w, https:\/\/jsd-sinks.com\/wp-content\/uploads\/2025\/12\/bamboo-cutting-board-for-sink-4-500x499.jpg 500w, https:\/\/jsd-sinks.com\/wp-content\/uploads\/2025\/12\/bamboo-cutting-board-for-sink-4-150x150.jpg 150w, https:\/\/jsd-sinks.com\/wp-content\/uploads\/2025\/12\/bamboo-cutting-board-for-sink-4-768x767.jpg 768w, https:\/\/jsd-sinks.com\/wp-content\/uploads\/2025\/12\/bamboo-cutting-board-for-sink-4-12x12.jpg 12w, https:\/\/jsd-sinks.com\/wp-content\/uploads\/2025\/12\/bamboo-cutting-board-for-sink-4.jpg 800w\" sizes=\"(max-width: 300px) 100vw, 300px\" \/><\/p>\n<h3 data-start=\"449\" data-end=\"927\"><strong data-start=\"449\" data-end=\"487\">Doble funcionalidad para mayor comodidad<\/strong><\/h3>\n<p data-start=\"449\" data-end=\"927\">Una de las caracter\u00edsticas m\u00e1s destacadas de esta tabla de cortar es su doble funcionalidad. Le permite preparar los ingredientes sobre el fregadero mientras recoge los jugos y residuos, garantizando que sus encimeras permanezcan limpias. Puede enjuagar f\u00e1cilmente los productos o raspar los restos directamente en el fregadero, lo que facilita la limpieza. Su robusta construcci\u00f3n y su generoso tama\u00f1o garantizan un uso intensivo, ya sea para picar frutas, cortar verduras o trinchar carnes.<\/p>\n<h3 data-start=\"929\" data-end=\"1273\"><strong data-start=\"929\" data-end=\"966\">F\u00e1cil mantenimiento y respetuoso con el medio ambiente<\/strong><\/h3>\n<p data-start=\"929\" data-end=\"1273\">El mantenimiento de esta tabla de cortar es muy sencillo, por lo que conservar\u00e1 su buen aspecto durante a\u00f1os. El bamb\u00fa es naturalmente resistente a las bacterias y al agua, proporcionando una superficie higi\u00e9nica para la preparaci\u00f3n de alimentos. Fabricada con bamb\u00fa de origen sostenible, es una opci\u00f3n respetuosa con el medio ambiente para aquellos que buscan reducir su huella de carbono.<\/p>\n<h3 data-start=\"1275\" data-end=\"1554\"><strong data-start=\"1275\" data-end=\"1318\">Ideal para cocinas peque\u00f1as y cocineros ocupados<\/strong><\/h3>\n<p data-start=\"1275\" data-end=\"1554\" data-is-last-node=\"\" data-is-only-node=\"\">Tanto si tiene una cocina peque\u00f1a como si s\u00f3lo quiere mantener su espacio organizado, esta tabla de cortar de bamb\u00fa es pr\u00e1ctica y elegante a la vez. Ofrece una soluci\u00f3n inteligente para preparar la comida y ahorrar espacio, por lo que es una herramienta esencial para cualquier hogar.<\/p>","protected":false},"excerpt":{"rendered":"<p>Mejore su cocina con esta tabla de cortar de bamb\u00fa de primera calidad dise\u00f1ada para encajar sobre el fregadero. Perfecta para cortar, lavar y escurrir, le ayuda a maximizar el espacio y a mantener ordenada la encimera. Duradera, ecol\u00f3gica y f\u00e1cil de limpiar, esta tabla de cortar es un elemento esencial en la cocina.<\/p>","protected":false},"featured_media":906,"template":"","meta":{"_gspb_post_css":""},"product_brand":[],"product_cat":[24],"product_tag":[107,108,106],"class_list":{"0":"post-905","1":"product","2":"type-product","3":"status-publish","4":"has-post-thumbnail","6":"product_cat-accessories","7":"product_tag-bamboo-chopping-board","8":"product_tag-kitchen-prep-board","9":"product_tag-sink-cover-cutting-board","11":"first","12":"instock","13":"shipping-taxable","14":"product-type-simple"},"_links":{"self":[{"href":"https:\/\/jsd-sinks.com\/es\/wp-json\/wp\/v2\/product\/905","targetHints":{"allow":["GET"]}}],"collection":[{"href":"https:\/\/jsd-sinks.com\/es\/wp-json\/wp\/v2\/product"}],"about":[{"href":"https:\/\/jsd-sinks.com\/es\/wp-json\/wp\/v2\/types\/product"}],"wp:featuredmedia":[{"embeddable":true,"href":"https:\/\/jsd-sinks.com\/es\/wp-json\/wp\/v2\/media\/906"}],"wp:attachment":[{"href":"https:\/\/jsd-sinks.com\/es\/wp-json\/wp\/v2\/media?parent=905"}],"wp:term":[{"taxonomy":"product_brand","embeddable":true,"href":"https:\/\/jsd-sinks.com\/es\/wp-json\/wp\/v2\/product_brand?post=905"},{"taxonomy":"product_cat","embeddable":true,"href":"https:\/\/jsd-sinks.com\/es\/wp-json\/wp\/v2\/product_cat?post=905"},{"taxonomy":"product_tag","embeddable":true,"href":"https:\/\/jsd-sinks.com\/es\/wp-json\/wp\/v2\/product_tag?post=905"}],"curies":[{"name":"wp","href":"https:\/\/api.w.org\/{rel}","templated":true}]}}