{"id":888,"date":"2025-12-03T02:58:01","date_gmt":"2025-12-03T02:58:01","guid":{"rendered":"https:\/\/jsd-sinks.com\/?post_type=product&#038;p=888"},"modified":"2025-12-13T03:49:37","modified_gmt":"2025-12-13T03:49:37","slug":"rectangular-bathroom-sinks-for-easy-cleaning","status":"publish","type":"product","link":"https:\/\/jsd-sinks.com\/es\/rectangular-bathroom-sinks-for-easy-cleaning\/","title":{"rendered":"Lavabos rectangulares de esquina redonda R10 modernos para una limpieza f\u00e1cil"},"content":{"rendered":"<h2 data-start=\"101\" data-end=\"419\"><strong data-start=\"101\" data-end=\"170\">Eleve su cuarto de ba\u00f1o con este elegante y moderno lavabo rectangular<\/strong><\/h2>\n<p data-start=\"101\" data-end=\"419\">A\u00f1ada un toque de minimalismo y practicidad a su espacio con este lavabo vers\u00e1til de l\u00edneas limpias. Perfecto para lavabos modernos, cuartos de ba\u00f1o compactos o tocadores, ofrece un aspecto atemporal que combina sin esfuerzo con una gran variedad de estilos de interior.<\/p>\n<p><img decoding=\"async\" class=\"size-medium wp-image-1102\" src=\"https:\/\/jsd-sinks.com\/wp-content\/uploads\/2025\/12\/1-300x300.jpg\" alt=\"lavabos rectangulares\" width=\"300\" height=\"300\" title=\"\" srcset=\"https:\/\/jsd-sinks.com\/wp-content\/uploads\/2025\/12\/1-300x300.jpg 300w, https:\/\/jsd-sinks.com\/wp-content\/uploads\/2025\/12\/1-100x100.jpg 100w, https:\/\/jsd-sinks.com\/wp-content\/uploads\/2025\/12\/1-600x600.jpg 600w, https:\/\/jsd-sinks.com\/wp-content\/uploads\/2025\/12\/1-500x500.jpg 500w, https:\/\/jsd-sinks.com\/wp-content\/uploads\/2025\/12\/1-150x150.jpg 150w, https:\/\/jsd-sinks.com\/wp-content\/uploads\/2025\/12\/1-768x768.jpg 768w, https:\/\/jsd-sinks.com\/wp-content\/uploads\/2025\/12\/1-12x12.jpg 12w, https:\/\/jsd-sinks.com\/wp-content\/uploads\/2025\/12\/1.jpg 800w\" sizes=\"(max-width: 300px) 100vw, 300px\" \/><\/p>\n<h3 data-start=\"421\" data-end=\"785\"><strong data-start=\"421\" data-end=\"476\">Dise\u00f1ado para facilitar la limpieza con esquinas redondeadas R10<\/strong><\/h3>\n<p data-start=\"421\" data-end=\"785\">Este fregadero presenta esquinas suaves y redondeadas R10, lo que lo hace no s\u00f3lo est\u00e9ticamente agradable, sino tambi\u00e9n muy pr\u00e1ctico. Las suaves curvas eliminan los bordes afilados, lo que facilita la limpieza y el mantenimiento. Ya no tendr\u00e1 que preocuparse por la suciedad o las manchas de agua: es perfecto para mantener su fregadero higi\u00e9nico con el m\u00ednimo esfuerzo.<\/p>\n<h3 data-start=\"787\" data-end=\"1100\"><strong data-start=\"787\" data-end=\"850\">Elija entre una gama de elegantes acabados para combinar con su decoraci\u00f3n<\/strong><\/h3>\n<p data-start=\"787\" data-end=\"1100\">Personalice su cuarto de ba\u00f1o con una exclusiva selecci\u00f3n de acabados. Desde el atrevido Black King Kong hasta el lujoso Gold, el c\u00e1lido Rose Gold, el industrial Gun Grey y el cl\u00e1sico acero inoxidable, cada opci\u00f3n est\u00e1 dise\u00f1ada para ofrecer durabilidad y un uso prolongado.<\/p>\n<h3 data-start=\"1102\" data-end=\"1372\"><strong data-start=\"1102\" data-end=\"1158\">Compacto pero funcional, con las proporciones perfectas<\/strong><\/h3>\n<p data-start=\"1102\" data-end=\"1372\">Con unas dimensiones de 560 mm de largo, 320 mm de ancho y 120 mm de profundidad, este lavabo tiene el tama\u00f1o perfecto para lavarse las manos, asearse y realizar las tareas cotidianas del ba\u00f1o, ofreciendo una gran utilidad sin saturar el espacio.<\/p>\n<p><img decoding=\"async\" class=\"size-medium wp-image-1103\" src=\"https:\/\/jsd-sinks.com\/wp-content\/uploads\/2025\/12\/6-300x222.jpg\" alt=\"lavabos rectangulares\" width=\"300\" height=\"222\" title=\"\" srcset=\"https:\/\/jsd-sinks.com\/wp-content\/uploads\/2025\/12\/6-300x222.jpg 300w, https:\/\/jsd-sinks.com\/wp-content\/uploads\/2025\/12\/6-600x444.jpg 600w, https:\/\/jsd-sinks.com\/wp-content\/uploads\/2025\/12\/6-500x370.jpg 500w, https:\/\/jsd-sinks.com\/wp-content\/uploads\/2025\/12\/6-768x568.jpg 768w, https:\/\/jsd-sinks.com\/wp-content\/uploads\/2025\/12\/6-16x12.jpg 16w, https:\/\/jsd-sinks.com\/wp-content\/uploads\/2025\/12\/6.jpg 800w\" sizes=\"(max-width: 300px) 100vw, 300px\" \/><\/p>\n<h3 data-start=\"1374\" data-end=\"1687\"><strong data-start=\"1374\" data-end=\"1416\">Fabricado para ofrecer durabilidad y f\u00e1cil mantenimiento<\/strong><\/h3>\n<p data-start=\"1374\" data-end=\"1687\">Fabricado con materiales de alta calidad, este lavabo combina un dise\u00f1o elegante con caracter\u00edsticas pr\u00e1cticas, garantizando tanto una durabilidad duradera como un f\u00e1cil mantenimiento. Es una gran elecci\u00f3n para cualquiera que busque aportar una mezcla de estilo, limpieza y comodidad moderna a su cuarto de ba\u00f1o.<\/p>","protected":false},"excerpt":{"rendered":"<p>Modernos lavabos rectangulares con dise\u00f1o de esquinas redondeadas R10 para una limpieza sin esfuerzo. Disponible en varios acabados de primera calidad: Black King Kong, Luxury Gold, Rose Gold, Gun Grey y acero inoxidable cl\u00e1sico. Dimensiones compactas de 560x320x120 mm perfectas para cuartos de ba\u00f1o con poco espacio.<\/p>","protected":false},"featured_media":889,"template":"","meta":{"_gspb_post_css":""},"product_brand":[],"product_cat":[23],"product_tag":[100,101,102],"class_list":{"0":"post-888","1":"product","2":"type-product","3":"status-publish","4":"has-post-thumbnail","6":"product_cat-bathroom-sink","7":"product_tag-bathroom-vanity-sink","8":"product_tag-modern-bathroom-sink","9":"product_tag-stainless-steel-basin","11":"first","12":"instock","13":"shipping-taxable","14":"product-type-simple"},"_links":{"self":[{"href":"https:\/\/jsd-sinks.com\/es\/wp-json\/wp\/v2\/product\/888","targetHints":{"allow":["GET"]}}],"collection":[{"href":"https:\/\/jsd-sinks.com\/es\/wp-json\/wp\/v2\/product"}],"about":[{"href":"https:\/\/jsd-sinks.com\/es\/wp-json\/wp\/v2\/types\/product"}],"wp:featuredmedia":[{"embeddable":true,"href":"https:\/\/jsd-sinks.com\/es\/wp-json\/wp\/v2\/media\/889"}],"wp:attachment":[{"href":"https:\/\/jsd-sinks.com\/es\/wp-json\/wp\/v2\/media?parent=888"}],"wp:term":[{"taxonomy":"product_brand","embeddable":true,"href":"https:\/\/jsd-sinks.com\/es\/wp-json\/wp\/v2\/product_brand?post=888"},{"taxonomy":"product_cat","embeddable":true,"href":"https:\/\/jsd-sinks.com\/es\/wp-json\/wp\/v2\/product_cat?post=888"},{"taxonomy":"product_tag","embeddable":true,"href":"https:\/\/jsd-sinks.com\/es\/wp-json\/wp\/v2\/product_tag?post=888"}],"curies":[{"name":"wp","href":"https:\/\/api.w.org\/{rel}","templated":true}]}}