{"id":856,"date":"2025-12-02T09:26:17","date_gmt":"2025-12-02T09:26:17","guid":{"rendered":"https:\/\/jsd-sinks.com\/?post_type=product&#038;p=856"},"modified":"2025-12-13T03:45:36","modified_gmt":"2025-12-13T03:45:36","slug":"embossed-single-bowl-undermount-sink-jsd-us5545","status":"publish","type":"product","link":"https:\/\/jsd-sinks.com\/es\/embossed-single-bowl-undermount-sink-jsd-us5545\/","title":{"rendered":"Fregadero bajo encimera de una cubeta con relieve-JSD US5545"},"content":{"rendered":"<h2 data-start=\"287\" data-end=\"382\">JSD US5545 Fregadero bajo encimera de una cubeta con relieve - Estilo duradero y comodidad diaria<\/h2>\n<h3 data-start=\"384\" data-end=\"684\"><strong data-start=\"384\" data-end=\"419\">Tama\u00f1o equilibrado para la mayor\u00eda de las cocinas<\/strong><\/h3>\n<p data-start=\"384\" data-end=\"684\">La JSD US5545 mide 550 mm de ancho por 450 mm de fondo, un tama\u00f1o equilibrado que se adapta c\u00f3modamente a la mayor\u00eda de las cocinas. La cubeta principal mide 350 \u00d7 400 mm con una profundidad de 230 mm, por lo que dispone de espacio suficiente para fregar, preparar comidas o realizar las tareas cotidianas de la cocina.<\/p>\n<p><img decoding=\"async\" class=\"size-medium wp-image-862\" src=\"https:\/\/jsd-sinks.com\/wp-content\/uploads\/2025\/12\/Embossed-Single-Bowl-Undermount-Sink-6-300x300.jpg\" alt=\"Fregadero bajo encimera de una cubeta en relieve\" width=\"300\" height=\"300\" title=\"\" srcset=\"https:\/\/jsd-sinks.com\/wp-content\/uploads\/2025\/12\/Embossed-Single-Bowl-Undermount-Sink-6-300x300.jpg 300w, https:\/\/jsd-sinks.com\/wp-content\/uploads\/2025\/12\/Embossed-Single-Bowl-Undermount-Sink-6-100x100.jpg 100w, https:\/\/jsd-sinks.com\/wp-content\/uploads\/2025\/12\/Embossed-Single-Bowl-Undermount-Sink-6-600x600.jpg 600w, https:\/\/jsd-sinks.com\/wp-content\/uploads\/2025\/12\/Embossed-Single-Bowl-Undermount-Sink-6-500x500.jpg 500w, https:\/\/jsd-sinks.com\/wp-content\/uploads\/2025\/12\/Embossed-Single-Bowl-Undermount-Sink-6-150x150.jpg 150w, https:\/\/jsd-sinks.com\/wp-content\/uploads\/2025\/12\/Embossed-Single-Bowl-Undermount-Sink-6-768x768.jpg 768w, https:\/\/jsd-sinks.com\/wp-content\/uploads\/2025\/12\/Embossed-Single-Bowl-Undermount-Sink-6-12x12.jpg 12w, https:\/\/jsd-sinks.com\/wp-content\/uploads\/2025\/12\/Embossed-Single-Bowl-Undermount-Sink-6.jpg 800w\" sizes=\"(max-width: 300px) 100vw, 300px\" \/><\/p>\n<h3 data-start=\"686\" data-end=\"1018\"><strong data-start=\"686\" data-end=\"718\">Acabado elegante pero pr\u00e1ctico<\/strong><\/h3>\n<p data-start=\"686\" data-end=\"1018\">Este fregadero tiene una superficie de acero inoxidable cepillado y presenta una sutil textura en relieve. Gracias a su superficie cepillada y texturizada, resiste ara\u00f1azos, huellas dactilares y manchas de agua, por lo que mantiene un aspecto limpio y refinado con el m\u00ednimo esfuerzo.<\/p>\n<h3 data-start=\"1020\" data-end=\"1226\"><strong data-start=\"1020\" data-end=\"1057\">Forma f\u00e1cil de limpiar y dise\u00f1o inteligente<\/strong><\/h3>\n<p data-start=\"1020\" data-end=\"1226\">Las esquinas lisas y redondeadas confieren al fregadero un aspecto elegante y contempor\u00e1neo, pero tambi\u00e9n son pr\u00e1cticas: eliminan los recovecos de dif\u00edcil acceso, por lo que la limpieza es r\u00e1pida y sencilla.<\/p>\n<p data-start=\"1228\" data-end=\"1456\">En el interior del lavabo hay ranuras en forma de X inteligentemente dise\u00f1adas que crean una suave pendiente hacia el desag\u00fce. Esto ayuda a que el agua fluya r\u00e1pidamente, minimizando el agua estancada y acelerando el secado, lo que mantiene su fregadero higi\u00e9nico y fresco.<\/p>\n<h3 data-start=\"1458\" data-end=\"1705\"><strong data-start=\"1458\" data-end=\"1501\">Instalaci\u00f3n y compatibilidad perfectas<\/strong><\/h3>\n<p data-start=\"1458\" data-end=\"1705\">El fregadero incluye un orificio de desag\u00fce est\u00e1ndar de 3,5 pulgadas para facilitar la instalaci\u00f3n con los sistemas de fontaner\u00eda habituales. Tambi\u00e9n es compatible con un escurridor m\u00e1s grande de 114 mm si lo prefiere, lo que ofrece opciones flexibles de instalaci\u00f3n.<\/p>\n<p data-start=\"1707\" data-end=\"2055\"><strong data-start=\"1707\" data-end=\"1757\">Fabricado para durar: tambi\u00e9n con opciones de personalizaci\u00f3n<\/strong><br data-start=\"1757\" data-end=\"1760\" \/>Respaldamos el JSD US5545 con una garant\u00eda total de por vida, por lo que puede confiar en que est\u00e1 fabricado para un uso a largo plazo. Y si va a equipar varias cocinas o desea un dise\u00f1o personalizado, ofrecemos servicios OEM\/ODM con un pedido m\u00ednimo de 10 juegos, lo que le da flexibilidad para pedidos al por mayor o especificaciones a medida.<\/p>","protected":false},"excerpt":{"rendered":"<p>JSD US5545 Fregadero bajo encimera de una cubeta en relieve. Tama\u00f1o vers\u00e1til de 550x450 mm con una pr\u00e1ctica cubeta de 350x400 mm y 230 mm de profundidad. Presenta un elegante acabado en acero inoxidable cepillado con una sutil textura en relieve, esquinas redondeadas de f\u00e1cil limpieza, eficientes ranuras de desag\u00fce en forma de X y un orificio de desag\u00fce est\u00e1ndar de 3,5\u2033. Incluye garant\u00eda de por vida y servicios OEM\/ODM.<\/p>\n<p>Modelo: JSD US5545<br \/>\nDetalles del producto:<br \/>\nTama\u00f1o total: 550X450mm<br \/>\nTama\u00f1o de la cubeta: 350x400mm<br \/>\nProfundidad: 230 mm<br \/>\nAgujero del escurridor: 114 mm<br \/>\nTratamiento de superficie: cepillado<br \/>\nServicio: Servicio OEM\/ODM disponible<br \/>\nGarant\u00eda: De por vida<br \/>\nMOQ: 10 juegos<\/p>","protected":false},"featured_media":863,"template":"","meta":{"_gspb_post_css":""},"product_brand":[],"product_cat":[21],"product_tag":[92,88,91],"class_list":{"0":"post-856","1":"product","2":"type-product","3":"status-publish","4":"has-post-thumbnail","6":"product_cat-embossed-sink","7":"product_tag-brushed-stainless-steel-sink","8":"product_tag-embossed-kitchen-sink","9":"product_tag-single-bowl-undermount","11":"first","12":"instock","13":"shipping-taxable","14":"product-type-simple"},"_links":{"self":[{"href":"https:\/\/jsd-sinks.com\/es\/wp-json\/wp\/v2\/product\/856","targetHints":{"allow":["GET"]}}],"collection":[{"href":"https:\/\/jsd-sinks.com\/es\/wp-json\/wp\/v2\/product"}],"about":[{"href":"https:\/\/jsd-sinks.com\/es\/wp-json\/wp\/v2\/types\/product"}],"wp:featuredmedia":[{"embeddable":true,"href":"https:\/\/jsd-sinks.com\/es\/wp-json\/wp\/v2\/media\/863"}],"wp:attachment":[{"href":"https:\/\/jsd-sinks.com\/es\/wp-json\/wp\/v2\/media?parent=856"}],"wp:term":[{"taxonomy":"product_brand","embeddable":true,"href":"https:\/\/jsd-sinks.com\/es\/wp-json\/wp\/v2\/product_brand?post=856"},{"taxonomy":"product_cat","embeddable":true,"href":"https:\/\/jsd-sinks.com\/es\/wp-json\/wp\/v2\/product_cat?post=856"},{"taxonomy":"product_tag","embeddable":true,"href":"https:\/\/jsd-sinks.com\/es\/wp-json\/wp\/v2\/product_tag?post=856"}],"curies":[{"name":"wp","href":"https:\/\/api.w.org\/{rel}","templated":true}]}}