{"id":831,"date":"2025-12-02T07:56:24","date_gmt":"2025-12-02T07:56:24","guid":{"rendered":"https:\/\/jsd-sinks.com\/?post_type=product&#038;p=831"},"modified":"2025-12-13T03:44:01","modified_gmt":"2025-12-13T03:44:01","slug":"custom-stainless-steel-sink-with-premium-nano-silver","status":"publish","type":"product","link":"https:\/\/jsd-sinks.com\/es\/custom-stainless-steel-sink-with-premium-nano-silver\/","title":{"rendered":"Fregadero de acero inoxidable a medida con acabado Premium Nano Silver JSD TS2522"},"content":{"rendered":"<h2 data-start=\"0\" data-end=\"42\">JSD TS2522 Fregadero de acero inoxidable a medida<\/h2>\n<p data-start=\"43\" data-end=\"89\"><strong data-start=\"43\" data-end=\"89\">Durabilidad a medida con acabado nanoplateado<\/strong><\/p>\n<p data-start=\"105\" data-end=\"545\">El JSD TS2522 es el tipo de fregadero que primero llama la atenci\u00f3n por lo bien que se integra en el trabajo y luego por su fiabilidad. Con un tama\u00f1o de 635 \u00d7 559 mm y una cubeta profunda de 575 \u00d7 453 \u00d7 230 mm, se adapta a grandes ollas y bandejas de horno sin problemas y se limpia con la misma rapidez. De construcci\u00f3n pesada (peso neto de 26,00 kg), se asienta s\u00f3lidamente en el mueble y da una sensaci\u00f3n t\u00e1ctil de calidad a largo plazo desde el momento en que se instala.<\/p>\n<p><img decoding=\"async\" class=\"size-medium wp-image-835\" src=\"https:\/\/jsd-sinks.com\/wp-content\/uploads\/2025\/12\/custom-stainless-steel-sink-4-300x300.jpg\" alt=\"fregadero de acero inoxidable a medida\" width=\"300\" height=\"300\" title=\"\" srcset=\"https:\/\/jsd-sinks.com\/wp-content\/uploads\/2025\/12\/custom-stainless-steel-sink-4-300x300.jpg 300w, https:\/\/jsd-sinks.com\/wp-content\/uploads\/2025\/12\/custom-stainless-steel-sink-4-100x100.jpg 100w, https:\/\/jsd-sinks.com\/wp-content\/uploads\/2025\/12\/custom-stainless-steel-sink-4-600x600.jpg 600w, https:\/\/jsd-sinks.com\/wp-content\/uploads\/2025\/12\/custom-stainless-steel-sink-4-500x500.jpg 500w, https:\/\/jsd-sinks.com\/wp-content\/uploads\/2025\/12\/custom-stainless-steel-sink-4-150x150.jpg 150w, https:\/\/jsd-sinks.com\/wp-content\/uploads\/2025\/12\/custom-stainless-steel-sink-4-768x768.jpg 768w, https:\/\/jsd-sinks.com\/wp-content\/uploads\/2025\/12\/custom-stainless-steel-sink-4-12x12.jpg 12w, https:\/\/jsd-sinks.com\/wp-content\/uploads\/2025\/12\/custom-stainless-steel-sink-4.jpg 800w\" sizes=\"(max-width: 300px) 100vw, 300px\" \/><\/p>\n<h3 data-start=\"547\" data-end=\"577\">Qu\u00e9 se siente al usarlo<\/h3>\n<p data-start=\"578\" data-end=\"938\">Deslice una sart\u00e9n para asar en la cubeta despu\u00e9s de la cena y todav\u00eda hay espacio para enjuagar y preparar al lado de ella. El acabado cepillado Nano Silver suaviza la luz sin mostrar cada huella dactilar, por lo que las encimeras ocupadas se ven compuestas entre limpiezas. La geometr\u00eda redondeada y el desag\u00fce inteligente hacen que limpiar la cubeta sea un movimiento sencillo y satisfactorio, sin tener que buscar la suciedad en las esquinas.<\/p>\n<h3 data-start=\"940\" data-end=\"964\">Detalles de las prestaciones<\/h3>\n<ul data-start=\"965\" data-end=\"1478\">\n<li data-start=\"965\" data-end=\"1144\">\n<p data-start=\"967\" data-end=\"1144\">Superficie cepillada Nano Silver: El acabado avanzado mejora la resistencia a las huellas dactilares, los ara\u00f1azos finos y las manchas, por lo que el fregadero mantiene un aspecto refinado con un mantenimiento m\u00ednimo.<\/p>\n<\/li>\n<li data-start=\"1145\" data-end=\"1293\">\n<p data-start=\"1147\" data-end=\"1293\">Drenaje con ranuras en X: Las sutiles ranuras en forma de X crean una suave pendiente que canaliza el agua hacia el desag\u00fce, reduciendo los encharcamientos y acelerando el secado.<\/p>\n<\/li>\n<li data-start=\"1294\" data-end=\"1478\">\n<p data-start=\"1296\" data-end=\"1478\">Gran desag\u00fce: Un generoso desag\u00fce de 114 mm (\u22484,5 pulgadas) despeja el agua y los residuos r\u00e1pidamente, algo \u00fatil en cocinas de uso intensivo y cuando se utilizan trituradores de basura o coladores de tipo comercial.<\/p>\n<\/li>\n<\/ul>\n<h3 data-start=\"1480\" data-end=\"1518\">Construido para durar y ser especificado<\/h3>\n<p data-start=\"1519\" data-end=\"1782\">Disponible en espesores considerables (1,05 mm, 1,15 mm y 1,35 mm), el TS2522 ofrece a los dise\u00f1adores y propietarios de viviendas opciones reales de amortiguaci\u00f3n ac\u00fastica y rigidez estructural. Su peso y construcci\u00f3n proporcionan una sensaci\u00f3n de solidez y silencio bajo sartenes pesadas y un uso repetido.<\/p>\n<h3 data-start=\"1784\" data-end=\"1812\">Personalizaci\u00f3n y asistencia<\/h3>\n<p data-start=\"1813\" data-end=\"2119\">Este modelo est\u00e1 dise\u00f1ado para ofrecer flexibilidad OEM\/ODM: cambie las dimensiones, los acabados o la disposici\u00f3n de los accesorios para adaptarse a la visi\u00f3n espec\u00edfica de un proyecto. Todas las unidades est\u00e1n respaldadas por una garant\u00eda integral de por vida y por un equipo de I+D y de atenci\u00f3n al cliente, para que el fregadero sea tan pr\u00e1ctico como bonito.<\/p>\n<h3 data-start=\"2427\" data-end=\"2441\">Preguntas m\u00e1s frecuentes<\/h3>\n<p data-start=\"2442\" data-end=\"2638\"><strong data-start=\"2442\" data-end=\"2500\">P: \u00bfQu\u00e9 ventaja ofrece el acabado Nano Silver?<\/strong><br data-start=\"2500\" data-end=\"2503\" \/>R: Reduce las huellas dactilares visibles y las peque\u00f1as marcas de la superficie, resiste las manchas y mantiene el fregadero limpio durante m\u00e1s tiempo con unos cuidados sencillos.<\/p>\n<p data-start=\"2640\" data-end=\"2792\"><strong data-start=\"2640\" data-end=\"2675\">P: \u00bfPor qu\u00e9 elegir el desag\u00fce de 114 mm?<\/strong><br data-start=\"2675\" data-end=\"2678\" \/>R: La salida m\u00e1s grande elimina el agua y los residuos con mayor rapidez, lo que reduce los encharcamientos y mejora la higiene en las cocinas de uso intensivo.<\/p>\n<p data-start=\"2794\" data-end=\"2984\"><strong data-start=\"2794\" data-end=\"2852\">P: \u00bfSe puede personalizar este fregadero para un proyecto concreto?<\/strong><br data-start=\"2852\" data-end=\"2855\" \/>R: S\u00ed - Se admite la personalizaci\u00f3n OEM\/ODM para dimensiones, acabados y configuraciones de accesorios. P\u00f3ngase en contacto con nuestro equipo de I+D con sus especificaciones.<\/p>","protected":false},"excerpt":{"rendered":"<p>JSD TS2522 Fregadero de acero inoxidable a medida. Tama\u00f1o profesional de 635x559mm con una cubeta grande de 575x453mm y 230mm de profundidad. Presenta un acabado cepillado Nano Silver de primera calidad, un eficaz desag\u00fce en forma de X y un orificio de escurridor de 114 mm. Construido con acero SUS304 de 1,05-1,35 mm de alta resistencia. Garant\u00eda de por vida y servicios OEM\/ODM.<\/p>\n<p>Modelo: JSD TS2522<br \/>\nDetalles del producto:<br \/>\nTama\u00f1o total: 635X559mm<br \/>\nTama\u00f1o del cuenco: 575X453mm<br \/>\nProfundidad: 230 mm<br \/>\nAgujero del escurridor: 114 mm<br \/>\nThickness:1.35mm\/1.15mm \/1.05mm<br \/>\nPeso neto: 6.00KG<br \/>\nColor\uff1aNano Plata<br \/>\nMaterial\uff1aSUS304<br \/>\nTratamiento de superficie: cepillado<br \/>\nServicio: Servicio OEM\/ODM disponible<br \/>\nGarant\u00eda: De por vida<br \/>\nMOQ: 10 juegos<\/p>","protected":false},"featured_media":838,"template":"","meta":{"_gspb_post_css":""},"product_brand":[],"product_cat":[21],"product_tag":[85,86,84],"class_list":{"0":"post-831","1":"product","2":"type-product","3":"status-publish","4":"has-post-thumbnail","6":"product_cat-embossed-sink","7":"product_tag-nano-silver-sink","8":"product_tag-oem-kitchen-sink","9":"product_tag-sus304-stainless-steel-sink","11":"first","12":"instock","13":"shipping-taxable","14":"product-type-simple"},"_links":{"self":[{"href":"https:\/\/jsd-sinks.com\/es\/wp-json\/wp\/v2\/product\/831","targetHints":{"allow":["GET"]}}],"collection":[{"href":"https:\/\/jsd-sinks.com\/es\/wp-json\/wp\/v2\/product"}],"about":[{"href":"https:\/\/jsd-sinks.com\/es\/wp-json\/wp\/v2\/types\/product"}],"wp:featuredmedia":[{"embeddable":true,"href":"https:\/\/jsd-sinks.com\/es\/wp-json\/wp\/v2\/media\/838"}],"wp:attachment":[{"href":"https:\/\/jsd-sinks.com\/es\/wp-json\/wp\/v2\/media?parent=831"}],"wp:term":[{"taxonomy":"product_brand","embeddable":true,"href":"https:\/\/jsd-sinks.com\/es\/wp-json\/wp\/v2\/product_brand?post=831"},{"taxonomy":"product_cat","embeddable":true,"href":"https:\/\/jsd-sinks.com\/es\/wp-json\/wp\/v2\/product_cat?post=831"},{"taxonomy":"product_tag","embeddable":true,"href":"https:\/\/jsd-sinks.com\/es\/wp-json\/wp\/v2\/product_tag?post=831"}],"curies":[{"name":"wp","href":"https:\/\/api.w.org\/{rel}","templated":true}]}}