{"id":775,"date":"2025-12-02T02:42:50","date_gmt":"2025-12-02T02:42:50","guid":{"rendered":"https:\/\/jsd-sinks.com\/?post_type=product&#038;p=775"},"modified":"2025-12-13T02:38:58","modified_gmt":"2025-12-13T02:38:58","slug":"thickness-undermount-double-plate-kitchen-sink","status":"publish","type":"product","link":"https:\/\/jsd-sinks.com\/es\/thickness-undermount-double-plate-kitchen-sink\/","title":{"rendered":"Fregadero de Cocina de Doble Placa Bajo Encimera de Grosor Personalizado UDUE7045"},"content":{"rendered":"<h2 data-start=\"0\" data-end=\"35\">UDUE7045 Fregadero bajo encimera de doble encimera<\/h2>\n<p data-start=\"36\" data-end=\"78\"><strong data-start=\"36\" data-end=\"78\">Eficiencia compacta para cocinas modernas<\/strong><\/p>\n<h3 data-start=\"80\" data-end=\"97\">Introducci\u00f3n<\/h3>\n<p data-start=\"98\" data-end=\"413\">El UDUE7045 es un fregadero bajo encimera de doble cubeta dise\u00f1ado para cocinas en las que cada cent\u00edmetro es importante. Lo suficientemente peque\u00f1o como para adaptarse a encimeras estrechas, pero lo suficientemente amplio como para cocinar y limpiar, equilibra un dise\u00f1o inteligente con un aspecto limpio y moderno, perfecto para apartamentos, casas peque\u00f1as o cualquier persona que prefiera una encimera despejada.<\/p>\n<h3 data-start=\"415\" data-end=\"436\">Especificaciones<\/h3>\n<ul data-start=\"437\" data-end=\"770\">\n<li data-start=\"437\" data-end=\"471\">\n<p data-start=\"439\" data-end=\"471\"><strong data-start=\"439\" data-end=\"456\">Tama\u00f1o total:<\/strong> 700 \u00d7 450 mm<\/p>\n<\/li>\n<li data-start=\"472\" data-end=\"543\">\n<p data-start=\"474\" data-end=\"543\"><strong data-start=\"474\" data-end=\"489\">Tama\u00f1os de cuenco:<\/strong> Grande 372 \u00d7 400 \u00d7 230 mm - Peque\u00f1a 248 \u00d7 400 \u00d7 230 mm<\/p>\n<\/li>\n<li data-start=\"544\" data-end=\"586\">\n<p data-start=\"546\" data-end=\"586\"><strong data-start=\"546\" data-end=\"561\">Agujero de drenaje:<\/strong> Est\u00e1ndar 3,5\u2033 (\u224889 mm)<\/p>\n<\/li>\n<li data-start=\"587\" data-end=\"634\">\n<p data-start=\"589\" data-end=\"634\"><strong data-start=\"589\" data-end=\"606\">Estilo de esquina:<\/strong> Redondeado para facilitar la limpieza<\/p>\n<\/li>\n<li data-start=\"635\" data-end=\"703\">\n<p data-start=\"637\" data-end=\"703\"><strong data-start=\"637\" data-end=\"659\">Opciones de grosor:<\/strong> 0,95 mm \/ 1,05 mm \/ 1,2 mm (personalizable)<\/p>\n<\/li>\n<li data-start=\"704\" data-end=\"745\">\n<p data-start=\"706\" data-end=\"745\"><strong data-start=\"706\" data-end=\"720\">Embalaje:<\/strong> Caja de 750 \u00d7 500 \u00d7 290 mm<\/p>\n<\/li>\n<li data-start=\"746\" data-end=\"770\">\n<p data-start=\"748\" data-end=\"770\"><strong data-start=\"748\" data-end=\"763\">Peso neto:<\/strong> 9,0 kg<\/p>\n<\/li>\n<\/ul>\n<p><img decoding=\"async\" class=\"size-medium wp-image-779\" src=\"https:\/\/jsd-sinks.com\/wp-content\/uploads\/2025\/12\/Undermount-double-plate-kitchen-sink-4-300x300.jpg\" alt=\"Fregadero bajo encimera de doble encimera\" width=\"300\" height=\"300\" title=\"\" srcset=\"https:\/\/jsd-sinks.com\/wp-content\/uploads\/2025\/12\/Undermount-double-plate-kitchen-sink-4-300x300.jpg 300w, https:\/\/jsd-sinks.com\/wp-content\/uploads\/2025\/12\/Undermount-double-plate-kitchen-sink-4-100x100.jpg 100w, https:\/\/jsd-sinks.com\/wp-content\/uploads\/2025\/12\/Undermount-double-plate-kitchen-sink-4-600x600.jpg 600w, https:\/\/jsd-sinks.com\/wp-content\/uploads\/2025\/12\/Undermount-double-plate-kitchen-sink-4-500x500.jpg 500w, https:\/\/jsd-sinks.com\/wp-content\/uploads\/2025\/12\/Undermount-double-plate-kitchen-sink-4-150x150.jpg 150w, https:\/\/jsd-sinks.com\/wp-content\/uploads\/2025\/12\/Undermount-double-plate-kitchen-sink-4-768x768.jpg 768w, https:\/\/jsd-sinks.com\/wp-content\/uploads\/2025\/12\/Undermount-double-plate-kitchen-sink-4-12x12.jpg 12w, https:\/\/jsd-sinks.com\/wp-content\/uploads\/2025\/12\/Undermount-double-plate-kitchen-sink-4.jpg 800w\" sizes=\"(max-width: 300px) 100vw, 300px\" \/><\/p>\n<h3 data-start=\"772\" data-end=\"807\">Un dise\u00f1o que piensa en el uso<\/h3>\n<p data-start=\"808\" data-end=\"1081\">La disposici\u00f3n del UDUE7045 separa intencionadamente las tareas: un recipiente m\u00e1s grande para ollas y sartenes y otro m\u00e1s peque\u00f1o para enjuagar o preparar. Esta zonificaci\u00f3n funcional mantiene un flujo de trabajo fluido, para que puedas pasar del remojo al fregado y al aclarado sin tener que hacer malabares con todo en un mismo recipiente.<\/p>\n<p data-start=\"1083\" data-end=\"1501\">Las esquinas redondeadas no s\u00f3lo suavizan el aspecto, sino que impiden que la suciedad se esconda, por lo que una limpieza r\u00e1pida limpia de verdad. En la parte inferior, unas sutiles ranuras en forma de X est\u00e1n ligeramente inclinadas hacia el desag\u00fce central, un detalle discreto que ayuda a que el agua fluya r\u00e1pidamente, reduce los encharcamientos y mantiene el fregadero m\u00e1s seco entre usos. La abertura de desag\u00fce est\u00e1ndar de 3,5\u2033 facilita la instalaci\u00f3n y es compatible con la mayor\u00eda de grifer\u00edas habituales.<\/p>\n<h3 data-start=\"1503\" data-end=\"1533\">Dise\u00f1ado para satisfacer necesidades reales<\/h3>\n<p data-start=\"1534\" data-end=\"1846\">Elija entre tres calibres de acero inoxidable en funci\u00f3n de la resistencia que necesite para el fregadero: m\u00e1s ligero para un uso dom\u00e9stico econ\u00f3mico, m\u00e1s pesado para una resistencia m\u00e1s duradera. Si su proyecto lo requiere, tambi\u00e9n hay disponibles calibradores personalizados. Cada fregadero se refuerza individualmente en el embalaje para que llegue listo para instalar.<\/p>\n<h3 data-start=\"1848\" data-end=\"1874\">Apoyo de confianza<\/h3>\n<p data-start=\"1875\" data-end=\"2108\">Respaldamos el UDUE7045 con un servicio posventa de por vida y un equipo de I+D que perfecciona continuamente los detalles del producto bas\u00e1ndose en comentarios reales. Esto significa que, tanto si necesita asesoramiento sobre la instalaci\u00f3n como si tiene alguna duda a largo plazo, tendr\u00e1 ayuda a su disposici\u00f3n.<\/p>\n<h3 data-start=\"2110\" data-end=\"2133\">Para qui\u00e9n es este fregadero<\/h3>\n<ul data-start=\"2134\" data-end=\"2340\">\n<li data-start=\"2134\" data-end=\"2205\">\n<p data-start=\"2136\" data-end=\"2205\">Habitantes de apartamentos y propietarios de casas peque\u00f1as que necesitan soluciones compactas.<\/p>\n<\/li>\n<li data-start=\"2206\" data-end=\"2269\">\n<p data-start=\"2208\" data-end=\"2269\">Dise\u00f1adores y renovadores que buscan un perfil bajo encimera limpio.<\/p>\n<\/li>\n<li data-start=\"2270\" data-end=\"2340\">\n<p data-start=\"2272\" data-end=\"2340\">Cualquiera que desee un fregadero de bajo mantenimiento con una gesti\u00f3n inteligente del agua.<\/p>\n<\/li>\n<\/ul>\n<h3 data-start=\"2342\" data-end=\"2354\">Preguntas m\u00e1s frecuentes<\/h3>\n<p data-start=\"2355\" data-end=\"2529\"><strong data-start=\"2355\" data-end=\"2411\">P: \u00bfEl cuenco peque\u00f1o ser\u00e1 \u00fatil o s\u00f3lo decorativo?<\/strong><br data-start=\"2411\" data-end=\"2414\" \/>R: El bol peque\u00f1o es funcional, ideal para enjuagar, preparar comida o guardar utensilios mientras el bol principal se ocupa de las ollas.<\/p>\n<p data-start=\"2531\" data-end=\"2707\"><strong data-start=\"2531\" data-end=\"2590\">P: \u00bfPuedo solicitar un calibre de acero m\u00e1s grueso para un uso m\u00e1s intenso?<\/strong><br data-start=\"2590\" data-end=\"2593\" \/>R: S\u00ed. La opci\u00f3n de 1,2 mm es la mejor para un uso diario m\u00e1s intenso; las solicitudes de grosores personalizados pueden tramitarse antes del env\u00edo.<\/p>\n<p data-start=\"2709\" data-end=\"2841\"><strong data-start=\"2709\" data-end=\"2751\">P: \u00bfExiste una insonorizaci\u00f3n adicional?<\/strong><br data-start=\"2751\" data-end=\"2754\" \/>R: Muchos compradores a\u00f1aden un revestimiento inferior para reducir el ruido; pregunte a su proveedor acerca de las opciones.<\/p>","protected":false},"excerpt":{"rendered":"<p>El fregadero doble UDUE7045 tiene un tama\u00f1o compacto de 700x450 mm, con una cubeta grande (372x400 mm) y otra peque\u00f1a (248x400 mm). Cuenta con esquinas redondeadas f\u00e1ciles de limpiar, un canal de desag\u00fce en forma de X para un drenaje m\u00e1s r\u00e1pido y un orificio de desag\u00fce est\u00e1ndar de 3,5 pulgadas. Est\u00e1 disponible en grosores de 0,95\/1,05\/1,2 mm y tiene garant\u00eda de por vida.<\/p>\n<p>Modelo: UDUE7045<br \/>\nDimensiones exteriores: 700X450MM<br \/>\nDimensiones internas: 372X400MM<br \/>\nProfundidad: 230MM<br \/>\nEspesor: 0,95\/1,05\/1,2MM\/Personalizar<br \/>\nDimensiones del embalaje individual: 750X500X290MM<br \/>\nPeso neto: 9KG<br \/>\nPeso bruto: 10.5KG<\/p>","protected":false},"featured_media":1269,"template":"","meta":{"_gspb_post_css":""},"product_brand":[],"product_cat":[20],"product_tag":[72,70,71],"class_list":{"0":"post-775","1":"product","2":"type-product","3":"status-publish","4":"has-post-thumbnail","6":"product_cat-undermount-sink","7":"product_tag-compact-kitchen-sink","8":"product_tag-stainless-steel-kitchen-sink","9":"product_tag-undermount-double-bowl","11":"first","12":"instock","13":"shipping-taxable","14":"product-type-simple"},"_links":{"self":[{"href":"https:\/\/jsd-sinks.com\/es\/wp-json\/wp\/v2\/product\/775","targetHints":{"allow":["GET"]}}],"collection":[{"href":"https:\/\/jsd-sinks.com\/es\/wp-json\/wp\/v2\/product"}],"about":[{"href":"https:\/\/jsd-sinks.com\/es\/wp-json\/wp\/v2\/types\/product"}],"wp:featuredmedia":[{"embeddable":true,"href":"https:\/\/jsd-sinks.com\/es\/wp-json\/wp\/v2\/media\/1269"}],"wp:attachment":[{"href":"https:\/\/jsd-sinks.com\/es\/wp-json\/wp\/v2\/media?parent=775"}],"wp:term":[{"taxonomy":"product_brand","embeddable":true,"href":"https:\/\/jsd-sinks.com\/es\/wp-json\/wp\/v2\/product_brand?post=775"},{"taxonomy":"product_cat","embeddable":true,"href":"https:\/\/jsd-sinks.com\/es\/wp-json\/wp\/v2\/product_cat?post=775"},{"taxonomy":"product_tag","embeddable":true,"href":"https:\/\/jsd-sinks.com\/es\/wp-json\/wp\/v2\/product_tag?post=775"}],"curies":[{"name":"wp","href":"https:\/\/api.w.org\/{rel}","templated":true}]}}