{"id":763,"date":"2025-12-02T02:00:33","date_gmt":"2025-12-02T02:00:33","guid":{"rendered":"https:\/\/jsd-sinks.com\/?post_type=product&#038;p=763"},"modified":"2025-12-13T03:13:41","modified_gmt":"2025-12-13T03:13:41","slug":"810mm-dual-basin-flush-mount-sink-stainless-steel","status":"publish","type":"product","link":"https:\/\/jsd-sinks.com\/es\/810mm-dual-basin-flush-mount-sink-stainless-steel\/","title":{"rendered":"Fregadero de doble seno de 810 mm de montaje empotrado - Acero inoxidable de primera calidad UDU8146B"},"content":{"rendered":"<h2 data-start=\"369\" data-end=\"398\">UDU8146B Fregadero empotrable<\/h2>\n<p data-start=\"399\" data-end=\"438\"><strong data-start=\"399\" data-end=\"438\">Dise\u00f1o moderno con comodidad cotidiana<\/strong><\/p>\n<p data-start=\"440\" data-end=\"806\">Si est\u00e1 renovando su cocina y desea algo limpio, moderno y realmente f\u00e1cil de usar, el fregadero de montaje empotrado UDU8146B se ha fabricado con esa mentalidad. Su perfil de 810 \u00d7 460 mm se adapta c\u00f3modamente a la mayor\u00eda de las encimeras, mientras que la profundidad de 230 mm y las cubetas dobles de 356 \u00d7 410 mm le proporcionan el tipo de espacio de trabajo que hace que las tareas diarias parezcan menos tareas.<\/p>\n<p><img decoding=\"async\" class=\"size-medium wp-image-1117\" src=\"https:\/\/jsd-sinks.com\/wp-content\/uploads\/2025\/12\/flush-mount-sink-4-1-300x300.jpg\" alt=\"Fregadero de montaje empotrado\" width=\"300\" height=\"300\" title=\"\" srcset=\"https:\/\/jsd-sinks.com\/wp-content\/uploads\/2025\/12\/flush-mount-sink-4-1-300x300.jpg 300w, https:\/\/jsd-sinks.com\/wp-content\/uploads\/2025\/12\/flush-mount-sink-4-1-100x100.jpg 100w, https:\/\/jsd-sinks.com\/wp-content\/uploads\/2025\/12\/flush-mount-sink-4-1-600x600.jpg 600w, https:\/\/jsd-sinks.com\/wp-content\/uploads\/2025\/12\/flush-mount-sink-4-1-500x500.jpg 500w, https:\/\/jsd-sinks.com\/wp-content\/uploads\/2025\/12\/flush-mount-sink-4-1-150x150.jpg 150w, https:\/\/jsd-sinks.com\/wp-content\/uploads\/2025\/12\/flush-mount-sink-4-1-768x768.jpg 768w, https:\/\/jsd-sinks.com\/wp-content\/uploads\/2025\/12\/flush-mount-sink-4-1-12x12.jpg 12w, https:\/\/jsd-sinks.com\/wp-content\/uploads\/2025\/12\/flush-mount-sink-4-1.jpg 800w\" sizes=\"(max-width: 300px) 100vw, 300px\" \/><\/p>\n<h3 data-start=\"808\" data-end=\"843\">Un dise\u00f1o que funciona <em data-start=\"831\" data-end=\"837\">Con<\/em> Usted<\/h3>\n<p data-start=\"844\" data-end=\"1068\">Cada detalle de este fregadero est\u00e1 pensado para un uso pr\u00e1ctico. Las suaves esquinas redondeadas no s\u00f3lo aportan un aspecto suave y moderno, sino que tambi\u00e9n facilitan y agilizan la limpieza del lavabo. Sin bordes afilados, sin suciedad atrapada, sin inc\u00f3modos fregados.<\/p>\n<p data-start=\"1070\" data-end=\"1404\">En el interior de la cazoleta, encontrar\u00e1 sutiles ranuras en forma de X. Apenas se notan, pero marcan una gran diferencia. El agua fluye de forma natural hacia el desag\u00fce en lugar de acumularse, por lo que el fregadero se seca m\u00e1s r\u00e1pido y se mantiene m\u00e1s limpio entre usos. La abertura de desag\u00fce est\u00e1ndar de 3,5 pulgadas tambi\u00e9n significa que es compatible con la mayor\u00eda de las instalaciones de fontaner\u00eda y kits de desag\u00fce.<\/p>\n<h3 data-start=\"1406\" data-end=\"1436\">Dise\u00f1ados para satisfacer sus necesidades<\/h3>\n<p data-start=\"1437\" data-end=\"1757\">Porque cada cocina es diferente, la UDU8146B est\u00e1 disponible en tres opciones de grosor de acero inoxidable: 0,95 mm, 1,05 mm y 1,2 mm. Tanto si est\u00e1 equipando una casa como un local de alquiler o un espacio comercial ligero, puede elegir el nivel de resistencia y durabilidad que mejor se adapte a su proyecto. Tambi\u00e9n hay disponibles grosores personalizados.<\/p>\n<p data-start=\"1759\" data-end=\"1936\">Cada unidad est\u00e1 cuidadosamente embalada en su propia caja protectora (860 \u00d7 510 \u00d7 290 mm), con un peso de 11,5 kg netos y 13 kg brutos, lo suficientemente segura para el env\u00edo, el almacenamiento o la manipulaci\u00f3n en la instalaci\u00f3n.<\/p>\n<h3 data-start=\"1938\" data-end=\"1961\">Apoyo duradero<\/h3>\n<p data-start=\"1962\" data-end=\"2214\">Detr\u00e1s de este fregadero hay un equipo de I+D y de atenci\u00f3n al cliente comprometido con la fiabilidad a largo plazo. El producto incluye asistencia posventa de por vida, por lo que, tanto si necesita ayuda dentro de unos a\u00f1os como si simplemente tiene una pregunta despu\u00e9s de la instalaci\u00f3n, est\u00e1 cubierto.<\/p>\n<h3 data-start=\"2216\" data-end=\"2259\">Por qu\u00e9 lo eligen propietarios y dise\u00f1adores<\/h3>\n<ul data-start=\"2260\" data-end=\"2548\">\n<li data-start=\"2260\" data-end=\"2320\">\n<p data-start=\"2262\" data-end=\"2320\">Aspecto limpio y sin juntas que se integra en las encimeras modernas<\/p>\n<\/li>\n<li data-start=\"2321\" data-end=\"2373\">\n<p data-start=\"2323\" data-end=\"2373\">Dos cuencos espaciosos que facilitan la multitarea<\/p>\n<\/li>\n<li data-start=\"2374\" data-end=\"2436\">\n<p data-start=\"2376\" data-end=\"2436\">Esquinas suaves y drenaje inteligente para reducir la limpieza diaria<\/p>\n<\/li>\n<li data-start=\"2437\" data-end=\"2496\">\n<p data-start=\"2439\" data-end=\"2496\">Opciones flexibles de grosor del acero para diferentes proyectos<\/p>\n<\/li>\n<li data-start=\"2497\" data-end=\"2548\">\n<p data-start=\"2499\" data-end=\"2548\">Servicio y asistencia a largo plazo para su tranquilidad<\/p>\n<\/li>\n<\/ul>\n<p data-start=\"2550\" data-end=\"2719\">El UDU8146B no es s\u00f3lo un fregadero, es una mejora pr\u00e1ctica para cualquiera que desee un poco m\u00e1s de comodidad, limpieza y eficiencia en la cocina sin sacrificar el estilo.<\/p>","protected":false},"excerpt":{"rendered":"<p>UDU8146B Fregadero de montaje empotrado: Moderno dise\u00f1o de 810x460 mm con dos cubetas de 356x410 mm. Presenta esquinas redondeadas para facilitar la limpieza, ranuras de desag\u00fce en forma de X y un orificio est\u00e1ndar de 3,5\u2033. Disponible en grosores de 0,95-1,2 mm. Incluye servicio t\u00e9cnico de por vida.<\/p>\n<p>Modelo: UDU8146B<br \/>\nDimensiones exteriores: 810X460MM<br \/>\nDimensiones internas: 356X410MM<br \/>\nProfundidad: 230MM<br \/>\nEspesor: 0,95\/1,05\/1,2MM\/Personalizar<br \/>\nDimensiones del embalaje individual: 860X510X290MM<br \/>\nPeso neto: 11,5 kg<br \/>\nPeso bruto: 13KG<\/p>","protected":false},"featured_media":1214,"template":"","meta":{"_gspb_post_css":""},"product_brand":[],"product_cat":[20],"product_tag":[66,65,64],"class_list":{"0":"post-763","1":"product","2":"type-product","3":"status-publish","4":"has-post-thumbnail","6":"product_cat-undermount-sink","7":"product_tag-double-basin-sink","8":"product_tag-kitchen-sink","9":"product_tag-stainless-steel-sink","11":"first","12":"instock","13":"shipping-taxable","14":"product-type-simple"},"_links":{"self":[{"href":"https:\/\/jsd-sinks.com\/es\/wp-json\/wp\/v2\/product\/763","targetHints":{"allow":["GET"]}}],"collection":[{"href":"https:\/\/jsd-sinks.com\/es\/wp-json\/wp\/v2\/product"}],"about":[{"href":"https:\/\/jsd-sinks.com\/es\/wp-json\/wp\/v2\/types\/product"}],"wp:featuredmedia":[{"embeddable":true,"href":"https:\/\/jsd-sinks.com\/es\/wp-json\/wp\/v2\/media\/1214"}],"wp:attachment":[{"href":"https:\/\/jsd-sinks.com\/es\/wp-json\/wp\/v2\/media?parent=763"}],"wp:term":[{"taxonomy":"product_brand","embeddable":true,"href":"https:\/\/jsd-sinks.com\/es\/wp-json\/wp\/v2\/product_brand?post=763"},{"taxonomy":"product_cat","embeddable":true,"href":"https:\/\/jsd-sinks.com\/es\/wp-json\/wp\/v2\/product_cat?post=763"},{"taxonomy":"product_tag","embeddable":true,"href":"https:\/\/jsd-sinks.com\/es\/wp-json\/wp\/v2\/product_tag?post=763"}],"curies":[{"name":"wp","href":"https:\/\/api.w.org\/{rel}","templated":true}]}}