{"id":755,"date":"2025-12-01T09:26:42","date_gmt":"2025-12-01T09:26:42","guid":{"rendered":"https:\/\/jsd-sinks.com\/?post_type=product&#038;p=755"},"modified":"2025-12-13T03:12:43","modified_gmt":"2025-12-13T03:12:43","slug":"modern-stainless-double-sink-undermount","status":"publish","type":"product","link":"https:\/\/jsd-sinks.com\/es\/modern-stainless-double-sink-undermount\/","title":{"rendered":"Fregadero doble moderno de acero inoxidable con esquinas redondeadas R10 UD8046"},"content":{"rendered":"<h2 data-start=\"248\" data-end=\"295\"><strong data-start=\"250\" data-end=\"293\">UD8046 Fregadero Doble Inoxidable Bajo Encimera<\/strong><\/h2>\n<h3 data-start=\"345\" data-end=\"371\"><strong data-start=\"349\" data-end=\"369\">Productos<\/strong><\/h3>\n<p data-start=\"372\" data-end=\"725\">Elegante dise\u00f1o para encimeras sin juntas<br data-start=\"421\" data-end=\"424\" \/>La UD8046 aporta un aspecto limpio y moderno a cualquier cocina. Como se instala debajo de la encimera, se obtiene una superficie lisa e ininterrumpida que hace que limpiar migas o derrames directamente en el fregadero sea incre\u00edblemente f\u00e1cil. El resultado es un aspecto sencillo y pulido que se integra de forma natural en su espacio.<\/p>\n<p><img decoding=\"async\" class=\"size-medium wp-image-1116\" src=\"https:\/\/jsd-sinks.com\/wp-content\/uploads\/2025\/12\/13-298x300.jpg\" alt=\"Fregadero Doble Inoxidable Bajo Encimera\" width=\"298\" height=\"300\" title=\"\" srcset=\"https:\/\/jsd-sinks.com\/wp-content\/uploads\/2025\/12\/13-298x300.jpg 298w, https:\/\/jsd-sinks.com\/wp-content\/uploads\/2025\/12\/13-100x100.jpg 100w, https:\/\/jsd-sinks.com\/wp-content\/uploads\/2025\/12\/13-600x604.jpg 600w, https:\/\/jsd-sinks.com\/wp-content\/uploads\/2025\/12\/13-500x503.jpg 500w, https:\/\/jsd-sinks.com\/wp-content\/uploads\/2025\/12\/13-150x150.jpg 150w, https:\/\/jsd-sinks.com\/wp-content\/uploads\/2025\/12\/13-768x773.jpg 768w, https:\/\/jsd-sinks.com\/wp-content\/uploads\/2025\/12\/13-12x12.jpg 12w, https:\/\/jsd-sinks.com\/wp-content\/uploads\/2025\/12\/13.jpg 800w\" sizes=\"(max-width: 298px) 100vw, 298px\" \/><\/p>\n<h3 data-start=\"727\" data-end=\"759\"><strong data-start=\"731\" data-end=\"757\">Dise\u00f1o y comodidad<\/strong><\/h3>\n<p data-start=\"760\" data-end=\"1100\">Dos generosos cuencos para facilitar las tareas m\u00faltiples<br data-start=\"804\" data-end=\"807\" \/>Con dos espaciosos recipientes (de 362 \u00d7 406 mm cada uno), las tareas cotidianas resultan m\u00e1s organizadas. Puede aclarar las verduras en un recipiente mientras pone los platos en remojo en el otro, o mantener separados los objetos limpios de los sucios, lo que mejor se adapte a su rutina culinaria. Es una disposici\u00f3n que ayuda a que todo vaya m\u00e1s r\u00e1pido y sin problemas.<\/p>\n<h3 data-start=\"1102\" data-end=\"1136\"><strong data-start=\"1106\" data-end=\"1134\">Capacidad y rendimiento<\/strong><\/h3>\n<p data-start=\"1137\" data-end=\"1411\">Cubetas profundas que admiten utensilios de cocina grandes<br data-start=\"1179\" data-end=\"1182\" \/>Cada cubeta tiene 230 mm de profundidad, lo que ofrece espacio suficiente para ollas altas, sartenes anchas y bandejas de horno. La profundidad tambi\u00e9n ayuda a mantener el agua donde debe estar, dentro del fregadero, para que sus encimeras est\u00e9n m\u00e1s limpias y secas durante las ajetreadas tareas de la cocina.<\/p>\n<h3 data-start=\"1413\" data-end=\"1441\"><strong data-start=\"1417\" data-end=\"1439\">F\u00e1cil de cuidar<\/strong><\/h3>\n<p data-start=\"1442\" data-end=\"1762\">Esquinas redondeadas y drenaje eficaz<br data-start=\"1484\" data-end=\"1487\" \/>Las esquinas redondeadas de R10 hacen que el fregadero sea m\u00e1s f\u00e1cil de limpiar, eliminando los bordes ocultos donde suele depositarse la suciedad. Las cuidadas ranuras de desag\u00fce en forma de X gu\u00edan el agua hacia el desag\u00fce est\u00e1ndar de 3,5 pulgadas, ayudando a que el lavabo se mantenga seco e higi\u00e9nico con el m\u00ednimo esfuerzo por su parte.<\/p>\n<h3 data-start=\"1764\" data-end=\"1799\"><strong data-start=\"1768\" data-end=\"1797\">Calidad de fabricaci\u00f3n y opciones<\/strong><\/h3>\n<p data-start=\"1800\" data-end=\"2146\">Acero inoxidable duradero con opciones de grosor personalizadas<br data-start=\"1857\" data-end=\"1860\" \/>Fabricada en resistente acero inoxidable, la UD8046 est\u00e1 hecha para el uso diario. Puede elegir entre tres opciones de grosor -0,95 mm, 1,05 mm o 1,2 mm- en funci\u00f3n de si prefiere una construcci\u00f3n m\u00e1s ligera o la m\u00e1xima durabilidad. Es una forma pr\u00e1ctica de adaptar el fregadero a la carga de trabajo de su cocina.<\/p>\n<h3 data-start=\"2148\" data-end=\"2178\"><strong data-start=\"2152\" data-end=\"2176\">Garant\u00eda y asistencia<\/strong><\/h3>\n<p data-start=\"2179\" data-end=\"2485\"><strong data-start=\"2179\" data-end=\"2229\">Respaldado por I+D y servicio postventa de por vida<\/strong><br data-start=\"2229\" data-end=\"2232\" \/>Con el apoyo de un equipo de investigaci\u00f3n y desarrollo especializado y una garant\u00eda posventa de por vida, la UD8046 no es s\u00f3lo una compra, es una actualizaci\u00f3n a largo plazo. Puede contar con un rendimiento fiable, una ingenier\u00eda cuidada y asistencia siempre que la necesite.<\/p>","protected":false},"excerpt":{"rendered":"<p>Presentamos el fregadero inoxidable doble bajo encimera UD8046, dise\u00f1ado para ofrecer un estilo impecable y una funcionalidad superior. Con dos amplias cubetas de 362x406 mm y un dise\u00f1o profundo de 230 mm, es perfecto para realizar varias tareas a la vez. Disfrute de una limpieza f\u00e1cil con las esquinas redondeadas R10, un drenaje eficaz gracias a las ranuras en forma de X y la flexibilidad de un grosor personalizable. Disfrute de un aspecto elegante e integrado con asistencia t\u00e9cnica de por vida.<\/p>\n<p>Modelo: UD8046<br \/>\nDimensiones exteriores: 789 x 446 mm<br \/>\nDimensiones interiores: 362 x 406 mm<br \/>\nProfundidad: 230 mm<br \/>\nGrosor: 0,95\/1,05\/1,2 mm\/Personalizar<br \/>\nEmbalaje individual Dimensiones: 839 x 496 x 290 mm<br \/>\nPeso neto: 10 kg<br \/>\nPeso bruto: 11,5 kg<\/p>","protected":false},"featured_media":1286,"template":"","meta":{"_gspb_post_css":""},"product_brand":[],"product_cat":[20],"product_tag":[63],"class_list":{"0":"post-755","1":"product","2":"type-product","3":"status-publish","4":"has-post-thumbnail","6":"product_cat-undermount-sink","7":"product_tag-undermount-double-sink-seamless-installation-dual-basin-design","9":"first","10":"instock","11":"shipping-taxable","12":"product-type-simple"},"_links":{"self":[{"href":"https:\/\/jsd-sinks.com\/es\/wp-json\/wp\/v2\/product\/755","targetHints":{"allow":["GET"]}}],"collection":[{"href":"https:\/\/jsd-sinks.com\/es\/wp-json\/wp\/v2\/product"}],"about":[{"href":"https:\/\/jsd-sinks.com\/es\/wp-json\/wp\/v2\/types\/product"}],"wp:featuredmedia":[{"embeddable":true,"href":"https:\/\/jsd-sinks.com\/es\/wp-json\/wp\/v2\/media\/1286"}],"wp:attachment":[{"href":"https:\/\/jsd-sinks.com\/es\/wp-json\/wp\/v2\/media?parent=755"}],"wp:term":[{"taxonomy":"product_brand","embeddable":true,"href":"https:\/\/jsd-sinks.com\/es\/wp-json\/wp\/v2\/product_brand?post=755"},{"taxonomy":"product_cat","embeddable":true,"href":"https:\/\/jsd-sinks.com\/es\/wp-json\/wp\/v2\/product_cat?post=755"},{"taxonomy":"product_tag","embeddable":true,"href":"https:\/\/jsd-sinks.com\/es\/wp-json\/wp\/v2\/product_tag?post=755"}],"curies":[{"name":"wp","href":"https:\/\/api.w.org\/{rel}","templated":true}]}}