{"id":741,"date":"2025-12-01T08:35:58","date_gmt":"2025-12-01T08:35:58","guid":{"rendered":"https:\/\/jsd-sinks.com\/?post_type=product&#038;p=741"},"modified":"2025-12-13T03:26:11","modified_gmt":"2025-12-13T03:26:11","slug":"18-gauge-stainless-steel-sink-with-washboard","status":"publish","type":"product","link":"https:\/\/jsd-sinks.com\/es\/18-gauge-stainless-steel-sink-with-washboard\/","title":{"rendered":"Fregadero vers\u00e1til de acero inoxidable de calibre 18 con lavabo integrado JSD6048"},"content":{"rendered":"<h2 data-start=\"357\" data-end=\"490\"><strong data-start=\"357\" data-end=\"412\">Fregadero De Acero Inoxidable Calibre 18 Con Lavabo Integrado\uff08JSD6048\uff09<\/strong><\/h2>\n<h3 data-start=\"357\" data-end=\"490\"><strong data-start=\"415\" data-end=\"490\">Un pr\u00e1ctico fregadero doble para fregar, lavar la ropa y la vida real en la cocina<\/strong><\/h3>\n<p data-start=\"492\" data-end=\"850\">Este fregadero se dise\u00f1\u00f3 para personas que realmente utilizan su cocina, no para una sala de exposiciones. Ofrece dos amplias cubetas, un ingenioso lavabo integrado y el tipo de sensaci\u00f3n de silencio y solidez que hace que las tareas cotidianas sean menos complicadas. Imag\u00ednese enjuagando una olla en un fregadero mientras utiliza la tabla de lavar para fregar una camisa a mano: son las peque\u00f1as comodidades como \u00e9sta las que suman.<\/p>\n<h3 data-start=\"857\" data-end=\"1245\"><strong data-start=\"857\" data-end=\"888\">Lavabo liso integrado<\/strong><\/h3>\n<p data-start=\"857\" data-end=\"1245\">Una superficie c\u00f3moda y antideslizante para lavar f\u00e1cilmente a mano la ropa delicada<br data-start=\"973\" data-end=\"976\" \/>La tabla de lavar no es s\u00f3lo decorativa, sino tambi\u00e9n pr\u00e1ctica. La superficie es suave con los tejidos, pero lo suficientemente texturizada como para ayudar a eliminar las manchas. Se coloca en un \u00e1ngulo c\u00f3modo para que lavarse las manos no sea una tarea pesada y, como forma parte del fregadero, todo el proceso queda recogido y ordenado.<\/p>\n<h3 data-start=\"1252\" data-end=\"1605\"><strong data-start=\"1252\" data-end=\"1277\">Dos lavabos profundos de 230 mm<\/strong><\/h3>\n<p data-start=\"1252\" data-end=\"1605\">Gran capacidad para ollas, sartenes y tareas de limpieza pesadas<br data-start=\"1347\" data-end=\"1350\" \/>Cada cubeta es lo suficientemente profunda como para albergar ollas grandes y bandejas altas sin salpicaduras inc\u00f3modas. Cuando tienes que hacer malabares con un asado, una pila de bandejas para hornear y un mont\u00f3n de platos, la profundidad extra y los cuencos separados hacen que la multitarea resulte natural en lugar de estresante.<\/p>\n<p><img decoding=\"async\" class=\"size-medium wp-image-1145\" src=\"https:\/\/jsd-sinks.com\/wp-content\/uploads\/2025\/12\/18-gauge-stainless-steel-sink-3-1-300x300.jpg\" alt=\"Fregadero de acero inoxidable de calibre 18\" width=\"300\" height=\"300\" title=\"\" srcset=\"https:\/\/jsd-sinks.com\/wp-content\/uploads\/2025\/12\/18-gauge-stainless-steel-sink-3-1-300x300.jpg 300w, https:\/\/jsd-sinks.com\/wp-content\/uploads\/2025\/12\/18-gauge-stainless-steel-sink-3-1-100x100.jpg 100w, https:\/\/jsd-sinks.com\/wp-content\/uploads\/2025\/12\/18-gauge-stainless-steel-sink-3-1-600x600.jpg 600w, https:\/\/jsd-sinks.com\/wp-content\/uploads\/2025\/12\/18-gauge-stainless-steel-sink-3-1-500x500.jpg 500w, https:\/\/jsd-sinks.com\/wp-content\/uploads\/2025\/12\/18-gauge-stainless-steel-sink-3-1-150x150.jpg 150w, https:\/\/jsd-sinks.com\/wp-content\/uploads\/2025\/12\/18-gauge-stainless-steel-sink-3-1-768x768.jpg 768w, https:\/\/jsd-sinks.com\/wp-content\/uploads\/2025\/12\/18-gauge-stainless-steel-sink-3-1-12x12.jpg 12w, https:\/\/jsd-sinks.com\/wp-content\/uploads\/2025\/12\/18-gauge-stainless-steel-sink-3-1.jpg 800w\" sizes=\"(max-width: 300px) 100vw, 300px\" \/><\/p>\n<h3 data-start=\"1612\" data-end=\"2004\"><strong data-start=\"1612\" data-end=\"1643\">Parte inferior anticondensaci\u00f3n<\/strong><\/h3>\n<p data-start=\"1612\" data-end=\"2004\">Una capa protectora que protege los armarios de la humedad y prolonga su vida \u00fatil<br data-start=\"1729\" data-end=\"1732\" \/>Ese revestimiento bajo el fregadero es importante. Evita que se forme condensaci\u00f3n y protege los armarios de la humedad y el moho, algo especialmente \u00fatil en cocinas h\u00famedas o en hogares en los que el agua caliente sale con frecuencia. Es una peque\u00f1a protecci\u00f3n que evita muchos dolores de cabeza en el futuro.<\/p>\n<h3 data-start=\"2011\" data-end=\"2355\"><strong data-start=\"2011\" data-end=\"2043\">Almohadilla de insonorizaci\u00f3n de alta resistencia<\/strong><\/h3>\n<p data-start=\"2011\" data-end=\"2355\">Una gruesa almohadilla de EVA que reduce el ruido y hace que el fregadero sea m\u00e1s silencioso durante el uso<br data-start=\"2122\" data-end=\"2125\" \/>Hemos colocado una almohadilla de EVA de 3 mm debajo de las cubetas para reducir el ruido. Notar\u00e1s la diferencia: menos ruido de salpicaduras, menos traqueteo cuando los utensilios golpean la cubeta... una gran comodidad para las cocinas de planta abierta o para las tareas de vajilla nocturnas.<\/p>\n<h3 data-start=\"2362\" data-end=\"2698\"><strong data-start=\"2362\" data-end=\"2393\">Construcci\u00f3n s\u00f3lida de calibre 18<\/strong><\/h3>\n<p data-start=\"2362\" data-end=\"2698\">Acero inoxidable duradero que equilibra resistencia y practicidad cotidiana<br data-start=\"2472\" data-end=\"2475\" \/>Con un grosor aproximado de 1,2 mm, el acero inoxidable de calibre 18 se siente robusto en las manos y resiste las abolladuras del uso diario. Est\u00e1 hecha para soportar los golpes de la vida real (utensilios ca\u00eddos, ollas pesadas) sin perder la compostura.<\/p>\n<h3 data-start=\"2705\" data-end=\"3017\"><strong data-start=\"2705\" data-end=\"2738\">Esquinas redondeadas f\u00e1ciles de limpiar<\/strong><\/h3>\n<p data-start=\"2705\" data-end=\"3017\">Esquinas m\u00e1s inteligentes que se limpian m\u00e1s r\u00e1pido y ocultan menos suciedad<br data-start=\"2803\" data-end=\"2806\" \/>Las esquinas interiores redondeadas evitan tener que frotar el cepillo de dientes en grietas inc\u00f3modas. L\u00edmpialo y se mantendr\u00e1 m\u00e1s limpio: una de esas peque\u00f1as mejoras en la calidad de vida que apreciar\u00e1s despu\u00e9s de la primera semana.<\/p>\n<h3 data-start=\"3024\" data-end=\"3344\"><strong data-start=\"3024\" data-end=\"3048\">Opciones personalizables<\/strong><\/h3>\n<p data-start=\"3024\" data-end=\"3344\">Elija espesores y acabados que se adapten a sus necesidades y estilo<br data-start=\"3116\" data-end=\"3119\" \/>El modelo est\u00e1 disponible con distintas opciones de grosor, por si prefiere un fregadero m\u00e1s pesado y silencioso o uno m\u00e1s ligero y econ\u00f3mico. Los acabados y los detalles de instalaci\u00f3n pueden adaptarse para que el fregadero se adapte a su espacio y a su forma de cocinar.<\/p>","protected":false},"excerpt":{"rendered":"<p>El modelo 6048 es un fregadero vers\u00e1til de acero inoxidable de calibre 18 (600x480 mm), perfecto para la preparaci\u00f3n de la colada y las tareas de cocina. Incorpora una suave tabla de lavado integrada, cubetas profundas de 230 mm y un avanzado aislamiento ac\u00fastico de 3 mm con revestimiento anticondensaci\u00f3n. Personalice el grosor para una mayor durabilidad y disfrute de un rendimiento silencioso y protegido.<\/p>\n<p>Modelo: JSD6048<br \/>\nDimensiones exteriores: 600X480MM<br \/>\nDimensiones internas: 238X376MM<br \/>\nProfundidad: 230MM<br \/>\nEspesor: 0,95\/1,05\/1,2MM\/Personalizar<br \/>\nDimensiones del embalaje individual: 650X530X290MM<br \/>\nPeso neto: 7KG<br \/>\nPeso bruto: 8,5 kg<\/p>","protected":false},"featured_media":1250,"template":"","meta":{"_gspb_post_css":""},"product_brand":[],"product_cat":[19],"product_tag":[61],"class_list":{"0":"post-741","1":"product","2":"type-product","3":"status-publish","4":"has-post-thumbnail","6":"product_cat-topmount-sink","7":"product_tag-double-sink-integrated-washboard-soundproof-sink","9":"first","10":"instock","11":"shipping-taxable","12":"product-type-simple"},"_links":{"self":[{"href":"https:\/\/jsd-sinks.com\/es\/wp-json\/wp\/v2\/product\/741","targetHints":{"allow":["GET"]}}],"collection":[{"href":"https:\/\/jsd-sinks.com\/es\/wp-json\/wp\/v2\/product"}],"about":[{"href":"https:\/\/jsd-sinks.com\/es\/wp-json\/wp\/v2\/types\/product"}],"wp:featuredmedia":[{"embeddable":true,"href":"https:\/\/jsd-sinks.com\/es\/wp-json\/wp\/v2\/media\/1250"}],"wp:attachment":[{"href":"https:\/\/jsd-sinks.com\/es\/wp-json\/wp\/v2\/media?parent=741"}],"wp:term":[{"taxonomy":"product_brand","embeddable":true,"href":"https:\/\/jsd-sinks.com\/es\/wp-json\/wp\/v2\/product_brand?post=741"},{"taxonomy":"product_cat","embeddable":true,"href":"https:\/\/jsd-sinks.com\/es\/wp-json\/wp\/v2\/product_cat?post=741"},{"taxonomy":"product_tag","embeddable":true,"href":"https:\/\/jsd-sinks.com\/es\/wp-json\/wp\/v2\/product_tag?post=741"}],"curies":[{"name":"wp","href":"https:\/\/api.w.org\/{rel}","templated":true}]}}