{"id":726,"date":"2025-12-01T07:52:38","date_gmt":"2025-12-01T07:52:38","guid":{"rendered":"https:\/\/jsd-sinks.com\/?post_type=product&#038;p=726"},"modified":"2025-12-09T08:50:09","modified_gmt":"2025-12-09T08:50:09","slug":"modern-sink-for-countertop-easy-clean-corners","status":"publish","type":"product","link":"https:\/\/jsd-sinks.com\/es\/modern-sink-for-countertop-easy-clean-corners\/","title":{"rendered":"Fregadero moderno para encimera con desag\u00fce en forma de X y esquinas de f\u00e1cil limpieza TS-5040B"},"content":{"rendered":"<h2 data-start=\"235\" data-end=\"352\"><strong data-start=\"235\" data-end=\"281\">TS-5040B Fregadero Para Encimera (500 x 400mm)<\/strong><\/h2>\n<h3 data-start=\"235\" data-end=\"352\"><strong>Peque\u00f1a huella, gran capacidad<\/strong><\/h3>\n<p data-start=\"354\" data-end=\"820\">Si vives en una cocina peque\u00f1a, sabes que las peque\u00f1as victorias importan: una sart\u00e9n que quepa sin volcarse, una encimera que se mantenga seca y un fregadero que no se te resista cuando est\u00e1s en mitad de la cena. El TS-5040B ha sido dise\u00f1ado para esos momentos. A primera vista es compacto, pero una vez que lo utilice se dar\u00e1 cuenta de cu\u00e1nto espacio le ofrece la cubeta: 230 mm de profundidad que se tragan ollas altas y bandejas de horno sin el drama de las salpicaduras o \u00e1ngulos inc\u00f3modos.<\/p>\n<p><img decoding=\"async\" class=\"size-medium wp-image-1143\" src=\"https:\/\/jsd-sinks.com\/wp-content\/uploads\/2025\/12\/9-5-300x300.jpg\" alt=\"Fregadero Para Encimera\" width=\"300\" height=\"300\" title=\"\" srcset=\"https:\/\/jsd-sinks.com\/wp-content\/uploads\/2025\/12\/9-5-300x300.jpg 300w, https:\/\/jsd-sinks.com\/wp-content\/uploads\/2025\/12\/9-5-100x100.jpg 100w, https:\/\/jsd-sinks.com\/wp-content\/uploads\/2025\/12\/9-5-600x600.jpg 600w, https:\/\/jsd-sinks.com\/wp-content\/uploads\/2025\/12\/9-5-500x500.jpg 500w, https:\/\/jsd-sinks.com\/wp-content\/uploads\/2025\/12\/9-5-150x150.jpg 150w, https:\/\/jsd-sinks.com\/wp-content\/uploads\/2025\/12\/9-5-768x768.jpg 768w, https:\/\/jsd-sinks.com\/wp-content\/uploads\/2025\/12\/9-5-12x12.jpg 12w, https:\/\/jsd-sinks.com\/wp-content\/uploads\/2025\/12\/9-5.jpg 800w\" sizes=\"(max-width: 300px) 100vw, 300px\" \/><\/p>\n<p data-start=\"822\" data-end=\"1311\"><strong>Detalles bien pensados para una limpieza f\u00e1cil<\/strong><\/p>\n<p data-start=\"822\" data-end=\"1311\">Le gustar\u00e1 la sensaci\u00f3n que transmite el fregadero al enjuagar o fregar: el generoso espacio interior de 460 x 400 mm facilita las tareas con una sola mano, y las esquinas redondeadas hacen que la limpieza sea m\u00e1s r\u00e1pida (nada de frotar con el cepillo de dientes en las peque\u00f1as grietas). Las ranuras de desag\u00fce en forma de X son un peque\u00f1o detalle que tiene su recompensa: el agua se escurre en lugar de acumularse en las esquinas, por lo que el fregadero se seca m\u00e1s r\u00e1pido y huele m\u00e1s fresco entre usos. Es el tipo de ingenier\u00eda pr\u00e1ctica que no se nota hasta que se echa de menos.<\/p>\n<p data-start=\"1313\" data-end=\"1669\"><strong>Material duradero y construcci\u00f3n personalizable<\/strong><\/p>\n<p data-start=\"1313\" data-end=\"1669\">En cuanto al material, es honesto: acero inoxidable SUS304 que resiste el vapor, el fregado y la ca\u00edda de utensilios. Elija el calibre que prefiera: m\u00e1s fino para una opci\u00f3n m\u00e1s ligera y econ\u00f3mica, o m\u00e1s grueso si desea una sensaci\u00f3n m\u00e1s pesada y silenciosa cuando el agua golpea la cubeta. En cualquier caso, el acabado resiste el desgaste diario y mantiene el fregadero limpio sin grandes complicaciones.<\/p>\n<p data-start=\"1671\" data-end=\"1941\"><strong>Instalaci\u00f3n sencilla y asistencia fiable<\/strong><\/p>\n<p data-start=\"1671\" data-end=\"1941\">La instalaci\u00f3n es sencilla y su tama\u00f1o compacto lo convierte en una opci\u00f3n excelente para apartamentos, casas peque\u00f1as, bares o una estaci\u00f3n de preparaci\u00f3n auxiliar. Y, por supuesto, si surge alg\u00fan imprevisto, dispondr\u00e1s de asistencia posventa de por vida y de un equipo de I+D para que no te quedes con la duda.<\/p>","protected":false},"excerpt":{"rendered":"<p>Presentamos el fregadero para encimera TS-5040B: la combinaci\u00f3n perfecta de dise\u00f1o compacto y rendimiento a gran escala. Con unas dimensiones de 500x400 mm, cuenta con una espaciosa cubeta de 460x400 mm y un lavabo profundo de 230 mm para hacer frente a todas las tareas de su cocina. Disfrute de una limpieza f\u00e1cil con esquinas redondeadas y un eficaz desag\u00fce en forma de X. Personalice el grosor y disfrute de asistencia t\u00e9cnica de por vida.<\/p>\n<p>Modelo: TS-5040B<br \/>\nDimensiones exteriores: 500X400MM<br \/>\nDimensiones internas: 460X400MM<br \/>\nProfundidad: 230MM<br \/>\nEspesor: 0,95\/1,05\/1,2MM\/Personalizar<br \/>\nDimensiones del embalaje individual: 550X450X290MM<br \/>\nPeso neto: 4,5 kg<br \/>\nPeso bruto: 6KG<\/p>","protected":false},"featured_media":727,"template":"","meta":{"_gspb_post_css":""},"product_brand":[],"product_cat":[19],"product_tag":[59],"class_list":{"0":"post-726","1":"product","2":"type-product","3":"status-publish","4":"has-post-thumbnail","6":"product_cat-topmount-sink","7":"product_tag-countertop-sink-compact-kitchen-sink-easy-clean-design","9":"first","10":"instock","11":"shipping-taxable","12":"product-type-simple"},"_links":{"self":[{"href":"https:\/\/jsd-sinks.com\/es\/wp-json\/wp\/v2\/product\/726","targetHints":{"allow":["GET"]}}],"collection":[{"href":"https:\/\/jsd-sinks.com\/es\/wp-json\/wp\/v2\/product"}],"about":[{"href":"https:\/\/jsd-sinks.com\/es\/wp-json\/wp\/v2\/types\/product"}],"wp:featuredmedia":[{"embeddable":true,"href":"https:\/\/jsd-sinks.com\/es\/wp-json\/wp\/v2\/media\/727"}],"wp:attachment":[{"href":"https:\/\/jsd-sinks.com\/es\/wp-json\/wp\/v2\/media?parent=726"}],"wp:term":[{"taxonomy":"product_brand","embeddable":true,"href":"https:\/\/jsd-sinks.com\/es\/wp-json\/wp\/v2\/product_brand?post=726"},{"taxonomy":"product_cat","embeddable":true,"href":"https:\/\/jsd-sinks.com\/es\/wp-json\/wp\/v2\/product_cat?post=726"},{"taxonomy":"product_tag","embeddable":true,"href":"https:\/\/jsd-sinks.com\/es\/wp-json\/wp\/v2\/product_tag?post=726"}],"curies":[{"name":"wp","href":"https:\/\/api.w.org\/{rel}","templated":true}]}}