{"id":719,"date":"2025-12-01T07:38:55","date_gmt":"2025-12-01T07:38:55","guid":{"rendered":"https:\/\/jsd-sinks.com\/?post_type=product&#038;p=719"},"modified":"2025-12-13T03:24:26","modified_gmt":"2025-12-13T03:24:26","slug":"space-saving-small-kitchen-sink-with-rounded-corners","status":"publish","type":"product","link":"https:\/\/jsd-sinks.com\/es\/space-saving-small-kitchen-sink-with-rounded-corners\/","title":{"rendered":"Fregadero peque\u00f1o para ahorrar espacio con esquinas redondeadas TS-4444B"},"content":{"rendered":"<h2 data-start=\"323\" data-end=\"580\"><strong data-start=\"323\" data-end=\"368\">TS-4444B Fregadero Peque\u00f1o (440 x 440mm)<\/strong><\/h2>\n<h3 data-start=\"323\" data-end=\"580\"><strong data-start=\"371\" data-end=\"451\">Ocupa poco espacio y ofrece todas las prestaciones para cocinas peque\u00f1as y espacios reducidos<\/strong><\/h3>\n<p data-start=\"323\" data-end=\"580\">Este fregadero demuestra que una encimera peque\u00f1a no significa una capacidad diminuta: est\u00e1 dise\u00f1ado para que las cocinas peque\u00f1as resulten acogedoras, no estrechas.<\/p>\n<h3 data-start=\"582\" data-end=\"813\"><strong data-start=\"582\" data-end=\"605\">Dise\u00f1o compacto<\/strong><\/h3>\n<p data-start=\"582\" data-end=\"813\">Dise\u00f1ado para maximizar la funcionalidad en un espacio de mostrador limitado<br data-start=\"673\" data-end=\"676\" \/>Con s\u00f3lo 440 mm cuadrados, se adapta a espacios reducidos -apartamentos, veh\u00edculos recreativos o estaciones de preparaci\u00f3n secundarias- sin dejar de ofrecerle un aut\u00e9ntico bol de trabajo.<\/p>\n<p><img decoding=\"async\" class=\"size-medium wp-image-1139\" src=\"https:\/\/jsd-sinks.com\/wp-content\/uploads\/2025\/12\/9-4-300x300.jpg\" alt=\"Fregadero de cocina peque\u00f1o\" width=\"300\" height=\"300\" title=\"\" srcset=\"https:\/\/jsd-sinks.com\/wp-content\/uploads\/2025\/12\/9-4-300x300.jpg 300w, https:\/\/jsd-sinks.com\/wp-content\/uploads\/2025\/12\/9-4-100x100.jpg 100w, https:\/\/jsd-sinks.com\/wp-content\/uploads\/2025\/12\/9-4-600x600.jpg 600w, https:\/\/jsd-sinks.com\/wp-content\/uploads\/2025\/12\/9-4-500x500.jpg 500w, https:\/\/jsd-sinks.com\/wp-content\/uploads\/2025\/12\/9-4-150x150.jpg 150w, https:\/\/jsd-sinks.com\/wp-content\/uploads\/2025\/12\/9-4-768x768.jpg 768w, https:\/\/jsd-sinks.com\/wp-content\/uploads\/2025\/12\/9-4-12x12.jpg 12w, https:\/\/jsd-sinks.com\/wp-content\/uploads\/2025\/12\/9-4.jpg 800w\" sizes=\"(max-width: 300px) 100vw, 300px\" \/><\/p>\n<p data-start=\"815\" data-end=\"1044\"><strong data-start=\"815\" data-end=\"835\">Profundidad sorprendente<\/strong><\/p>\n<p data-start=\"815\" data-end=\"1044\">Una profundidad total de 230 mm le permite manejar ollas grandes sin salpicaduras<br data-start=\"905\" data-end=\"908\" \/>A pesar de su reducido tama\u00f1o, el recipiente hondo se traga sin problemas bandejas de horno y ollas. Tendr\u00e1s el espacio que necesitas donde m\u00e1s lo necesitas.<\/p>\n<p data-start=\"1046\" data-end=\"1271\"><strong data-start=\"1046\" data-end=\"1072\">Amplias proporciones<\/strong><\/p>\n<p data-start=\"1046\" data-end=\"1271\">Amplio recipiente interior de 345 x 400 mm para las tareas culinarias cotidianas<br data-start=\"1140\" data-end=\"1143\" \/>La cubeta parece m\u00e1s grande de lo que sugiere su tama\u00f1o. Podr\u00e1s lavar sartenes y preparar verduras sin que se caigan las cosas.<\/p>\n<p data-start=\"1273\" data-end=\"1486\"><strong data-start=\"1273\" data-end=\"1303\">Esquinas redondeadas f\u00e1ciles de limpiar<\/strong><\/p>\n<p data-start=\"1273\" data-end=\"1486\">Las esquinas redondeadas reducen la suciedad y facilitan la limpieza<br data-start=\"1366\" data-end=\"1369\" \/>No hay que frotar el cepillo de dientes en las grietas inc\u00f3modas: las esquinas suaves permiten una limpieza m\u00e1s r\u00e1pida y una superficie realmente higi\u00e9nica.<\/p>\n<p data-start=\"1488\" data-end=\"1721\"><strong data-start=\"1488\" data-end=\"1522\">Ranuras de drenaje inteligentes en forma de X<\/strong><\/p>\n<p data-start=\"1488\" data-end=\"1721\">Las sutiles ranuras canalizan el agua r\u00e1pidamente hacia el desag\u00fce est\u00e1ndar de 3,5 pulgadas<br data-start=\"1600\" data-end=\"1603\" \/>Estos peque\u00f1os toques de ingenier\u00eda mantienen el agua en movimiento, reducen los charcos y hacen que el fregadero se seque m\u00e1s r\u00e1pido entre uso y uso.<\/p>\n<p data-start=\"1723\" data-end=\"1971\"><strong data-start=\"1723\" data-end=\"1751\">Silencioso y personalizable<\/strong><\/p>\n<p data-start=\"1723\" data-end=\"1971\">Disponible en varios grosores para un peso y un sonido a medida<br data-start=\"1823\" data-end=\"1826\" \/>Elija entre los calibres (0,95 \/ 1,05 \/ 1,2 mm) en funci\u00f3n de si desea un coste m\u00e1s ligero o un fregadero m\u00e1s pesado y silencioso que se sienta s\u00f3lido bajo las manos.<\/p>\n<p data-start=\"1973\" data-end=\"2191\"><strong data-start=\"1973\" data-end=\"1997\">Construcci\u00f3n duradera<\/strong><\/p>\n<p data-start=\"1973\" data-end=\"2191\">Fabricado con materiales de calidad para resistir el uso diario<br data-start=\"2057\" data-end=\"2060\" \/>No es un accesorio fr\u00e1gil: est\u00e1 hecho para soportar golpes, vapor y lavados regulares sin parecer cansado tras meses de vida real.<\/p>\n<p data-start=\"2193\" data-end=\"2393\"><strong data-start=\"2193\" data-end=\"2224\">Instalaci\u00f3n r\u00e1pida<\/strong><\/p>\n<p data-start=\"2193\" data-end=\"2393\">Montaje superior para una instalaci\u00f3n r\u00e1pida y fiable en la mayor\u00eda de los mostradores<br data-start=\"2285\" data-end=\"2288\" \/>El estilo cl\u00e1sico de instalaci\u00f3n directa facilita la instalaci\u00f3n y hace que las sustituciones o actualizaciones sean sencillas.<\/p>\n<p data-start=\"2395\" data-end=\"2630\"><strong data-start=\"2395\" data-end=\"2427\">Detalles peque\u00f1os pero bien pensados<\/strong><\/p>\n<p data-start=\"2395\" data-end=\"2630\">Dise\u00f1ado teniendo en cuenta los h\u00e1bitos reales en la cocina para facilitar la vida diaria<br data-start=\"2501\" data-end=\"2504\" \/>Desde la inclinaci\u00f3n de la cubeta hasta la colocaci\u00f3n de las ranuras, las peque\u00f1as decisiones que se toman aqu\u00ed reducen la fricci\u00f3n al cocinar y limpiar a diario.<\/p>\n<p data-start=\"2632\" data-end=\"2837\"><strong data-start=\"2632\" data-end=\"2664\">Asistencia posventa de por vida<\/strong><\/p>\n<p data-start=\"2632\" data-end=\"2837\">Respaldo continuo de un equipo de I+D especializado para mayor tranquilidad<br data-start=\"2735\" data-end=\"2738\" \/>Si algo necesita atenci\u00f3n, hay un apoyo real detr\u00e1s del producto, no solo una promesa sobre el papel.<\/p>","protected":false},"excerpt":{"rendered":"<p>Maximice su cocina compacta con el fregadero peque\u00f1o TS-4444B. Su reducido tama\u00f1o de 440x440 mm alberga un fregadero sorprendentemente profundo de 230 mm, perfecto para espacios reducidos. Con esquinas redondeadas de f\u00e1cil limpieza y eficaces ranuras de desag\u00fce en forma de X, ofrece una funcionalidad total sin concesiones. Personalice el grosor y disfrute de asistencia t\u00e9cnica de por vida.<\/p>\n<p>Modelo: TS-4444B<br \/>\nDimensiones exteriores: 440X440MM<br \/>\nDimensiones internas: 345X400MM<br \/>\nProfundidad: 230MM<br \/>\nEspesor: 0,95\/1,05\/1,2MM\/Personalizar<br \/>\nDimensiones del embalaje individual: 475X506X290MM<br \/>\nPeso neto: 4KG<br \/>\nPeso bruto: 5,5 kg<\/p>","protected":false},"featured_media":720,"template":"","meta":{"_gspb_post_css":""},"product_brand":[],"product_cat":[19],"product_tag":[58],"class_list":{"0":"post-719","1":"product","2":"type-product","3":"status-publish","4":"has-post-thumbnail","6":"product_cat-topmount-sink","7":"product_tag-small-space-sink-deep-basin-design-easy-clean-sink","9":"first","10":"instock","11":"shipping-taxable","12":"product-type-simple"},"_links":{"self":[{"href":"https:\/\/jsd-sinks.com\/es\/wp-json\/wp\/v2\/product\/719","targetHints":{"allow":["GET"]}}],"collection":[{"href":"https:\/\/jsd-sinks.com\/es\/wp-json\/wp\/v2\/product"}],"about":[{"href":"https:\/\/jsd-sinks.com\/es\/wp-json\/wp\/v2\/types\/product"}],"wp:featuredmedia":[{"embeddable":true,"href":"https:\/\/jsd-sinks.com\/es\/wp-json\/wp\/v2\/media\/720"}],"wp:attachment":[{"href":"https:\/\/jsd-sinks.com\/es\/wp-json\/wp\/v2\/media?parent=719"}],"wp:term":[{"taxonomy":"product_brand","embeddable":true,"href":"https:\/\/jsd-sinks.com\/es\/wp-json\/wp\/v2\/product_brand?post=719"},{"taxonomy":"product_cat","embeddable":true,"href":"https:\/\/jsd-sinks.com\/es\/wp-json\/wp\/v2\/product_cat?post=719"},{"taxonomy":"product_tag","embeddable":true,"href":"https:\/\/jsd-sinks.com\/es\/wp-json\/wp\/v2\/product_tag?post=719"}],"curies":[{"name":"wp","href":"https:\/\/api.w.org\/{rel}","templated":true}]}}