{"id":712,"date":"2025-12-01T07:23:52","date_gmt":"2025-12-01T07:23:52","guid":{"rendered":"https:\/\/jsd-sinks.com\/?post_type=product&#038;p=712"},"modified":"2025-12-13T03:24:05","modified_gmt":"2025-12-13T03:24:05","slug":"large-single-kitchen-sink-with-230mm-deep-basin","status":"publish","type":"product","link":"https:\/\/jsd-sinks.com\/es\/large-single-kitchen-sink-with-230mm-deep-basin\/","title":{"rendered":"Amplio fregadero individual con cubeta de 230 mm de profundidad TS3322"},"content":{"rendered":"<h2 data-start=\"331\" data-end=\"616\"><strong data-start=\"331\" data-end=\"374\">Fregadero individual grande (838 x 559 mm)<\/strong><\/h2>\n<h3 data-start=\"331\" data-end=\"616\"><strong data-start=\"377\" data-end=\"462\">Espaciosa cubeta individual (774 x 432 mm) con 230 mm de profundidad - Dise\u00f1ada para cocinar de verdad<\/strong><\/h3>\n<p data-start=\"331\" data-end=\"616\">Cuando tiene que asar una sart\u00e9n, una bandeja de horno llena o una pila de platos, este fregadero facilita esos momentos: espacioso, s\u00f3lido y honesto.<\/p>\n<h3 data-start=\"623\" data-end=\"919\"><strong data-start=\"623\" data-end=\"647\">Cubeta individual generosa<\/strong><\/h3>\n<p data-start=\"623\" data-end=\"919\">La cubeta de 774 x 432 mm y 230 mm de profundidad le permite lavar grandes ollas y bandejas sin tener que pelearse con el fregadero.<br data-start=\"750\" data-end=\"753\" \/>Se acab\u00f3 el tener que inclinar las sartenes o volcarlas inc\u00f3modamente: coloca una sart\u00e9n, friega, aclara y sigue cocinando. Parece un espacio real para cocinar de verdad, no un compromiso.<\/p>\n<p><img decoding=\"async\" class=\"size-medium wp-image-1137\" src=\"https:\/\/jsd-sinks.com\/wp-content\/uploads\/2025\/12\/91-300x300.jpg\" alt=\"Fregadero individual grande\" width=\"300\" height=\"300\" title=\"\" srcset=\"https:\/\/jsd-sinks.com\/wp-content\/uploads\/2025\/12\/91-300x300.jpg 300w, https:\/\/jsd-sinks.com\/wp-content\/uploads\/2025\/12\/91-100x100.jpg 100w, https:\/\/jsd-sinks.com\/wp-content\/uploads\/2025\/12\/91-600x600.jpg 600w, https:\/\/jsd-sinks.com\/wp-content\/uploads\/2025\/12\/91-500x500.jpg 500w, https:\/\/jsd-sinks.com\/wp-content\/uploads\/2025\/12\/91-150x150.jpg 150w, https:\/\/jsd-sinks.com\/wp-content\/uploads\/2025\/12\/91-768x768.jpg 768w, https:\/\/jsd-sinks.com\/wp-content\/uploads\/2025\/12\/91-12x12.jpg 12w, https:\/\/jsd-sinks.com\/wp-content\/uploads\/2025\/12\/91.jpg 800w\" sizes=\"(max-width: 300px) 100vw, 300px\" \/><\/p>\n<h3 data-start=\"926\" data-end=\"1200\"><strong data-start=\"926\" data-end=\"951\">Profundidad reductora de salpicaduras<\/strong><\/h3>\n<p data-start=\"926\" data-end=\"1200\">La profundidad de 230 mm mantiene el agua donde debe estar y reduce el desorden en la encimera<br data-start=\"1035\" data-end=\"1038\" \/>Notar\u00e1 menos charcos y menos toallitas de papel. La profundidad se traduce en menos salpicaduras y m\u00e1s confianza a la hora de aclarar ollas altas o sartenes grasientas.<\/p>\n<h3 data-start=\"1207\" data-end=\"1490\"><strong data-start=\"1207\" data-end=\"1237\">Esquinas redondeadas f\u00e1ciles de limpiar<\/strong><\/h3>\n<p data-start=\"1207\" data-end=\"1490\">Las esquinas redondeadas reducen la suciedad oculta y hacen que limpiar el fregadero sea r\u00e1pido y sencillo<br data-start=\"1321\" data-end=\"1324\" \/>Esas suaves curvas no son s\u00f3lo est\u00e9ticas, sino que facilitan la limpieza. Con un r\u00e1pido movimiento, las esquinas no retienen las migas ni la suciedad como los antiguos \u00e1ngulos rectos.<\/p>\n<h3 data-start=\"1497\" data-end=\"1770\"><strong data-start=\"1497\" data-end=\"1531\">Ranuras de drenaje inteligentes en forma de X<\/strong><\/h3>\n<p data-start=\"1497\" data-end=\"1770\">Las ranuras en forma de X gu\u00edan el agua hacia el desag\u00fce est\u00e1ndar de 3,5 pulgadas para evitar que se estanque<br data-start=\"1620\" data-end=\"1623\" \/>Es un peque\u00f1o logro de ingenier\u00eda que merece la pena: el agua sale limpiamente, el lavabo se seca m\u00e1s r\u00e1pido y pasas menos tiempo secando y m\u00e1s comiendo.<\/p>\n<h3 data-start=\"1777\" data-end=\"2096\"><strong data-start=\"1777\" data-end=\"1812\">Construcci\u00f3n duradera y pr\u00e1ctica<\/strong><\/h3>\n<p data-start=\"1777\" data-end=\"2096\">Fabricado con materiales de alta calidad y disponible en varias opciones de grosor (0,95 mm-1,2 mm)<br data-start=\"1910\" data-end=\"1913\" \/>El fregadero se siente s\u00f3lido bajo las manos. Elige un calibre m\u00e1s grueso si quieres una cubeta m\u00e1s pesada y silenciosa; elige uno m\u00e1s ligero si est\u00e1s optimizando el presupuesto; en cualquier caso, est\u00e1 hecho para durar.<\/p>\n<h3 data-start=\"2103\" data-end=\"2373\"><strong data-start=\"2103\" data-end=\"2129\">Huella proporcional<\/strong><\/h3>\n<p data-start=\"2103\" data-end=\"2373\">El tama\u00f1o total de 838 x 559 mm proporciona una presencia imponente sin sobrecargar el mostrador<br data-start=\"2221\" data-end=\"2224\" \/>Un recipiente grande, un espacio inteligente: obtendr\u00e1 espacio \u00fatil sin sacrificar la distribuci\u00f3n de los armarios o la encimera. Es espacioso pero respeta los l\u00edmites de una cocina real.<\/p>\n<h3 data-start=\"2380\" data-end=\"2638\"><strong data-start=\"2380\" data-end=\"2410\">Respaldado por asistencia de por vida<\/strong><\/h3>\n<p data-start=\"2380\" data-end=\"2638\">El servicio posventa de por vida y el soporte de I+D suponen una ayuda real cuando la necesita<br data-start=\"2493\" data-end=\"2496\" \/>Si algo necesita atenci\u00f3n dentro de unos a\u00f1os, hay un equipo que conoce el producto y puede ayudar, no solo una nota de garant\u00eda gen\u00e9rica en la caja.<\/p>","protected":false},"excerpt":{"rendered":"<p>Experimente una capacidad y facilidad inigualables con nuestro fregadero individual grande. Con una espaciosa cubeta de 774x432 mm y un dise\u00f1o profundo de 230 mm, puede alojar sin esfuerzo ollas y sartenes de gran tama\u00f1o. Las esquinas redondeadas y las ranuras de drenaje en forma de X garantizan una limpieza r\u00e1pida y un flujo de agua eficiente, lo que lo convierte en la pieza central perfecta para cocinas ajetreadas que valoran tanto la forma como la funcionalidad.<\/p>\n<p>Modelo: TS3322<br \/>\nDimensiones exteriores: 838X559MM<br \/>\nDimensiones internas: 774X432MM<br \/>\nProfundidad: 230MM<br \/>\nEspesor: 0,95\/1,05\/1,2MM\/Personalizar<br \/>\nDimensiones del embalaje individual: 890X609X290MM<br \/>\nPeso neto: 11KG<br \/>\nPeso bruto: 12,5 kg<\/p>","protected":false},"featured_media":713,"template":"","meta":{"_gspb_post_css":""},"product_brand":[],"product_cat":[19],"product_tag":[57],"class_list":{"0":"post-712","1":"product","2":"type-product","3":"status-publish","4":"has-post-thumbnail","6":"product_cat-topmount-sink","7":"product_tag-single-basin-sink-extra-large-sink-deep-kitchen-sink","9":"first","10":"instock","11":"shipping-taxable","12":"product-type-simple"},"_links":{"self":[{"href":"https:\/\/jsd-sinks.com\/es\/wp-json\/wp\/v2\/product\/712","targetHints":{"allow":["GET"]}}],"collection":[{"href":"https:\/\/jsd-sinks.com\/es\/wp-json\/wp\/v2\/product"}],"about":[{"href":"https:\/\/jsd-sinks.com\/es\/wp-json\/wp\/v2\/types\/product"}],"wp:featuredmedia":[{"embeddable":true,"href":"https:\/\/jsd-sinks.com\/es\/wp-json\/wp\/v2\/media\/713"}],"wp:attachment":[{"href":"https:\/\/jsd-sinks.com\/es\/wp-json\/wp\/v2\/media?parent=712"}],"wp:term":[{"taxonomy":"product_brand","embeddable":true,"href":"https:\/\/jsd-sinks.com\/es\/wp-json\/wp\/v2\/product_brand?post=712"},{"taxonomy":"product_cat","embeddable":true,"href":"https:\/\/jsd-sinks.com\/es\/wp-json\/wp\/v2\/product_cat?post=712"},{"taxonomy":"product_tag","embeddable":true,"href":"https:\/\/jsd-sinks.com\/es\/wp-json\/wp\/v2\/product_tag?post=712"}],"curies":[{"name":"wp","href":"https:\/\/api.w.org\/{rel}","templated":true}]}}