{"id":706,"date":"2025-12-01T06:47:13","date_gmt":"2025-12-01T06:47:13","guid":{"rendered":"https:\/\/jsd-sinks.com\/?post_type=product&#038;p=706"},"modified":"2025-12-12T08:34:10","modified_gmt":"2025-12-12T08:34:10","slug":"single-topmount-sink-custom-thickness-modern-design","status":"publish","type":"product","link":"https:\/\/jsd-sinks.com\/es\/single-topmount-sink-custom-thickness-modern-design\/","title":{"rendered":"Fregadero sobre encimera Sleek - Grosor personalizable y dise\u00f1o moderno TS2522"},"content":{"rendered":"<h2 data-start=\"339\" data-end=\"432\"><strong data-start=\"339\" data-end=\"366\">TS2522 Fregadero simple sobre encimera<\/strong><\/h2>\n<p data-start=\"339\" data-end=\"432\"><strong data-start=\"369\" data-end=\"432\">Esquinas n\u00edtidas y l\u00edneas limpias para un aspecto moderno e industrial<\/strong><\/p>\n<h3 data-start=\"434\" data-end=\"803\"><strong data-start=\"434\" data-end=\"478\">Dise\u00f1o impactante con ventajas pr\u00e1cticas<\/strong><\/h3>\n<p data-start=\"434\" data-end=\"803\">Las esquinas R10 ofrecen un aspecto atrevido y minimalista a la vez que simplifican la limpieza<br data-start=\"560\" data-end=\"563\" \/>Las esquinas cuadradas y sin radios hacen que el fregadero destaque al instante, pero es algo m\u00e1s que estilo. Sin recovecos en los que se esconda la suciedad, limpiar el fregadero es m\u00e1s r\u00e1pido y menos pesado. Es atrevido a la vista y muy pr\u00e1ctico en la vida diaria.<\/p>\n<h3 data-start=\"805\" data-end=\"1122\"><strong data-start=\"805\" data-end=\"826\">Cubeta individual espaciosa<\/strong><\/h3>\n<p data-start=\"805\" data-end=\"1122\">Una cubeta de 575 x 453 mm y 230 mm de profundidad que admite grandes ollas con facilidad<br data-start=\"900\" data-end=\"903\" \/>Este bol es sorprendentemente generoso. Puede colocar una bandeja de asar llena, enjuagar bandejas de horno apiladas o llenar la olla sin tener que inclinarla inc\u00f3modamente. Su profundidad mantiene a raya las salpicaduras, por lo que la encimera estar\u00e1 m\u00e1s limpia cuando se utilice mucho.<\/p>\n<p><img decoding=\"async\" class=\"size-medium wp-image-1136\" src=\"https:\/\/jsd-sinks.com\/wp-content\/uploads\/2025\/12\/9-3-300x300.jpg\" alt=\"Fregadero de radio cero\" width=\"300\" height=\"300\" title=\"\" srcset=\"https:\/\/jsd-sinks.com\/wp-content\/uploads\/2025\/12\/9-3-300x300.jpg 300w, https:\/\/jsd-sinks.com\/wp-content\/uploads\/2025\/12\/9-3-100x100.jpg 100w, https:\/\/jsd-sinks.com\/wp-content\/uploads\/2025\/12\/9-3-600x600.jpg 600w, https:\/\/jsd-sinks.com\/wp-content\/uploads\/2025\/12\/9-3-500x500.jpg 500w, https:\/\/jsd-sinks.com\/wp-content\/uploads\/2025\/12\/9-3-150x150.jpg 150w, https:\/\/jsd-sinks.com\/wp-content\/uploads\/2025\/12\/9-3-768x768.jpg 768w, https:\/\/jsd-sinks.com\/wp-content\/uploads\/2025\/12\/9-3-12x12.jpg 12w, https:\/\/jsd-sinks.com\/wp-content\/uploads\/2025\/12\/9-3.jpg 800w\" sizes=\"(max-width: 300px) 100vw, 300px\" \/><\/p>\n<h3 data-start=\"1124\" data-end=\"1423\"><strong data-start=\"1124\" data-end=\"1150\">Detalles de Smart Drainage<\/strong><\/h3>\n<p data-start=\"1124\" data-end=\"1423\">Las ranuras en forma de X gu\u00edan el agua hacia el desag\u00fce est\u00e1ndar de 3,5 pulgadas para evitar que se estanque<br data-start=\"1238\" data-end=\"1241\" \/>Esas peque\u00f1as ranuras en X son importantes. Desv\u00edan el agua para que el fregadero se limpie m\u00e1s r\u00e1pido despu\u00e9s de enjuagar. Despu\u00e9s de una comida copiosa, notar\u00e1s menos agua estancada y menos manchas que limpiar con la toalla.<\/p>\n<h3 data-start=\"1425\" data-end=\"1754\"><strong data-start=\"1425\" data-end=\"1458\">Construcci\u00f3n robusta de acero inoxidable<\/strong><\/h3>\n<p data-start=\"1425\" data-end=\"1754\">Disponible en calibres de 0,95 mm a 1,2 mm para un equilibrio entre valor, peso y amortiguaci\u00f3n ac\u00fastica.<br data-start=\"1552\" data-end=\"1555\" \/>Elija el calibre que mejor se adapte a su estilo de vida: m\u00e1s fino para ahorrar y aligerar peso, m\u00e1s grueso para una sensaci\u00f3n m\u00e1s pesada y silenciosa. En cualquier caso, el acero SUS304 resiste el vapor, el fregado y la vida real en la cocina.<\/p>\n<h3 data-start=\"1756\" data-end=\"2032\"><strong data-start=\"1756\" data-end=\"1786\">Huella externa compacta<\/strong><\/h3>\n<p data-start=\"1756\" data-end=\"2032\">Dimensiones exteriores de 635 x 559 mm para facilitar la integraci\u00f3n en espacios reducidos<br data-start=\"1861\" data-end=\"1864\" \/>Encaja donde muchas cocinas modernas lo necesitan: compacto pero no apretado. Consigue un aspecto integrado y aerodin\u00e1mico que se integra en la encimera y mantiene ordenada la zona de trabajo.<\/p>\n<h3 data-start=\"2034\" data-end=\"2308\"><strong data-start=\"2034\" data-end=\"2068\">Ventaja de la limpieza de radio cero<\/strong><\/h3>\n<p data-start=\"2034\" data-end=\"2308\">Las esquinas cuadradas dan al fregadero un aspecto afilado y reducen la acumulaci\u00f3n de suciedad oculta<br data-start=\"2145\" data-end=\"2148\" \/>Las esquinas sin radio son una elecci\u00f3n de dise\u00f1o limpio que merece la pena a la hora de limpiar. Sin hendiduras curvas significa menos fregado y una superficie m\u00e1s higi\u00e9nica en general.<\/p>\n<h3 data-start=\"2310\" data-end=\"2554\"><strong data-start=\"2310\" data-end=\"2328\">Acabado y ajuste<\/strong><\/h3>\n<p data-start=\"2310\" data-end=\"2554\">M\u00faltiples opciones de calibre y un acabado que complementa las encimeras modernas<br data-start=\"2406\" data-end=\"2409\" \/>Este fregadero combina bien con muchos estilos, desde el hormig\u00f3n industrial hasta la c\u00e1lida madera. Elija la medida y el acabado que mejor se adapten a la personalidad de su cocina.<\/p>\n<h3 data-start=\"2556\" data-end=\"2811\"><strong data-start=\"2556\" data-end=\"2584\">Respaldo de asistencia de por vida<\/strong><\/h3>\n<p data-start=\"2556\" data-end=\"2811\">Respaldado por un servicio de atenci\u00f3n al cliente de por vida y apoyo continuo de I+D<br data-start=\"2650\" data-end=\"2653\" \/>Si alguna vez necesitas ayuda, hay un equipo detr\u00e1s del producto. Ese apoyo y las continuas mejoras del equipo de I+D lo convierten en una opci\u00f3n fiable a largo plazo.<\/p>","protected":false},"excerpt":{"rendered":"<p>Presentamos el fregadero TS2522: el ep\u00edtome del dise\u00f1o de cocina moderno. Con l\u00edneas n\u00edtidas y limpias y una amplia cubeta de 575 x 453 mm con una profundidad de 230 mm, ofrece una est\u00e9tica minimalista sin comprometer la funcionalidad. Dise\u00f1ado con ranuras de drenaje en forma de X y opciones de grosor personalizables, este fregadero combina un estilo sofisticado con un rendimiento pr\u00e1ctico para un aspecto impecable.<\/p>\n<p>Modelo: TS2522<br \/>\nDimensiones exteriores: 635X559MM<br \/>\nDimensiones internas: 575X453MM<br \/>\nProfundidad: 230MM<br \/>\nEspesor: 0,95\/1,05\/1,2MM\/Personalizar<br \/>\nDimensiones del embalaje individual: 685X609X290MM<br \/>\nPeso neto: 6KG<br \/>\nPeso bruto: 7,5 kg<\/p>","protected":false},"featured_media":707,"template":"","meta":{"_gspb_post_css":""},"product_brand":[],"product_cat":[19],"product_tag":[56],"class_list":{"0":"post-706","1":"product","2":"type-product","3":"status-publish","4":"has-post-thumbnail","6":"product_cat-topmount-sink","7":"product_tag-zeroradius-modernsink-minimalistdesign","9":"first","10":"instock","11":"shipping-taxable","12":"product-type-simple"},"_links":{"self":[{"href":"https:\/\/jsd-sinks.com\/es\/wp-json\/wp\/v2\/product\/706","targetHints":{"allow":["GET"]}}],"collection":[{"href":"https:\/\/jsd-sinks.com\/es\/wp-json\/wp\/v2\/product"}],"about":[{"href":"https:\/\/jsd-sinks.com\/es\/wp-json\/wp\/v2\/types\/product"}],"wp:featuredmedia":[{"embeddable":true,"href":"https:\/\/jsd-sinks.com\/es\/wp-json\/wp\/v2\/media\/707"}],"wp:attachment":[{"href":"https:\/\/jsd-sinks.com\/es\/wp-json\/wp\/v2\/media?parent=706"}],"wp:term":[{"taxonomy":"product_brand","embeddable":true,"href":"https:\/\/jsd-sinks.com\/es\/wp-json\/wp\/v2\/product_brand?post=706"},{"taxonomy":"product_cat","embeddable":true,"href":"https:\/\/jsd-sinks.com\/es\/wp-json\/wp\/v2\/product_cat?post=706"},{"taxonomy":"product_tag","embeddable":true,"href":"https:\/\/jsd-sinks.com\/es\/wp-json\/wp\/v2\/product_tag?post=706"}],"curies":[{"name":"wp","href":"https:\/\/api.w.org\/{rel}","templated":true}]}}