{"id":681,"date":"2025-12-01T03:01:52","date_gmt":"2025-12-01T03:01:52","guid":{"rendered":"https:\/\/jsd-sinks.com\/?post_type=product&#038;p=681"},"modified":"2025-12-12T08:24:26","modified_gmt":"2025-12-12T08:24:26","slug":"compact-topmount-kitchen-sink-with-230mm-deep-basin","status":"publish","type":"product","link":"https:\/\/jsd-sinks.com\/es\/compact-topmount-kitchen-sink-with-230mm-deep-basin\/","title":{"rendered":"Fregadero compacto con cubeta de 230 mm de profundidad JSD DW5848"},"content":{"rendered":"<h2 data-start=\"223\" data-end=\"353\"><strong data-start=\"223\" data-end=\"269\">Fregadero de cocina DW5848<\/strong><\/h2>\n<h3 data-start=\"223\" data-end=\"353\"><strong data-start=\"272\" data-end=\"353\">Un fregadero compacto con cubeta profunda que parece m\u00e1s grande de lo que ocupa<\/strong><\/h3>\n<p data-start=\"355\" data-end=\"612\">Este fregadero est\u00e1 pensado para cocinas que necesitan trabajar duro en un espacio reducido. Es el tipo de fregadero que agradecer\u00e1s cuando tengas que hacer malabares con una cazuela, una pila de platos y una receta que se te ha escapado: espacioso donde hace falta y ordenado donde es necesario.<\/p>\n<p><img decoding=\"async\" class=\"size-medium wp-image-1149\" src=\"https:\/\/jsd-sinks.com\/wp-content\/uploads\/2025\/12\/topmount-kitchen-sink-3-1-300x300.jpg\" alt=\"Fregadero compacto\" width=\"300\" height=\"300\" title=\"\" srcset=\"https:\/\/jsd-sinks.com\/wp-content\/uploads\/2025\/12\/topmount-kitchen-sink-3-1-300x300.jpg 300w, https:\/\/jsd-sinks.com\/wp-content\/uploads\/2025\/12\/topmount-kitchen-sink-3-1-100x100.jpg 100w, https:\/\/jsd-sinks.com\/wp-content\/uploads\/2025\/12\/topmount-kitchen-sink-3-1-600x600.jpg 600w, https:\/\/jsd-sinks.com\/wp-content\/uploads\/2025\/12\/topmount-kitchen-sink-3-1-500x500.jpg 500w, https:\/\/jsd-sinks.com\/wp-content\/uploads\/2025\/12\/topmount-kitchen-sink-3-1-150x150.jpg 150w, https:\/\/jsd-sinks.com\/wp-content\/uploads\/2025\/12\/topmount-kitchen-sink-3-1-768x768.jpg 768w, https:\/\/jsd-sinks.com\/wp-content\/uploads\/2025\/12\/topmount-kitchen-sink-3-1-12x12.jpg 12w, https:\/\/jsd-sinks.com\/wp-content\/uploads\/2025\/12\/topmount-kitchen-sink-3-1.jpg 800w\" sizes=\"(max-width: 300px) 100vw, 300px\" \/><\/p>\n<h3 data-start=\"619\" data-end=\"984\"><strong data-start=\"619\" data-end=\"641\">Cuenco profundo y espacioso<\/strong><\/h3>\n<p data-start=\"619\" data-end=\"984\">Cubeta de 530 x 335 mm con una profundidad de 230 mm para macetas grandes y reducir las salpicaduras<br data-start=\"722\" data-end=\"725\" \/>Notar\u00e1 la profundidad la primera vez que deslice una olla llena en su interior: sin inclinaciones inc\u00f3modas, menos goteos en la encimera y menos salpicaduras en las mangas. Es un aut\u00e9ntico lujo para cocinas peque\u00f1as: lo suficientemente grande para grandes tareas y lo suficientemente compacta para caber en espacios reducidos.<\/p>\n<h3 data-start=\"991\" data-end=\"1347\"><strong data-start=\"991\" data-end=\"1025\">Ranuras de drenaje inteligentes en forma de X<\/strong><\/h3>\n<p data-start=\"991\" data-end=\"1347\">Las ranuras dise\u00f1adas canalizan el agua hacia el desag\u00fce est\u00e1ndar de 3,5 pulgadas para evitar que se estanque.<br data-start=\"1118\" data-end=\"1121\" \/>No se trata de ingenier\u00eda llamativa, sino de ingenier\u00eda bien pensada. Las ranuras alejan el agua, de modo que el fregadero se seca m\u00e1s r\u00e1pido y huele m\u00e1s fresco. Despu\u00e9s de un largo horneado o de una cena, esa peque\u00f1a eficiencia facilita notablemente la limpieza.<\/p>\n<h3 data-start=\"1354\" data-end=\"1636\"><strong data-start=\"1354\" data-end=\"1379\">Dise\u00f1o de esquinas redondeadas<\/strong><\/h3>\n<p>Las modernas esquinas redondeadas facilitan la limpieza y reducen la suciedad oculta<br data-start=\"1458\" data-end=\"1461\" \/>Las esquinas redondeadas son una de esas peque\u00f1as decisiones de dise\u00f1o que te ahorran trabajo. Limpia con una esponja y ya est\u00e1: no hay grietas estrechas donde se escondan las migas y la suciedad.<\/p>\n<h3 data-start=\"1643\" data-end=\"1962\"><strong data-start=\"1643\" data-end=\"1677\">Opciones de grosor personalizables<\/strong><\/h3>\n<p data-start=\"1643\" data-end=\"1962\">Elija entre 0,95 mm y 1,2 mm para adaptarse a su sensaci\u00f3n y presupuesto deseados<br data-start=\"1749\" data-end=\"1752\" \/>\u00bfQuiere un fregadero m\u00e1s ligero y econ\u00f3mico? Elija uno m\u00e1s fino. \u00bfQuiere algo m\u00e1s silencioso y pesado que amortig\u00fce el ruido? Elija uno m\u00e1s grueso. En cualquier caso, la fabricaci\u00f3n en acero inoxidable le ofrece un rendimiento duradero.<\/p>\n<h3 data-start=\"1969\" data-end=\"2261\"><strong data-start=\"1969\" data-end=\"2008\">Instalaci\u00f3n de montaje superior para un ajuste r\u00e1pido<\/strong><\/h3>\n<p data-start=\"1969\" data-end=\"2261\">El sencillo dise\u00f1o de montaje superior garantiza una instalaci\u00f3n segura y directa<br data-start=\"2082\" data-end=\"2085\" \/>Si est\u00e1 renovando o instalando un segundo fregadero, el estilo de montaje sobre encimera simplifica la instalaci\u00f3n: el fregadero cae y se sella perfectamente, dejando un borde limpio donde la encimera se encuentra con la cubeta.<\/p>\n<h3 data-start=\"2268\" data-end=\"2581\"><strong data-start=\"2268\" data-end=\"2304\">Construcci\u00f3n y soporte duraderos<\/strong><\/h3>\n<p data-start=\"2268\" data-end=\"2581\">Materiales de alta calidad respaldados por un servicio postventa de por vida y asistencia en I+D<br data-start=\"2388\" data-end=\"2391\" \/>Este fregadero no s\u00f3lo est\u00e1 dise\u00f1ado para durar, sino que est\u00e1 respaldado. El servicio posventa de por vida y un equipo de I+D especializado le garantizan un producto s\u00f3lido y un servicio real en caso de que lo necesite.<\/p>","protected":false},"excerpt":{"rendered":"<p>Descubra nuestro fregadero de cocina de montaje superior, modelo DW5848: la soluci\u00f3n compacta perfecta para las cocinas modernas. Con una cubeta de 530x335 mm y una generosa profundidad de 230 mm, ranuras de desag\u00fce en forma de X y esquinas redondeadas para facilitar la limpieza. Fabricada con materiales de primera calidad y con opciones de grosor personalizables (0,95-1,2 mm). Su f\u00e1cil instalaci\u00f3n y el servicio t\u00e9cnico de por vida la convierten en la opci\u00f3n ideal para cocinas con poco espacio.<\/p>\n<p>Modelo: DW5848<br \/>\nDimensiones externas: 580X480MM<br \/>\nDimensiones internas: 530X335MM<br \/>\nProfundidad: 230MM<br \/>\nEspesor: 0,95\/1,05\/1,2MM\/Personalizar<br \/>\nDimensiones del embalaje individual: 630X530X290MM<br \/>\nPeso neto: 4,5 kg<br \/>\nPeso bruto: 6KG<\/p>","protected":false},"featured_media":682,"template":"","meta":{"_gspb_post_css":""},"product_brand":[],"product_cat":[19],"product_tag":[52],"class_list":{"0":"post-681","1":"product","2":"type-product","3":"status-publish","4":"has-post-thumbnail","6":"product_cat-topmount-sink","7":"product_tag-topmount-sink-deep-basin-space-saving","9":"first","10":"instock","11":"shipping-taxable","12":"product-type-simple"},"_links":{"self":[{"href":"https:\/\/jsd-sinks.com\/es\/wp-json\/wp\/v2\/product\/681","targetHints":{"allow":["GET"]}}],"collection":[{"href":"https:\/\/jsd-sinks.com\/es\/wp-json\/wp\/v2\/product"}],"about":[{"href":"https:\/\/jsd-sinks.com\/es\/wp-json\/wp\/v2\/types\/product"}],"wp:featuredmedia":[{"embeddable":true,"href":"https:\/\/jsd-sinks.com\/es\/wp-json\/wp\/v2\/media\/682"}],"wp:attachment":[{"href":"https:\/\/jsd-sinks.com\/es\/wp-json\/wp\/v2\/media?parent=681"}],"wp:term":[{"taxonomy":"product_brand","embeddable":true,"href":"https:\/\/jsd-sinks.com\/es\/wp-json\/wp\/v2\/product_brand?post=681"},{"taxonomy":"product_cat","embeddable":true,"href":"https:\/\/jsd-sinks.com\/es\/wp-json\/wp\/v2\/product_cat?post=681"},{"taxonomy":"product_tag","embeddable":true,"href":"https:\/\/jsd-sinks.com\/es\/wp-json\/wp\/v2\/product_tag?post=681"}],"curies":[{"name":"wp","href":"https:\/\/api.w.org\/{rel}","templated":true}]}}