{"id":644,"date":"2025-11-29T07:52:52","date_gmt":"2025-11-29T07:52:52","guid":{"rendered":"https:\/\/jsd-sinks.com\/?post_type=product&#038;p=644"},"modified":"2025-12-10T02:30:19","modified_gmt":"2025-12-10T02:30:19","slug":"durable-304-stainless-steel-sink-multiple-thickness","status":"publish","type":"product","link":"https:\/\/jsd-sinks.com\/es\/durable-304-stainless-steel-sink-multiple-thickness\/","title":{"rendered":"Fregadero de acero inoxidable 304 duradero - M\u00faltiples opciones de grosor y acabado WUS3019"},"content":{"rendered":"<h2 data-start=\"316\" data-end=\"384\">Fregadero de acero inoxidable 304 - Creado para cocinas reales, vida real<\/h2>\n<h3 data-start=\"386\" data-end=\"428\"><strong data-start=\"386\" data-end=\"428\">Hecho a mano para cocinas reales, vida real<\/strong><\/h3>\n<p data-start=\"430\" data-end=\"776\">Este fregadero est\u00e1 pensado para quienes cocinan, limpian, entretienen y viven en torno a su cocina. Fabricado en aut\u00e9ntico acero inoxidable SUS304, ofrece el tipo de resistencia y fiabilidad que puede sentir en cuanto pasa la mano por su superficie. Es resistente, liso y est\u00e1 hecho para soportar el caos del uso diario sin perder su aspecto limpio y moderno.<\/p>\n<p data-start=\"778\" data-end=\"1154\">La cubeta mide 711 \u00d7 432 mm, lo que le proporciona un generoso espacio de trabajo tanto para aclarar las verduras de la cena como para remojar una olla despu\u00e9s de una gran comida familiar. Sus 230 mm de profundidad mantienen las salpicaduras bajo control y facilitan el manejo de utensilios de cocina voluminosos sin que se sientan apretados. Es el tipo de profundidad que resulta natural, ni demasiado superficial ni demasiado profunda, la adecuada para la rutina diaria.<\/p>\n<p><img decoding=\"async\" class=\"size-medium wp-image-1162\" src=\"https:\/\/jsd-sinks.com\/wp-content\/uploads\/2025\/11\/\u672a\u547d\u540d1-300x300.jpg\" alt=\"Fregadero de acero inoxidable 304\" width=\"300\" height=\"300\" title=\"\" srcset=\"https:\/\/jsd-sinks.com\/wp-content\/uploads\/2025\/11\/\u672a\u547d\u540d1-300x300.jpg 300w, https:\/\/jsd-sinks.com\/wp-content\/uploads\/2025\/11\/\u672a\u547d\u540d1-100x100.jpg 100w, https:\/\/jsd-sinks.com\/wp-content\/uploads\/2025\/11\/\u672a\u547d\u540d1-600x599.jpg 600w, https:\/\/jsd-sinks.com\/wp-content\/uploads\/2025\/11\/\u672a\u547d\u540d1-500x499.jpg 500w, https:\/\/jsd-sinks.com\/wp-content\/uploads\/2025\/11\/\u672a\u547d\u540d1-150x150.jpg 150w, https:\/\/jsd-sinks.com\/wp-content\/uploads\/2025\/11\/\u672a\u547d\u540d1-768x767.jpg 768w, https:\/\/jsd-sinks.com\/wp-content\/uploads\/2025\/11\/\u672a\u547d\u540d1-12x12.jpg 12w, https:\/\/jsd-sinks.com\/wp-content\/uploads\/2025\/11\/\u672a\u547d\u540d1.jpg 802w\" sizes=\"(max-width: 300px) 100vw, 300px\" \/><\/p>\n<h3 data-start=\"1156\" data-end=\"1206\"><strong data-start=\"1156\" data-end=\"1206\">Detalles bien pensados que marcan la diferencia<\/strong><\/h3>\n<p data-start=\"1208\" data-end=\"1628\">Una de las caracter\u00edsticas m\u00e1s satisfactorias es el sistema de desag\u00fce en forma de X. En lugar de que el agua se quede en la cubeta, las ranuras la gu\u00edan suavemente hacia el desag\u00fce de 3,5 pulgadas, manteniendo la superficie del fregadero seca y limpia. Es un peque\u00f1o detalle que mejora silenciosamente toda la experiencia en la cocina. Las esquinas redondeadas y suavizadas a\u00f1aden una personalidad moderna al fregadero, a la vez que facilitan la limpieza: sin rincones estrechos ni suciedad persistente.<\/p>\n<h3 data-start=\"1630\" data-end=\"1671\"><strong data-start=\"1630\" data-end=\"1671\">A su manera, no de talla \u00fanica<\/strong><\/h3>\n<p data-start=\"1673\" data-end=\"2068\">Puede elegir el grosor que m\u00e1s le convenga, desde 0,95 mm hasta 1,35 mm. Si le gusta un fregadero que parezca un poco m\u00e1s pesado y sustancial, puede tenerlo. Si prefiere algo m\u00e1s ligero pero fiable, tambi\u00e9n tiene esa opci\u00f3n. Las opciones de acabado - Cepillado, Negro Nano, Negro Mate, Gris Pistola y Dorado - le permiten adaptar su fregadero al car\u00e1cter de su hogar, y no al rev\u00e9s.<\/p>\n<p data-start=\"2070\" data-end=\"2329\">Nuestro equipo prueba, comprueba y perfecciona cada pieza antes de que llegue a su cocina. Y con un servicio postventa de por vida y un equipo de I+D dedicado detr\u00e1s del producto, no solo est\u00e1 comprando un fregadero: est\u00e1 invirtiendo en a\u00f1os de confianza y comodidad.<\/p>\n<h3 data-start=\"2331\" data-end=\"2370\"><strong data-start=\"2331\" data-end=\"2370\">Un fregadero que trabaja tanto como usted<\/strong><\/h3>\n<p data-start=\"2372\" data-end=\"2608\">Este fregadero de acero inoxidable 304 est\u00e1 dise\u00f1ado para ser algo m\u00e1s que un espacio utilitario. Est\u00e1 pensado para que resulte intuitivo, duradero y fiable: una parte de su cocina que respalda tranquilamente cada comida, cada limpieza y cada momento que pasa a su alrededor.<\/p>","protected":false},"excerpt":{"rendered":"<p>Descubra nuestro fregadero de acero inoxidable 304 de primera calidad, fabricado por expertos para ofrecer durabilidad y funcionalidad. Con una amplia cubeta de 711x432 mm y 230 mm de profundidad, ranuras de drenaje en forma de X y esquinas redondeadas para facilitar la limpieza. Disponible en varias opciones de grosor y acabados, como cepillado, negro nano y dorado. Respaldado por un servicio de atenci\u00f3n al cliente de por vida: la combinaci\u00f3n perfecta de calidad y rendimiento para su cocina.<\/p>\n<p>Modelo: WUS3019<br \/>\nDimensiones exteriores: 762X482MM<br \/>\nDimensiones internas: 711X432MM<br \/>\nProfundidad: 230MM<br \/>\nMaterial: SUS201\/SUS304\/SUS316<br \/>\nGrosor: 0,95\/1,05\/1,15\/1,35MM\/personalizable<br \/>\nAcabado de la superficie: cepillado\/negro nano\/negro mate\/gris met\u00e1lico\/oro<br \/>\nMOQ: 5-10PCS<br \/>\nEmbalaje individual: 812X532X290MM<br \/>\nPeso neto: 7,5 kg<br \/>\nPeso bruto: 9KG<\/p>","protected":false},"featured_media":645,"template":"","meta":{"_gspb_post_css":""},"product_brand":[],"product_cat":[18],"product_tag":[48],"class_list":{"0":"post-644","1":"product","2":"type-product","3":"status-publish","4":"has-post-thumbnail","6":"product_cat-workstation-sink","7":"product_tag-304-stainless-steel-kitchen-sink-premium-finish","9":"first","10":"instock","11":"shipping-taxable","12":"product-type-simple"},"_links":{"self":[{"href":"https:\/\/jsd-sinks.com\/es\/wp-json\/wp\/v2\/product\/644","targetHints":{"allow":["GET"]}}],"collection":[{"href":"https:\/\/jsd-sinks.com\/es\/wp-json\/wp\/v2\/product"}],"about":[{"href":"https:\/\/jsd-sinks.com\/es\/wp-json\/wp\/v2\/types\/product"}],"wp:featuredmedia":[{"embeddable":true,"href":"https:\/\/jsd-sinks.com\/es\/wp-json\/wp\/v2\/media\/645"}],"wp:attachment":[{"href":"https:\/\/jsd-sinks.com\/es\/wp-json\/wp\/v2\/media?parent=644"}],"wp:term":[{"taxonomy":"product_brand","embeddable":true,"href":"https:\/\/jsd-sinks.com\/es\/wp-json\/wp\/v2\/product_brand?post=644"},{"taxonomy":"product_cat","embeddable":true,"href":"https:\/\/jsd-sinks.com\/es\/wp-json\/wp\/v2\/product_cat?post=644"},{"taxonomy":"product_tag","embeddable":true,"href":"https:\/\/jsd-sinks.com\/es\/wp-json\/wp\/v2\/product_tag?post=644"}],"curies":[{"name":"wp","href":"https:\/\/api.w.org\/{rel}","templated":true}]}}