{"id":619,"date":"2025-11-29T06:49:46","date_gmt":"2025-11-29T06:49:46","guid":{"rendered":"https:\/\/jsd-sinks.com\/?post_type=product&#038;p=619"},"modified":"2025-12-10T02:13:22","modified_gmt":"2025-12-10T02:13:22","slug":"workstation-kitchen-sink-with-dual-deep-basins","status":"publish","type":"product","link":"https:\/\/jsd-sinks.com\/es\/workstation-kitchen-sink-with-dual-deep-basins\/","title":{"rendered":"Fregadero de cocina personalizable con dos cubetas profundas UDWE3319"},"content":{"rendered":"<h2 data-start=\"502\" data-end=\"532\"><strong data-start=\"504\" data-end=\"532\">Estaci\u00f3n de trabajo fregadero<\/strong><\/h2>\n<p data-start=\"534\" data-end=\"945\">Si pasas mucho tiempo cocinando, sabr\u00e1s que gran parte de tu d\u00eda termina en el fregadero. Es donde comienza la preparaci\u00f3n, donde se acumula el desorden y donde se gana o se pierde la batalla de la limpieza. Nuestro fregadero de cocina para estaciones de trabajo se cre\u00f3 teniendo en cuenta esa realidad cotidiana, no s\u00f3lo como un producto repleto de funciones, sino como una forma de hacer que su cocina parezca m\u00e1s tranquila, m\u00e1s organizada y mucho m\u00e1s f\u00e1cil de trabajar en ella.<\/p>\n<p data-start=\"947\" data-end=\"1363\">Lo que hace diferente a este fregadero es la forma en que convierte toda la zona de la cubeta en un espacio de trabajo \u00fatil. En lugar de tener que hacer malabarismos con tablas de cortar y cuencos por toda la encimera, la repisa integrada le ofrece un lugar para deslizar los accesorios de un lado a otro mientras cocina. Despu\u00e9s de unos pocos usos, se convierte en algo natural. Enjuagas las verduras en un lado, cortas en la tabla de encima y, de repente, todo resulta m\u00e1s fluido y menos ca\u00f3tico.<\/p>\n<p><img decoding=\"async\" class=\"size-medium wp-image-1157\" src=\"https:\/\/jsd-sinks.com\/wp-content\/uploads\/2025\/11\/workstation-kitchen-sink\u200b-4-1-300x300.jpg\" alt=\"Estaci\u00f3n de trabajo fregadero\" width=\"300\" height=\"300\" title=\"\" srcset=\"https:\/\/jsd-sinks.com\/wp-content\/uploads\/2025\/11\/workstation-kitchen-sink\u200b-4-1-300x300.jpg 300w, https:\/\/jsd-sinks.com\/wp-content\/uploads\/2025\/11\/workstation-kitchen-sink\u200b-4-1-100x100.jpg 100w, https:\/\/jsd-sinks.com\/wp-content\/uploads\/2025\/11\/workstation-kitchen-sink\u200b-4-1-600x600.jpg 600w, https:\/\/jsd-sinks.com\/wp-content\/uploads\/2025\/11\/workstation-kitchen-sink\u200b-4-1-500x500.jpg 500w, https:\/\/jsd-sinks.com\/wp-content\/uploads\/2025\/11\/workstation-kitchen-sink\u200b-4-1-150x150.jpg 150w, https:\/\/jsd-sinks.com\/wp-content\/uploads\/2025\/11\/workstation-kitchen-sink\u200b-4-1-768x768.jpg 768w, https:\/\/jsd-sinks.com\/wp-content\/uploads\/2025\/11\/workstation-kitchen-sink\u200b-4-1-12x12.jpg 12w, https:\/\/jsd-sinks.com\/wp-content\/uploads\/2025\/11\/workstation-kitchen-sink\u200b-4-1.jpg 1000w\" sizes=\"(max-width: 300px) 100vw, 300px\" \/><\/p>\n<h3 data-start=\"1370\" data-end=\"1404\"><strong data-start=\"1372\" data-end=\"1404\">Repisa integrada en el puesto de trabajo<\/strong><\/h3>\n<p data-start=\"1406\" data-end=\"1787\">El sistema de salientes puede parecer sencillo, pero cambia por completo el flujo de trabajo.<br data-start=\"1482\" data-end=\"1485\" \/>Puedes apoyar una tabla de cortar directamente sobre \u00e9l, deslizar un colador hacia el otro lado o mantener los ingredientes organizados mientras cocinas. Es un momento de alivio cuando te das cuenta de que ya no tienes que revolver las cosas por la encimera: todo queda justo encima del fregadero, recogido y al alcance de la mano.<\/p>\n<p data-start=\"1789\" data-end=\"1992\">Tambi\u00e9n ayuda a mantener la cocina m\u00e1s limpia. En lugar de que el agua gotee por la encimera, todo vuelve directamente al fregadero. Es un peque\u00f1o detalle que marca una gran diferencia a la hora de preparar la comida.<\/p>\n<h3 data-start=\"1999\" data-end=\"2020\"><strong data-start=\"2001\" data-end=\"2020\">Cuencos profundos dobles<\/strong><\/h3>\n<p data-start=\"2022\" data-end=\"2491\">Cada lavabo tiene un tama\u00f1o c\u00f3modo de 370x356 mm y una profundidad de 230 mm, pero lo que realmente importa es la sensaci\u00f3n de espacio que se tiene al utilizarlos.<br data-start=\"2159\" data-end=\"2162\" \/>Puedes poner una olla grande sin que se vuelque hacia los lados ni salpique por todas partes. Si vas a fregar los platos despu\u00e9s de cenar, un lado puede quedar en remojo mientras el otro permanece abierto para enjuagar o preparar. Es el tipo de disposici\u00f3n que te ayuda tranquilamente, sobre todo cuando realizas varias tareas a la vez, o cuando cocinas algo m\u00e1s ambicioso de lo habitual.<\/p>\n<h3 data-start=\"2498\" data-end=\"2527\"><strong data-start=\"2500\" data-end=\"2527\">Durabilidad palpable<\/strong><\/h3>\n<p data-start=\"2529\" data-end=\"2869\">El fregadero es de acero inoxidable SUS304, que no es s\u00f3lo un nombre de material elegante. Se nota la diferencia: es s\u00f3lido, no cede a la presi\u00f3n y tiene esa pesadez tranquilizadora que indica que est\u00e1 hecho para durar.<br data-start=\"2768\" data-end=\"2771\" \/>Seg\u00fan sus preferencias, puede elegir espesores de 0,95 mm a 1,35 mm para una mayor resistencia.<\/p>\n<p data-start=\"2871\" data-end=\"3012\">Las esquinas redondeadas no son s\u00f3lo est\u00e9ticas. Hacen que la limpieza sea m\u00e1s r\u00e1pida: no se acumula suciedad en las esquinas estrechas ni es necesario fregar m\u00e1s.<\/p>\n<h3 data-start=\"3019\" data-end=\"3046\"><strong data-start=\"3021\" data-end=\"3046\">Dise\u00f1o inteligente del drenaje<\/strong><\/h3>\n<p data-start=\"3048\" data-end=\"3357\">Las ranuras de drenaje en forma de X gu\u00edan el agua hacia el desag\u00fce para que la parte inferior del fregadero no se quede h\u00fameda ni acumule residuos. Parece un peque\u00f1o detalle de ingenier\u00eda, pero realmente se nota despu\u00e9s de una larga sesi\u00f3n de cocina cuando todo se escurre r\u00e1pidamente y el fregadero se seca por s\u00ed solo sin necesidad de limpiarlo constantemente.<\/p>\n<h3 data-start=\"3364\" data-end=\"3400\"><strong data-start=\"3366\" data-end=\"3400\">Acabados que se adaptan a su cocina<\/strong><\/h3>\n<p data-start=\"3402\" data-end=\"3740\">Puede elegir entre varios acabados: cepillado, negro nano, negro mate, gris ca\u00f1\u00f3n u oro.<br data-start=\"3491\" data-end=\"3494\" \/>Cada uno aporta una personalidad diferente. Los acabados m\u00e1s oscuros aportan un aspecto atrevido y moderno, mientras que el acero cepillado resulta cl\u00e1sico y f\u00e1cil de combinar. El dorado es m\u00e1s llamativo, perfecto si est\u00e1 dise\u00f1ando una cocina con tonos c\u00e1lidos o detalles lujosos.<\/p>\n<h3 data-start=\"3747\" data-end=\"3771\"><strong data-start=\"3749\" data-end=\"3771\">Apoyo duradero<\/strong><\/h3>\n<p data-start=\"3773\" data-end=\"4055\">El fregadero incluye un servicio postventa de por vida y est\u00e1 respaldado por un equipo que realmente entiende el aspecto t\u00e9cnico del producto. Si alguna vez necesita ayuda, hay un apoyo real detr\u00e1s de \u00e9l, algo que apreciar\u00e1 si alguna vez ha tratado con accesorios de cocina de mala calidad.<\/p>\n<h3 data-start=\"4062\" data-end=\"4104\"><strong data-start=\"4064\" data-end=\"4104\">Por qu\u00e9 destaca este lavabo<\/strong><\/h3>\n<p data-start=\"4106\" data-end=\"4409\">Lo que hace que este fregadero parezca \u201chumano\u201d no son s\u00f3lo sus caracter\u00edsticas, sino la forma en que reduce el estr\u00e9s en la cocina.<br data-start=\"4210\" data-end=\"4213\" \/>Tienes m\u00e1s espacio para trabajar.<br data-start=\"4239\" data-end=\"4242\" \/>Menos desorden en los mostradores.<br data-start=\"4268\" data-end=\"4271\" \/>Un flujo m\u00e1s fluido de la preparaci\u00f3n a la cocina y a la limpieza.<br data-start=\"4320\" data-end=\"4323\" \/>Y un espacio de trabajo que realmente hace que su cocina sea m\u00e1s intencional y agradable.<\/p>\n<p data-start=\"4411\" data-end=\"4519\">Cocinar se convierte menos en una tarea y m\u00e1s en un ritmo. Eso es lo que se supone que debe hacer un buen fregadero.<\/p>","protected":false},"excerpt":{"rendered":"<p>Revolucione el flujo de trabajo de su cocina con nuestro fregadero Workstation, que incorpora una repisa para accesorios. Este innovador fregadero de 1200x500 mm incluye dos cubetas de 230 mm de profundidad, ranuras de drenaje en forma de X y esquinas redondeadas para facilitar la limpieza. Fabricado en acero inoxidable SUS304 de primera calidad con m\u00faltiples opciones de grosor y acabado, est\u00e1 dise\u00f1ado para agilizar la preparaci\u00f3n de alimentos, la limpieza y la organizaci\u00f3n en un espacio de trabajo eficiente.<\/p>\n<p>Modelo: UDWE3319<br \/>\nDimensiones exteriores: 838X482MM<br \/>\nDimensiones internas: 381X431MM<br \/>\nProfundidad: 230MM<br \/>\nMaterial: SUS201\/SUS304\/SUS316<br \/>\nGrosor: 0,95\/1,05\/1,15\/1,35MM\/personalizable<br \/>\nAcabado de la superficie: cepillado\/negro nano\/negro mate\/gris met\u00e1lico\/oro<br \/>\nMOQ: 5-10PCS<br \/>\nEmbalaje individual: 888X532X290MM<br \/>\nPeso neto: 8,5 kg<br \/>\nPeso bruto: 10KG<\/p>","protected":false},"featured_media":620,"template":"","meta":{"_gspb_post_css":""},"product_brand":[],"product_cat":[18],"product_tag":[45],"class_list":{"0":"post-619","1":"product","2":"type-product","3":"status-publish","4":"has-post-thumbnail","6":"product_cat-workstation-sink","7":"product_tag-kitchen-workstation-sink-integrated-accessory-ledge-premium-stainless-steel","9":"first","10":"instock","11":"shipping-taxable","12":"product-type-simple"},"_links":{"self":[{"href":"https:\/\/jsd-sinks.com\/es\/wp-json\/wp\/v2\/product\/619","targetHints":{"allow":["GET"]}}],"collection":[{"href":"https:\/\/jsd-sinks.com\/es\/wp-json\/wp\/v2\/product"}],"about":[{"href":"https:\/\/jsd-sinks.com\/es\/wp-json\/wp\/v2\/types\/product"}],"wp:featuredmedia":[{"embeddable":true,"href":"https:\/\/jsd-sinks.com\/es\/wp-json\/wp\/v2\/media\/620"}],"wp:attachment":[{"href":"https:\/\/jsd-sinks.com\/es\/wp-json\/wp\/v2\/media?parent=619"}],"wp:term":[{"taxonomy":"product_brand","embeddable":true,"href":"https:\/\/jsd-sinks.com\/es\/wp-json\/wp\/v2\/product_brand?post=619"},{"taxonomy":"product_cat","embeddable":true,"href":"https:\/\/jsd-sinks.com\/es\/wp-json\/wp\/v2\/product_cat?post=619"},{"taxonomy":"product_tag","embeddable":true,"href":"https:\/\/jsd-sinks.com\/es\/wp-json\/wp\/v2\/product_tag?post=619"}],"curies":[{"name":"wp","href":"https:\/\/api.w.org\/{rel}","templated":true}]}}