{"id":612,"date":"2025-11-29T02:45:20","date_gmt":"2025-11-29T02:45:20","guid":{"rendered":"https:\/\/jsd-sinks.com\/?post_type=product&#038;p=612"},"modified":"2025-12-10T02:12:24","modified_gmt":"2025-12-10T02:12:24","slug":"double-drainboard-sink-with-dual-deep-basins","status":"publish","type":"product","link":"https:\/\/jsd-sinks.com\/es\/double-drainboard-sink-with-dual-deep-basins\/","title":{"rendered":"Lo \u00faltimo en espacio de trabajo: Fregadero de doble escurridor con dos cubetas profundas JSD12050DT"},"content":{"rendered":"<h2 data-start=\"372\" data-end=\"709\"><strong data-start=\"372\" data-end=\"413\">Fregadero de doble escurridor (1200 x 500 mm)<\/strong><\/h2>\n<p data-start=\"372\" data-end=\"709\">Transforme su cocina en el espacio de trabajo m\u00e1s eficiente con un fregadero de doble escurridor de alta calidad<br data-start=\"518\" data-end=\"521\" \/>Menos desorden y m\u00e1s fluidez: dos escurridores y amplios lavabos le ofrecen lugares para trabajar, descansar y enjuagar, para que cocinar y limpiar sea m\u00e1s r\u00e1pido, no m\u00e1s complicado.<\/p>\n<h3 data-start=\"711\" data-end=\"1075\"><strong data-start=\"711\" data-end=\"742\">Dos escurridores integrados<\/strong><\/h3>\n<p data-start=\"711\" data-end=\"1075\">Dos escurridores incorporados ofrecen un amplio espacio para secar, colocar y organizar utensilios y bater\u00edas de cocina<br data-start=\"851\" data-end=\"854\" \/>Cuando hay que hacer malabarismos con un asado, una ensalada y un fregadero lleno de sartenes, los escurridores act\u00faan como islas tranquilas: un lugar donde apoyar una rejilla h\u00fameda, apoyar una tabla de cortar o dejar que un escurridor gotee sin convertir la encimera en un pantano.<\/p>\n<h3 data-start=\"1077\" data-end=\"1378\"><strong data-start=\"1077\" data-end=\"1101\">Lavabos dobles generosos<\/strong><\/h3>\n<p data-start=\"1077\" data-end=\"1378\">Dos lavabos de 370 x 356 mm con 230 mm de profundidad le permiten remojar, enjuagar y preparar al mismo tiempo<br data-start=\"1194\" data-end=\"1197\" \/>Una cubeta puede remojar sartenes grasientas mientras la otra se encarga de productos delicados o de la preparaci\u00f3n de comidas. La profundidad de 230 mm reduce las salpicaduras y facilita la limpieza de ollas altas sin tener que inclinarlas.<\/p>\n<p><img decoding=\"async\" class=\"size-medium wp-image-1156\" src=\"https:\/\/jsd-sinks.com\/wp-content\/uploads\/2025\/11\/double-drainboard-sink-4-1-300x300.jpg\" alt=\"Fregadero de doble escurridor\" width=\"300\" height=\"300\" title=\"\" srcset=\"https:\/\/jsd-sinks.com\/wp-content\/uploads\/2025\/11\/double-drainboard-sink-4-1-300x300.jpg 300w, https:\/\/jsd-sinks.com\/wp-content\/uploads\/2025\/11\/double-drainboard-sink-4-1-100x100.jpg 100w, https:\/\/jsd-sinks.com\/wp-content\/uploads\/2025\/11\/double-drainboard-sink-4-1-600x600.jpg 600w, https:\/\/jsd-sinks.com\/wp-content\/uploads\/2025\/11\/double-drainboard-sink-4-1-500x500.jpg 500w, https:\/\/jsd-sinks.com\/wp-content\/uploads\/2025\/11\/double-drainboard-sink-4-1-150x150.jpg 150w, https:\/\/jsd-sinks.com\/wp-content\/uploads\/2025\/11\/double-drainboard-sink-4-1-768x768.jpg 768w, https:\/\/jsd-sinks.com\/wp-content\/uploads\/2025\/11\/double-drainboard-sink-4-1-12x12.jpg 12w, https:\/\/jsd-sinks.com\/wp-content\/uploads\/2025\/11\/double-drainboard-sink-4-1.jpg 800w\" sizes=\"(max-width: 300px) 100vw, 300px\" \/><\/p>\n<h3 data-start=\"1380\" data-end=\"1672\"><strong data-start=\"1380\" data-end=\"1414\">Ranuras de drenaje inteligentes en forma de X<\/strong><\/h3>\n<p data-start=\"1380\" data-end=\"1672\">Las ranuras en forma de X gu\u00edan el agua hacia los desag\u00fces est\u00e1ndar de 3,5 pulgadas para evitar que se estanque.<br data-start=\"1511\" data-end=\"1514\" \/>Es un peque\u00f1o detalle con una gran recompensa: el agua se escurre r\u00e1pidamente, por lo que el lavabo queda m\u00e1s limpio entre usos, lo que resulta especialmente \u00fatil despu\u00e9s de hornear o de una comida familiar copiosa.<\/p>\n<h3 data-start=\"1674\" data-end=\"2017\"><strong data-start=\"1674\" data-end=\"1705\">Construcci\u00f3n duradera SUS304<\/strong><\/h3>\n<p data-start=\"1674\" data-end=\"2017\">Fabricado en acero inoxidable SUS304 de alta calidad con opciones de grosor de 0,95 mm a 1,35 mm<br data-start=\"1800\" data-end=\"1803\" \/>Se trata de un metal apto para la cocina que resiste el d\u00eda a d\u00eda: calor, vapor, fregado y alguna que otra sart\u00e9n ca\u00edda. Elige el calibre que mejor se adapte a tu forma de cocinar: m\u00e1s ligero para una cocina econ\u00f3mica, m\u00e1s grueso para una m\u00e1s silenciosa y s\u00f3lida.<\/p>\n<h3 data-start=\"2019\" data-end=\"2267\"><strong data-start=\"2019\" data-end=\"2049\">Esquinas redondeadas f\u00e1ciles de limpiar<\/strong><\/h3>\n<p data-start=\"2019\" data-end=\"2267\">Las modernas esquinas redondeadas reducen la acumulaci\u00f3n de suciedad y facilitan y agilizan la limpieza del fregadero<br data-start=\"2137\" data-end=\"2140\" \/>Las esquinas redondeadas tienen un aspecto moderno y, de hecho, ahorran tiempo: menos esfuerzo al limpiar y menos lugares donde pueda esconderse la suciedad.<\/p>\n<h3 data-start=\"2269\" data-end=\"2535\"><strong data-start=\"2269\" data-end=\"2296\">M\u00faltiples opciones de acabado<\/strong><\/h3>\n<p data-start=\"2269\" data-end=\"2535\">Disponible en cepillado, negro nano, negro mate, gris pistola y dorado para combinar con cualquier cocina<br data-start=\"2394\" data-end=\"2397\" \/>Tanto si desea un acabado sutil y cl\u00e1sico como un contraste moderno y atrevido, la gama de colores ayuda a que el fregadero combine con su dise\u00f1o o lo realce.<\/p>\n<h3 data-start=\"2537\" data-end=\"2857\"><strong data-start=\"2537\" data-end=\"2597\">Precisi\u00f3n en la pendiente del escurridor y tratamiento duradero de la superficie<\/strong><\/h3>\n<p data-start=\"2537\" data-end=\"2857\">Las pendientes dise\u00f1adas y los revestimientos protectores garantizan un drenaje fiable y un acabado duradero<br data-start=\"2697\" data-end=\"2700\" \/>La pendiente de cada escurridor est\u00e1 dise\u00f1ada para evacuar el agua sin encharcarla, y los tratamientos de la superficie resisten los ara\u00f1azos y las manchas para que el fregadero envejezca con elegancia.<\/p>\n<h3 data-start=\"2859\" data-end=\"3169\"><strong data-start=\"2859\" data-end=\"2907\">Soporte postventa de por vida y respaldo de I+D<\/strong><\/h3>\n<p data-start=\"2859\" data-end=\"3169\">Respaldado por un servicio posventa de por vida y un equipo de I+D dedicado a la asistencia y las mejoras continuas<br data-start=\"3014\" data-end=\"3017\" \/>Si surge alg\u00fan problema, tienes asistencia y un equipo que perfecciona constantemente los detalles entre bastidores para que los futuros clientes obtengan versiones a\u00fan mejores.<\/p>","protected":false},"excerpt":{"rendered":"<p>Actualice su cocina con nuestro innovador fregadero de doble escurridor con dos cubetas y escurridores integrados. Esta estaci\u00f3n de trabajo de 1200 mm ofrece dos cubetas de 230 mm de profundidad con desag\u00fce en forma de X y esquinas redondeadas para facilitar la limpieza. Fabricado en acero inoxidable SUS304 de primera calidad con m\u00faltiples opciones de acabado, es perfecto para una organizaci\u00f3n y un flujo de trabajo eficientes en la cocina.<\/p>\n<p>Modelo 12050 DT<br \/>\nDimensiones exteriores: 1200X500MM<br \/>\nDimensiones internas: 370X356MM<br \/>\nProfundidad: 230MM<br \/>\nMaterial: SUS201\/SUS304\/SUS316<br \/>\nGrosor: 0,95\/1,05\/1,15\/1,35MM\/personalizable<br \/>\nAcabado de la superficie: cepillado\/negro nano\/negro mate\/gris met\u00e1lico\/oro<br \/>\nMOQ: 5-10PCS<br \/>\nEmbalaje individual: 1210X510X230MM<br \/>\nPeso neto: 12,5 kg<br \/>\nPeso bruto: 14KG<\/p>","protected":false},"featured_media":613,"template":"","meta":{"_gspb_post_css":""},"product_brand":[],"product_cat":[18],"product_tag":[44],"class_list":{"0":"post-612","1":"product","2":"type-product","3":"status-publish","4":"has-post-thumbnail","6":"product_cat-workstation-sink","7":"product_tag-dual-drainboard-sink-premium-stainless-steel-modern-kitchen-design","9":"first","10":"instock","11":"shipping-taxable","12":"product-type-simple"},"_links":{"self":[{"href":"https:\/\/jsd-sinks.com\/es\/wp-json\/wp\/v2\/product\/612","targetHints":{"allow":["GET"]}}],"collection":[{"href":"https:\/\/jsd-sinks.com\/es\/wp-json\/wp\/v2\/product"}],"about":[{"href":"https:\/\/jsd-sinks.com\/es\/wp-json\/wp\/v2\/types\/product"}],"wp:featuredmedia":[{"embeddable":true,"href":"https:\/\/jsd-sinks.com\/es\/wp-json\/wp\/v2\/media\/613"}],"wp:attachment":[{"href":"https:\/\/jsd-sinks.com\/es\/wp-json\/wp\/v2\/media?parent=612"}],"wp:term":[{"taxonomy":"product_brand","embeddable":true,"href":"https:\/\/jsd-sinks.com\/es\/wp-json\/wp\/v2\/product_brand?post=612"},{"taxonomy":"product_cat","embeddable":true,"href":"https:\/\/jsd-sinks.com\/es\/wp-json\/wp\/v2\/product_cat?post=612"},{"taxonomy":"product_tag","embeddable":true,"href":"https:\/\/jsd-sinks.com\/es\/wp-json\/wp\/v2\/product_tag?post=612"}],"curies":[{"name":"wp","href":"https:\/\/api.w.org\/{rel}","templated":true}]}}